{"id":9160,"date":"2025-01-02T18:30:39","date_gmt":"2025-01-02T15:30:39","guid":{"rendered":"https:\/\/esindus.ee\/?page_id=9160"},"modified":"2025-08-25T12:16:09","modified_gmt":"2025-08-25T09:16:09","slug":"kirjandusklubi","status":"publish","type":"page","link":"https:\/\/esindus.ee\/et\/kirjandusklubi\/","title":{"rendered":"Kirjandusklubi \u00dcDI"},"content":{"rendered":"\t\t<div data-elementor-type=\"wp-page\" data-elementor-id=\"9160\" class=\"elementor elementor-9160\">\n\t\t\t\t\t\t<section class=\"elementor-section elementor-top-section elementor-element elementor-element-58c1eff elementor-section-content-middle elementor-section-boxed elementor-section-height-default elementor-section-height-default wpr-particle-no wpr-jarallax-no wpr-parallax-no wpr-sticky-section-no wpr-equal-height-no\" data-id=\"58c1eff\" data-element_type=\"section\" data-e-type=\"section\">\n\t\t\t\t\t\t<div class=\"elementor-container elementor-column-gap-no\">\n\t\t\t\t\t<div class=\"elementor-column elementor-col-50 elementor-top-column elementor-element elementor-element-f604340\" data-id=\"f604340\" data-element_type=\"column\" data-e-type=\"column\">\n\t\t\t<div class=\"elementor-widget-wrap elementor-element-populated\">\n\t\t\t\t\t\t<div class=\"elementor-element elementor-element-259d6f1 elementor-widget elementor-widget-heading\" data-id=\"259d6f1\" data-element_type=\"widget\" data-e-type=\"widget\" data-widget_type=\"heading.default\">\n\t\t\t\t<div class=\"elementor-widget-container\">\n\t\t\t\t\t<h2 class=\"elementor-heading-title elementor-size-default\">Kirjandusklubi \u00dcDI<\/h2>\t\t\t\t<\/div>\n\t\t\t\t<\/div>\n\t\t\t\t<div class=\"elementor-element elementor-element-fc694e5 elementor-widget elementor-widget-text-editor\" data-id=\"fc694e5\" data-element_type=\"widget\" data-e-type=\"widget\" data-widget_type=\"text-editor.default\">\n\t\t\t\t<div class=\"elementor-widget-container\">\n\t\t\t\t\t\t\t\t\t<p>Kirjandusklubi \u00dcDI \u00fchendab Tallinna \u00dclikooli kirjandusentusiaste ja tegeleb k\u00f5igega, mis on seotud kirjandusega: arutleme ilukirjanduslike tekstide, teatrietenduste ja filmide \u00fcle, arendame loovkirjutamise oskusi, loome v\u00f5imalusi oma loomingu jagamiseks, kutsume esinema nii kirjanikke kui ka kirjandusteadlasi jne.<\/p><p>\u00dcDI-l on oma koduleht, mis on m\u00f5eldud m\u00f5tete-loomingu jagamiseks, dialoogi tekitamiseks ja \u00dcDI kohta k\u00e4iva info jagamiseks.<\/p><p>Kes v\u00f5i mis on \u00dcDI? M\u00f5ned n\u00e4ited \u00dcDI potentsiaalsetest t\u00e4hendustest. \u00dcdi kui luu\u00fcdi \u2013 kirjandus kui \u00fchiskonna selgroog. \u00dcdi kui s\u00fcvitsiminek. \u00dcDI kui \u00dc\u00fcratus. Draama. Ilu. \u00dcdi kui eesti kirjandusklassik. Ja \u00fcdi kui ka k\u00f5ik muu, millega see lugejale seostub.<\/p><p>\u00dcDI korraldab regulaarselt s\u00fcndmusi\/koosolemisi, kus saab muuhulgas, kas ise kaasa luua, kuulata s\u00fctitavaid inimesi, esitada oma loomingut, saada osa filmi- v\u00f5i teatrielamusest.<\/p><p>\u00dcDI liikmed jagunevad kaheks: juhatuse liikmed ja tavaliikmed. Esimesse kuuluvad \u00dcDI eestvedajad ja k\u00f5ige aktiivsemad korraldajad. Tavaliikmetel on \u00f5igus osaleda kinnistel s\u00fcndmustel, saada esimesena infot registreerimist vajavate s\u00fcndmuste kohta, pakkuda v\u00e4lja ideid s\u00fcndmusteks ja neid ellu viia ning kandideerida juhatusse. \u00dcDI saadab oma liikmetele regulaarselt e-kirju tulevaste s\u00fcndmuste ja muu olulise infoga, aga vahemik on piisavalt hajutatud, et teated ei m\u00f5juks sp\u00e4mmina. Lisaks on liikmetel v\u00f5imalus kuuluda Messengeri gruppi.<\/p><p>\u00dcDI-l on s\u00f5prussuhted Tallinnas Eesti Kirjanike Liidu noortega ja Tartus Tartu \u00dclikooli kirjandusringiga Ellips.<\/p><p>Kui on k\u00fcsimusi v\u00f5i tahad niisama kirjanduse \u00fcle arutada, v\u00f5ta meiega julgelt \u00fchendust!<\/p>\t\t\t\t\t\t\t\t<\/div>\n\t\t\t\t<\/div>\n\t\t\t\t\t<\/div>\n\t\t<\/div>\n\t\t\t\t<div class=\"elementor-column elementor-col-50 elementor-top-column elementor-element elementor-element-edaa986\" data-id=\"edaa986\" data-element_type=\"column\" data-e-type=\"column\">\n\t\t\t<div class=\"elementor-widget-wrap elementor-element-populated\">\n\t\t\t\t\t\t<div class=\"elementor-element elementor-element-e9df1ff elementor-widget elementor-widget-image\" data-id=\"e9df1ff\" data-element_type=\"widget\" data-e-type=\"widget\" data-widget_type=\"image.default\">\n\t\t\t\t<div class=\"elementor-widget-container\">\n\t\t\t\t\t\t\t\t\t\t\t\t\t\t\t<img fetchpriority=\"high\" decoding=\"async\" width=\"768\" height=\"510\" src=\"https:\/\/esindus.ee\/wp-content\/uploads\/2025\/01\/IMG_0005-768x510.jpeg\" class=\"attachment-medium_large size-medium_large wp-image-9163\" alt=\"\" srcset=\"https:\/\/esindus.ee\/wp-content\/uploads\/2025\/01\/IMG_0005-768x510.jpeg 768w, https:\/\/esindus.ee\/wp-content\/uploads\/2025\/01\/IMG_0005-300x199.jpeg 300w, https:\/\/esindus.ee\/wp-content\/uploads\/2025\/01\/IMG_0005-1024x680.jpeg 1024w, https:\/\/esindus.ee\/wp-content\/uploads\/2025\/01\/IMG_0005-1536x1020.jpeg 1536w, https:\/\/esindus.ee\/wp-content\/uploads\/2025\/01\/IMG_0005-2048x1360.jpeg 2048w, https:\/\/esindus.ee\/wp-content\/uploads\/2025\/01\/IMG_0005-18x12.jpeg 18w\" sizes=\"(max-width: 768px) 100vw, 768px\" \/>\t\t\t\t\t\t\t\t\t\t\t\t\t\t\t<\/div>\n\t\t\t\t<\/div>\n\t\t\t\t\t<\/div>\n\t\t<\/div>\n\t\t\t\t\t<\/div>\n\t\t<\/section>\n\t\t\t\t<section class=\"elementor-section elementor-top-section elementor-element elementor-element-4a1cf09 elementor-section-boxed elementor-section-height-default elementor-section-height-default wpr-particle-no wpr-jarallax-no wpr-parallax-no wpr-sticky-section-no wpr-equal-height-no\" data-id=\"4a1cf09\" data-element_type=\"section\" data-e-type=\"section\">\n\t\t\t\t\t\t<div class=\"elementor-container elementor-column-gap-default\">\n\t\t\t\t\t<div class=\"elementor-column elementor-col-100 elementor-top-column elementor-element elementor-element-a8a396d\" data-id=\"a8a396d\" data-element_type=\"column\" data-e-type=\"column\">\n\t\t\t<div class=\"elementor-widget-wrap elementor-element-populated\">\n\t\t\t\t\t\t<div class=\"elementor-element elementor-element-f29dc6f elementor-widget__width-inherit animated-fast elementor-invisible elementor-widget elementor-widget-spacer\" data-id=\"f29dc6f\" data-element_type=\"widget\" data-e-type=\"widget\" data-settings=\"{&quot;_animation&quot;:&quot;fadeIn&quot;}\" data-widget_type=\"spacer.default\">\n\t\t\t\t<div class=\"elementor-widget-container\">\n\t\t\t\t\t\t\t<div class=\"elementor-spacer\">\n\t\t\t<div class=\"elementor-spacer-inner\"><\/div>\n\t\t<\/div>\n\t\t\t\t\t\t<\/div>\n\t\t\t\t<\/div>\n\t\t\t\t\t<\/div>\n\t\t<\/div>\n\t\t\t\t\t<\/div>\n\t\t<\/section>\n\t\t\t\t<section class=\"elementor-section elementor-top-section elementor-element elementor-element-8cf0de5 elementor-section-boxed elementor-section-height-default elementor-section-height-default wpr-particle-no wpr-jarallax-no wpr-parallax-no wpr-sticky-section-no wpr-equal-height-no\" data-id=\"8cf0de5\" data-element_type=\"section\" data-e-type=\"section\">\n\t\t\t\t\t\t<div class=\"elementor-container elementor-column-gap-default\">\n\t\t\t\t\t<div class=\"elementor-column elementor-col-16 elementor-top-column elementor-element elementor-element-15e23ba\" data-id=\"15e23ba\" data-element_type=\"column\" data-e-type=\"column\">\n\t\t\t<div class=\"elementor-widget-wrap elementor-element-populated\">\n\t\t\t\t\t\t<div class=\"elementor-element elementor-element-6c6625e elementor-widget elementor-widget-spacer\" data-id=\"6c6625e\" data-element_type=\"widget\" data-e-type=\"widget\" data-widget_type=\"spacer.default\">\n\t\t\t\t<div class=\"elementor-widget-container\">\n\t\t\t\t\t\t\t<div class=\"elementor-spacer\">\n\t\t\t<div class=\"elementor-spacer-inner\"><\/div>\n\t\t<\/div>\n\t\t\t\t\t\t<\/div>\n\t\t\t\t<\/div>\n\t\t\t\t<div class=\"elementor-element elementor-element-85f49df elementor-widget elementor-widget-spacer\" data-id=\"85f49df\" data-element_type=\"widget\" data-e-type=\"widget\" data-widget_type=\"spacer.default\">\n\t\t\t\t<div class=\"elementor-widget-container\">\n\t\t\t\t\t\t\t<div class=\"elementor-spacer\">\n\t\t\t<div class=\"elementor-spacer-inner\"><\/div>\n\t\t<\/div>\n\t\t\t\t\t\t<\/div>\n\t\t\t\t<\/div>\n\t\t\t\t<div class=\"elementor-element elementor-element-f76dd23 elementor-widget__width-initial elementor-view-framed elementor-shape-circle elementor-widget elementor-widget-icon\" data-id=\"f76dd23\" data-element_type=\"widget\" data-e-type=\"widget\" data-widget_type=\"icon.default\">\n\t\t\t\t<div class=\"elementor-widget-container\">\n\t\t\t\t\t\t\t<div class=\"elementor-icon-wrapper\">\n\t\t\t<div class=\"elementor-icon elementor-animation-bounce-in\">\n\t\t\t<i aria-hidden=\"true\" class=\"fas fa-mail-bulk\"><\/i>\t\t\t<\/div>\n\t\t<\/div>\n\t\t\t\t\t\t<\/div>\n\t\t\t\t<\/div>\n\t\t\t\t\t<\/div>\n\t\t<\/div>\n\t\t\t\t<div class=\"elementor-column elementor-col-16 elementor-top-column elementor-element elementor-element-5622804\" data-id=\"5622804\" data-element_type=\"column\" data-e-type=\"column\">\n\t\t\t<div class=\"elementor-widget-wrap elementor-element-populated\">\n\t\t\t\t\t\t<div class=\"elementor-element elementor-element-0be8cb5 elementor-widget elementor-widget-heading\" data-id=\"0be8cb5\" data-element_type=\"widget\" data-e-type=\"widget\" data-widget_type=\"heading.default\">\n\t\t\t\t<div class=\"elementor-widget-container\">\n\t\t\t\t\t<h3 class=\"elementor-heading-title elementor-size-default\">Liitu<\/h3>\t\t\t\t<\/div>\n\t\t\t\t<\/div>\n\t\t\t\t<div class=\"elementor-element elementor-element-dc137d0 elementor-widget__width-initial elementor-widget elementor-widget-text-editor\" data-id=\"dc137d0\" data-element_type=\"widget\" data-e-type=\"widget\" data-widget_type=\"text-editor.default\">\n\t\t\t\t<div class=\"elementor-widget-container\">\n\t\t\t\t\t\t\t\t\t<p><span style=\"font-weight: 400;\">Liitu meie muheda seltskonnaga, et osaleda k\u00f5igil s\u00fcndmustel!<\/span><\/p><p><span style=\"font-weight: 400;\">\u00dchinemiseks t\u00e4ida ankeet <\/span><strong><span style=\"text-decoration: underline;\"><span style=\"color: #b71f36;\"><a style=\"color: #b71f36;\" href=\"https:\/\/forms.gle\/z4XSYJ1aodBasRpa9\" target=\"_blank\" rel=\"noopener\">SIIN!<\/a><\/span><\/span><\/strong><\/p>\t\t\t\t\t\t\t\t<\/div>\n\t\t\t\t<\/div>\n\t\t\t\t\t<\/div>\n\t\t<\/div>\n\t\t\t\t<div class=\"elementor-column elementor-col-16 elementor-top-column elementor-element elementor-element-fefbc45\" data-id=\"fefbc45\" data-element_type=\"column\" data-e-type=\"column\">\n\t\t\t<div class=\"elementor-widget-wrap elementor-element-populated\">\n\t\t\t\t\t\t<div class=\"elementor-element elementor-element-bad1973 elementor-widget elementor-widget-spacer\" data-id=\"bad1973\" data-element_type=\"widget\" data-e-type=\"widget\" data-widget_type=\"spacer.default\">\n\t\t\t\t<div class=\"elementor-widget-container\">\n\t\t\t\t\t\t\t<div class=\"elementor-spacer\">\n\t\t\t<div class=\"elementor-spacer-inner\"><\/div>\n\t\t<\/div>\n\t\t\t\t\t\t<\/div>\n\t\t\t\t<\/div>\n\t\t\t\t<div class=\"elementor-element elementor-element-d61c332 elementor-widget elementor-widget-spacer\" data-id=\"d61c332\" data-element_type=\"widget\" data-e-type=\"widget\" data-widget_type=\"spacer.default\">\n\t\t\t\t<div class=\"elementor-widget-container\">\n\t\t\t\t\t\t\t<div class=\"elementor-spacer\">\n\t\t\t<div class=\"elementor-spacer-inner\"><\/div>\n\t\t<\/div>\n\t\t\t\t\t\t<\/div>\n\t\t\t\t<\/div>\n\t\t\t\t<div class=\"elementor-element elementor-element-3ce5f8a elementor-view-framed elementor-shape-circle elementor-widget elementor-widget-icon\" data-id=\"3ce5f8a\" data-element_type=\"widget\" data-e-type=\"widget\" data-widget_type=\"icon.default\">\n\t\t\t\t<div class=\"elementor-widget-container\">\n\t\t\t\t\t\t\t<div class=\"elementor-icon-wrapper\">\n\t\t\t<div class=\"elementor-icon elementor-animation-bounce-in\">\n\t\t\t<i aria-hidden=\"true\" class=\"fas fa-people-carry\"><\/i>\t\t\t<\/div>\n\t\t<\/div>\n\t\t\t\t\t\t<\/div>\n\t\t\t\t<\/div>\n\t\t\t\t\t<\/div>\n\t\t<\/div>\n\t\t\t\t<div class=\"elementor-column elementor-col-16 elementor-top-column elementor-element elementor-element-ad12148\" data-id=\"ad12148\" data-element_type=\"column\" data-e-type=\"column\">\n\t\t\t<div class=\"elementor-widget-wrap elementor-element-populated\">\n\t\t\t\t\t\t<div class=\"elementor-element elementor-element-0b2b993 elementor-widget__width-initial elementor-widget elementor-widget-heading\" data-id=\"0b2b993\" data-element_type=\"widget\" data-e-type=\"widget\" data-widget_type=\"heading.default\">\n\t\t\t\t<div class=\"elementor-widget-container\">\n\t\t\t\t\t<h3 class=\"elementor-heading-title elementor-size-default\">Juhatus<\/h3>\t\t\t\t<\/div>\n\t\t\t\t<\/div>\n\t\t\t\t<div class=\"elementor-element elementor-element-3746532 elementor-widget__width-inherit animated-fast elementor-invisible elementor-widget elementor-widget-spacer\" data-id=\"3746532\" data-element_type=\"widget\" data-e-type=\"widget\" data-settings=\"{&quot;_animation&quot;:&quot;fadeIn&quot;}\" data-widget_type=\"spacer.default\">\n\t\t\t\t<div class=\"elementor-widget-container\">\n\t\t\t\t\t\t\t<div class=\"elementor-spacer\">\n\t\t\t<div class=\"elementor-spacer-inner\"><\/div>\n\t\t<\/div>\n\t\t\t\t\t\t<\/div>\n\t\t\t\t<\/div>\n\t\t\t\t<div class=\"elementor-element elementor-element-b1ee651 elementor-widget__width-initial elementor-widget elementor-widget-text-editor\" data-id=\"b1ee651\" data-element_type=\"widget\" data-e-type=\"widget\" data-widget_type=\"text-editor.default\">\n\t\t\t\t<div class=\"elementor-widget-container\">\n\t\t\t\t\t\t\t\t\t<blockquote><div>Juht: <strong>Robin Lek<\/strong><\/div><div>\u00a0<\/div><div>Turundusjuht: <strong>Nika Brett Udras<\/strong><\/div><\/blockquote><blockquote><div>Juhatuse liige, taskuh\u00e4\u00e4lingute eest vastutaja: <strong>Liana Iljas<\/strong><\/div><\/blockquote>\t\t\t\t\t\t\t\t<\/div>\n\t\t\t\t<\/div>\n\t\t\t\t\t<\/div>\n\t\t<\/div>\n\t\t\t\t<div class=\"elementor-column elementor-col-16 elementor-top-column elementor-element elementor-element-180b953\" data-id=\"180b953\" data-element_type=\"column\" data-e-type=\"column\">\n\t\t\t<div class=\"elementor-widget-wrap elementor-element-populated\">\n\t\t\t\t\t\t<div class=\"elementor-element elementor-element-64beb39 elementor-widget elementor-widget-spacer\" data-id=\"64beb39\" data-element_type=\"widget\" data-e-type=\"widget\" data-widget_type=\"spacer.default\">\n\t\t\t\t<div class=\"elementor-widget-container\">\n\t\t\t\t\t\t\t<div class=\"elementor-spacer\">\n\t\t\t<div class=\"elementor-spacer-inner\"><\/div>\n\t\t<\/div>\n\t\t\t\t\t\t<\/div>\n\t\t\t\t<\/div>\n\t\t\t\t<div class=\"elementor-element elementor-element-271d00b elementor-widget elementor-widget-spacer\" data-id=\"271d00b\" data-element_type=\"widget\" data-e-type=\"widget\" data-widget_type=\"spacer.default\">\n\t\t\t\t<div class=\"elementor-widget-container\">\n\t\t\t\t\t\t\t<div class=\"elementor-spacer\">\n\t\t\t<div class=\"elementor-spacer-inner\"><\/div>\n\t\t<\/div>\n\t\t\t\t\t\t<\/div>\n\t\t\t\t<\/div>\n\t\t\t\t<div class=\"elementor-element elementor-element-02b4008 elementor-shape-circle elementor-grid-1 e-grid-align-center elementor-widget elementor-widget-social-icons\" data-id=\"02b4008\" data-element_type=\"widget\" data-e-type=\"widget\" data-widget_type=\"social-icons.default\">\n\t\t\t\t<div class=\"elementor-widget-container\">\n\t\t\t\t\t\t\t<div class=\"elementor-social-icons-wrapper elementor-grid\" role=\"list\">\n\t\t\t\t\t\t\t<span class=\"elementor-grid-item\" role=\"listitem\">\n\t\t\t\t\t<a class=\"elementor-icon elementor-social-icon elementor-social-icon-facebook-f elementor-animation-grow elementor-repeater-item-472706a\" href=\"https:\/\/www.facebook.com\/tlyydi\" target=\"_blank\">\n\t\t\t\t\t\t<span class=\"elementor-screen-only\">Facebook-f<\/span>\n\t\t\t\t\t\t<i aria-hidden=\"true\" class=\"fab fa-facebook-f\"><\/i>\t\t\t\t\t<\/a>\n\t\t\t\t<\/span>\n\t\t\t\t\t\t\t<span class=\"elementor-grid-item\" role=\"listitem\">\n\t\t\t\t\t<a class=\"elementor-icon elementor-social-icon elementor-social-icon-instagram elementor-animation-grow elementor-repeater-item-8f7f9ab\" href=\"https:\/\/www.instagram.com\/tlu.ydi\/\" target=\"_blank\">\n\t\t\t\t\t\t<span class=\"elementor-screen-only\">Instagram<\/span>\n\t\t\t\t\t\t<i aria-hidden=\"true\" class=\"fab fa-instagram\"><\/i>\t\t\t\t\t<\/a>\n\t\t\t\t<\/span>\n\t\t\t\t\t\t\t<span class=\"elementor-grid-item\" role=\"listitem\">\n\t\t\t\t\t<a class=\"elementor-icon elementor-social-icon elementor-social-icon-home elementor-animation-grow elementor-repeater-item-97f6e25\" href=\"http:\/\/www.ydi.ee.\" target=\"_blank\">\n\t\t\t\t\t\t<span class=\"elementor-screen-only\">Home<\/span>\n\t\t\t\t\t\t<i aria-hidden=\"true\" class=\"fas fa-home\"><\/i>\t\t\t\t\t<\/a>\n\t\t\t\t<\/span>\n\t\t\t\t\t\t\t<span class=\"elementor-grid-item\" role=\"listitem\">\n\t\t\t\t\t<a class=\"elementor-icon elementor-social-icon elementor-social-icon-envelope elementor-animation-grow elementor-repeater-item-21c2351\" target=\"_blank\">\n\t\t\t\t\t\t<span class=\"elementor-screen-only\">Envelope<\/span>\n\t\t\t\t\t\t<i aria-hidden=\"true\" class=\"fas fa-envelope\"><\/i>\t\t\t\t\t<\/a>\n\t\t\t\t<\/span>\n\t\t\t\t\t<\/div>\n\t\t\t\t\t\t<\/div>\n\t\t\t\t<\/div>\n\t\t\t\t\t<\/div>\n\t\t<\/div>\n\t\t\t\t<div class=\"elementor-column elementor-col-16 elementor-top-column elementor-element elementor-element-6428608\" data-id=\"6428608\" data-element_type=\"column\" data-e-type=\"column\">\n\t\t\t<div class=\"elementor-widget-wrap elementor-element-populated\">\n\t\t\t\t\t\t<div class=\"elementor-element elementor-element-0eaa6ad elementor-widget elementor-widget-heading\" data-id=\"0eaa6ad\" data-element_type=\"widget\" data-e-type=\"widget\" data-widget_type=\"heading.default\">\n\t\t\t\t<div class=\"elementor-widget-container\">\n\t\t\t\t\t<h4 class=\"elementor-heading-title elementor-size-default\">J\u00e4lgi meid<\/h4>\t\t\t\t<\/div>\n\t\t\t\t<\/div>\n\t\t\t\t<div class=\"elementor-element elementor-element-64456e2 elementor-widget__width-initial elementor-widget elementor-widget-text-editor\" data-id=\"64456e2\" data-element_type=\"widget\" data-e-type=\"widget\" data-widget_type=\"text-editor.default\">\n\t\t\t\t<div class=\"elementor-widget-container\">\n\t\t\t\t\t\t\t\t\t<p>Facebookis: <span style=\"color: #a60f0f;\"><a style=\"color: #a60f0f;\" href=\"https:\/\/www.facebook.com\/tlyydi\/\" target=\"_blank\" rel=\"noopener\"><span style=\"text-decoration: underline;\"><strong>https:\/\/www.facebook.com\/tlyydi\/<\/strong><\/span><\/a><\/span><\/p>\t\t\t\t\t\t\t\t<\/div>\n\t\t\t\t<\/div>\n\t\t\t\t<div class=\"elementor-element elementor-element-b48af87 elementor-widget__width-initial elementor-widget elementor-widget-text-editor\" data-id=\"b48af87\" data-element_type=\"widget\" data-e-type=\"widget\" data-widget_type=\"text-editor.default\">\n\t\t\t\t<div class=\"elementor-widget-container\">\n\t\t\t\t\t\t\t\t\t<p><span style=\"font-weight: 400;\">Instagramis: <span style=\"text-decoration: underline;\"><strong><span style=\"color: #a60f00;\"><a style=\"color: #a60f00; text-decoration: underline;\" href=\"https:\/\/www.instagram.com\/tlu.ydi\/\" target=\"_blank\" rel=\"noopener\">tlu.ydi<\/a><\/span><\/strong><\/span><\/span><\/p>\t\t\t\t\t\t\t\t<\/div>\n\t\t\t\t<\/div>\n\t\t\t\t<div class=\"elementor-element elementor-element-f5d483c elementor-widget__width-initial elementor-widget elementor-widget-text-editor\" data-id=\"f5d483c\" data-element_type=\"widget\" data-e-type=\"widget\" data-widget_type=\"text-editor.default\">\n\t\t\t\t<div class=\"elementor-widget-container\">\n\t\t\t\t\t\t\t\t\t<p><span style=\"font-weight: 400;\">Veebileht:\u00a0<\/span><span style=\"text-decoration: underline;\"><strong><a href=\"http:\/\/www.ydi.ee\/\" target=\"_blank\" rel=\"noopener\" data-saferedirecturl=\"https:\/\/www.google.com\/url?q=http:\/\/www.ydi.ee&amp;source=gmail&amp;ust=1755249148934000&amp;usg=AOvVaw3-QfYTPzFoWOWk84NOqkIL\">www.ydi.ee<\/a><\/strong><\/span><\/p>\t\t\t\t\t\t\t\t<\/div>\n\t\t\t\t<\/div>\n\t\t\t\t<div class=\"elementor-element elementor-element-86047dd elementor-widget__width-initial elementor-widget elementor-widget-text-editor\" data-id=\"86047dd\" data-element_type=\"widget\" data-e-type=\"widget\" data-widget_type=\"text-editor.default\">\n\t\t\t\t<div class=\"elementor-widget-container\">\n\t\t\t\t\t\t\t\t\t<p><span style=\"font-weight: 400;\">E-mail: <span style=\"text-decoration: underline;\"><strong><a href=\"mailto:ydi@esindus.ee\" target=\"_blank\" rel=\"noopener\">ydi@esindus.ee<\/a><\/strong><\/span><\/span><\/p>\t\t\t\t\t\t\t\t<\/div>\n\t\t\t\t<\/div>\n\t\t\t\t\t<\/div>\n\t\t<\/div>\n\t\t\t\t\t<\/div>\n\t\t<\/section>\n\t\t\t\t<\/div>\n\t\t","protected":false},"excerpt":{"rendered":"<p>Kirjandusklubi \u00dcDI Kirjandusklubi \u00dcDI \u00fchendab Tallinna \u00dclikooli kirjandusentusiaste ja tegeleb k\u00f5igega, mis on seotud kirjandusega: arutleme ilukirjanduslike tekstide, teatrietenduste ja filmide \u00fcle, arendame loovkirjutamise oskusi, loome v\u00f5imalusi oma loomingu jagamiseks, kutsume esinema nii kirjanikke kui ka kirjandusteadlasi jne. \u00dcDI-l on oma koduleht, mis on m\u00f5eldud m\u00f5tete-loomingu jagamiseks, dialoogi tekitamiseks ja \u00dcDI kohta k\u00e4iva info jagamiseks. Kes v\u00f5i mis on \u00dcDI? M\u00f5ned n\u00e4ited \u00dcDI potentsiaalsetest t\u00e4hendustest. \u00dcdi kui luu\u00fcdi \u2013 kirjandus kui \u00fchiskonna selgroog. \u00dcdi kui s\u00fcvitsiminek. \u00dcDI kui \u00dc\u00fcratus. Draama. Ilu. \u00dcdi kui eesti kirjandusklassik. Ja \u00fcdi kui ka k\u00f5ik muu, millega see lugejale seostub. \u00dcDI korraldab regulaarselt s\u00fcndmusi\/koosolemisi, kus saab muuhulgas, kas ise kaasa luua, kuulata s\u00fctitavaid inimesi, esitada oma loomingut, saada osa filmi- v\u00f5i teatrielamusest. \u00dcDI liikmed jagunevad kaheks: juhatuse liikmed ja tavaliikmed. Esimesse kuuluvad \u00dcDI eestvedajad ja k\u00f5ige aktiivsemad korraldajad. Tavaliikmetel on \u00f5igus osaleda kinnistel s\u00fcndmustel, saada esimesena infot registreerimist vajavate s\u00fcndmuste kohta, pakkuda v\u00e4lja ideid s\u00fcndmusteks ja neid ellu viia ning kandideerida juhatusse. \u00dcDI saadab oma liikmetele regulaarselt e-kirju tulevaste s\u00fcndmuste ja muu olulise infoga, aga vahemik on piisavalt hajutatud, et teated ei m\u00f5juks sp\u00e4mmina. Lisaks on liikmetel v\u00f5imalus kuuluda Messengeri gruppi. \u00dcDI-l on s\u00f5prussuhted Tallinnas Eesti Kirjanike Liidu noortega ja Tartus Tartu \u00dclikooli kirjandusringiga Ellips. Kui on k\u00fcsimusi v\u00f5i tahad niisama kirjanduse \u00fcle arutada, v\u00f5ta meiega julgelt \u00fchendust! Liitu Liitu meie muheda seltskonnaga, et osaleda k\u00f5igil s\u00fcndmustel! \u00dchinemiseks t\u00e4ida ankeet SIIN! Juhatus Juht: Robin Lek\u00a0Turundusjuht: Nika Brett Udras Juhatuse liige, taskuh\u00e4\u00e4lingute eest vastutaja: Liana Iljas Facebook-f Instagram Home Envelope J\u00e4lgi meid Facebookis: https:\/\/www.facebook.com\/tlyydi\/ Instagramis: tlu.ydi Veebileht:\u00a0www.ydi.ee E-mail: ydi@esindus.ee<\/p>\n","protected":false},"author":2,"featured_media":0,"parent":0,"menu_order":0,"comment_status":"closed","ping_status":"closed","template":"","meta":{"_eb_attr":"","footnotes":""},"class_list":["post-9160","page","type-page","status-publish","hentry"],"_links":{"self":[{"href":"https:\/\/esindus.ee\/et\/wp-json\/wp\/v2\/pages\/9160","targetHints":{"allow":["GET"]}}],"collection":[{"href":"https:\/\/esindus.ee\/et\/wp-json\/wp\/v2\/pages"}],"about":[{"href":"https:\/\/esindus.ee\/et\/wp-json\/wp\/v2\/types\/page"}],"author":[{"embeddable":true,"href":"https:\/\/esindus.ee\/et\/wp-json\/wp\/v2\/users\/2"}],"replies":[{"embeddable":true,"href":"https:\/\/esindus.ee\/et\/wp-json\/wp\/v2\/comments?post=9160"}],"version-history":[{"count":35,"href":"https:\/\/esindus.ee\/et\/wp-json\/wp\/v2\/pages\/9160\/revisions"}],"predecessor-version":[{"id":10032,"href":"https:\/\/esindus.ee\/et\/wp-json\/wp\/v2\/pages\/9160\/revisions\/10032"}],"wp:attachment":[{"href":"https:\/\/esindus.ee\/et\/wp-json\/wp\/v2\/media?parent=9160"}],"curies":[{"name":"wp","href":"https:\/\/api.w.org\/{rel}","templated":true}]}}