{"id":8836,"date":"2024-11-20T20:16:45","date_gmt":"2024-11-20T17:16:45","guid":{"rendered":"https:\/\/esindus.ee\/?page_id=8836"},"modified":"2024-11-20T21:23:14","modified_gmt":"2024-11-20T18:23:14","slug":"dormitoorium","status":"publish","type":"page","link":"https:\/\/esindus.ee\/et\/dormitoorium\/","title":{"rendered":"Dormitoorium"},"content":{"rendered":"\t\t<div data-elementor-type=\"wp-page\" data-elementor-id=\"8836\" class=\"elementor elementor-8836\">\n\t\t\t\t<div class=\"elementor-element elementor-element-32b5ad1 e-flex e-con-boxed wpr-particle-no wpr-jarallax-no wpr-parallax-no wpr-sticky-section-no wpr-equal-height-no e-con e-parent\" data-id=\"32b5ad1\" data-element_type=\"container\" data-e-type=\"container\">\n\t\t\t\t\t<div class=\"e-con-inner\">\n\t\t\t\t<div class=\"elementor-element elementor-element-6b8fc86 elementor-widget__width-inherit animated-fast elementor-invisible elementor-widget elementor-widget-spacer\" data-id=\"6b8fc86\" data-element_type=\"widget\" data-e-type=\"widget\" data-settings=\"{&quot;_animation&quot;:&quot;fadeIn&quot;}\" data-widget_type=\"spacer.default\">\n\t\t\t\t<div class=\"elementor-widget-container\">\n\t\t\t\t\t\t\t<div class=\"elementor-spacer\">\n\t\t\t<div class=\"elementor-spacer-inner\"><\/div>\n\t\t<\/div>\n\t\t\t\t\t\t<\/div>\n\t\t\t\t<\/div>\n\t\t<div class=\"elementor-element elementor-element-c028f7e e-grid e-con-full wpr-particle-no wpr-jarallax-no wpr-parallax-no wpr-sticky-section-no wpr-equal-height-no e-con e-child\" data-id=\"c028f7e\" data-element_type=\"container\" data-e-type=\"container\">\n\t\t\t\t<div class=\"elementor-element elementor-element-5b16522 elementor-widget elementor-widget-image\" data-id=\"5b16522\" data-element_type=\"widget\" data-e-type=\"widget\" data-widget_type=\"image.default\">\n\t\t\t\t<div class=\"elementor-widget-container\">\n\t\t\t\t\t\t\t\t\t\t\t\t\t\t\t<img fetchpriority=\"high\" decoding=\"async\" width=\"1024\" height=\"683\" src=\"https:\/\/esindus.ee\/wp-content\/uploads\/2024\/11\/kodulehe-pilt-suur-1024x683.jpg\" class=\"attachment-large size-large wp-image-8838\" alt=\"\" srcset=\"https:\/\/esindus.ee\/wp-content\/uploads\/2024\/11\/kodulehe-pilt-suur-1024x683.jpg 1024w, https:\/\/esindus.ee\/wp-content\/uploads\/2024\/11\/kodulehe-pilt-suur-300x200.jpg 300w, https:\/\/esindus.ee\/wp-content\/uploads\/2024\/11\/kodulehe-pilt-suur-768x513.jpg 768w, https:\/\/esindus.ee\/wp-content\/uploads\/2024\/11\/kodulehe-pilt-suur-1536x1025.jpg 1536w, https:\/\/esindus.ee\/wp-content\/uploads\/2024\/11\/kodulehe-pilt-suur-2048x1367.jpg 2048w, https:\/\/esindus.ee\/wp-content\/uploads\/2024\/11\/kodulehe-pilt-suur-18x12.jpg 18w\" sizes=\"(max-width: 1024px) 100vw, 1024px\" \/>\t\t\t\t\t\t\t\t\t\t\t\t\t\t\t<\/div>\n\t\t\t\t<\/div>\n\t\t<div class=\"elementor-element elementor-element-db31dc8 e-con-full e-flex wpr-particle-no wpr-jarallax-no wpr-parallax-no wpr-sticky-section-no wpr-equal-height-no e-con e-child\" data-id=\"db31dc8\" data-element_type=\"container\" data-e-type=\"container\">\n\t\t\t\t<div class=\"elementor-element elementor-element-415a8b8 elementor-widget elementor-widget-text-editor\" data-id=\"415a8b8\" data-element_type=\"widget\" data-e-type=\"widget\" data-widget_type=\"text-editor.default\">\n\t\t\t\t<div class=\"elementor-widget-container\">\n\t\t\t\t\t\t\t\t\t<p><span style=\"font-weight: 400;\">Kas sul on mure seoses oma majutusega?<\/span><\/p>\t\t\t\t\t\t\t\t<\/div>\n\t\t\t\t<\/div>\n\t\t\t\t<div class=\"elementor-element elementor-element-37b5335 elementor-widget elementor-widget-text-editor\" data-id=\"37b5335\" data-element_type=\"widget\" data-e-type=\"widget\" data-widget_type=\"text-editor.default\">\n\t\t\t\t<div class=\"elementor-widget-container\">\n\t\t\t\t\t\t\t\t\t<p><span style=\"font-weight: 400;\">N\u00e4iteks k\u00fclmkapi, du\u0161iruumi v\u00f5i millegi muuga?<\/span><\/p>\t\t\t\t\t\t\t\t<\/div>\n\t\t\t\t<\/div>\n\t\t\t\t<div class=\"elementor-element elementor-element-c13da16 elementor-widget elementor-widget-text-editor\" data-id=\"c13da16\" data-element_type=\"widget\" data-e-type=\"widget\" data-widget_type=\"text-editor.default\">\n\t\t\t\t<div class=\"elementor-widget-container\">\n\t\t\t\t\t\t\t\t\t<p><span style=\"font-weight: 400;\">Anna sellest teada Abitahvli kaudu ja leiame koos kiire lahenduse!<\/span><\/p>\t\t\t\t\t\t\t\t<\/div>\n\t\t\t\t<\/div>\n\t\t\t\t<div class=\"elementor-element elementor-element-79118db elementor-widget elementor-widget-text-editor\" data-id=\"79118db\" data-element_type=\"widget\" data-e-type=\"widget\" data-widget_type=\"text-editor.default\">\n\t\t\t\t<div class=\"elementor-widget-container\">\n\t\t\t\t\t\t\t\t\t<p><span style=\"font-weight: 400;\">Link: <\/span><span style=\"text-decoration: underline; color: #b71f36;\"><a style=\"color: #b71f36;\" href=\"https:\/\/kampus.dormitorium.ee\/loginTenant.aspx\"><span style=\"font-weight: 400;\">https:\/\/kampus.dormitorium.ee\/loginTenant.aspx<\/span><\/a><\/span><\/p>\t\t\t\t\t\t\t\t<\/div>\n\t\t\t\t<\/div>\n\t\t\t\t<\/div>\n\t\t\t\t<\/div>\n\t\t\t\t<div class=\"elementor-element elementor-element-9fabbaf elementor-widget__width-inherit animated-fast elementor-invisible elementor-widget elementor-widget-spacer\" data-id=\"9fabbaf\" data-element_type=\"widget\" data-e-type=\"widget\" data-settings=\"{&quot;_animation&quot;:&quot;fadeIn&quot;}\" data-widget_type=\"spacer.default\">\n\t\t\t\t<div class=\"elementor-widget-container\">\n\t\t\t\t\t\t\t<div class=\"elementor-spacer\">\n\t\t\t<div class=\"elementor-spacer-inner\"><\/div>\n\t\t<\/div>\n\t\t\t\t\t\t<\/div>\n\t\t\t\t<\/div>\n\t\t\t\t\t<\/div>\n\t\t\t\t<\/div>\n\t\t\t\t<\/div>\n\t\t","protected":false},"excerpt":{"rendered":"<p>Kas sul on mure seoses oma majutusega? N\u00e4iteks k\u00fclmkapi, du\u0161iruumi v\u00f5i millegi muuga? Anna sellest teada Abitahvli kaudu ja leiame koos kiire lahenduse! Link: https:\/\/kampus.dormitorium.ee\/loginTenant.aspx<\/p>\n","protected":false},"author":2,"featured_media":0,"parent":0,"menu_order":0,"comment_status":"closed","ping_status":"closed","template":"","meta":{"_eb_attr":"","footnotes":""},"class_list":["post-8836","page","type-page","status-publish","hentry"],"_links":{"self":[{"href":"https:\/\/esindus.ee\/et\/wp-json\/wp\/v2\/pages\/8836","targetHints":{"allow":["GET"]}}],"collection":[{"href":"https:\/\/esindus.ee\/et\/wp-json\/wp\/v2\/pages"}],"about":[{"href":"https:\/\/esindus.ee\/et\/wp-json\/wp\/v2\/types\/page"}],"author":[{"embeddable":true,"href":"https:\/\/esindus.ee\/et\/wp-json\/wp\/v2\/users\/2"}],"replies":[{"embeddable":true,"href":"https:\/\/esindus.ee\/et\/wp-json\/wp\/v2\/comments?post=8836"}],"version-history":[{"count":16,"href":"https:\/\/esindus.ee\/et\/wp-json\/wp\/v2\/pages\/8836\/revisions"}],"predecessor-version":[{"id":8858,"href":"https:\/\/esindus.ee\/et\/wp-json\/wp\/v2\/pages\/8836\/revisions\/8858"}],"wp:attachment":[{"href":"https:\/\/esindus.ee\/et\/wp-json\/wp\/v2\/media?parent=8836"}],"curies":[{"name":"wp","href":"https:\/\/api.w.org\/{rel}","templated":true}]}}