{"id":682,"date":"2023-04-07T00:08:03","date_gmt":"2023-04-06T22:08:03","guid":{"rendered":"https:\/\/esindus.ee\/?page_id=682"},"modified":"2023-05-05T22:37:45","modified_gmt":"2023-05-05T20:37:45","slug":"oppekolleegium","status":"publish","type":"page","link":"https:\/\/esindus.ee\/et\/oppekolleegium\/","title":{"rendered":"\u00d5ppekolleegium"},"content":{"rendered":"\t\t<div data-elementor-type=\"wp-page\" data-elementor-id=\"682\" class=\"elementor elementor-682\">\n\t\t\t\t\t\t<section class=\"elementor-section elementor-top-section elementor-element elementor-element-c9d9744 elementor-section-boxed elementor-section-height-default elementor-section-height-default wpr-particle-no wpr-jarallax-no wpr-parallax-no wpr-sticky-section-no wpr-equal-height-no\" data-id=\"c9d9744\" data-element_type=\"section\" data-e-type=\"section\">\n\t\t\t\t\t\t<div class=\"elementor-container elementor-column-gap-default\">\n\t\t\t\t\t<div class=\"elementor-column elementor-col-50 elementor-top-column elementor-element elementor-element-8f47ee8\" data-id=\"8f47ee8\" data-element_type=\"column\" data-e-type=\"column\">\n\t\t\t<div class=\"elementor-widget-wrap elementor-element-populated\">\n\t\t\t\t\t\t<div class=\"elementor-element elementor-element-53fb2e3 elementor-widget elementor-widget-heading\" data-id=\"53fb2e3\" data-element_type=\"widget\" data-e-type=\"widget\" data-widget_type=\"heading.default\">\n\t\t\t\t<div class=\"elementor-widget-container\">\n\t\t\t\t\t<h2 class=\"elementor-heading-title elementor-size-default\">\u00d5ppekolleegium<\/h2>\t\t\t\t<\/div>\n\t\t\t\t<\/div>\n\t\t\t\t<div class=\"elementor-element elementor-element-5847d9f elementor-widget elementor-widget-text-editor\" data-id=\"5847d9f\" data-element_type=\"widget\" data-e-type=\"widget\" data-widget_type=\"text-editor.default\">\n\t\t\t\t<div class=\"elementor-widget-container\">\n\t\t\t\t\t\t\t\t\t<p><span style=\"font-weight: 400;\">Igas akadeemilises \u00fcksuses ehk instituudis v\u00f5i kolled\u017eis on <strong>\u00f5ppekolleegium<\/strong>. <\/span><\/p><p><span style=\"font-weight: 400;\">\u00d5ppekolleegiumi \u00fclesanded: <\/span><\/p><ul><li><span style=\"font-weight: 400;\">vastutab akadeemilise \u00fcksuse s\u00fcsteemse ja j\u00e4rjepideva \u00f5ppekava arendamise eest;<\/span><\/li><li><span style=\"font-weight: 400;\"> l\u00e4htub teadus- ja loomevaldkonna uuematest arengutest, rahvusvahelisest praktikast ja t\u00f6\u00f6turu vajadustest, \u00f5ppekava huvigruppide tagasisidest, saadud ettepanekute anal\u00fc\u00fcsist ja kehtivatest \u00f5igusaktidest;<\/span><\/li><li><span style=\"font-weight: 400;\">teeb akadeemilise \u00fcksuse n\u00f5ukogule ettepanekuid \u00f5ppekavade avamise, muutmise ja sulgemise kohta.<\/span><\/li><\/ul><p><span style=\"font-weight: 400;\">Igas \u00f5ppekolleegiumis on <strong>v\u00e4hemalt \u00fcks \u00fcli\u00f5pilasesindaja<\/strong>, kelle valivad sinna \u00fcli\u00f5pilasn\u00f5ukogu liikmed. Valimised reklaamitakse v\u00e4lja augustikuus \u00fcli\u00f5pilasn\u00f5ukogu meediakanalites.<\/span><\/p>\t\t\t\t\t\t\t\t<\/div>\n\t\t\t\t<\/div>\n\t\t\t\t\t<\/div>\n\t\t<\/div>\n\t\t\t\t<div class=\"elementor-column elementor-col-50 elementor-top-column elementor-element elementor-element-0b949ab\" data-id=\"0b949ab\" data-element_type=\"column\" data-e-type=\"column\">\n\t\t\t<div class=\"elementor-widget-wrap elementor-element-populated\">\n\t\t\t\t\t\t<div class=\"elementor-element elementor-element-b75828e elementor-widget elementor-widget-image\" data-id=\"b75828e\" data-element_type=\"widget\" data-e-type=\"widget\" data-widget_type=\"image.default\">\n\t\t\t\t<div class=\"elementor-widget-container\">\n\t\t\t\t\t\t\t\t\t\t\t\t\t\t\t<img decoding=\"async\" src=\"https:\/\/esindus.ee\/wp-content\/uploads\/elementor\/thumbs\/Screenshot-2023-04-28-at-23.10.46-q5ozsnc8da3krs4g5bk349ng55pzpt8epg8p0hmuqc.png\" title=\"Screenshot 2023-04-28 at 23.10.46\" alt=\"Screenshot 2023-04-28 at 23.10.46\" loading=\"lazy\" \/>\t\t\t\t\t\t\t\t\t\t\t\t\t\t\t<\/div>\n\t\t\t\t<\/div>\n\t\t\t\t\t<\/div>\n\t\t<\/div>\n\t\t\t\t\t<\/div>\n\t\t<\/section>\n\t\t\t\t<\/div>\n\t\t","protected":false},"excerpt":{"rendered":"<p>\u00d5ppekolleegium Igas akadeemilises \u00fcksuses ehk instituudis v\u00f5i kolled\u017eis on \u00f5ppekolleegium. \u00d5ppekolleegiumi \u00fclesanded: vastutab akadeemilise \u00fcksuse s\u00fcsteemse ja j\u00e4rjepideva \u00f5ppekava arendamise eest; l\u00e4htub teadus- ja loomevaldkonna uuematest arengutest, rahvusvahelisest praktikast ja t\u00f6\u00f6turu vajadustest, \u00f5ppekava huvigruppide tagasisidest, saadud ettepanekute anal\u00fc\u00fcsist ja kehtivatest \u00f5igusaktidest; teeb akadeemilise \u00fcksuse n\u00f5ukogule ettepanekuid \u00f5ppekavade avamise, muutmise ja sulgemise kohta. Igas \u00f5ppekolleegiumis on v\u00e4hemalt \u00fcks \u00fcli\u00f5pilasesindaja, kelle valivad sinna \u00fcli\u00f5pilasn\u00f5ukogu liikmed. Valimised reklaamitakse v\u00e4lja augustikuus \u00fcli\u00f5pilasn\u00f5ukogu meediakanalites.<\/p>\n","protected":false},"author":2,"featured_media":0,"parent":0,"menu_order":0,"comment_status":"closed","ping_status":"closed","template":"elementor_header_footer","meta":{"_eb_attr":"","footnotes":""},"class_list":["post-682","page","type-page","status-publish","hentry"],"_links":{"self":[{"href":"https:\/\/esindus.ee\/et\/wp-json\/wp\/v2\/pages\/682","targetHints":{"allow":["GET"]}}],"collection":[{"href":"https:\/\/esindus.ee\/et\/wp-json\/wp\/v2\/pages"}],"about":[{"href":"https:\/\/esindus.ee\/et\/wp-json\/wp\/v2\/types\/page"}],"author":[{"embeddable":true,"href":"https:\/\/esindus.ee\/et\/wp-json\/wp\/v2\/users\/2"}],"replies":[{"embeddable":true,"href":"https:\/\/esindus.ee\/et\/wp-json\/wp\/v2\/comments?post=682"}],"version-history":[{"count":19,"href":"https:\/\/esindus.ee\/et\/wp-json\/wp\/v2\/pages\/682\/revisions"}],"predecessor-version":[{"id":3645,"href":"https:\/\/esindus.ee\/et\/wp-json\/wp\/v2\/pages\/682\/revisions\/3645"}],"wp:attachment":[{"href":"https:\/\/esindus.ee\/et\/wp-json\/wp\/v2\/media?parent=682"}],"curies":[{"name":"wp","href":"https:\/\/api.w.org\/{rel}","templated":true}]}}