{"id":673,"date":"2023-04-06T23:59:17","date_gmt":"2023-04-06T21:59:17","guid":{"rendered":"https:\/\/esindus.ee\/?page_id=673"},"modified":"2023-05-05T22:34:31","modified_gmt":"2023-05-05T20:34:31","slug":"instituudi-noukogu","status":"publish","type":"page","link":"https:\/\/esindus.ee\/et\/instituudi-noukogu\/","title":{"rendered":"Instituudi n\u00f5ukogu"},"content":{"rendered":"\t\t<div data-elementor-type=\"wp-page\" data-elementor-id=\"673\" class=\"elementor elementor-673\">\n\t\t\t\t\t\t<section class=\"elementor-section elementor-top-section elementor-element elementor-element-f1cc6b7 elementor-section-boxed elementor-section-height-default elementor-section-height-default wpr-particle-no wpr-jarallax-no wpr-parallax-no wpr-sticky-section-no wpr-equal-height-no\" data-id=\"f1cc6b7\" data-element_type=\"section\" data-e-type=\"section\">\n\t\t\t\t\t\t<div class=\"elementor-container elementor-column-gap-default\">\n\t\t\t\t\t<div class=\"elementor-column elementor-col-50 elementor-top-column elementor-element elementor-element-024d283\" data-id=\"024d283\" data-element_type=\"column\" data-e-type=\"column\">\n\t\t\t<div class=\"elementor-widget-wrap elementor-element-populated\">\n\t\t\t\t\t\t<div class=\"elementor-element elementor-element-0c0cbd1 elementor-widget elementor-widget-heading\" data-id=\"0c0cbd1\" data-element_type=\"widget\" data-e-type=\"widget\" data-widget_type=\"heading.default\">\n\t\t\t\t<div class=\"elementor-widget-container\">\n\t\t\t\t\t<h2 class=\"elementor-heading-title elementor-size-default\">Instituudi n\u00f5ukogu<\/h2>\t\t\t\t<\/div>\n\t\t\t\t<\/div>\n\t\t\t\t<div class=\"elementor-element elementor-element-fe6936b elementor-widget elementor-widget-text-editor\" data-id=\"fe6936b\" data-element_type=\"widget\" data-e-type=\"widget\" data-widget_type=\"text-editor.default\">\n\t\t\t\t<div class=\"elementor-widget-container\">\n\t\t\t\t\t\t\t\t\t<p><span style=\"font-weight: 400;\">Instituuti juhivad <strong>instituudi direktor<\/strong> ja <strong>instituudi n\u00f5ukogu<\/strong>. <\/span><\/p><p><span style=\"font-weight: 400;\">Instituudi n\u00f5ukogu:<\/span><\/p><ul><li><span style=\"font-weight: 400;\"> v\u00f5tab vastu \u00fclikooli arengukavast l\u00e4htuva instituudi arengukava ning esitab selle senatile kinnitamiseks;<\/span><\/li><li><span style=\"font-weight: 400;\"> teeb senatile ettepanekud kinnitada instituudi akadeemilised suunad; <\/span><\/li><li><span style=\"font-weight: 400;\">v\u00f5tab vastu instituudi eelarve projekti majanduseeskirjas s\u00e4testatud tingimustel ja korras; <\/span><\/li><li><span style=\"font-weight: 400;\">kinnitab instituudi tegevuskava; <\/span><\/li><li><span style=\"font-weight: 400;\">annab hinnangu instituudi tegevusaruandele; <\/span><\/li><li><span style=\"font-weight: 400;\">v\u00f5tab vastu ja esitab senatile kinnitamiseks \u00f5ppekavad ja kinnitab t\u00e4iend\u00f5ppekavad; <\/span><\/li><li><span style=\"font-weight: 400;\">valib instituudi korralised \u00f5ppej\u00f5ud ja teadust\u00f6\u00f6tajad, v\u00e4lja arvatud professorid, \u00f5igusaktides s\u00e4testatud alustel ja korras; <\/span><\/li><li><span style=\"font-weight: 400;\">v\u00f5ib teha senatile ettepanekuid instituudi p\u00f5him\u00e4\u00e4ruse muutmise kohta; jpm.<\/span><\/li><\/ul>\t\t\t\t\t\t\t\t<\/div>\n\t\t\t\t<\/div>\n\t\t\t\t\t<\/div>\n\t\t<\/div>\n\t\t\t\t<div class=\"elementor-column elementor-col-50 elementor-top-column elementor-element elementor-element-3935486\" data-id=\"3935486\" data-element_type=\"column\" data-e-type=\"column\">\n\t\t\t<div class=\"elementor-widget-wrap elementor-element-populated\">\n\t\t\t\t\t\t<div class=\"elementor-element elementor-element-838576e elementor-widget elementor-widget-image\" data-id=\"838576e\" data-element_type=\"widget\" data-e-type=\"widget\" data-widget_type=\"image.default\">\n\t\t\t\t<div class=\"elementor-widget-container\">\n\t\t\t\t\t\t\t\t\t\t\t\t\t\t\t<img fetchpriority=\"high\" decoding=\"async\" width=\"768\" height=\"578\" src=\"https:\/\/esindus.ee\/wp-content\/uploads\/2023\/04\/338533508_912561429989848_5221254782513196748_n-e1681939032914-768x578.jpg\" class=\"attachment-medium_large size-medium_large wp-image-675\" alt=\"\" srcset=\"https:\/\/esindus.ee\/wp-content\/uploads\/2023\/04\/338533508_912561429989848_5221254782513196748_n-e1681939032914-768x578.jpg 768w, https:\/\/esindus.ee\/wp-content\/uploads\/2023\/04\/338533508_912561429989848_5221254782513196748_n-e1681939032914-300x226.jpg 300w, https:\/\/esindus.ee\/wp-content\/uploads\/2023\/04\/338533508_912561429989848_5221254782513196748_n-e1681939032914-1024x770.jpg 1024w, https:\/\/esindus.ee\/wp-content\/uploads\/2023\/04\/338533508_912561429989848_5221254782513196748_n-e1681939032914-16x12.jpg 16w, https:\/\/esindus.ee\/wp-content\/uploads\/2023\/04\/338533508_912561429989848_5221254782513196748_n-e1681939032914.jpg 1102w\" sizes=\"(max-width: 768px) 100vw, 768px\" \/>\t\t\t\t\t\t\t\t\t\t\t\t\t\t\t<\/div>\n\t\t\t\t<\/div>\n\t\t\t\t\t<\/div>\n\t\t<\/div>\n\t\t\t\t\t<\/div>\n\t\t<\/section>\n\t\t\t\t<section class=\"elementor-section elementor-top-section elementor-element elementor-element-3e2f8fc elementor-section-boxed elementor-section-height-default elementor-section-height-default wpr-particle-no wpr-jarallax-no wpr-parallax-no wpr-sticky-section-no wpr-equal-height-no\" data-id=\"3e2f8fc\" data-element_type=\"section\" data-e-type=\"section\">\n\t\t\t\t\t\t<div class=\"elementor-container elementor-column-gap-default\">\n\t\t\t\t\t<div class=\"elementor-column elementor-col-100 elementor-top-column elementor-element elementor-element-479cada\" data-id=\"479cada\" data-element_type=\"column\" data-e-type=\"column\">\n\t\t\t<div class=\"elementor-widget-wrap elementor-element-populated\">\n\t\t\t\t\t\t<div class=\"elementor-element elementor-element-bcb886a elementor-widget elementor-widget-text-editor\" data-id=\"bcb886a\" data-element_type=\"widget\" data-e-type=\"widget\" data-widget_type=\"text-editor.default\">\n\t\t\t\t<div class=\"elementor-widget-container\">\n\t\t\t\t\t\t\t\t\t<p><span style=\"font-weight: 400;\">Akadeemilise \u00fcksuse n\u00f5ukogus on <strong>v\u00e4hemalt kolm \u00fcli\u00f5pilasesindajat<\/strong>, eelistatult igast \u00f5ppeastmest v\u00e4hemalt \u00fcks esindaja, <\/span><span style=\"font-weight: 400;\">kelle valivad sinna \u00fcli\u00f5pilasn\u00f5ukogu liikmed. Valimised\u00a0 reklaamitakse v\u00e4lja augustikuus \u00fcli\u00f5pilasn\u00f5ukogu sotsiaalmeediakanalites.<\/span><\/p><p><span style=\"font-weight: 400;\">\u00dcli\u00f5pilasesindajal on instituudi n\u00f5ukogus suur roll. Ta r\u00e4\u00e4gib kaasa ja seisab tudengite huvide ja vajaduste eest instituudi tasandil. Puudutades teemasid nagu \u00f5ppekavade kvaliteet, probleemid \u00f5ppej\u00f5ududega, \u00f5ppej\u00f5udude t\u00f6\u00f6tingimused, \u00fcli\u00f5pilaste \u00f5ppetingimused jpm.<\/span><\/p>\t\t\t\t\t\t\t\t<\/div>\n\t\t\t\t<\/div>\n\t\t\t\t\t<\/div>\n\t\t<\/div>\n\t\t\t\t\t<\/div>\n\t\t<\/section>\n\t\t\t\t<\/div>\n\t\t","protected":false},"excerpt":{"rendered":"<p>Instituudi n\u00f5ukogu Instituuti juhivad instituudi direktor ja instituudi n\u00f5ukogu. Instituudi n\u00f5ukogu: v\u00f5tab vastu \u00fclikooli arengukavast l\u00e4htuva instituudi arengukava ning esitab selle senatile kinnitamiseks; teeb senatile ettepanekud kinnitada instituudi akadeemilised suunad; v\u00f5tab vastu instituudi eelarve projekti majanduseeskirjas s\u00e4testatud tingimustel ja korras; kinnitab instituudi tegevuskava; annab hinnangu instituudi tegevusaruandele; v\u00f5tab vastu ja esitab senatile kinnitamiseks \u00f5ppekavad ja kinnitab t\u00e4iend\u00f5ppekavad; valib instituudi korralised \u00f5ppej\u00f5ud ja teadust\u00f6\u00f6tajad, v\u00e4lja arvatud professorid, \u00f5igusaktides s\u00e4testatud alustel ja korras; v\u00f5ib teha senatile ettepanekuid instituudi p\u00f5him\u00e4\u00e4ruse muutmise kohta; jpm. Akadeemilise \u00fcksuse n\u00f5ukogus on v\u00e4hemalt kolm \u00fcli\u00f5pilasesindajat, eelistatult igast \u00f5ppeastmest v\u00e4hemalt \u00fcks esindaja, kelle valivad sinna \u00fcli\u00f5pilasn\u00f5ukogu liikmed. Valimised\u00a0 reklaamitakse v\u00e4lja augustikuus \u00fcli\u00f5pilasn\u00f5ukogu sotsiaalmeediakanalites. \u00dcli\u00f5pilasesindajal on instituudi n\u00f5ukogus suur roll. Ta r\u00e4\u00e4gib kaasa ja seisab tudengite huvide ja vajaduste eest instituudi tasandil. Puudutades teemasid nagu \u00f5ppekavade kvaliteet, probleemid \u00f5ppej\u00f5ududega, \u00f5ppej\u00f5udude t\u00f6\u00f6tingimused, \u00fcli\u00f5pilaste \u00f5ppetingimused jpm.<\/p>\n","protected":false},"author":2,"featured_media":0,"parent":0,"menu_order":0,"comment_status":"closed","ping_status":"closed","template":"elementor_header_footer","meta":{"_eb_attr":"","footnotes":""},"class_list":["post-673","page","type-page","status-publish","hentry"],"_links":{"self":[{"href":"https:\/\/esindus.ee\/et\/wp-json\/wp\/v2\/pages\/673","targetHints":{"allow":["GET"]}}],"collection":[{"href":"https:\/\/esindus.ee\/et\/wp-json\/wp\/v2\/pages"}],"about":[{"href":"https:\/\/esindus.ee\/et\/wp-json\/wp\/v2\/types\/page"}],"author":[{"embeddable":true,"href":"https:\/\/esindus.ee\/et\/wp-json\/wp\/v2\/users\/2"}],"replies":[{"embeddable":true,"href":"https:\/\/esindus.ee\/et\/wp-json\/wp\/v2\/comments?post=673"}],"version-history":[{"count":22,"href":"https:\/\/esindus.ee\/et\/wp-json\/wp\/v2\/pages\/673\/revisions"}],"predecessor-version":[{"id":3642,"href":"https:\/\/esindus.ee\/et\/wp-json\/wp\/v2\/pages\/673\/revisions\/3642"}],"wp:attachment":[{"href":"https:\/\/esindus.ee\/et\/wp-json\/wp\/v2\/media?parent=673"}],"curies":[{"name":"wp","href":"https:\/\/api.w.org\/{rel}","templated":true}]}}