{"id":663,"date":"2023-04-06T23:28:44","date_gmt":"2023-04-06T21:28:44","guid":{"rendered":"https:\/\/esindus.ee\/?page_id=663"},"modified":"2023-05-05T22:43:12","modified_gmt":"2023-05-05T20:43:12","slug":"senat","status":"publish","type":"page","link":"https:\/\/esindus.ee\/et\/senat\/","title":{"rendered":"Senat"},"content":{"rendered":"\t\t<div data-elementor-type=\"wp-page\" data-elementor-id=\"663\" class=\"elementor elementor-663\">\n\t\t\t\t\t\t<section class=\"elementor-section elementor-top-section elementor-element elementor-element-9bfff5c elementor-section-boxed elementor-section-height-default elementor-section-height-default wpr-particle-no wpr-jarallax-no wpr-parallax-no wpr-sticky-section-no wpr-equal-height-no\" data-id=\"9bfff5c\" data-element_type=\"section\" data-e-type=\"section\">\n\t\t\t\t\t\t<div class=\"elementor-container elementor-column-gap-default\">\n\t\t\t\t\t<div class=\"elementor-column elementor-col-50 elementor-top-column elementor-element elementor-element-166cad6\" data-id=\"166cad6\" data-element_type=\"column\" data-e-type=\"column\">\n\t\t\t<div class=\"elementor-widget-wrap elementor-element-populated\">\n\t\t\t\t\t\t<div class=\"elementor-element elementor-element-75b0550 elementor-widget elementor-widget-heading\" data-id=\"75b0550\" data-element_type=\"widget\" data-e-type=\"widget\" data-widget_type=\"heading.default\">\n\t\t\t\t<div class=\"elementor-widget-container\">\n\t\t\t\t\t<h2 class=\"elementor-heading-title elementor-size-default\">Senat<\/h2>\t\t\t\t<\/div>\n\t\t\t\t<\/div>\n\t\t\t\t<div class=\"elementor-element elementor-element-5659acb elementor-widget elementor-widget-text-editor\" data-id=\"5659acb\" data-element_type=\"widget\" data-e-type=\"widget\" data-widget_type=\"text-editor.default\">\n\t\t\t\t<div class=\"elementor-widget-container\">\n\t\t\t\t\t\t\t\t\t<p><span style=\"font-weight: 400;\">S<\/span><span style=\"font-weight: 400;\">enat vastutab \u00fclikooli teadus-, arendus-, loome- ja \u00f5ppetegevusega seotud oluliste otsuste tegemise eest ja v\u00f5tab vastu \u00fclikooli p\u00f5hikirja. Senatil on \u00fchekordne veto\u00f5igus n\u00f5ukogu arengukava v\u00f5i eelarve vastuv\u00f5tmise otsusele. Lisaks on senati p\u00e4devuses akadeemiliste \u00fcksuste ja nende all\u00fcksuste ning asutuste loomine, \u00fcmberkujundamine ja l\u00f5petamine.<\/span><\/p><p><span style=\"font-weight: 400;\"><strong>Senatisse kuuluvad<\/strong> ametikoha j\u00e4rgi rektor, prorektorid, valdkonnajuhid, akadeemiliste \u00fcksuste ning asutuse direktorid ja valitavate liikmetena akadeemiliste t\u00f6\u00f6tajate ning \u00fcli\u00f5pilaste esindajad.<\/span><\/p><p><span style=\"font-weight: 400;\">Senatis on <strong>\u00fcheksa \u00fcli\u00f5pilasesindajat<\/strong>, kellest kolm kuuluvad sinna ametikoha alusel ning \u00fclej\u00e4\u00e4nud esindajad valib volikogu esitatud kandidatuuri alusel. \u00dcli\u00f5pilaste osakaal senatis on koguni 20%!<\/span><\/p><p><span style=\"font-weight: 400;\">Viimased suured teemad, milles \u00fcli\u00f5pilasesindajad kaasa t\u00f6\u00f6tasid, olid n\u00e4iteks Tallinna \u00dclikooli 2023.\u20132027. aasta arengukava, seisti \u00f5ppekavade sulgemise ning \u00f5ppetasude t\u00f5stmise vastu ja toetati akadeemiliste t\u00f6\u00f6tajate palgat\u00f5usu, sest \u00fcli\u00f5pilaste \u00f5ppetingimused on suuresti m\u00f5jutatud t\u00f6\u00f6tajate t\u00f6\u00f6tingimustest.<\/span><\/p><p><span style=\"font-weight: 400;\"><strong>Senatisse saab kandideerida<\/strong> enne igat augustikuu volikogu istungit ning muul ajal, kui augustis valitud esindajad oma volitused enneaegselt l\u00f5petavad. Kandideerimiseks hoia silm peal \u00fcli\u00f5pilaskonna meediakanalitel!<\/span><\/p>\t\t\t\t\t\t\t\t<\/div>\n\t\t\t\t<\/div>\n\t\t\t\t\t<\/div>\n\t\t<\/div>\n\t\t\t\t<div class=\"elementor-column elementor-col-50 elementor-top-column elementor-element elementor-element-3c15cd2\" data-id=\"3c15cd2\" data-element_type=\"column\" data-e-type=\"column\">\n\t\t\t<div class=\"elementor-widget-wrap elementor-element-populated\">\n\t\t\t\t\t\t<div class=\"elementor-element elementor-element-3efbe55 elementor-widget elementor-widget-image\" data-id=\"3efbe55\" data-element_type=\"widget\" data-e-type=\"widget\" data-widget_type=\"image.default\">\n\t\t\t\t<div class=\"elementor-widget-container\">\n\t\t\t\t\t\t\t\t\t\t\t\t\t\t\t<img fetchpriority=\"high\" decoding=\"async\" width=\"1024\" height=\"626\" src=\"https:\/\/esindus.ee\/wp-content\/uploads\/2023\/04\/Screenshot-2023-04-07-at-00.40.21-1024x626.png\" class=\"attachment-large size-large wp-image-669\" alt=\"\" srcset=\"https:\/\/esindus.ee\/wp-content\/uploads\/2023\/04\/Screenshot-2023-04-07-at-00.40.21-1024x626.png 1024w, https:\/\/esindus.ee\/wp-content\/uploads\/2023\/04\/Screenshot-2023-04-07-at-00.40.21-300x183.png 300w, https:\/\/esindus.ee\/wp-content\/uploads\/2023\/04\/Screenshot-2023-04-07-at-00.40.21-768x470.png 768w, https:\/\/esindus.ee\/wp-content\/uploads\/2023\/04\/Screenshot-2023-04-07-at-00.40.21-18x12.png 18w, https:\/\/esindus.ee\/wp-content\/uploads\/2023\/04\/Screenshot-2023-04-07-at-00.40.21.png 1174w\" sizes=\"(max-width: 1024px) 100vw, 1024px\" \/>\t\t\t\t\t\t\t\t\t\t\t\t\t\t\t<\/div>\n\t\t\t\t<\/div>\n\t\t\t\t<div class=\"elementor-element elementor-element-33edf15 elementor-widget elementor-widget-text-editor\" data-id=\"33edf15\" data-element_type=\"widget\" data-e-type=\"widget\" data-widget_type=\"text-editor.default\">\n\t\t\t\t<div class=\"elementor-widget-container\">\n\t\t\t\t\t\t\t\t\t<p><em>Fotol Tallinna \u00dclikooli rektor T\u00f5nu Viik.<\/em><\/p>\t\t\t\t\t\t\t\t<\/div>\n\t\t\t\t<\/div>\n\t\t\t\t\t<\/div>\n\t\t<\/div>\n\t\t\t\t\t<\/div>\n\t\t<\/section>\n\t\t\t\t<\/div>\n\t\t","protected":false},"excerpt":{"rendered":"<p>Senat Senat vastutab \u00fclikooli teadus-, arendus-, loome- ja \u00f5ppetegevusega seotud oluliste otsuste tegemise eest ja v\u00f5tab vastu \u00fclikooli p\u00f5hikirja. Senatil on \u00fchekordne veto\u00f5igus n\u00f5ukogu arengukava v\u00f5i eelarve vastuv\u00f5tmise otsusele. Lisaks on senati p\u00e4devuses akadeemiliste \u00fcksuste ja nende all\u00fcksuste ning asutuste loomine, \u00fcmberkujundamine ja l\u00f5petamine. Senatisse kuuluvad ametikoha j\u00e4rgi rektor, prorektorid, valdkonnajuhid, akadeemiliste \u00fcksuste ning asutuse direktorid ja valitavate liikmetena akadeemiliste t\u00f6\u00f6tajate ning \u00fcli\u00f5pilaste esindajad. Senatis on \u00fcheksa \u00fcli\u00f5pilasesindajat, kellest kolm kuuluvad sinna ametikoha alusel ning \u00fclej\u00e4\u00e4nud esindajad valib volikogu esitatud kandidatuuri alusel. \u00dcli\u00f5pilaste osakaal senatis on koguni 20%! Viimased suured teemad, milles \u00fcli\u00f5pilasesindajad kaasa t\u00f6\u00f6tasid, olid n\u00e4iteks Tallinna \u00dclikooli 2023.\u20132027. aasta arengukava, seisti \u00f5ppekavade sulgemise ning \u00f5ppetasude t\u00f5stmise vastu ja toetati akadeemiliste t\u00f6\u00f6tajate palgat\u00f5usu, sest \u00fcli\u00f5pilaste \u00f5ppetingimused on suuresti m\u00f5jutatud t\u00f6\u00f6tajate t\u00f6\u00f6tingimustest. Senatisse saab kandideerida enne igat augustikuu volikogu istungit ning muul ajal, kui augustis valitud esindajad oma volitused enneaegselt l\u00f5petavad. Kandideerimiseks hoia silm peal \u00fcli\u00f5pilaskonna meediakanalitel! Fotol Tallinna \u00dclikooli rektor T\u00f5nu Viik.<\/p>\n","protected":false},"author":2,"featured_media":0,"parent":0,"menu_order":0,"comment_status":"closed","ping_status":"closed","template":"elementor_header_footer","meta":{"_eb_attr":"","footnotes":""},"class_list":["post-663","page","type-page","status-publish","hentry"],"_links":{"self":[{"href":"https:\/\/esindus.ee\/et\/wp-json\/wp\/v2\/pages\/663","targetHints":{"allow":["GET"]}}],"collection":[{"href":"https:\/\/esindus.ee\/et\/wp-json\/wp\/v2\/pages"}],"about":[{"href":"https:\/\/esindus.ee\/et\/wp-json\/wp\/v2\/types\/page"}],"author":[{"embeddable":true,"href":"https:\/\/esindus.ee\/et\/wp-json\/wp\/v2\/users\/2"}],"replies":[{"embeddable":true,"href":"https:\/\/esindus.ee\/et\/wp-json\/wp\/v2\/comments?post=663"}],"version-history":[{"count":28,"href":"https:\/\/esindus.ee\/et\/wp-json\/wp\/v2\/pages\/663\/revisions"}],"predecessor-version":[{"id":3651,"href":"https:\/\/esindus.ee\/et\/wp-json\/wp\/v2\/pages\/663\/revisions\/3651"}],"wp:attachment":[{"href":"https:\/\/esindus.ee\/et\/wp-json\/wp\/v2\/media?parent=663"}],"curies":[{"name":"wp","href":"https:\/\/api.w.org\/{rel}","templated":true}]}}