{"id":5913,"date":"2023-12-27T21:12:10","date_gmt":"2023-12-27T19:12:10","guid":{"rendered":"https:\/\/esindus.ee\/?page_id=5913"},"modified":"2024-01-09T17:03:40","modified_gmt":"2024-01-09T15:03:40","slug":"popups","status":"publish","type":"page","link":"https:\/\/esindus.ee\/et\/popups\/","title":{"rendered":"Struktuur_test"},"content":{"rendered":"\t\t<div data-elementor-type=\"wp-page\" data-elementor-id=\"5913\" class=\"elementor elementor-5913\">\n\t\t\t\t\t\t<section class=\"elementor-section elementor-top-section elementor-element elementor-element-a231171 elementor-section-boxed elementor-section-height-default elementor-section-height-default wpr-particle-no wpr-jarallax-no wpr-parallax-no wpr-sticky-section-no wpr-equal-height-no\" data-id=\"a231171\" data-element_type=\"section\" data-e-type=\"section\">\n\t\t\t\t\t\t<div class=\"elementor-container elementor-column-gap-default\">\n\t\t\t\t\t<div class=\"elementor-column elementor-col-100 elementor-top-column elementor-element elementor-element-ddf49cb\" data-id=\"ddf49cb\" data-element_type=\"column\" data-e-type=\"column\">\n\t\t\t<div class=\"elementor-widget-wrap elementor-element-populated\">\n\t\t\t\t\t\t<div class=\"elementor-element elementor-element-6066166 elementor-widget elementor-widget-shortcode\" data-id=\"6066166\" data-element_type=\"widget\" data-e-type=\"widget\" data-widget_type=\"shortcode.default\">\n\t\t\t\t<div class=\"elementor-widget-container\">\n\t\t\t\t\t\t\t<div class=\"elementor-shortcode\">\n<style>\n\t#hotspot-5941 .hotspots-image-container,\n\t#hotspot-5941 .leaflet-container {\n\t\tbackground: #ffffff\t}\n\n\t#hotspot-5941 .hotspots-placeholder {\n\t\tbackground: #ffffff;\n\t\tborder: 0 #ffffff solid;\n\t\tcolor: #000000;\n\t}\n\n\t#hotspot-5941 .hotspot-title {\n\t\tcolor: #b71f36;\n\t}\n\n\t\t\t#hotspot-5941 .hotspot-default {\n\t\t\tstroke-width: 2;\n\t\t\tfill: #ffffff;\n\t\t\tfill-opacity: 0;\n\t\t\tstroke: #ffffff;\n\t\t\tstroke-opacity: 0;\n\t\t}\n\t\t#hotspot-5941 .hotspot-default:hover,\n\t\t#hotspot-5941 .hotspot-default:focus-visible,\n\t\t#hotspot-5941 .hotspot-default.hotspot-active {\n\t\t\tfill: #969696;\n\t\t\tfill-opacity: 0.21;\n\t\t\tstroke: #999999;\n\t\t\tstroke-opacity: 1.01;\n\t\t}\n\t\t#hotspot-5941 .leaflet-tooltip,\n\t#hotspot-5941 .leaflet-rrose-content-wrapper {\n\t\tbackground: #ffffff;\n\t\tborder-color: #ffffff;\n\t\tcolor: #000000;\n\t}\n\n\t#hotspot-5941 a.leaflet-rrose-close-button {\n\t\tcolor: #b71f36;\n\t}\n\n\t#hotspot-5941 .leaflet-rrose-tip {\n\t\tbackground: #ffffff;\n\t}\n\n\t#hotspot-5941 .leaflet-popup-scrolled {\n\t\tborder-bottom-color: #000000;\n\t\tborder-top-color: #000000;\n\t}\n\n\t#hotspot-5941 .leaflet-tooltip-top:before {\n\t\tborder-top-color: #ffffff;\n\t}\n\n\t#hotspot-5941 .leaflet-tooltip-bottom:before {\n\t\tborder-bottom-color: #ffffff;\n\t}\n\t#hotspot-5941 .leaflet-tooltip-left:before {\n\t\tborder-left-color: #ffffff;\n\t}\n\t#hotspot-5941 .leaflet-tooltip-right:before {\n\t\tborder-right-color: #ffffff;\n\t}\n<\/style>\n\n\t\n\t<div class=\"hotspots-container  layout-left event-click\" id=\"hotspot-5941\" data-layout=\"left\" data-trigger=\"click\">\n\t\t<div class=\"hotspots-interaction\">\n\t\t\t\t<div class=\"hotspots-placeholder\" id=\"content-hotspot-5941\">\n\t\t<div class=\"hotspot-initial\">\n\t\t\t\t\t\t\t\t\t<h2 class=\"hotspot-title\">\n\t\t\t\tStruktuur\t\t\t<\/h2>\n\t\t\t\t\t\t<div class=\"hotspot-content\">\n\t\t\t\t\t\t\t\t\t<p>Tallinna \u00dclikooli \u00fcli\u00f5pilaskonna struktuur on v\u00e4ga mitmek\u00fclgne. Aktiivne \u00fcli\u00f5pilane leiab kindlasti omale meelep\u00e4rase \u00fcksuse, kust osa v\u00f5tta, kuhu panustada v\u00f5i kuhu kandideerida.<br \/>\nVajutades paremal pildil asuvatele \u00fcksustele, on v\u00f5imalik nendega l\u00e4hemalt tutvuda.<\/p>\n\t\t\t\t\t\t\t<\/div>\n\t\t<\/div>\n\t<\/div>\n<div class=\"hotspots-image-container\">\n\t<img\n\t\twidth=\"441\"\n\t\theight=\"431\"\n\t\tsrc=\"https:\/\/esindus.ee\/wp-content\/uploads\/2024\/06\/UK-struktuur-veebilehele.drawio.png\"\n\t\talt=\"Struktuur\"\n\t\tclass=\"hotspots-image skip-lazy\"\n\t\tusemap=\"#hotspots-image-5941\"\n\t\tdata-image-title=\"Struktuur\"\n\t\tdata-image-description=\"Tallinna \u00dclikooli \u00fcli\u00f5pilaskonna struktuur on v\u00e4ga mitmek\u00fclgne. Aktiivne \u00fcli\u00f5pilane leiab kindlasti omale meelep\u00e4rase \u00fcksuse, kust osa v\u00f5tta, kuhu panustada v\u00f5i kuhu kandideerida. \r\nVajutades paremal pildil asuvatele \u00fcksustele, on v\u00f5imalik nendega l\u00e4hemalt tutvuda.\"\n\t\tdata-event-trigger=\"click\"\n\t\tdata-always-visible=\"false\"\n\t\tdata-id=\"5941\"\n\t\tdata-no-lazy=\"1\"\n\t\tdata-lazy-src=\"\"\n\t\tdata-lazy=\"false\"\n\t\tloading=\"eager\"\n\t\tdata-skip-lazy=\"1\"\n\t\t>\n<\/div>\t\t<\/div>\n\t\t<map name=\"hotspots-image-5941\" class=\"hotspots-map\">\n\t\t\t\t\t\t\t\t\t\t\t<area\n\t\t\t\t\tshape=\"polygon\"\n\t\t\t\t\tcoords=\"10,0,3,2,1,7,0,54,2,58,6,61,114,61,119,59,121,54,121,7,118,3,114,0\"\n\t\t\t\t\thref=\"#hotspot-hotspot-5941-0\"\n\t\t\t\t\trel=\"\"\n\t\t\t\t\ttitle=\"Senat\"\n\t\t\t\t\talt=\"Senat\"\n\t\t\t\t\tdata-action=\"\"\n\t\t\t\t\tdata-color-scheme=\"\"\n\t\t\t\t\ttarget=\"\"\n\t\t\t\t\tclass=\"more-info-area\"\n\t\t\t\t\t>\n\t\t\t\t\t\t\t\t\t\t\t<area\n\t\t\t\t\tshape=\"polygon\"\n\t\t\t\t\tcoords=\"8,150,4,152,0,156,0,205,2,208,6,211,114,211,118,208,121,204,121,157,118,152,114,151\"\n\t\t\t\t\thref=\"#hotspot-hotspot-5941-1\"\n\t\t\t\t\trel=\"\"\n\t\t\t\t\ttitle=\"Instituudi n\u00f5ukogud\"\n\t\t\t\t\talt=\"Instituudi n\u00f5ukogud\"\n\t\t\t\t\tdata-action=\"\"\n\t\t\t\t\tdata-color-scheme=\"\"\n\t\t\t\t\ttarget=\"\"\n\t\t\t\t\tclass=\"more-info-area\"\n\t\t\t\t\t>\n\t\t\t\t\t\t\t\t\t\t\t<area\n\t\t\t\t\tshape=\"polygon\"\n\t\t\t\t\tcoords=\"244,53,246,58,250,60,357,61,362,58,365,54,365,7,363,3,360,0,251,1,250,1,250,1,250,1,247,3,244,6\"\n\t\t\t\t\thref=\"#hotspot-hotspot-5941-2\"\n\t\t\t\t\trel=\"\"\n\t\t\t\t\ttitle=\"\u00dcli\u00f5pilaskonna volikogu\"\n\t\t\t\t\talt=\"\u00dcli\u00f5pilaskonna volikogu\"\n\t\t\t\t\tdata-action=\"\"\n\t\t\t\t\tdata-color-scheme=\"\"\n\t\t\t\t\ttarget=\"\"\n\t\t\t\t\tclass=\"more-info-area\"\n\t\t\t\t\t>\n\t\t\t\t\t\t\t\t\t\t\t<area\n\t\t\t\t\tshape=\"polygon\"\n\t\t\t\t\tcoords=\"327,185,323,189,320,191,320,239,322,243,327,247,434,246,438,244,441,240,441,190,438,187,434,186\"\n\t\t\t\t\thref=\"#hotspot-hotspot-5941-3\"\n\t\t\t\t\trel=\"\"\n\t\t\t\t\ttitle=\"Klubid\"\n\t\t\t\t\talt=\"Klubid\"\n\t\t\t\t\tdata-action=\"\"\n\t\t\t\t\tdata-color-scheme=\"\"\n\t\t\t\t\ttarget=\"\"\n\t\t\t\t\tclass=\"more-info-area\"\n\t\t\t\t\t>\n\t\t\t\t\t\t\t\t\t\t\t<area\n\t\t\t\t\tshape=\"polygon\"\n\t\t\t\t\tcoords=\"329,280,324,283,320,287,321,334,323,339,328,341,435,341,439,338,441,335,441,286,438,283,434,280\"\n\t\t\t\t\thref=\"#hotspot-hotspot-5941-4\"\n\t\t\t\t\trel=\"\"\n\t\t\t\t\ttitle=\"Tugitudengid\"\n\t\t\t\t\talt=\"Tugitudengid\"\n\t\t\t\t\tdata-action=\"\"\n\t\t\t\t\tdata-color-scheme=\"\"\n\t\t\t\t\ttarget=\"\"\n\t\t\t\t\tclass=\"more-info-area\"\n\t\t\t\t\t>\n\t\t\t\t\t\t\t\t\t\t\t<area\n\t\t\t\t\tshape=\"polygon\"\n\t\t\t\t\tcoords=\"167,185,163,188,160,191,160,239,163,244,167,246,274,246,278,243,281,239,281,191,278,187,274,185\"\n\t\t\t\t\thref=\"#hotspot-hotspot-5941-5\"\n\t\t\t\t\trel=\"\"\n\t\t\t\t\ttitle=\"\u00dcli\u00f5pilasn\u00f5ukogud\"\n\t\t\t\t\talt=\"\u00dcli\u00f5pilasn\u00f5ukogud\"\n\t\t\t\t\tdata-action=\"\"\n\t\t\t\t\tdata-color-scheme=\"\"\n\t\t\t\t\ttarget=\"\"\n\t\t\t\t\tclass=\"more-info-area\"\n\t\t\t\t\t>\n\t\t\t\t\t\t\t\t\t\t\t<area\n\t\t\t\t\tshape=\"polygon\"\n\t\t\t\t\tcoords=\"7,230,3,233,0,236,0,284,3,288,7,291,116,291,118,289,121,284,121,237,119,233,114,230\"\n\t\t\t\t\thref=\"#hotspot-hotspot-5941-6\"\n\t\t\t\t\trel=\"\"\n\t\t\t\t\ttitle=\"\u00d5ppekolleegium, atesteerimis-komisjon\"\n\t\t\t\t\talt=\"\u00d5ppekolleegium, atesteerimis-komisjon\"\n\t\t\t\t\tdata-action=\"\"\n\t\t\t\t\tdata-color-scheme=\"\"\n\t\t\t\t\ttarget=\"\"\n\t\t\t\t\tclass=\"more-info-area\"\n\t\t\t\t\t>\n\t\t\t\t\t\t\t\t\t\t\t<area\n\t\t\t\t\tshape=\"polygon\"\n\t\t\t\t\tcoords=\"252,80,248,82,244,86,244,134,246,138,252,141,358,141,363,137,365,133,365,87,362,82,356,79\"\n\t\t\t\t\thref=\"#hotspot-hotspot-5941-7\"\n\t\t\t\t\trel=\"\"\n\t\t\t\t\ttitle=\"\u00dcli\u00f5pilaskonna juhatus ja kontor\"\n\t\t\t\t\talt=\"\u00dcli\u00f5pilaskonna juhatus ja kontor\"\n\t\t\t\t\tdata-action=\"\"\n\t\t\t\t\tdata-color-scheme=\"\"\n\t\t\t\t\ttarget=\"\"\n\t\t\t\t\tclass=\"more-info-area\"\n\t\t\t\t\t>\n\t\t\t\t\t\t\t\t\t\t\t<area\n\t\t\t\t\tshape=\"polygon\"\n\t\t\t\t\tcoords=\"160,332,163,338,169,342,273,341,280,337,281,331,282,291,279,283,274,280,167,280,163,283,160,289\"\n\t\t\t\t\thref=\"#hotspot-hotspot-5941-8\"\n\t\t\t\t\trel=\"\"\n\t\t\t\t\ttitle=\"Kursusevanemad\"\n\t\t\t\t\talt=\"Kursusevanemad\"\n\t\t\t\t\tdata-action=\"\"\n\t\t\t\t\tdata-color-scheme=\"\"\n\t\t\t\t\ttarget=\"\"\n\t\t\t\t\tclass=\"more-info-area\"\n\t\t\t\t\t>\n\t\t\t\t\t<\/map>\n\n\t\t\n\t\t\t\t\t\n\t\t\t\t\t\t<div class=\"hotspot-info \" id=\"hotspot-hotspot-5941-0\">\n\t\t\t\t\n\t\t\t\t<h2 class=\"hotspot-title\">Senat<\/h2>\t\t\t\t\t\t\t\t<div class=\"hotspot-content\">\n\t\t\t\t\t<p><strong><a style=\"color: #b80007;font-family: Arial, sans-serif;background-color: transparent;box-shadow: none\" href=\"https:\/\/www.tlu.ee\/senat?fbclid=IwAR1Pc8c3Gh8zwmXM1LVXAJAFCu4og-t5e4dJ65jlLo3EoCcH-0tJEgRCY9E\">Senat<\/a><\/strong> on \u00fclikooli akadeemiline otsustuskogu, mis vastutab \u00fclikooli teadus-, arendus-, loome- ja \u00f5ppetegevusega seotud oluliste otsuste tegemise eest. Senatis on \u00fcheksa \u00fcli\u00f5pilasesindajat, kellest kolm kuuluvad sinna ametikoha alusel ning \u00fclej\u00e4\u00e4nud esindajad valib volikogu esitatud kandidatuuri alusel augustis.<\/p>\n\t\t\t\t<\/div>\n\t\t\t<\/div>\n\t\t\t\t\t\n\t\t\t\t\t\t<div class=\"hotspot-info \" id=\"hotspot-hotspot-5941-1\">\n\t\t\t\t\n\t\t\t\t<h2 class=\"hotspot-title\">Instituudi n\u00f5ukogud<\/h2>\t\t\t\t\t\t\t\t<div class=\"hotspot-content\">\n\t\t\t\t\t<p dir=\"ltr\" style=\"line-height: 1.38;margin-top: 0pt;margin-bottom: 0pt\"><span style=\"font-family: Arial, sans-serif;color: #b80007\"><span style=\"font-weight: bolder\">Instituudi n\u00f5ukogud <\/span><\/span><span style=\"color: #000000;font-family: Arial, sans-serif\">v\u00f5tavad vastu akadeemilise \u00fcksuse arengukava, akadeemilise \u00fcksuse \u00f5ppekavad ja esitavad need kinnitamiseks senatile, v\u00f5ivad teha senatile ettepanekuid \u00fcksuse p\u00f5him\u00e4\u00e4ruse muutmise kohta, kinnitavad \u00fcksuse tegevuskava ja annavad hinnangu \u00fcksuse tegevusaruandele, v\u00f5tavad vastu \u00fcksuse eelarveprojekti eelarve. Instituudi n\u00f5ukogudesse kuuluvad ka \u00fcli\u00f5pilasesindajad, kes valitakse sinna \u00fcli\u00f5pilasn\u00f5ukogude poolt.<\/span><\/p>\n\t\t\t\t<\/div>\n\t\t\t<\/div>\n\t\t\t\t\t\n\t\t\t\t\t\t<div class=\"hotspot-info \" id=\"hotspot-hotspot-5941-2\">\n\t\t\t\t\n\t\t\t\t<h2 class=\"hotspot-title\">\u00dcli\u00f5pilaskonna volikogu<\/h2>\t\t\t\t\t\t\t\t<div class=\"hotspot-content\">\n\t\t\t\t\t<p><span style=\"font-family: Arial, sans-serif;color: #b80007\"><span style=\"font-weight: bolder\"><a style=\"color: #b80007;background-color: transparent;box-shadow: none\" href=\"https:\/\/esindus.ee\/volikogu\">\u00dcli\u00f5pilaskonna volikogu<\/a>\u00a0<\/span><\/span><span style=\"color: #000000;font-family: Arial, sans-serif\">on\u00a0<\/span><span style=\"color: #000000;font-family: Arial, sans-serif\">\u00fcli\u00f5pilaskonna<\/span><span style=\"color: #000000;font-family: Arial, sans-serif\"> k\u00f5rgeim otsustusorgan. Volikogu t\u00f6\u00f6tab komisjonides, kus valmistatakse ette eeln\u00f5usid, et muuta erinevate otsustuskogude dokumente eesm\u00e4rgiga parandada tudengielu, \u00f5ppekvaliteeti ja \u00fclikooli arengut. Veel v\u00f5tab volikogu vastu seisukohti aktuaalsetel teemadel, kinnitab \u00fcli\u00f5pilaskonna eelarve ja valib \u00fcli\u00f5pilaskonna juhatuse. <\/span><\/p>\n\t\t\t\t<\/div>\n\t\t\t<\/div>\n\t\t\t\t\t\n\t\t\t\t\t\t<div class=\"hotspot-info \" id=\"hotspot-hotspot-5941-3\">\n\t\t\t\t\n\t\t\t\t<h2 class=\"hotspot-title\">Klubid<\/h2>\t\t\t\t\t\t\t\t<div class=\"hotspot-content\">\n\t\t\t\t\t<p><span style=\"color: #000000;font-family: Arial, sans-serif\"><span style=\"color: #b80007\"><span style=\"font-weight: bolder\"><a style=\"color: #b80007;background-color: transparent;box-shadow: none\" href=\"https:\/\/esindus.ee\/klubid\">Klubid<\/a>\u00a0<\/span><\/span>on Tallinna \u00dclikooli \u00fcli\u00f5pilaste jaoks mitmek\u00fclgse valikuga huvialadele p\u00fchendatud \u00fcksused, kus saavad kokku tulla tudengid, kellel on \u00fchised huvid ja kirg teatud tegevusalade vastu. Lisaks olemasolevate klubidega liitumisele on v\u00f5imalik ka ise endale kordamineva teemaga klubile algus panna. <\/span><\/p>\n\t\t\t\t<\/div>\n\t\t\t<\/div>\n\t\t\t\t\t\n\t\t\t\t\t\t<div class=\"hotspot-info \" id=\"hotspot-hotspot-5941-4\">\n\t\t\t\t\n\t\t\t\t<h2 class=\"hotspot-title\">Tugitudengid<\/h2>\t\t\t\t\t\t\t\t<div class=\"hotspot-content\">\n\t\t\t\t\t<p><span style=\"font-family: Arial, sans-serif;color: #b80007\"><a style=\"color: #b80007;background-color: transparent;box-shadow: none\" href=\"https:\/\/esindus.ee\/noustamine-tugitudengid\"><span style=\"font-weight: bolder\">Tugitudengid<\/span>\u00a0<\/a><\/span><span style=\"color: #000000;font-family: Arial, sans-serif\">pakuvad \u00fcli\u00f5pilastele vajalikku toetust ja juhendamist nende \u00fclikoolielu esimestel sammudel. Kogenud tudengite rolli ja juhendamise abil aitavad tugitudengid uutel \u00fcli\u00f5pilastel kohaneda \u00fclikoolikeskkonnaga, leida \u00f5igeid ressursse ning olulisi sotsiaalseid sidemeid. Nende panus loob soodsa \u00f5pikeskkonna, kus \u00fcli\u00f5pilased saavad motiveeritult ja edukalt \u00f5pinguid j\u00e4tkata, toetades sellega \u00fclikooli \u00fcldist missiooni ja \u00f5ppekvaliteeti.<\/span><\/p>\n\t\t\t\t<\/div>\n\t\t\t<\/div>\n\t\t\t\t\t\n\t\t\t\t\t\t<div class=\"hotspot-info \" id=\"hotspot-hotspot-5941-5\">\n\t\t\t\t\n\t\t\t\t<h2 class=\"hotspot-title\">\u00dcli\u00f5pilasn\u00f5ukogud<\/h2>\t\t\t\t\t\t\t\t<div class=\"hotspot-content\">\n\t\t\t\t\t<p style=\"text-align: left\"><span style=\"color: #000000;font-family: Arial, sans-serif\"><span style=\"font-weight: bolder\"><span style=\"color: #b80007\"><a style=\"color: #b80007;background-color: transparent;box-shadow: none\" href=\"https:\/\/esindus.ee\/uliopilasnoukogu\">\u00dcli\u00f5pilasn\u00f5ukogu<\/a>\u00a0(\u00dcN)<\/span><\/span><\/span><span style=\"color: #000000;font-family: Arial, sans-serif\">, mis esindab \u00fcli\u00f5pilasi instituudi suhetes, teeb koost\u00f6\u00f6d erinevate \u00fcli\u00f5pilaskonna organitega ja teiste \u00fcli\u00f5pilasn\u00f5ukogudega. \u00dcN kaasab \u00fcli\u00f5pilasi oma tegevustesse ja \u00fcli\u00f5pilaselu korraldamisse. Lisaks valivad \u00dcNi liikmed tudengiesindajad oma \u00fcksuse\u00a0<\/span><span style=\"font-weight: bolder;color: #000000;font-family: Arial, sans-serif\">atesteerimiskomisjoni<\/span><span style=\"color: #000000;font-family: Arial, sans-serif\">,\u00a0<\/span><span style=\"font-weight: bolder;color: #000000;font-family: Arial, sans-serif\">n\u00f5ukokku,<\/span> <span style=\"font-weight: bolder;color: #000000;font-family: Arial, sans-serif\">\u00f5ppekolleegiumisse<\/span><span style=\"color: #000000;font-family: Arial, sans-serif\">.<\/span><\/p>\n\t\t\t\t<\/div>\n\t\t\t<\/div>\n\t\t\t\t\t\n\t\t\t\t\t\t<div class=\"hotspot-info \" id=\"hotspot-hotspot-5941-6\">\n\t\t\t\t\n\t\t\t\t<h2 class=\"hotspot-title\">\u00d5ppekolleegium, atesteerimis-komisjon<\/h2>\t\t\t\t\t\t\t\t<div class=\"hotspot-content\">\n\t\t\t\t\t<p><span style=\"color: #000000;font-family: Arial, sans-serif\"><span style=\"color: #b80007\"><span style=\"font-weight: bolder\"><a style=\"color: #b80007;background-color: transparent;box-shadow: none\" href=\"https:\/\/www.tlu.ee\/ht\/instituutjuhtimine\/oppekolleegium?fbclid=IwAR1XoNEe5cBtv5l1ZoKBbQkYOJ0_JjgROQa5wH-gCpGHTrsPFGywOBuv8-g\">\u00d5ppekolleegium<\/a>\u00a0<\/span><\/span>vastutab akadeemilise \u00fcksuse s\u00fcsteemse ja j\u00e4rjepideva \u00f5ppekavaarenduse eest, mis l\u00e4htub teadus- ja loomevaldkonna uuematest arengutest, rahvusvahelisest praktikast ja t\u00f6\u00f6turu vajadustest, \u00f5ppekava huvigruppide tagasisidest, saadud ettepanekute anal\u00fc\u00fcsist ja kehtivatest \u00f5igusaktidest. \u00d5ppekolleegiumisse kuuluvad \u00fcli\u00f5pilasesindajad, kelle valivad \u00fcli\u00f5pilasn\u00f5ukogud.<\/span><\/p>\n\t\t\t\t<\/div>\n\t\t\t<\/div>\n\t\t\t\t\t\n\t\t\t\t\t\t<div class=\"hotspot-info \" id=\"hotspot-hotspot-5941-7\">\n\t\t\t\t\n\t\t\t\t<h2 class=\"hotspot-title\">\u00dcli\u00f5pilaskonna juhatus ja kontor<\/h2>\t\t\t\t\t\t\t\t<div class=\"hotspot-content\">\n\t\t\t\t\t<p>\u00dcli\u00f5pilaskonna juhatus on \u00fcli\u00f5pilaskonna kolme- kuni viieliikmeline t\u00e4idesaatev organ, keda toetab \u00fcli\u00f5pilaskonna kontor.<\/p>\n\t\t\t\t<\/div>\n\t\t\t<\/div>\n\t\t\t\t\t\n\t\t\t\t\t\t<div class=\"hotspot-info \" id=\"hotspot-hotspot-5941-8\">\n\t\t\t\t\n\t\t\t\t<h2 class=\"hotspot-title\">Kursusevanemad<\/h2>\t\t\t\t\t\t\t\t<div class=\"hotspot-content\">\n\t\t\t\t\t<p>Kursusevanem on kursuse k\u00f5ige t\u00e4htsam inimene, kelle kaudu j\u00f5uavad tudengite mured, ideed ning ettepanekud \u00fcli\u00f5pilasn\u00f5ukogusse ja \u00fclikooli ning tudengiorganisatsioonide info kursuseni.<\/p>\n\t\t\t\t<\/div>\n\t\t\t<\/div>\n\t\t\t<\/div>\n\n<\/div>\n\t\t\t\t\t\t<\/div>\n\t\t\t\t<\/div>\n\t\t\t\t\t<\/div>\n\t\t<\/div>\n\t\t\t\t\t<\/div>\n\t\t<\/section>\n\t\t\t\t<\/div>\n\t\t","protected":false},"excerpt":{"rendered":"","protected":false},"author":2,"featured_media":0,"parent":0,"menu_order":0,"comment_status":"closed","ping_status":"closed","template":"","meta":{"_eb_attr":"","footnotes":""},"class_list":["post-5913","page","type-page","status-publish","hentry"],"_links":{"self":[{"href":"https:\/\/esindus.ee\/et\/wp-json\/wp\/v2\/pages\/5913","targetHints":{"allow":["GET"]}}],"collection":[{"href":"https:\/\/esindus.ee\/et\/wp-json\/wp\/v2\/pages"}],"about":[{"href":"https:\/\/esindus.ee\/et\/wp-json\/wp\/v2\/types\/page"}],"author":[{"embeddable":true,"href":"https:\/\/esindus.ee\/et\/wp-json\/wp\/v2\/users\/2"}],"replies":[{"embeddable":true,"href":"https:\/\/esindus.ee\/et\/wp-json\/wp\/v2\/comments?post=5913"}],"version-history":[{"count":15,"href":"https:\/\/esindus.ee\/et\/wp-json\/wp\/v2\/pages\/5913\/revisions"}],"predecessor-version":[{"id":6220,"href":"https:\/\/esindus.ee\/et\/wp-json\/wp\/v2\/pages\/5913\/revisions\/6220"}],"wp:attachment":[{"href":"https:\/\/esindus.ee\/et\/wp-json\/wp\/v2\/media?parent=5913"}],"curies":[{"name":"wp","href":"https:\/\/api.w.org\/{rel}","templated":true}]}}