{"id":5743,"date":"2023-11-19T23:30:11","date_gmt":"2023-11-19T21:30:11","guid":{"rendered":"https:\/\/esindus.ee\/?page_id=5743"},"modified":"2024-01-09T03:33:59","modified_gmt":"2024-01-09T01:33:59","slug":"student-theater","status":"publish","type":"page","link":"https:\/\/esindus.ee\/et\/student-theater\/","title":{"rendered":"Student theater"},"content":{"rendered":"\t\t<div data-elementor-type=\"wp-page\" data-elementor-id=\"5743\" class=\"elementor elementor-5743\">\n\t\t\t\t\t\t<section class=\"elementor-section elementor-top-section elementor-element elementor-element-15a5a095 elementor-section-content-middle elementor-section-boxed elementor-section-height-default elementor-section-height-default wpr-particle-no wpr-jarallax-no wpr-parallax-no wpr-sticky-section-no wpr-equal-height-no\" data-id=\"15a5a095\" data-element_type=\"section\" data-e-type=\"section\">\n\t\t\t\t\t\t<div class=\"elementor-container elementor-column-gap-no\">\n\t\t\t\t\t<div class=\"elementor-column elementor-col-50 elementor-top-column elementor-element elementor-element-5094108f\" data-id=\"5094108f\" data-element_type=\"column\" data-e-type=\"column\">\n\t\t\t<div class=\"elementor-widget-wrap elementor-element-populated\">\n\t\t\t\t\t\t<div class=\"elementor-element elementor-element-23739133 elementor-widget elementor-widget-heading\" data-id=\"23739133\" data-element_type=\"widget\" data-e-type=\"widget\" data-widget_type=\"heading.default\">\n\t\t\t\t<div class=\"elementor-widget-container\">\n\t\t\t\t\t<h2 class=\"elementor-heading-title elementor-size-default\">Student theater<\/h2>\t\t\t\t<\/div>\n\t\t\t\t<\/div>\n\t\t\t\t<div class=\"elementor-element elementor-element-11b0c145 elementor-widget elementor-widget-text-editor\" data-id=\"11b0c145\" data-element_type=\"widget\" data-e-type=\"widget\" data-widget_type=\"text-editor.default\">\n\t\t\t\t<div class=\"elementor-widget-container\">\n\t\t\t\t\t\t\t\t\t<p>Tallinn University Student Theater TYYT offers acting opportunities to all Tallinn University students, alumni, teaching staff and other people associated with Tallinn University.<\/p><p><strong>What are we doing?<\/strong><\/p><p dir=\"ltr\">Together we will get to know the theory and practice of performance art. Let&#8217;s try impersonation and stage speaking. We practice getting into the role and communicating on stage.<\/p><p dir=\"ltr\"><strong>If you want to join us, feel free to contact us!<\/strong><\/p>\t\t\t\t\t\t\t\t<\/div>\n\t\t\t\t<\/div>\n\t\t\t\t\t<\/div>\n\t\t<\/div>\n\t\t\t\t<div class=\"elementor-column elementor-col-50 elementor-top-column elementor-element elementor-element-779e0328\" data-id=\"779e0328\" data-element_type=\"column\" data-e-type=\"column\">\n\t\t\t<div class=\"elementor-widget-wrap elementor-element-populated\">\n\t\t\t\t\t\t<div class=\"elementor-element elementor-element-aee7e43 elementor-widget elementor-widget-image\" data-id=\"aee7e43\" data-element_type=\"widget\" data-e-type=\"widget\" data-widget_type=\"image.default\">\n\t\t\t\t<div class=\"elementor-widget-container\">\n\t\t\t\t\t\t\t\t\t\t\t\t\t\t\t<img fetchpriority=\"high\" decoding=\"async\" width=\"472\" height=\"315\" src=\"https:\/\/esindus.ee\/wp-content\/uploads\/2023\/04\/12744158_1726827817548688_6662260975138221568_n.jpg\" class=\"attachment-large size-large wp-image-1763\" alt=\"\" srcset=\"https:\/\/esindus.ee\/wp-content\/uploads\/2023\/04\/12744158_1726827817548688_6662260975138221568_n.jpg 472w, https:\/\/esindus.ee\/wp-content\/uploads\/2023\/04\/12744158_1726827817548688_6662260975138221568_n-300x200.jpg 300w, https:\/\/esindus.ee\/wp-content\/uploads\/2023\/04\/12744158_1726827817548688_6662260975138221568_n-18x12.jpg 18w\" sizes=\"(max-width: 472px) 100vw, 472px\" \/>\t\t\t\t\t\t\t\t\t\t\t\t\t\t\t<\/div>\n\t\t\t\t<\/div>\n\t\t\t\t\t<\/div>\n\t\t<\/div>\n\t\t\t\t\t<\/div>\n\t\t<\/section>\n\t\t\t\t<section class=\"elementor-section elementor-top-section elementor-element elementor-element-5a063c8 elementor-section-full_width elementor-section-height-default elementor-section-height-default wpr-particle-no wpr-jarallax-no wpr-parallax-no wpr-sticky-section-no wpr-equal-height-no\" data-id=\"5a063c8\" data-element_type=\"section\" data-e-type=\"section\" data-settings=\"{&quot;background_background&quot;:&quot;gradient&quot;}\">\n\t\t\t\t\t\t<div class=\"elementor-container elementor-column-gap-default\">\n\t\t\t\t\t<div class=\"elementor-column elementor-col-100 elementor-top-column elementor-element elementor-element-2c9ffa96\" data-id=\"2c9ffa96\" data-element_type=\"column\" data-e-type=\"column\">\n\t\t\t<div class=\"elementor-widget-wrap elementor-element-populated\">\n\t\t\t\t\t\t<div class=\"elementor-element elementor-element-376acba7 animated-fast elementor-invisible elementor-widget elementor-widget-spacer\" data-id=\"376acba7\" data-element_type=\"widget\" data-e-type=\"widget\" data-settings=\"{&quot;_animation&quot;:&quot;fadeIn&quot;}\" data-widget_type=\"spacer.default\">\n\t\t\t\t<div class=\"elementor-widget-container\">\n\t\t\t\t\t\t\t<div class=\"elementor-spacer\">\n\t\t\t<div class=\"elementor-spacer-inner\"><\/div>\n\t\t<\/div>\n\t\t\t\t\t\t<\/div>\n\t\t\t\t<\/div>\n\t\t\t\t\t<\/div>\n\t\t<\/div>\n\t\t\t\t\t<\/div>\n\t\t<\/section>\n\t\t\t\t<section class=\"elementor-section elementor-top-section elementor-element elementor-element-42e47cc6 elementor-section-boxed elementor-section-height-default elementor-section-height-default wpr-particle-no wpr-jarallax-no wpr-parallax-no wpr-sticky-section-no wpr-equal-height-no\" data-id=\"42e47cc6\" data-element_type=\"section\" data-e-type=\"section\">\n\t\t\t\t\t\t<div class=\"elementor-container elementor-column-gap-default\">\n\t\t\t\t\t<div class=\"elementor-column elementor-col-100 elementor-top-column elementor-element elementor-element-69c07271\" data-id=\"69c07271\" data-element_type=\"column\" data-e-type=\"column\">\n\t\t\t<div class=\"elementor-widget-wrap elementor-element-populated\">\n\t\t\t\t\t\t<div class=\"elementor-element elementor-element-1339ddb7 elementor-widget elementor-widget-heading\" data-id=\"1339ddb7\" data-element_type=\"widget\" data-e-type=\"widget\" data-widget_type=\"heading.default\">\n\t\t\t\t<div class=\"elementor-widget-container\">\n\t\t\t\t\t<h3 class=\"elementor-heading-title elementor-size-default\">Join us<\/h3>\t\t\t\t<\/div>\n\t\t\t\t<\/div>\n\t\t\t\t<div class=\"elementor-element elementor-element-7d5cd5ae elementor-widget__width-initial elementor-widget elementor-widget-text-editor\" data-id=\"7d5cd5ae\" data-element_type=\"widget\" data-e-type=\"widget\" data-widget_type=\"text-editor.default\">\n\t\t\t\t<div class=\"elementor-widget-container\">\n\t\t\t\t\t\t\t\t\t<p>Meetings take place every Wednesday at Tallinn University at 20:00 in room <strong>M-439<\/strong>. If you want, come too!<\/p><p>Additional information can be found on our <span style=\"text-decoration: underline; color: #b80007;\"><strong><a style=\"color: #b80007; text-decoration: underline;\" href=\"https:\/\/www.facebook.com\/TLUTYYT\">Facebook page<\/a><\/strong><\/span> or <span style=\"text-decoration: underline; color: #b80007;\">teater@esindus.ee<\/span><span style=\"color: #000000;\">.<\/span><\/p><p>Student theater coordinator: <strong>Elina R\u00e4tsep<\/strong> (5801 2193)<\/p>\t\t\t\t\t\t\t\t<\/div>\n\t\t\t\t<\/div>\n\t\t\t\t<div class=\"elementor-element elementor-element-58a4e92a elementor-widget__width-initial elementor-widget elementor-widget-text-editor\" data-id=\"58a4e92a\" data-element_type=\"widget\" data-e-type=\"widget\" data-widget_type=\"text-editor.default\">\n\t\t\t\t<div class=\"elementor-widget-container\">\n\t\t\t\t\t\t\t\t\t<p>Facebook:\u00a0<span style=\"color: #b80007;\"><a style=\"font-weight: bold; color: #b80007;\" href=\"https:\/\/www.facebook.com\/TLUTYYT\">Tallinna \u00dclikooli \u00dcli\u00f5pilasteater TYYT<\/a><\/span><\/p>\t\t\t\t\t\t\t\t<\/div>\n\t\t\t\t<\/div>\n\t\t\t\t\t<\/div>\n\t\t<\/div>\n\t\t\t\t\t<\/div>\n\t\t<\/section>\n\t\t\t\t<\/div>\n\t\t","protected":false},"excerpt":{"rendered":"<p>Student theater Tallinn University Student Theater TYYT offers acting opportunities to all Tallinn University students, alumni, teaching staff and other people associated with Tallinn University. What are we doing? Together we will get to know the theory and practice of performance art. Let&#8217;s try impersonation and stage speaking. We practice getting into the role and communicating on stage. If you want to join us, feel free to contact us! Join us Meetings take place every Wednesday at Tallinn University at 20:00 in room M-439. If you want, come too! Additional information can be found on our Facebook page or teater@esindus.ee. Student theater coordinator: Elina R\u00e4tsep (5801 2193) Facebook:\u00a0Tallinna \u00dclikooli \u00dcli\u00f5pilasteater TYYT<\/p>\n","protected":false},"author":2,"featured_media":0,"parent":0,"menu_order":0,"comment_status":"closed","ping_status":"closed","template":"","meta":{"_eb_attr":"","footnotes":""},"class_list":["post-5743","page","type-page","status-publish","hentry"],"_links":{"self":[{"href":"https:\/\/esindus.ee\/et\/wp-json\/wp\/v2\/pages\/5743","targetHints":{"allow":["GET"]}}],"collection":[{"href":"https:\/\/esindus.ee\/et\/wp-json\/wp\/v2\/pages"}],"about":[{"href":"https:\/\/esindus.ee\/et\/wp-json\/wp\/v2\/types\/page"}],"author":[{"embeddable":true,"href":"https:\/\/esindus.ee\/et\/wp-json\/wp\/v2\/users\/2"}],"replies":[{"embeddable":true,"href":"https:\/\/esindus.ee\/et\/wp-json\/wp\/v2\/comments?post=5743"}],"version-history":[{"count":7,"href":"https:\/\/esindus.ee\/et\/wp-json\/wp\/v2\/pages\/5743\/revisions"}],"predecessor-version":[{"id":6023,"href":"https:\/\/esindus.ee\/et\/wp-json\/wp\/v2\/pages\/5743\/revisions\/6023"}],"wp:attachment":[{"href":"https:\/\/esindus.ee\/et\/wp-json\/wp\/v2\/media?parent=5743"}],"curies":[{"name":"wp","href":"https:\/\/api.w.org\/{rel}","templated":true}]}}