{"id":5691,"date":"2023-11-19T21:28:02","date_gmt":"2023-11-19T19:28:02","guid":{"rendered":"https:\/\/esindus.ee\/?page_id=5691"},"modified":"2023-12-09T20:44:19","modified_gmt":"2023-12-09T18:44:19","slug":"educational-sciences-institute-un","status":"publish","type":"page","link":"https:\/\/esindus.ee\/et\/educational-sciences-institute-un\/","title":{"rendered":"Educational Sciences institute \u00dcN"},"content":{"rendered":"\t\t<div data-elementor-type=\"wp-page\" data-elementor-id=\"5691\" class=\"elementor elementor-5691\">\n\t\t\t\t\t\t<section class=\"elementor-section elementor-top-section elementor-element elementor-element-5ab03a3 elementor-section-boxed elementor-section-height-default elementor-section-height-default wpr-particle-no wpr-jarallax-no wpr-parallax-no wpr-sticky-section-no wpr-equal-height-no\" data-id=\"5ab03a3\" data-element_type=\"section\" data-e-type=\"section\">\n\t\t\t\t\t\t<div class=\"elementor-container elementor-column-gap-default\">\n\t\t\t\t\t<div class=\"elementor-column elementor-col-100 elementor-top-column elementor-element elementor-element-76e2d71\" data-id=\"76e2d71\" data-element_type=\"column\" data-e-type=\"column\">\n\t\t\t<div class=\"elementor-widget-wrap elementor-element-populated\">\n\t\t\t\t\t\t<div class=\"elementor-element elementor-element-20e4a40c elementor-widget elementor-widget-heading\" data-id=\"20e4a40c\" data-element_type=\"widget\" data-e-type=\"widget\" data-widget_type=\"heading.default\">\n\t\t\t\t<div class=\"elementor-widget-container\">\n\t\t\t\t\t<h2 class=\"elementor-heading-title elementor-size-default\">Student Council of the Institute of Educational Sciences - K\u00dcN<\/h2>\t\t\t\t<\/div>\n\t\t\t\t<\/div>\n\t\t\t\t<div class=\"elementor-element elementor-element-271921c elementor-widget elementor-widget-text-editor\" data-id=\"271921c\" data-element_type=\"widget\" data-e-type=\"widget\" data-widget_type=\"text-editor.default\">\n\t\t\t\t<div class=\"elementor-widget-container\">\n\t\t\t\t\t\t\t\t\t<p dir=\"ltr\">The student council of the Institute of Educational Sciences K\u00dcN was born in 2015 with the creation of a new institute. The student councils of the former Institute of Educational Sciences and the Pedagogical Seminary joined each other.<\/p><p dir=\"ltr\"><strong>The purpose of K\u00dcN<\/strong> is to represent the interests of the students of our institute, to help them and to organize and develop their daily school and student life. K\u00dcN helps students of the Institute of Educational Sciences if they have a problem with a teacher, if they want to rent rooms or if they come up with a good idea that is definitely waiting for implementation! K\u00dcN organizes the coordination of student life both educationally and socially in cooperation with other student organizations both at the institute and across the university.<\/p>\t\t\t\t\t\t\t\t<\/div>\n\t\t\t\t<\/div>\n\t\t\t\t\t<\/div>\n\t\t<\/div>\n\t\t\t\t\t<\/div>\n\t\t<\/section>\n\t\t\t\t<section class=\"elementor-section elementor-top-section elementor-element elementor-element-5275b26 elementor-section-boxed elementor-section-height-default elementor-section-height-default wpr-particle-no wpr-jarallax-no wpr-parallax-no wpr-sticky-section-no wpr-equal-height-no\" data-id=\"5275b26\" data-element_type=\"section\" data-e-type=\"section\">\n\t\t\t\t\t\t<div class=\"elementor-container elementor-column-gap-default\">\n\t\t\t\t\t<div class=\"elementor-column elementor-col-50 elementor-top-column elementor-element elementor-element-6936025\" data-id=\"6936025\" data-element_type=\"column\" data-e-type=\"column\">\n\t\t\t<div class=\"elementor-widget-wrap elementor-element-populated\">\n\t\t\t\t\t\t<div class=\"elementor-element elementor-element-f60e512 elementor-widget elementor-widget-text-editor\" data-id=\"f60e512\" data-element_type=\"widget\" data-e-type=\"widget\" data-widget_type=\"text-editor.default\">\n\t\t\t\t<div class=\"elementor-widget-container\">\n\t\t\t\t\t\t\t\t\t<p>If you also want to contribute to it, <strong>JOIN TODAY<\/strong> &#8211; the entire K\u00dcN board and membership are waiting for you!<\/p>\t\t\t\t\t\t\t\t<\/div>\n\t\t\t\t<\/div>\n\t\t\t\t<div class=\"elementor-element elementor-element-551f45c elementor-view-default elementor-widget elementor-widget-icon\" data-id=\"551f45c\" data-element_type=\"widget\" data-e-type=\"widget\" data-widget_type=\"icon.default\">\n\t\t\t\t<div class=\"elementor-widget-container\">\n\t\t\t\t\t\t\t<div class=\"elementor-icon-wrapper\">\n\t\t\t<div class=\"elementor-icon\">\n\t\t\t<i aria-hidden=\"true\" class=\"fas fa-users\"><\/i>\t\t\t<\/div>\n\t\t<\/div>\n\t\t\t\t\t\t<\/div>\n\t\t\t\t<\/div>\n\t\t\t\t<div class=\"elementor-element elementor-element-6397c1d elementor-widget elementor-widget-heading\" data-id=\"6397c1d\" data-element_type=\"widget\" data-e-type=\"widget\" data-widget_type=\"heading.default\">\n\t\t\t\t<div class=\"elementor-widget-container\">\n\t\t\t\t\t<h2 class=\"elementor-heading-title elementor-size-default\">Be in touch!<\/h2>\t\t\t\t<\/div>\n\t\t\t\t<\/div>\n\t\t\t\t<div class=\"elementor-element elementor-element-f90b98c elementor-widget elementor-widget-text-editor\" data-id=\"f90b98c\" data-element_type=\"widget\" data-e-type=\"widget\" data-widget_type=\"text-editor.default\">\n\t\t\t\t<div class=\"elementor-widget-container\">\n\t\t\t\t\t\t\t\t\t<p>If you have joys, worries or thoughts to share and discuss, then:<\/p><ul><li><span style=\"font-weight: 400;\">contact us at the <strong>e-mail address<\/strong> <span style=\"color: #b80007;\"><a style=\"color: #b80007;\" href=\"mailto:edugsyn@esindus.ee\" target=\"_blank\" rel=\"noopener\">edugsyn@esindus.ee<\/a>,<\/span><\/span><\/li><li><span style=\"font-weight: 400;\">familiarize yourself with our activities on <strong>Facebook<\/strong> <span style=\"text-decoration: underline;\"><span style=\"color: #993300;\"><a style=\"color: #993300; text-decoration: underline;\" href=\"https:\/\/www.facebook.com\/haridusteadusedkyn\/\"><strong><span style=\"color: #b80007; text-decoration: underline;\">K\u00dcN<\/span><\/strong><\/a><\/span><\/span> and <strong>Instagram<\/strong>\u00a0<a href=\"https:\/\/www.instagram.com\/haridusteaduste_yn\/\"><span style=\"text-decoration: underline;\"><span style=\"color: #993300; text-decoration: underline;\"><span style=\"color: #b80007; text-decoration: underline;\"><strong>haridusteaduste_yn<\/strong><\/span><\/span><\/span><\/a> <\/span><span style=\"font-weight: 400;\">or<\/span><\/li><li>drop by our <strong>office T-404<\/strong> by prior arrangement!<\/li><\/ul><p>Once a month, a public general meeting is held, where we discuss with the board and members both the past and future activities and activities in the field of education and social affairs, where all students of the TU Institute of Education are invited!<\/p>\t\t\t\t\t\t\t\t<\/div>\n\t\t\t\t<\/div>\n\t\t\t\t<div class=\"elementor-element elementor-element-bb4f4ce elementor-widget elementor-widget-text-editor\" data-id=\"bb4f4ce\" data-element_type=\"widget\" data-e-type=\"widget\" data-widget_type=\"text-editor.default\">\n\t\t\t\t<div class=\"elementor-widget-container\">\n\t\t\t\t\t\t\t\t\t<p dir=\"ltr\">Aleksander Roms- K\u00dcN chairman of the board<\/p><p dir=\"ltr\">Karolin Harjus- K\u00dcN board member in the field of communication<\/p><p dir=\"ltr\">Kevin Palmets- K\u00dcN board member in the field of culture<\/p>\t\t\t\t\t\t\t\t<\/div>\n\t\t\t\t<\/div>\n\t\t\t\t\t<\/div>\n\t\t<\/div>\n\t\t\t\t<div class=\"elementor-column elementor-col-50 elementor-top-column elementor-element elementor-element-b0b2a1d\" data-id=\"b0b2a1d\" data-element_type=\"column\" data-e-type=\"column\">\n\t\t\t<div class=\"elementor-widget-wrap elementor-element-populated\">\n\t\t\t\t\t\t<div class=\"elementor-element elementor-element-195b02e elementor-widget elementor-widget-image\" data-id=\"195b02e\" data-element_type=\"widget\" data-e-type=\"widget\" data-widget_type=\"image.default\">\n\t\t\t\t<div class=\"elementor-widget-container\">\n\t\t\t\t\t\t\t\t\t\t\t\t\t\t\t<img fetchpriority=\"high\" decoding=\"async\" width=\"1536\" height=\"1027\" src=\"https:\/\/esindus.ee\/wp-content\/uploads\/2023\/04\/20221208_203655_614-1536x1027.jpg\" class=\"attachment-1536x1536 size-1536x1536 wp-image-2362\" alt=\"\" srcset=\"https:\/\/esindus.ee\/wp-content\/uploads\/2023\/04\/20221208_203655_614-1536x1027.jpg 1536w, https:\/\/esindus.ee\/wp-content\/uploads\/2023\/04\/20221208_203655_614-300x201.jpg 300w, https:\/\/esindus.ee\/wp-content\/uploads\/2023\/04\/20221208_203655_614-1024x684.jpg 1024w, https:\/\/esindus.ee\/wp-content\/uploads\/2023\/04\/20221208_203655_614-768x513.jpg 768w, https:\/\/esindus.ee\/wp-content\/uploads\/2023\/04\/20221208_203655_614-2048x1369.jpg 2048w, https:\/\/esindus.ee\/wp-content\/uploads\/2023\/04\/20221208_203655_614-18x12.jpg 18w\" sizes=\"(max-width: 1536px) 100vw, 1536px\" \/>\t\t\t\t\t\t\t\t\t\t\t\t\t\t\t<\/div>\n\t\t\t\t<\/div>\n\t\t\t\t\t<\/div>\n\t\t<\/div>\n\t\t\t\t\t<\/div>\n\t\t<\/section>\n\t\t\t\t<\/div>\n\t\t","protected":false},"excerpt":{"rendered":"<p>Student Council of the Institute of Educational Sciences &#8211; K\u00dcN The student council of the Institute of Educational Sciences K\u00dcN was born in 2015 with the creation of a new institute. The student councils of the former Institute of Educational Sciences and the Pedagogical Seminary joined each other. The purpose of K\u00dcN is to represent the interests of the students of our institute, to help them and to organize and develop their daily school and student life. K\u00dcN helps students of the Institute of Educational Sciences if they have a problem with a teacher, if they want to rent rooms or if they come up with a good idea that is definitely waiting for implementation! K\u00dcN organizes the coordination of student life both educationally and socially in cooperation with other student organizations both at the institute and across the university. If you also want to contribute to it, JOIN TODAY &#8211; the entire K\u00dcN board and membership are waiting for you! Be in touch! If you have joys, worries or thoughts to share and discuss, then: contact us at the e-mail address edugsyn@esindus.ee, familiarize yourself with our activities on Facebook K\u00dcN and Instagram\u00a0haridusteaduste_yn or drop by our office T-404 by prior arrangement! Once a month, a public general meeting is held, where we discuss with the board and members both the past and future activities and activities in the field of education and social affairs, where all students of the TU Institute of Education are invited! Aleksander Roms- K\u00dcN chairman of the board Karolin Harjus- K\u00dcN board member in the field of communication Kevin Palmets- K\u00dcN board member in the field of culture<\/p>\n","protected":false},"author":2,"featured_media":0,"parent":0,"menu_order":0,"comment_status":"closed","ping_status":"closed","template":"elementor_header_footer","meta":{"_eb_attr":"","footnotes":""},"class_list":["post-5691","page","type-page","status-publish","hentry"],"_links":{"self":[{"href":"https:\/\/esindus.ee\/et\/wp-json\/wp\/v2\/pages\/5691","targetHints":{"allow":["GET"]}}],"collection":[{"href":"https:\/\/esindus.ee\/et\/wp-json\/wp\/v2\/pages"}],"about":[{"href":"https:\/\/esindus.ee\/et\/wp-json\/wp\/v2\/types\/page"}],"author":[{"embeddable":true,"href":"https:\/\/esindus.ee\/et\/wp-json\/wp\/v2\/users\/2"}],"replies":[{"embeddable":true,"href":"https:\/\/esindus.ee\/et\/wp-json\/wp\/v2\/comments?post=5691"}],"version-history":[{"count":7,"href":"https:\/\/esindus.ee\/et\/wp-json\/wp\/v2\/pages\/5691\/revisions"}],"predecessor-version":[{"id":5871,"href":"https:\/\/esindus.ee\/et\/wp-json\/wp\/v2\/pages\/5691\/revisions\/5871"}],"wp:attachment":[{"href":"https:\/\/esindus.ee\/et\/wp-json\/wp\/v2\/media?parent=5691"}],"curies":[{"name":"wp","href":"https:\/\/api.w.org\/{rel}","templated":true}]}}