{"id":5541,"date":"2023-11-12T19:42:45","date_gmt":"2023-11-12T17:42:45","guid":{"rendered":"https:\/\/esindus.ee\/?page_id=5541"},"modified":"2024-01-09T16:46:59","modified_gmt":"2024-01-09T14:46:59","slug":"news","status":"publish","type":"page","link":"https:\/\/esindus.ee\/et\/home-page\/news\/","title":{"rendered":"News"},"content":{"rendered":"\t\t<div data-elementor-type=\"wp-page\" data-elementor-id=\"5541\" class=\"elementor elementor-5541\">\n\t\t\t\t\t\t<section class=\"elementor-section elementor-top-section elementor-element elementor-element-1a48264 elementor-section-boxed elementor-section-height-default elementor-section-height-default wpr-particle-no wpr-jarallax-no wpr-parallax-no wpr-sticky-section-no wpr-equal-height-no\" data-id=\"1a48264\" data-element_type=\"section\" data-e-type=\"section\">\n\t\t\t\t\t\t<div class=\"elementor-container elementor-column-gap-default\">\n\t\t\t\t\t<div class=\"elementor-column elementor-col-100 elementor-top-column elementor-element elementor-element-014de0d\" data-id=\"014de0d\" data-element_type=\"column\" data-e-type=\"column\">\n\t\t\t<div class=\"elementor-widget-wrap elementor-element-populated\">\n\t\t\t\t\t\t<div class=\"elementor-element elementor-element-422d3ee elementor-widget elementor-widget-heading\" data-id=\"422d3ee\" data-element_type=\"widget\" data-e-type=\"widget\" data-widget_type=\"heading.default\">\n\t\t\t\t<div class=\"elementor-widget-container\">\n\t\t\t\t\t<h2 class=\"elementor-heading-title elementor-size-default\">News<\/h2>\t\t\t\t<\/div>\n\t\t\t\t<\/div>\n\t\t\t\t\t<\/div>\n\t\t<\/div>\n\t\t\t\t\t<\/div>\n\t\t<\/section>\n\t\t\t\t<section class=\"elementor-section elementor-top-section elementor-element elementor-element-9de67df elementor-section-boxed elementor-section-height-default elementor-section-height-default wpr-particle-no wpr-jarallax-no wpr-parallax-no wpr-sticky-section-no wpr-equal-height-no\" data-id=\"9de67df\" data-element_type=\"section\" data-e-type=\"section\">\n\t\t\t\t\t\t<div class=\"elementor-container elementor-column-gap-default\">\n\t\t\t\t\t<div class=\"elementor-column elementor-col-100 elementor-top-column elementor-element elementor-element-6446b8b\" data-id=\"6446b8b\" data-element_type=\"column\" data-e-type=\"column\">\n\t\t\t<div class=\"elementor-widget-wrap elementor-element-populated\">\n\t\t\t\t\t\t<div class=\"elementor-element elementor-element-88d4c56 wpr-grid-columns-3 wpr-grid-columns--tablet2 wpr-grid-columns--mobile1 wpr-grid-pagination-center wpr-item-styles-inner elementor-widget elementor-widget-wpr-grid\" data-id=\"88d4c56\" data-element_type=\"widget\" data-e-type=\"widget\" data-widget_type=\"wpr-grid.default\">\n\t\t\t\t<div class=\"elementor-widget-container\">\n\t\t\t\t\t<ul class=\"wpr-grid-filters elementor-clearfix wpr-grid-filters-sep-right\"><li class=\" wpr-pointer-none wpr-pointer-line-fx wpr-pointer-fx-none\"><span  data-filter=\"*\" class=\"wpr-grid-filters-item wpr-active-filter \">All Posts<\/span><em class=\"wpr-grid-filters-sep\"><\/em><\/li><li class=\" wpr-pointer-none wpr-pointer-line-fx wpr-pointer-fx-none\"><span   data-ajax-filter=[\"category\",\"kusitlused\"]  data-filter=\".category-kusitlused\">K\u00fcsitlused<\/span><em class=\"wpr-grid-filters-sep\"><\/em><\/li><li class=\" wpr-pointer-none wpr-pointer-line-fx wpr-pointer-fx-none\"><span   data-ajax-filter=[\"category\",\"uudised\"]  data-filter=\".category-uudised\">Uudised<\/span><em class=\"wpr-grid-filters-sep\"><\/em><\/li><\/ul><section class=\"wpr-grid elementor-clearfix\" data-settings=\"{&quot;layout&quot;:&quot;fitRows&quot;,&quot;stick_last_element_to_bottom&quot;:&quot;&quot;,&quot;columns_desktop&quot;:&quot;3&quot;,&quot;gutter_hr&quot;:100,&quot;gutter_hr_mobile&quot;:100,&quot;gutter_hr_mobile_extra&quot;:100,&quot;gutter_hr_tablet&quot;:100,&quot;gutter_hr_tablet_extra&quot;:100,&quot;gutter_hr_laptop&quot;:100,&quot;gutter_hr_widescreen&quot;:100,&quot;gutter_vr&quot;:0,&quot;gutter_vr_mobile&quot;:0,&quot;gutter_vr_mobile_extra&quot;:0,&quot;gutter_vr_tablet&quot;:0,&quot;gutter_vr_tablet_extra&quot;:0,&quot;gutter_vr_laptop&quot;:0,&quot;gutter_vr_widescreen&quot;:0,&quot;animation&quot;:&quot;default&quot;,&quot;animation_duration&quot;:0.3,&quot;animation_delay&quot;:0.1,&quot;deeplinking&quot;:&quot;&quot;,&quot;filters_linkable&quot;:&quot;no&quot;,&quot;filters_default_filter&quot;:&quot;&quot;,&quot;filters_count&quot;:&quot;&quot;,&quot;filters_hide_empty&quot;:&quot;no&quot;,&quot;filters_animation&quot;:&quot;default&quot;,&quot;filters_animation_duration&quot;:0.3,&quot;filters_animation_delay&quot;:0.1,&quot;pagination_type&quot;:&quot;load-more&quot;,&quot;pagination_max_pages&quot;:1,&quot;lightbox&quot;:{&quot;selector&quot;:&quot;.wpr-grid-image-wrap&quot;,&quot;iframeMaxWidth&quot;:&quot;60%&quot;,&quot;hash&quot;:false,&quot;autoplay&quot;:&quot;&quot;,&quot;pause&quot;:5000,&quot;progressBar&quot;:&quot;true&quot;,&quot;counter&quot;:&quot;&quot;,&quot;controls&quot;:&quot;&quot;,&quot;getCaptionFromTitleOrAlt&quot;:&quot;&quot;,&quot;thumbnail&quot;:&quot;&quot;,&quot;showThumbByDefault&quot;:&quot;&quot;,&quot;share&quot;:&quot;&quot;,&quot;zoom&quot;:&quot;&quot;,&quot;fullScreen&quot;:&quot;&quot;,&quot;download&quot;:&quot;&quot;}}\" data-advanced-filters=\"no\"><article class=\"wpr-grid-item elementor-clearfix post-10063 post type-post status-publish format-standard has-post-thumbnail hentry category-uudised tag-uudised tag-uudised_en\"><div class=\"wpr-grid-item-inner\"><div class=\"wpr-grid-media-wrap wpr-effect-size-medium \" data-overlay-link=\"yes\"><div class=\"wpr-grid-image-wrap\" data-src=\"https:\/\/esindus.ee\/wp-content\/uploads\/2025\/10\/ticket-vers-vaimse-tervise-kuu.jpg\" data-img-on-hover=\"\"  data-src-secondary=\"\"><img decoding=\"async\" data-no-lazy=\"1\" src=\"https:\/\/esindus.ee\/wp-content\/uploads\/2025\/10\/ticket-vers-vaimse-tervise-kuu.jpg\" alt=\"Vaimse Tervise Kuu 2025\" class=\"wpr-anim-timing-ease-default\"><\/div><div class=\"wpr-grid-media-hover wpr-animation-wrap\"><div class=\"wpr-grid-media-hover-bg  wpr-overlay-fade-in wpr-anim-size-large wpr-anim-timing-ease-default wpr-anim-transparency\" data-url=\"https:\/\/esindus.ee\/et\/vaimse-tervise-kuu-2025\/\"><\/div><\/div><\/div><div class=\"wpr-grid-item-below-content elementor-clearfix\"><span class=\"wpr-grid-item-title elementor-repeater-item-58cb9f1 wpr-grid-item-display-block wpr-grid-item-align-center wpr-pointer-none wpr-pointer-line-fx wpr-pointer-fx-fade\"><div class=\"inner-block\"><a target=\"_self\"  href=\"https:\/\/esindus.ee\/et\/vaimse-tervise-kuu-2025\/\">Vaimse Tervise Kuu 2025<\/a><\/div><\/span><div class=\"wpr-grid-item-date elementor-repeater-item-efef487 wpr-grid-item-display-inline wpr-grid-item-align-left\"><div class=\"inner-block\"><span>3. okt. 2025<span class=\"wpr-grid-extra-text-right\"><\/span><\/span><\/div><\/div><div class=\"wpr-grid-item-excerpt elementor-repeater-item-5929e6d wpr-grid-item-display-block wpr-grid-item-align-left\"><div class=\"inner-block\"><p>Vaimse Tervise Kuu 2025 Vaimse Tervise Kuu on Tallinna \u00dclikooli iga-aastane ettev\u00f5tmine, mis t\u00f5stab esile vaimse heaolu olulisust ja pakub...<\/p><\/div><\/div><div class=\"wpr-grid-item-read-more elementor-repeater-item-4efc379 wpr-grid-item-display-block wpr-grid-item-align-left\"><div class=\"inner-block\"><a target=\"_self\" href=\"https:\/\/esindus.ee\/et\/vaimse-tervise-kuu-2025\/\" class=\"wpr-button-effect wpr-button-none\"><span>Loe edasi<\/span><\/a><\/div><\/div><\/div><\/div><\/article><article class=\"wpr-grid-item elementor-clearfix post-7536 post type-post status-publish format-standard has-post-thumbnail hentry category-uudised tag-uudised_en\"><div class=\"wpr-grid-item-inner\"><div class=\"wpr-grid-media-wrap wpr-effect-size-medium \" data-overlay-link=\"yes\"><div class=\"wpr-grid-image-wrap\" data-src=\"https:\/\/esindus.ee\/wp-content\/uploads\/2024\/04\/nhjgyh.jpeg\" data-img-on-hover=\"\"  data-src-secondary=\"\"><img decoding=\"async\" data-no-lazy=\"1\" src=\"https:\/\/esindus.ee\/wp-content\/uploads\/2024\/04\/nhjgyh.jpeg\" alt=\"The members of the Council have been selected\" class=\"wpr-anim-timing-ease-default\"><\/div><div class=\"wpr-grid-media-hover wpr-animation-wrap\"><div class=\"wpr-grid-media-hover-bg  wpr-overlay-fade-in wpr-anim-size-large wpr-anim-timing-ease-default wpr-anim-transparency\" data-url=\"https:\/\/esindus.ee\/et\/the-members-of-the-council-have-been-selected\/\"><\/div><\/div><\/div><div class=\"wpr-grid-item-below-content elementor-clearfix\"><span class=\"wpr-grid-item-title elementor-repeater-item-58cb9f1 wpr-grid-item-display-block wpr-grid-item-align-center wpr-pointer-none wpr-pointer-line-fx wpr-pointer-fx-fade\"><div class=\"inner-block\"><a target=\"_self\"  href=\"https:\/\/esindus.ee\/et\/the-members-of-the-council-have-been-selected\/\">The members of the Council have been selected<\/a><\/div><\/span><div class=\"wpr-grid-item-date elementor-repeater-item-efef487 wpr-grid-item-display-inline wpr-grid-item-align-left\"><div class=\"inner-block\"><span>5. apr. 2024<span class=\"wpr-grid-extra-text-right\"><\/span><\/span><\/div><\/div><div class=\"wpr-grid-item-excerpt elementor-repeater-item-5929e6d wpr-grid-item-display-block wpr-grid-item-align-left\"><div class=\"inner-block\"><p>The new composition of the council has been elected! Congratulations to all new members!<\/p><\/div><\/div><div class=\"wpr-grid-item-read-more elementor-repeater-item-4efc379 wpr-grid-item-display-block wpr-grid-item-align-left\"><div class=\"inner-block\"><a target=\"_self\" href=\"https:\/\/esindus.ee\/et\/the-members-of-the-council-have-been-selected\/\" class=\"wpr-button-effect wpr-button-none\"><span>Loe edasi<\/span><\/a><\/div><\/div><\/div><\/div><\/article><article class=\"wpr-grid-item elementor-clearfix post-7018 post type-post status-publish format-standard has-post-thumbnail hentry category-uudised tag-uudised_en\"><div class=\"wpr-grid-item-inner\"><div class=\"wpr-grid-media-wrap wpr-effect-size-medium \" data-overlay-link=\"yes\"><div class=\"wpr-grid-image-wrap\" data-src=\"https:\/\/esindus.ee\/wp-content\/uploads\/2024\/03\/nhjgyh.jpeg\" data-img-on-hover=\"\"  data-src-secondary=\"\"><img decoding=\"async\" data-no-lazy=\"1\" src=\"https:\/\/esindus.ee\/wp-content\/uploads\/2024\/03\/nhjgyh.jpeg\" alt=\"Cap Ceremony\" class=\"wpr-anim-timing-ease-default\"><\/div><div class=\"wpr-grid-media-hover wpr-animation-wrap\"><div class=\"wpr-grid-media-hover-bg  wpr-overlay-fade-in wpr-anim-size-large wpr-anim-timing-ease-default wpr-anim-transparency\" data-url=\"https:\/\/esindus.ee\/et\/cap-ceremony\/\"><\/div><\/div><\/div><div class=\"wpr-grid-item-below-content elementor-clearfix\"><span class=\"wpr-grid-item-title elementor-repeater-item-58cb9f1 wpr-grid-item-display-block wpr-grid-item-align-center wpr-pointer-none wpr-pointer-line-fx wpr-pointer-fx-fade\"><div class=\"inner-block\"><a target=\"_self\"  href=\"https:\/\/esindus.ee\/et\/cap-ceremony\/\">Cap Ceremony<\/a><\/div><\/span><div class=\"wpr-grid-item-date elementor-repeater-item-efef487 wpr-grid-item-display-inline wpr-grid-item-align-left\"><div class=\"inner-block\"><span>1. m\u00e4rts 2024<span class=\"wpr-grid-extra-text-right\"><\/span><\/span><\/div><\/div><div class=\"wpr-grid-item-excerpt elementor-repeater-item-5929e6d wpr-grid-item-display-block wpr-grid-item-align-left\"><div class=\"inner-block\"><p>Cap Ceremony On February 22, 2024, another Cap Ceremony took place at Tallinn University. The Cap Ceremony is a tradition...<\/p><\/div><\/div><div class=\"wpr-grid-item-read-more elementor-repeater-item-4efc379 wpr-grid-item-display-block wpr-grid-item-align-left\"><div class=\"inner-block\"><a target=\"_self\" href=\"https:\/\/esindus.ee\/et\/cap-ceremony\/\" class=\"wpr-button-effect wpr-button-none\"><span>Loe edasi<\/span><\/a><\/div><\/div><\/div><\/div><\/article><article class=\"wpr-grid-item elementor-clearfix post-6702 post type-post status-publish format-standard has-post-thumbnail hentry category-uncategorized tag-uudised_en\"><div class=\"wpr-grid-item-inner\"><div class=\"wpr-grid-media-wrap wpr-effect-size-medium \" data-overlay-link=\"yes\"><div class=\"wpr-grid-image-wrap\" data-src=\"https:\/\/esindus.ee\/wp-content\/uploads\/2023\/09\/IMG_20210217_181015-scaled-e1707773767757.jpg\" data-img-on-hover=\"\"  data-src-secondary=\"\"><img decoding=\"async\" data-no-lazy=\"1\" src=\"https:\/\/esindus.ee\/wp-content\/uploads\/2023\/09\/IMG_20210217_181015-scaled-e1707773767757.jpg\" alt=\"The elections for the Tallinn University Student Union Council have begun\" class=\"wpr-anim-timing-ease-default\"><\/div><div class=\"wpr-grid-media-hover wpr-animation-wrap\"><div class=\"wpr-grid-media-hover-bg  wpr-overlay-fade-in wpr-anim-size-large wpr-anim-timing-ease-default wpr-anim-transparency\" data-url=\"https:\/\/esindus.ee\/et\/council-elections\/\"><\/div><\/div><\/div><div class=\"wpr-grid-item-below-content elementor-clearfix\"><span class=\"wpr-grid-item-title elementor-repeater-item-58cb9f1 wpr-grid-item-display-block wpr-grid-item-align-center wpr-pointer-none wpr-pointer-line-fx wpr-pointer-fx-fade\"><div class=\"inner-block\"><a target=\"_self\"  href=\"https:\/\/esindus.ee\/et\/council-elections\/\">The elections for the Tallinn University Student Union Council have begun<\/a><\/div><\/span><div class=\"wpr-grid-item-date elementor-repeater-item-efef487 wpr-grid-item-display-inline wpr-grid-item-align-left\"><div class=\"inner-block\"><span>12. veebr. 2024<span class=\"wpr-grid-extra-text-right\"><\/span><\/span><\/div><\/div><div class=\"wpr-grid-item-excerpt elementor-repeater-item-5929e6d wpr-grid-item-display-block wpr-grid-item-align-left\"><div class=\"inner-block\"><p>The elections for the Tallinn University Student Union Representative Council have begun Come and apply, because the council is an...<\/p><\/div><\/div><div class=\"wpr-grid-item-read-more elementor-repeater-item-4efc379 wpr-grid-item-display-block wpr-grid-item-align-left\"><div class=\"inner-block\"><a target=\"_self\" href=\"https:\/\/esindus.ee\/et\/council-elections\/\" class=\"wpr-button-effect wpr-button-none\"><span>Loe edasi<\/span><\/a><\/div><\/div><\/div><\/div><\/article><article class=\"wpr-grid-item elementor-clearfix post-6204 post type-post status-publish format-standard has-post-thumbnail hentry category-uncategorized tag-uudised_en\"><div class=\"wpr-grid-item-inner\"><div class=\"wpr-grid-media-wrap wpr-effect-size-medium \" data-overlay-link=\"yes\"><div class=\"wpr-grid-image-wrap\" data-src=\"https:\/\/esindus.ee\/wp-content\/uploads\/2023\/10\/173089718_1136787633504322_8977520237129516360_n-1-819x1024-1-e1707775053238.jpg\" data-img-on-hover=\"\"  data-src-secondary=\"\"><img decoding=\"async\" data-no-lazy=\"1\" src=\"https:\/\/esindus.ee\/wp-content\/uploads\/2023\/10\/173089718_1136787633504322_8977520237129516360_n-1-819x1024-1-e1707775053238.jpg\" alt=\"This page is still under construction!\" class=\"wpr-anim-timing-ease-default\"><\/div><div class=\"wpr-grid-media-hover wpr-animation-wrap\"><div class=\"wpr-grid-media-hover-bg  wpr-overlay-fade-in wpr-anim-size-large wpr-anim-timing-ease-default wpr-anim-transparency\" data-url=\"https:\/\/esindus.ee\/et\/this-page-is-still-under-construction\/\"><\/div><\/div><\/div><div class=\"wpr-grid-item-below-content elementor-clearfix\"><span class=\"wpr-grid-item-title elementor-repeater-item-58cb9f1 wpr-grid-item-display-block wpr-grid-item-align-center wpr-pointer-none wpr-pointer-line-fx wpr-pointer-fx-fade\"><div class=\"inner-block\"><a target=\"_self\"  href=\"https:\/\/esindus.ee\/et\/this-page-is-still-under-construction\/\">This page is still under construction!<\/a><\/div><\/span><div class=\"wpr-grid-item-date elementor-repeater-item-efef487 wpr-grid-item-display-inline wpr-grid-item-align-left\"><div class=\"inner-block\"><span>10. jaan. 2024<span class=\"wpr-grid-extra-text-right\"><\/span><\/span><\/div><\/div><div class=\"wpr-grid-item-excerpt elementor-repeater-item-5929e6d wpr-grid-item-display-block wpr-grid-item-align-left\"><div class=\"inner-block\"><p>Lot of information that we have in our estonian site, is still missing from here!<\/p><\/div><\/div><div class=\"wpr-grid-item-read-more elementor-repeater-item-4efc379 wpr-grid-item-display-block wpr-grid-item-align-left\"><div class=\"inner-block\"><a target=\"_self\" href=\"https:\/\/esindus.ee\/et\/this-page-is-still-under-construction\/\" class=\"wpr-button-effect wpr-button-none\"><span>Loe edasi<\/span><\/a><\/div><\/div><\/div><\/div><\/article><\/section>\t\t\t\t<\/div>\n\t\t\t\t<\/div>\n\t\t\t\t\t<\/div>\n\t\t<\/div>\n\t\t\t\t\t<\/div>\n\t\t<\/section>\n\t\t\t\t<\/div>\n\t\t","protected":false},"excerpt":{"rendered":"<p>News All Posts Uncategorized Uudised testen9. Dec 2023 Lorem ipsum dolor sit amet, consectetur adipiscing elit. Ut elit tellus, luctus nec ullamcorper mattis, pulvinar dapibus leo. Loe edasi<\/p>\n","protected":false},"author":2,"featured_media":0,"parent":5521,"menu_order":0,"comment_status":"closed","ping_status":"closed","template":"elementor_header_footer","meta":{"_eb_attr":"","footnotes":""},"class_list":["post-5541","page","type-page","status-publish","hentry"],"_links":{"self":[{"href":"https:\/\/esindus.ee\/et\/wp-json\/wp\/v2\/pages\/5541","targetHints":{"allow":["GET"]}}],"collection":[{"href":"https:\/\/esindus.ee\/et\/wp-json\/wp\/v2\/pages"}],"about":[{"href":"https:\/\/esindus.ee\/et\/wp-json\/wp\/v2\/types\/page"}],"author":[{"embeddable":true,"href":"https:\/\/esindus.ee\/et\/wp-json\/wp\/v2\/users\/2"}],"replies":[{"embeddable":true,"href":"https:\/\/esindus.ee\/et\/wp-json\/wp\/v2\/comments?post=5541"}],"version-history":[{"count":13,"href":"https:\/\/esindus.ee\/et\/wp-json\/wp\/v2\/pages\/5541\/revisions"}],"predecessor-version":[{"id":6047,"href":"https:\/\/esindus.ee\/et\/wp-json\/wp\/v2\/pages\/5541\/revisions\/6047"}],"up":[{"embeddable":true,"href":"https:\/\/esindus.ee\/et\/wp-json\/wp\/v2\/pages\/5521"}],"wp:attachment":[{"href":"https:\/\/esindus.ee\/et\/wp-json\/wp\/v2\/media?parent=5541"}],"curies":[{"name":"wp","href":"https:\/\/api.w.org\/{rel}","templated":true}]}}