{"id":399,"date":"2023-04-03T13:46:15","date_gmt":"2023-04-03T11:46:15","guid":{"rendered":"https:\/\/esindus.ee\/?page_id=399"},"modified":"2023-09-11T10:35:48","modified_gmt":"2023-09-11T08:35:48","slug":"printimine","status":"publish","type":"page","link":"https:\/\/esindus.ee\/et\/printimine\/","title":{"rendered":"Printimine"},"content":{"rendered":"\t\t<div data-elementor-type=\"wp-page\" data-elementor-id=\"399\" class=\"elementor elementor-399\">\n\t\t\t\t\t\t<section class=\"elementor-section elementor-top-section elementor-element elementor-element-45e5c51 elementor-section-boxed elementor-section-height-default elementor-section-height-default wpr-particle-no wpr-jarallax-no wpr-parallax-no wpr-sticky-section-no wpr-equal-height-no\" data-id=\"45e5c51\" data-element_type=\"section\" data-e-type=\"section\">\n\t\t\t\t\t\t<div class=\"elementor-container elementor-column-gap-default\">\n\t\t\t\t\t<div class=\"elementor-column elementor-col-100 elementor-top-column elementor-element elementor-element-72f0e9f\" data-id=\"72f0e9f\" data-element_type=\"column\" data-e-type=\"column\">\n\t\t\t<div class=\"elementor-widget-wrap elementor-element-populated\">\n\t\t\t\t\t\t<div class=\"elementor-element elementor-element-3ff1008 elementor-widget elementor-widget-heading\" data-id=\"3ff1008\" data-element_type=\"widget\" data-e-type=\"widget\" data-widget_type=\"heading.default\">\n\t\t\t\t<div class=\"elementor-widget-container\">\n\t\t\t\t\t<h2 class=\"elementor-heading-title elementor-size-default\">Printimine ja koopiad<\/h2>\t\t\t\t<\/div>\n\t\t\t\t<\/div>\n\t\t\t\t\t<\/div>\n\t\t<\/div>\n\t\t\t\t\t<\/div>\n\t\t<\/section>\n\t\t\t\t<section class=\"elementor-section elementor-top-section elementor-element elementor-element-3fd6b48 elementor-section-boxed elementor-section-height-default elementor-section-height-default wpr-particle-no wpr-jarallax-no wpr-parallax-no wpr-sticky-section-no wpr-equal-height-no\" data-id=\"3fd6b48\" data-element_type=\"section\" data-e-type=\"section\">\n\t\t\t\t\t\t<div class=\"elementor-container elementor-column-gap-default\">\n\t\t\t\t\t<div class=\"elementor-column elementor-col-50 elementor-top-column elementor-element elementor-element-8ca4dca\" data-id=\"8ca4dca\" data-element_type=\"column\" data-e-type=\"column\">\n\t\t\t<div class=\"elementor-widget-wrap elementor-element-populated\">\n\t\t\t\t\t\t<div class=\"elementor-element elementor-element-8556ed9 elementor-widget elementor-widget-text-editor\" data-id=\"8556ed9\" data-element_type=\"widget\" data-e-type=\"widget\" data-widget_type=\"text-editor.default\">\n\t\t\t\t<div class=\"elementor-widget-container\">\n\t\t\t\t\t\t\t\t\t<p style=\"text-align: left;\"><span style=\"font-weight: 400;\">\u00dcli\u00f5pilaskonna kontoris (<strong>ruumis S-139<\/strong>) on v\u00f5imalik lahtiolekuaegadel:<\/span><\/p><ul><li style=\"text-align: left;\"><span style=\"font-weight: 400;\">printida, <\/span><\/li><li style=\"text-align: left;\"><span style=\"font-weight: 400;\">kopeerida,<\/span><\/li><li style=\"text-align: left;\"><span style=\"font-weight: 400;\">skaneerida.<\/span><\/li><\/ul>\t\t\t\t\t\t\t\t<\/div>\n\t\t\t\t<\/div>\n\t\t\t\t<div class=\"elementor-element elementor-element-713d85d elementor-widget__width-initial elementor-view-framed elementor-shape-circle elementor-widget elementor-widget-icon\" data-id=\"713d85d\" data-element_type=\"widget\" data-e-type=\"widget\" data-widget_type=\"icon.default\">\n\t\t\t\t<div class=\"elementor-widget-container\">\n\t\t\t\t\t\t\t<div class=\"elementor-icon-wrapper\">\n\t\t\t<div class=\"elementor-icon elementor-animation-bounce-in\">\n\t\t\t<i aria-hidden=\"true\" class=\"fas fa-print\"><\/i>\t\t\t<\/div>\n\t\t<\/div>\n\t\t\t\t\t\t<\/div>\n\t\t\t\t<\/div>\n\t\t\t\t<div class=\"elementor-element elementor-element-823f076 elementor-widget elementor-widget-heading\" data-id=\"823f076\" data-element_type=\"widget\" data-e-type=\"widget\" data-widget_type=\"heading.default\">\n\t\t\t\t<div class=\"elementor-widget-container\">\n\t\t\t\t\t<h2 class=\"elementor-heading-title elementor-size-default\">Lahtiolekuajad<\/h2>\t\t\t\t<\/div>\n\t\t\t\t<\/div>\n\t\t\t\t<div class=\"elementor-element elementor-element-daebe59 elementor-widget elementor-widget-text-editor\" data-id=\"daebe59\" data-element_type=\"widget\" data-e-type=\"widget\" data-widget_type=\"text-editor.default\">\n\t\t\t\t<div class=\"elementor-widget-container\">\n\t\t\t\t\t\t\t\t\t<p><span style=\"font-weight: 400;\">E kl 14<\/span><span style=\"font-weight: 400;\">\u2013<\/span><span style=\"font-weight: 400;\">17<\/span><\/p><p><span style=\"font-weight: 400;\">N kl 14<\/span><span style=\"font-weight: 400;\">\u2013<\/span><span style=\"font-weight: 400;\">16<\/span><\/p><p>R\u00a0 kl 14-16 (v.a 15.09.23)<\/p>\t\t\t\t\t\t\t\t<\/div>\n\t\t\t\t<\/div>\n\t\t\t\t<div class=\"elementor-element elementor-element-64e8351 elementor-widget__width-initial elementor-view-framed elementor-shape-circle elementor-widget elementor-widget-icon\" data-id=\"64e8351\" data-element_type=\"widget\" data-e-type=\"widget\" data-widget_type=\"icon.default\">\n\t\t\t\t<div class=\"elementor-widget-container\">\n\t\t\t\t\t\t\t<div class=\"elementor-icon-wrapper\">\n\t\t\t<div class=\"elementor-icon elementor-animation-bounce-in\">\n\t\t\t<i aria-hidden=\"true\" class=\"fas fa-print\"><\/i>\t\t\t<\/div>\n\t\t<\/div>\n\t\t\t\t\t\t<\/div>\n\t\t\t\t<\/div>\n\t\t\t\t<div class=\"elementor-element elementor-element-f149af6 elementor-widget elementor-widget-heading\" data-id=\"f149af6\" data-element_type=\"widget\" data-e-type=\"widget\" data-widget_type=\"heading.default\">\n\t\t\t\t<div class=\"elementor-widget-container\">\n\t\t\t\t\t<h2 class=\"elementor-heading-title elementor-size-default\">Lisatingimused<\/h2>\t\t\t\t<\/div>\n\t\t\t\t<\/div>\n\t\t\t\t<div class=\"elementor-element elementor-element-494b09a elementor-widget elementor-widget-text-editor\" data-id=\"494b09a\" data-element_type=\"widget\" data-e-type=\"widget\" data-widget_type=\"text-editor.default\">\n\t\t\t\t<div class=\"elementor-widget-container\">\n\t\t\t\t\t\t\t\t\t<p style=\"text-align: left;\"><span style=\"font-weight: 400;\">Printimisel tuleb j\u00e4rgida t\u00f6\u00f6koha juurde \u00fcles seatud juhendeid. Valede seadete rakendamise puhul tuleb tasuda k\u00f5igi tr\u00fckitud lehtede eest vastavalt hinnakirjale.<\/span><\/p><p style=\"text-align: left;\"><span style=\"font-weight: 400;\">Skaneerimine on iseteeninduslik. Skaneerida on v\u00f5imalik otse e-mailile ning see on tasuta.<\/span><\/p>\t\t\t\t\t\t\t\t<\/div>\n\t\t\t\t<\/div>\n\t\t\t\t<div class=\"elementor-element elementor-element-95e1c3f elementor-widget__width-initial elementor-view-framed elementor-shape-circle elementor-widget elementor-widget-icon\" data-id=\"95e1c3f\" data-element_type=\"widget\" data-e-type=\"widget\" data-widget_type=\"icon.default\">\n\t\t\t\t<div class=\"elementor-widget-container\">\n\t\t\t\t\t\t\t<div class=\"elementor-icon-wrapper\">\n\t\t\t<div class=\"elementor-icon elementor-animation-bounce-in\">\n\t\t\t<i aria-hidden=\"true\" class=\"fas fa-print\"><\/i>\t\t\t<\/div>\n\t\t<\/div>\n\t\t\t\t\t\t<\/div>\n\t\t\t\t<\/div>\n\t\t\t\t<div class=\"elementor-element elementor-element-0ac21e5 elementor-widget elementor-widget-heading\" data-id=\"0ac21e5\" data-element_type=\"widget\" data-e-type=\"widget\" data-widget_type=\"heading.default\">\n\t\t\t\t<div class=\"elementor-widget-container\">\n\t\t\t\t\t<h2 class=\"elementor-heading-title elementor-size-default\">TL\u00dc koopiamasinad<\/h2>\t\t\t\t<\/div>\n\t\t\t\t<\/div>\n\t\t\t\t<div class=\"elementor-element elementor-element-76ffe57 elementor-widget elementor-widget-text-editor\" data-id=\"76ffe57\" data-element_type=\"widget\" data-e-type=\"widget\" data-widget_type=\"text-editor.default\">\n\t\t\t\t<div class=\"elementor-widget-container\">\n\t\t\t\t\t\t\t\t\t<p style=\"text-align: left;\"><span style=\"font-weight: 400;\">Lisaks asuvad Tallinna \u00dclikooli hoonetes \u00fcldkasutatavad koopiamasinad, mille abil on samuti v\u00f5imalik printida ja skaneerida. Nende kohta leiad lisainfot Tallinna \u00dclikooli kodulehelt <\/span><span style=\"text-decoration: underline; color: #993300;\"><a style=\"color: #993300;\" href=\"https:\/\/www.tlu.ee\/printimine-koopiad-skanneerimine\"><span style=\"font-weight: 400;\"><strong><span style=\"color: #b80007; text-decoration: underline;\">SIIT<\/span><\/strong><\/span><\/a><\/span><span style=\"font-weight: 400;\">.<\/span><\/p>\t\t\t\t\t\t\t\t<\/div>\n\t\t\t\t<\/div>\n\t\t\t\t\t<\/div>\n\t\t<\/div>\n\t\t\t\t<div class=\"elementor-column elementor-col-50 elementor-top-column elementor-element elementor-element-a1057cb\" data-id=\"a1057cb\" data-element_type=\"column\" data-e-type=\"column\">\n\t\t\t<div class=\"elementor-widget-wrap elementor-element-populated\">\n\t\t\t\t\t\t<div class=\"elementor-element elementor-element-d9983b3 elementor-widget elementor-widget-image\" data-id=\"d9983b3\" data-element_type=\"widget\" data-e-type=\"widget\" data-widget_type=\"image.default\">\n\t\t\t\t<div class=\"elementor-widget-container\">\n\t\t\t\t\t\t\t\t\t\t\t\t\t\t\t<img fetchpriority=\"high\" decoding=\"async\" width=\"709\" height=\"960\" src=\"https:\/\/esindus.ee\/wp-content\/uploads\/2023\/05\/print-1.png\" class=\"attachment-medium_large size-medium_large wp-image-2588\" alt=\"\" srcset=\"https:\/\/esindus.ee\/wp-content\/uploads\/2023\/05\/print-1.png 709w, https:\/\/esindus.ee\/wp-content\/uploads\/2023\/05\/print-1-222x300.png 222w, https:\/\/esindus.ee\/wp-content\/uploads\/2023\/05\/print-1-9x12.png 9w\" sizes=\"(max-width: 709px) 100vw, 709px\" \/>\t\t\t\t\t\t\t\t\t\t\t\t\t\t\t<\/div>\n\t\t\t\t<\/div>\n\t\t\t\t\t<\/div>\n\t\t<\/div>\n\t\t\t\t\t<\/div>\n\t\t<\/section>\n\t\t\t\t<\/div>\n\t\t","protected":false},"excerpt":{"rendered":"<p>Printimine ja koopiad \u00dcli\u00f5pilaskonna kontoris (ruumis S-139) on v\u00f5imalik lahtiolekuaegadel: printida, kopeerida, skaneerida. Lahtiolekuajad E kl 14\u201317 N kl 14\u201316 R\u00a0 kl 14-16 (v.a 15.09.23) Lisatingimused Printimisel tuleb j\u00e4rgida t\u00f6\u00f6koha juurde \u00fcles seatud juhendeid. Valede seadete rakendamise puhul tuleb tasuda k\u00f5igi tr\u00fckitud lehtede eest vastavalt hinnakirjale. Skaneerimine on iseteeninduslik. Skaneerida on v\u00f5imalik otse e-mailile ning see on tasuta. TL\u00dc koopiamasinad Lisaks asuvad Tallinna \u00dclikooli hoonetes \u00fcldkasutatavad koopiamasinad, mille abil on samuti v\u00f5imalik printida ja skaneerida. Nende kohta leiad lisainfot Tallinna \u00dclikooli kodulehelt SIIT.<\/p>\n","protected":false},"author":1,"featured_media":0,"parent":0,"menu_order":0,"comment_status":"closed","ping_status":"closed","template":"elementor_header_footer","meta":{"_eb_attr":"","footnotes":""},"class_list":["post-399","page","type-page","status-publish","hentry"],"_links":{"self":[{"href":"https:\/\/esindus.ee\/et\/wp-json\/wp\/v2\/pages\/399","targetHints":{"allow":["GET"]}}],"collection":[{"href":"https:\/\/esindus.ee\/et\/wp-json\/wp\/v2\/pages"}],"about":[{"href":"https:\/\/esindus.ee\/et\/wp-json\/wp\/v2\/types\/page"}],"author":[{"embeddable":true,"href":"https:\/\/esindus.ee\/et\/wp-json\/wp\/v2\/users\/1"}],"replies":[{"embeddable":true,"href":"https:\/\/esindus.ee\/et\/wp-json\/wp\/v2\/comments?post=399"}],"version-history":[{"count":58,"href":"https:\/\/esindus.ee\/et\/wp-json\/wp\/v2\/pages\/399\/revisions"}],"predecessor-version":[{"id":4910,"href":"https:\/\/esindus.ee\/et\/wp-json\/wp\/v2\/pages\/399\/revisions\/4910"}],"wp:attachment":[{"href":"https:\/\/esindus.ee\/et\/wp-json\/wp\/v2\/media?parent=399"}],"curies":[{"name":"wp","href":"https:\/\/api.w.org\/{rel}","templated":true}]}}