{"id":397,"date":"2023-04-03T13:46:15","date_gmt":"2023-04-03T11:46:15","guid":{"rendered":"https:\/\/esindus.ee\/?page_id=397"},"modified":"2025-01-12T12:09:32","modified_gmt":"2025-01-12T09:09:32","slug":"uliopilaspilet","status":"publish","type":"page","link":"https:\/\/esindus.ee\/et\/uliopilaspilet\/","title":{"rendered":"ISIC \u00fcli\u00f5pilaspilet"},"content":{"rendered":"\t\t<div data-elementor-type=\"wp-page\" data-elementor-id=\"397\" class=\"elementor elementor-397\">\n\t\t\t\t\t\t<section class=\"elementor-section elementor-top-section elementor-element elementor-element-a2ed34d elementor-section-boxed elementor-section-height-default elementor-section-height-default wpr-particle-no wpr-jarallax-no wpr-parallax-no wpr-sticky-section-no wpr-equal-height-no\" data-id=\"a2ed34d\" data-element_type=\"section\" data-e-type=\"section\">\n\t\t\t\t\t\t<div class=\"elementor-container elementor-column-gap-default\">\n\t\t\t\t\t<div class=\"elementor-column elementor-col-100 elementor-top-column elementor-element elementor-element-ecaf208\" data-id=\"ecaf208\" data-element_type=\"column\" data-e-type=\"column\">\n\t\t\t<div class=\"elementor-widget-wrap elementor-element-populated\">\n\t\t\t\t\t\t<div class=\"elementor-element elementor-element-23d37d39 elementor-widget elementor-widget-heading\" data-id=\"23d37d39\" data-element_type=\"widget\" data-e-type=\"widget\" data-widget_type=\"heading.default\">\n\t\t\t\t<div class=\"elementor-widget-container\">\n\t\t\t\t\t<h2 class=\"elementor-heading-title elementor-size-default\">ISIC \u00fcli\u00f5pilaspilet<\/h2>\t\t\t\t<\/div>\n\t\t\t\t<\/div>\n\t\t\t\t\t<\/div>\n\t\t<\/div>\n\t\t\t\t\t<\/div>\n\t\t<\/section>\n\t\t\t\t<section class=\"elementor-section elementor-top-section elementor-element elementor-element-158ac70 elementor-section-boxed elementor-section-height-default elementor-section-height-default wpr-particle-no wpr-jarallax-no wpr-parallax-no wpr-sticky-section-no wpr-equal-height-no\" data-id=\"158ac70\" data-element_type=\"section\" data-e-type=\"section\">\n\t\t\t\t\t\t<div class=\"elementor-container elementor-column-gap-default\">\n\t\t\t\t\t<div class=\"elementor-column elementor-col-50 elementor-top-column elementor-element elementor-element-faf8898\" data-id=\"faf8898\" data-element_type=\"column\" data-e-type=\"column\">\n\t\t\t<div class=\"elementor-widget-wrap elementor-element-populated\">\n\t\t\t\t\t\t<div class=\"elementor-element elementor-element-08cf0ee elementor-widget elementor-widget-text-editor\" data-id=\"08cf0ee\" data-element_type=\"widget\" data-e-type=\"widget\" data-widget_type=\"text-editor.default\">\n\t\t\t\t<div class=\"elementor-widget-container\">\n\t\t\t\t\t\t\t\t\t<p><span style=\"font-weight: 400;\">\u00dcli\u00f5pilaspiletit on v\u00f5imalik taotleda <strong>v\u00e4hemalt 16-aastasel isikul<\/strong>, kes on <strong>immatrikuleeritud \u00fcli\u00f5pilane<\/strong> ning \u00f5pib <strong>k\u00f5rghariduslikul \u00f5ppekaval \u00fclikoolis<\/strong>, <strong>rakendusk\u00f5rgkoolis<\/strong> v\u00f5i <strong>kutse\u00f5ppeasutuses<\/strong> Eestis v\u00f5i v\u00e4lisriigis. Isik v\u00f5ib \u00f5ppida nii t\u00e4is- kui ka osakoormusel ning erinevates \u00f5ppevormides (st p\u00e4eva\u00f5pe, kaug\u00f5pe, ts\u00fckli\u00f5pe jm). Kaardi taotlemise hetkel v\u00f5ib \u00fcli\u00f5pilane olla ka akadeemilisel puhkusel.<\/span><\/p><p><span style=\"font-weight: 400;\">Avatud \u00fclikooli \u00f5ppuritel ei ole v\u00f5imalik ISIC \u00fcli\u00f5pilaspiletit taotleda, v.a Tartu \u00dclikooli avatud \u00fclikooli \u00f5ppe \u00f5ppuritel. Kui isik \u00f5pib Tartu \u00dclikooli avatud \u00fclikooli \u00f5ppekaval (ehk ei kuula ainult m\u00f5ningaid aineid nt eksternina, vaid l\u00e4bib kogu \u00f5ppekava), on ta immatrikuleeritud \u00fcli\u00f5pilane ja seega \u00f5igustatud ISIC \u00fcli\u00f5pilaspiletit taotlema. Teistel k\u00f5rgkoolidel ei ole avatud \u00fclikoolis kinnitatud \u00f5ppekavasid, seega ei ole tegemist ka immatrikuleeritud \u00fcli\u00f5pilastega, vaid vabakuulajatega.<\/span><\/p><p><span style=\"font-weight: 400;\">Eksternid, internid ja residendid ei ole \u00fclikooliseaduse m\u00f5istes \u00fcli\u00f5pilased, seega ei ole neil v\u00f5imalik \u00fcli\u00f5pilaspiletit taotleda.<\/span><\/p>\t\t\t\t\t\t\t\t<\/div>\n\t\t\t\t<\/div>\n\t\t\t\t\t<\/div>\n\t\t<\/div>\n\t\t\t\t<div class=\"elementor-column elementor-col-50 elementor-top-column elementor-element elementor-element-2c65484\" data-id=\"2c65484\" data-element_type=\"column\" data-e-type=\"column\">\n\t\t\t<div class=\"elementor-widget-wrap elementor-element-populated\">\n\t\t\t\t\t\t<div class=\"elementor-element elementor-element-ecb24b7 elementor-widget__width-inherit animated-fast elementor-invisible elementor-widget elementor-widget-spacer\" data-id=\"ecb24b7\" data-element_type=\"widget\" data-e-type=\"widget\" data-settings=\"{&quot;_animation&quot;:&quot;fadeIn&quot;}\" data-widget_type=\"spacer.default\">\n\t\t\t\t<div class=\"elementor-widget-container\">\n\t\t\t\t\t\t\t<div class=\"elementor-spacer\">\n\t\t\t<div class=\"elementor-spacer-inner\"><\/div>\n\t\t<\/div>\n\t\t\t\t\t\t<\/div>\n\t\t\t\t<\/div>\n\t\t\t\t<div class=\"elementor-element elementor-element-0522be3 elementor-widget elementor-widget-image\" data-id=\"0522be3\" data-element_type=\"widget\" data-e-type=\"widget\" data-widget_type=\"image.default\">\n\t\t\t\t<div class=\"elementor-widget-container\">\n\t\t\t\t\t\t\t\t\t\t\t\t\t\t\t<img fetchpriority=\"high\" decoding=\"async\" width=\"300\" height=\"255\" src=\"https:\/\/esindus.ee\/wp-content\/uploads\/2023\/04\/ISIC-kaart.png\" class=\"attachment-large size-large wp-image-1560\" alt=\"ISIC kaart\" srcset=\"https:\/\/esindus.ee\/wp-content\/uploads\/2023\/04\/ISIC-kaart.png 300w, https:\/\/esindus.ee\/wp-content\/uploads\/2023\/04\/ISIC-kaart-14x12.png 14w\" sizes=\"(max-width: 300px) 100vw, 300px\" \/>\t\t\t\t\t\t\t\t\t\t\t\t\t\t\t<\/div>\n\t\t\t\t<\/div>\n\t\t\t\t\t<\/div>\n\t\t<\/div>\n\t\t\t\t\t<\/div>\n\t\t<\/section>\n\t\t\t\t<section class=\"elementor-section elementor-top-section elementor-element elementor-element-77fd0b0 elementor-section-boxed elementor-section-height-default elementor-section-height-default wpr-particle-no wpr-jarallax-no wpr-parallax-no wpr-sticky-section-no wpr-equal-height-no\" data-id=\"77fd0b0\" data-element_type=\"section\" data-e-type=\"section\">\n\t\t\t\t\t\t<div class=\"elementor-container elementor-column-gap-default\">\n\t\t\t\t\t<div class=\"elementor-column elementor-col-100 elementor-top-column elementor-element elementor-element-f412fba\" data-id=\"f412fba\" data-element_type=\"column\" data-e-type=\"column\">\n\t\t\t<div class=\"elementor-widget-wrap elementor-element-populated\">\n\t\t\t\t\t\t<div class=\"elementor-element elementor-element-b8ec0c9 elementor-widget elementor-widget-text-editor\" data-id=\"b8ec0c9\" data-element_type=\"widget\" data-e-type=\"widget\" data-widget_type=\"text-editor.default\">\n\t\t\t\t<div class=\"elementor-widget-container\">\n\t\t\t\t\t\t\t\t\t<p><span style=\"font-weight: 400;\"><strong>Rahvusvaheline ISIC \u00fcli\u00f5pilaspilet<\/strong> t\u00f5endab sinu \u00fcli\u00f5pilasstaatust rohkem kui 100 riigis \u00fcle maailma. ISIC pakub sulle erinevaid soodustusi Eestis 1000 ning v\u00e4lismaal 125 000 m\u00fc\u00fcgikohas. Kui taotled ISIC \u00fcli\u00f5pilaspileti pangast, on see \u00fchtlasi ka sinu pangakaart.<\/span><\/p><p><span style=\"font-weight: 400;\">Puutevaba kiipi sisaldavaid \u00fcli\u00f5pilaspileteid on v\u00f5imalik lisaks kasutada ka \u00f5ppeasutuse sisestes ja v\u00e4listes rakendustes, sh s\u00f5idukaardina Tallinna ja Harjumaa \u00fchistranspordis. EDUID kaardihalduss\u00fcsteemist on v\u00f5imalik taotleda nii puutevaba kiibiga kui ka kiibita ISIC \u00fcli\u00f5pilaspileteid. K\u00f5ik pangast taotletud ISIC \u00fcli\u00f5pilaspiletid sisaldavad puutevaba kiipi.<\/span><\/p>\t\t\t\t\t\t\t\t<\/div>\n\t\t\t\t<\/div>\n\t\t\t\t\t<\/div>\n\t\t<\/div>\n\t\t\t\t\t<\/div>\n\t\t<\/section>\n\t\t\t\t<section class=\"elementor-section elementor-top-section elementor-element elementor-element-cdd0e2f elementor-section-full_width elementor-section-height-default elementor-section-height-default wpr-particle-no wpr-jarallax-no wpr-parallax-no wpr-sticky-section-no wpr-equal-height-no\" data-id=\"cdd0e2f\" data-element_type=\"section\" data-e-type=\"section\">\n\t\t\t\t\t\t<div class=\"elementor-container elementor-column-gap-default\">\n\t\t\t\t\t<div class=\"elementor-column elementor-col-100 elementor-top-column elementor-element elementor-element-660801b\" data-id=\"660801b\" data-element_type=\"column\" data-e-type=\"column\">\n\t\t\t<div class=\"elementor-widget-wrap elementor-element-populated\">\n\t\t\t\t\t\t<div class=\"elementor-element elementor-element-41ef732 elementor-widget__width-inherit animated-fast elementor-invisible elementor-widget elementor-widget-spacer\" data-id=\"41ef732\" data-element_type=\"widget\" data-e-type=\"widget\" data-settings=\"{&quot;_animation&quot;:&quot;fadeIn&quot;}\" data-widget_type=\"spacer.default\">\n\t\t\t\t<div class=\"elementor-widget-container\">\n\t\t\t\t\t\t\t<div class=\"elementor-spacer\">\n\t\t\t<div class=\"elementor-spacer-inner\"><\/div>\n\t\t<\/div>\n\t\t\t\t\t\t<\/div>\n\t\t\t\t<\/div>\n\t\t\t\t\t<\/div>\n\t\t<\/div>\n\t\t\t\t\t<\/div>\n\t\t<\/section>\n\t\t\t\t<section class=\"elementor-section elementor-top-section elementor-element elementor-element-f9d5962 elementor-section-boxed elementor-section-height-default elementor-section-height-default wpr-particle-no wpr-jarallax-no wpr-parallax-no wpr-sticky-section-no wpr-equal-height-no\" data-id=\"f9d5962\" data-element_type=\"section\" data-e-type=\"section\">\n\t\t\t\t\t\t<div class=\"elementor-container elementor-column-gap-default\">\n\t\t\t\t\t<div class=\"elementor-column elementor-col-50 elementor-top-column elementor-element elementor-element-340764e\" data-id=\"340764e\" data-element_type=\"column\" data-e-type=\"column\">\n\t\t\t<div class=\"elementor-widget-wrap elementor-element-populated\">\n\t\t\t\t\t\t<div class=\"elementor-element elementor-element-0023070 elementor-widget elementor-widget-text-editor\" data-id=\"0023070\" data-element_type=\"widget\" data-e-type=\"widget\" data-widget_type=\"text-editor.default\">\n\t\t\t\t<div class=\"elementor-widget-container\">\n\t\t\t\t\t\t\t\t\t<p><strong>Rahvusvahelist ISIC \u00fcli\u00f5pilaspiletit v\u00e4ljastavad:<\/strong><\/p><ol><li style=\"font-weight: 400;\" aria-level=\"1\"><span style=\"font-weight: 400;\">Eesti \u00dcli\u00f5pilaskondade Liit kaardihalduss\u00fcsteemi <\/span><span style=\"color: #b80007;\"><strong><a style=\"color: #b80007;\" href=\"https:\/\/www.minukool.ee\/\">www.eduid.ee<\/a><\/strong><\/span><span style=\"font-weight: 400;\"> kaudu;<\/span><\/li><li style=\"font-weight: 400;\" aria-level=\"1\"><span style=\"font-weight: 400;\">SEB pank <\/span><a href=\"https:\/\/www.seb.ee\/isic\"><span style=\"font-weight: 400;\"><strong><span style=\"color: #b80007;\">www.seb.ee\/isic<\/span><\/strong><\/span><\/a><span style=\"font-weight: 400;\">;<\/span><\/li><li style=\"font-weight: 400;\" aria-level=\"1\"><span style=\"font-weight: 400;\">Swedbank <\/span><a href=\"https:\/\/www.swedbank.ee\/isic\"><span style=\"font-weight: 400;\"><strong><span style=\"color: #b80007;\">www.swedbank.ee\/isic<\/span><\/strong><\/span><\/a><span style=\"font-weight: 400;\">.<\/span><\/li><\/ol>\t\t\t\t\t\t\t\t<\/div>\n\t\t\t\t<\/div>\n\t\t\t\t\t<\/div>\n\t\t<\/div>\n\t\t\t\t<div class=\"elementor-column elementor-col-50 elementor-top-column elementor-element elementor-element-f4e9bde\" data-id=\"f4e9bde\" data-element_type=\"column\" data-e-type=\"column\">\n\t\t\t<div class=\"elementor-widget-wrap elementor-element-populated\">\n\t\t\t\t\t\t<div class=\"elementor-element elementor-element-f9b7eb1 elementor-widget__width-inherit animated-fast elementor-invisible elementor-widget elementor-widget-spacer\" data-id=\"f9b7eb1\" data-element_type=\"widget\" data-e-type=\"widget\" data-settings=\"{&quot;_animation&quot;:&quot;fadeIn&quot;}\" data-widget_type=\"spacer.default\">\n\t\t\t\t<div class=\"elementor-widget-container\">\n\t\t\t\t\t\t\t<div class=\"elementor-spacer\">\n\t\t\t<div class=\"elementor-spacer-inner\"><\/div>\n\t\t<\/div>\n\t\t\t\t\t\t<\/div>\n\t\t\t\t<\/div>\n\t\t\t\t<div class=\"elementor-element elementor-element-3d16268 elementor-widget elementor-widget-image\" data-id=\"3d16268\" data-element_type=\"widget\" data-e-type=\"widget\" data-widget_type=\"image.default\">\n\t\t\t\t<div class=\"elementor-widget-container\">\n\t\t\t\t\t\t\t\t\t\t\t\t\t\t\t<img decoding=\"async\" width=\"300\" height=\"128\" src=\"https:\/\/esindus.ee\/wp-content\/uploads\/2023\/04\/ISIC_logo_COLOUR_rgb-300x128.png\" class=\"attachment-medium size-medium wp-image-1561\" alt=\"\" srcset=\"https:\/\/esindus.ee\/wp-content\/uploads\/2023\/04\/ISIC_logo_COLOUR_rgb-300x128.png 300w, https:\/\/esindus.ee\/wp-content\/uploads\/2023\/04\/ISIC_logo_COLOUR_rgb-1024x435.png 1024w, https:\/\/esindus.ee\/wp-content\/uploads\/2023\/04\/ISIC_logo_COLOUR_rgb-768x326.png 768w, https:\/\/esindus.ee\/wp-content\/uploads\/2023\/04\/ISIC_logo_COLOUR_rgb-1536x653.png 1536w, https:\/\/esindus.ee\/wp-content\/uploads\/2023\/04\/ISIC_logo_COLOUR_rgb-18x8.png 18w, https:\/\/esindus.ee\/wp-content\/uploads\/2023\/04\/ISIC_logo_COLOUR_rgb.png 2000w\" sizes=\"(max-width: 300px) 100vw, 300px\" \/>\t\t\t\t\t\t\t\t\t\t\t\t\t\t\t<\/div>\n\t\t\t\t<\/div>\n\t\t\t\t\t<\/div>\n\t\t<\/div>\n\t\t\t\t\t<\/div>\n\t\t<\/section>\n\t\t\t\t<\/div>\n\t\t","protected":false},"excerpt":{"rendered":"<p>ISIC \u00fcli\u00f5pilaspilet \u00dcli\u00f5pilaspiletit on v\u00f5imalik taotleda v\u00e4hemalt 16-aastasel isikul, kes on immatrikuleeritud \u00fcli\u00f5pilane ning \u00f5pib k\u00f5rghariduslikul \u00f5ppekaval \u00fclikoolis, rakendusk\u00f5rgkoolis v\u00f5i kutse\u00f5ppeasutuses Eestis v\u00f5i v\u00e4lisriigis. Isik v\u00f5ib \u00f5ppida nii t\u00e4is- kui ka osakoormusel ning erinevates \u00f5ppevormides (st p\u00e4eva\u00f5pe, kaug\u00f5pe, ts\u00fckli\u00f5pe jm). Kaardi taotlemise hetkel v\u00f5ib \u00fcli\u00f5pilane olla ka akadeemilisel puhkusel. Avatud \u00fclikooli \u00f5ppuritel ei ole v\u00f5imalik ISIC \u00fcli\u00f5pilaspiletit taotleda, v.a Tartu \u00dclikooli avatud \u00fclikooli \u00f5ppe \u00f5ppuritel. Kui isik \u00f5pib Tartu \u00dclikooli avatud \u00fclikooli \u00f5ppekaval (ehk ei kuula ainult m\u00f5ningaid aineid nt eksternina, vaid l\u00e4bib kogu \u00f5ppekava), on ta immatrikuleeritud \u00fcli\u00f5pilane ja seega \u00f5igustatud ISIC \u00fcli\u00f5pilaspiletit taotlema. Teistel k\u00f5rgkoolidel ei ole avatud \u00fclikoolis kinnitatud \u00f5ppekavasid, seega ei ole tegemist ka immatrikuleeritud \u00fcli\u00f5pilastega, vaid vabakuulajatega. Eksternid, internid ja residendid ei ole \u00fclikooliseaduse m\u00f5istes \u00fcli\u00f5pilased, seega ei ole neil v\u00f5imalik \u00fcli\u00f5pilaspiletit taotleda. Rahvusvaheline ISIC \u00fcli\u00f5pilaspilet t\u00f5endab sinu \u00fcli\u00f5pilasstaatust rohkem kui 100 riigis \u00fcle maailma. ISIC pakub sulle erinevaid soodustusi Eestis 1000 ning v\u00e4lismaal 125 000 m\u00fc\u00fcgikohas. Kui taotled ISIC \u00fcli\u00f5pilaspileti pangast, on see \u00fchtlasi ka sinu pangakaart. Puutevaba kiipi sisaldavaid \u00fcli\u00f5pilaspileteid on v\u00f5imalik lisaks kasutada ka \u00f5ppeasutuse sisestes ja v\u00e4listes rakendustes, sh s\u00f5idukaardina Tallinna ja Harjumaa \u00fchistranspordis. EDUID kaardihalduss\u00fcsteemist on v\u00f5imalik taotleda nii puutevaba kiibiga kui ka kiibita ISIC \u00fcli\u00f5pilaspileteid. K\u00f5ik pangast taotletud ISIC \u00fcli\u00f5pilaspiletid sisaldavad puutevaba kiipi. Rahvusvahelist ISIC \u00fcli\u00f5pilaspiletit v\u00e4ljastavad: Eesti \u00dcli\u00f5pilaskondade Liit kaardihalduss\u00fcsteemi www.eduid.ee kaudu; SEB pank www.seb.ee\/isic; Swedbank www.swedbank.ee\/isic.<\/p>\n","protected":false},"author":1,"featured_media":0,"parent":0,"menu_order":0,"comment_status":"closed","ping_status":"closed","template":"elementor_header_footer","meta":{"_eb_attr":"","footnotes":""},"class_list":["post-397","page","type-page","status-publish","hentry"],"_links":{"self":[{"href":"https:\/\/esindus.ee\/et\/wp-json\/wp\/v2\/pages\/397","targetHints":{"allow":["GET"]}}],"collection":[{"href":"https:\/\/esindus.ee\/et\/wp-json\/wp\/v2\/pages"}],"about":[{"href":"https:\/\/esindus.ee\/et\/wp-json\/wp\/v2\/types\/page"}],"author":[{"embeddable":true,"href":"https:\/\/esindus.ee\/et\/wp-json\/wp\/v2\/users\/1"}],"replies":[{"embeddable":true,"href":"https:\/\/esindus.ee\/et\/wp-json\/wp\/v2\/comments?post=397"}],"version-history":[{"count":59,"href":"https:\/\/esindus.ee\/et\/wp-json\/wp\/v2\/pages\/397\/revisions"}],"predecessor-version":[{"id":9407,"href":"https:\/\/esindus.ee\/et\/wp-json\/wp\/v2\/pages\/397\/revisions\/9407"}],"wp:attachment":[{"href":"https:\/\/esindus.ee\/et\/wp-json\/wp\/v2\/media?parent=397"}],"curies":[{"name":"wp","href":"https:\/\/api.w.org\/{rel}","templated":true}]}}