{"id":379,"date":"2023-04-03T13:46:16","date_gmt":"2023-04-03T11:46:16","guid":{"rendered":"https:\/\/esindus.ee\/?page_id=379"},"modified":"2023-08-31T22:09:56","modified_gmt":"2023-08-31T20:09:56","slug":"toopakkumised","status":"publish","type":"page","link":"https:\/\/esindus.ee\/et\/toopakkumised\/","title":{"rendered":"T\u00f6\u00f6pakkumised"},"content":{"rendered":"\t\t<div data-elementor-type=\"wp-page\" data-elementor-id=\"379\" class=\"elementor elementor-379\">\n\t\t\t\t\t\t<section class=\"elementor-section elementor-top-section elementor-element elementor-element-5063718 elementor-section-boxed elementor-section-height-default elementor-section-height-default wpr-particle-no wpr-jarallax-no wpr-parallax-no wpr-sticky-section-no wpr-equal-height-no\" data-id=\"5063718\" data-element_type=\"section\" data-e-type=\"section\">\n\t\t\t\t\t\t<div class=\"elementor-container elementor-column-gap-default\">\n\t\t\t\t\t<div class=\"elementor-column elementor-col-100 elementor-top-column elementor-element elementor-element-48f92e0\" data-id=\"48f92e0\" data-element_type=\"column\" data-e-type=\"column\">\n\t\t\t<div class=\"elementor-widget-wrap elementor-element-populated\">\n\t\t\t\t\t\t<div class=\"elementor-element elementor-element-9f47e45 elementor-widget elementor-widget-heading\" data-id=\"9f47e45\" data-element_type=\"widget\" data-e-type=\"widget\" data-widget_type=\"heading.default\">\n\t\t\t\t<div class=\"elementor-widget-container\">\n\t\t\t\t\t<h2 class=\"elementor-heading-title elementor-size-default\">T\u00f6\u00f6pakkumised<\/h2>\t\t\t\t<\/div>\n\t\t\t\t<\/div>\n\t\t\t\t\t<\/div>\n\t\t<\/div>\n\t\t\t\t\t<\/div>\n\t\t<\/section>\n\t\t\t\t<section class=\"elementor-section elementor-top-section elementor-element elementor-element-965bf4a elementor-section-boxed elementor-section-height-default elementor-section-height-default wpr-particle-no wpr-jarallax-no wpr-parallax-no wpr-sticky-section-no wpr-equal-height-no\" data-id=\"965bf4a\" data-element_type=\"section\" data-e-type=\"section\">\n\t\t\t\t\t\t<div class=\"elementor-container elementor-column-gap-default\">\n\t\t\t\t\t<div class=\"elementor-column elementor-col-100 elementor-top-column elementor-element elementor-element-f5abc7c\" data-id=\"f5abc7c\" data-element_type=\"column\" data-e-type=\"column\">\n\t\t\t<div class=\"elementor-widget-wrap elementor-element-populated\">\n\t\t\t\t\t\t<div class=\"elementor-element elementor-element-d2678c6 elementor-widget elementor-widget-shortcode\" data-id=\"d2678c6\" data-element_type=\"widget\" data-e-type=\"widget\" data-widget_type=\"shortcode.default\">\n\t\t\t\t<div class=\"elementor-widget-container\">\n\t\t\t\t\t\t\t<div class=\"elementor-shortcode\"><div id=\"caf-post-layout-container\" class=\"caf-post-layout-container sidebar filter-layout3 post-layout1 data-target-div1\" data-post-type=\"post\" data-tax=\"post_tag\" data-terms=\"70,77,79,80,81,82,83\" data-per-page=\"21\" data-selected-terms=\"70,77,79,80,81,82,83\" data-filter-id=\"2633\" data-post-layout=\"post-layout1\" data-target-div=\"data-target-div1\"><div id=\"caf-filter-layout3\" class='caf-filter-layout data-target-div1 '>\r\n<h2>Categories<\/h2><ul class=\"caf-filter-container caf-filter-layout3\">\r\n<li><a href=\"#\" data-id=\"70,77,79,80,81,82,83\" data-main-id=\"flt\" class=\"active\" data-target-div=\"data-target-div1\"><span class=\"post_count\">6<\/span>All&nbsp;<i class=\"fa fa-angle-double-right\"><\/i><\/a><\/li><li><a href='#' class='' data-id='70' data-main-id='flt' data-target-div='data-target-div1'><span class='post_count'>0<\/span>BFM t\u00f6\u00f6pakkumised <i class='fa fa-angle-double-right'><\/i><\/a><\/li><li><a href='#' class='' data-id='77' data-main-id='flt' data-target-div='data-target-div1'><span class='post_count'>0<\/span>Digitehnoloogiate t\u00f6\u00f6pakkumised <i class='fa fa-angle-double-right'><\/i><\/a><\/li><li><a href='#' class='' data-id='79' data-main-id='flt' data-target-div='data-target-div1'><span class='post_count'>0<\/span>Haapsalu Kolled\u017ei t\u00f6\u00f6pakkumised <i class='fa fa-angle-double-right'><\/i><\/a><\/li><li><a href='#' class='' data-id='80' data-main-id='flt' data-target-div='data-target-div1'><span class='post_count'>2<\/span>Haridusteaduste t\u00f6\u00f6pakkumised <i class='fa fa-angle-double-right'><\/i><\/a><\/li><li><a href='#' class='' data-id='81' data-main-id='flt' data-target-div='data-target-div1'><span class='post_count'>0<\/span>Humanitaarteaduste t\u00f6\u00f6pakkumised <i class='fa fa-angle-double-right'><\/i><\/a><\/li><li><a href='#' class='' data-id='82' data-main-id='flt' data-target-div='data-target-div1'><span class='post_count'>3<\/span>Loodus ja terviseteaduste t\u00f6\u00f6pakkumised <i class='fa fa-angle-double-right'><\/i><\/a><\/li><li><a href='#' class='' data-id='83' data-main-id='flt' data-target-div='data-target-div1'><span class='post_count'>1<\/span>\u00dchiskonnateaduste t\u00f6\u00f6pakkumised <i class='fa fa-angle-double-right'><\/i><\/a><\/li><\/ul>\r\n<\/div>\r\n<div id='manage-ajax-response' class='caf-row'><div class=\"status\"><i class=\"fa fa-spinner\" aria-hidden=\"true\"><\/i><\/div><div class=\"content\"><\/div><\/div><\/div><\/div>\n\t\t\t\t\t\t<\/div>\n\t\t\t\t<\/div>\n\t\t\t\t\t<\/div>\n\t\t<\/div>\n\t\t\t\t\t<\/div>\n\t\t<\/section>\n\t\t\t\t<\/div>\n\t\t","protected":false},"excerpt":{"rendered":"<p>T\u00f6\u00f6pakkumised<\/p>\n","protected":false},"author":1,"featured_media":0,"parent":0,"menu_order":0,"comment_status":"closed","ping_status":"closed","template":"elementor_header_footer","meta":{"_eb_attr":"","footnotes":""},"class_list":["post-379","page","type-page","status-publish","hentry"],"_links":{"self":[{"href":"https:\/\/esindus.ee\/et\/wp-json\/wp\/v2\/pages\/379","targetHints":{"allow":["GET"]}}],"collection":[{"href":"https:\/\/esindus.ee\/et\/wp-json\/wp\/v2\/pages"}],"about":[{"href":"https:\/\/esindus.ee\/et\/wp-json\/wp\/v2\/types\/page"}],"author":[{"embeddable":true,"href":"https:\/\/esindus.ee\/et\/wp-json\/wp\/v2\/users\/1"}],"replies":[{"embeddable":true,"href":"https:\/\/esindus.ee\/et\/wp-json\/wp\/v2\/comments?post=379"}],"version-history":[{"count":56,"href":"https:\/\/esindus.ee\/et\/wp-json\/wp\/v2\/pages\/379\/revisions"}],"predecessor-version":[{"id":5194,"href":"https:\/\/esindus.ee\/et\/wp-json\/wp\/v2\/pages\/379\/revisions\/5194"}],"wp:attachment":[{"href":"https:\/\/esindus.ee\/et\/wp-json\/wp\/v2\/media?parent=379"}],"curies":[{"name":"wp","href":"https:\/\/api.w.org\/{rel}","templated":true}]}}