{"id":363,"date":"2023-04-03T13:46:32","date_gmt":"2023-04-03T11:46:32","guid":{"rendered":"https:\/\/esindus.ee\/?page_id=363"},"modified":"2025-10-06T16:56:43","modified_gmt":"2025-10-06T13:56:43","slug":"lastetuba","status":"publish","type":"page","link":"https:\/\/esindus.ee\/et\/lastetuba\/","title":{"rendered":"Lastetuba"},"content":{"rendered":"\t\t<div data-elementor-type=\"wp-page\" data-elementor-id=\"363\" class=\"elementor elementor-363\">\n\t\t\t\t\t\t<section class=\"elementor-section elementor-top-section elementor-element elementor-element-10aaf82 elementor-section-boxed elementor-section-height-default elementor-section-height-default wpr-particle-no wpr-jarallax-no wpr-parallax-no wpr-sticky-section-no wpr-equal-height-no\" data-id=\"10aaf82\" data-element_type=\"section\" data-e-type=\"section\">\n\t\t\t\t\t\t<div class=\"elementor-container elementor-column-gap-default\">\n\t\t\t\t\t<div class=\"elementor-column elementor-col-50 elementor-top-column elementor-element elementor-element-ea21663\" data-id=\"ea21663\" data-element_type=\"column\" data-e-type=\"column\">\n\t\t\t<div class=\"elementor-widget-wrap elementor-element-populated\">\n\t\t\t\t\t\t<div class=\"elementor-element elementor-element-927653f elementor-widget elementor-widget-heading\" data-id=\"927653f\" data-element_type=\"widget\" data-e-type=\"widget\" data-widget_type=\"heading.default\">\n\t\t\t\t<div class=\"elementor-widget-container\">\n\t\t\t\t\t<h2 class=\"elementor-heading-title elementor-size-default\">M\u00e4ngutuba<\/h2>\t\t\t\t<\/div>\n\t\t\t\t<\/div>\n\t\t\t\t<div class=\"elementor-element elementor-element-1f9b18a elementor-widget elementor-widget-text-editor\" data-id=\"1f9b18a\" data-element_type=\"widget\" data-e-type=\"widget\" data-widget_type=\"text-editor.default\">\n\t\t\t\t<div class=\"elementor-widget-container\">\n\t\t\t\t\t\t\t\t\t<p><span style=\"font-weight: 400;\">Tallinna \u00dclikooli m\u00e4ngutuba on avatud septembrist mai l\u00f5puni (v.a. vahen\u00e4dalatel).<\/span><\/p><p>M\u00e4ngutuba on koht, kus Tallinna \u00dclikooli tudengid ja t\u00f6\u00f6tajad saavad oma lapsega m\u00f5nusalt aega veeta, m\u00e4ngida ja \u00fchiselt puhata argip\u00e4eva toimetustest.<\/p><p>Palume arvestada, et m\u00e4ngutoas <b>ei pakuta lastehoiuteenust<\/b>. Laps v\u00f5ib m\u00e4ngutoas viibida <b>ainult vanema v\u00f5i hooldaja j\u00e4relevalve all<\/b>.<\/p><p>M\u00e4ngutuba (eelnevalt Lastetuba) algatus s\u00fcndis Tallinna \u00dclikooli \u00fcli\u00f5pilaskonna ja MT\u00dc ProjectsAreUs koost\u00f6\u00f6s, kui aktiivsed tudengitest lapsevanemad otsustasid luua \u00fclikooli peres\u00f5bralikuma keskkonna. Suur osa m\u00e4nguasjadest ja vahenditest on m\u00e4ngutuppa aja jooksul kogunenud annetuste toel, peegeldades \u00fclikoolipere \u00fchist hoolivust ja koost\u00f6\u00f6d.\u00a0<\/p><p>M\u00e4ngutoa kasutamine on \u00fclikoolipere vanematele tasuta. Ligip\u00e4\u00e4su v\u00f5i kasutussoovi korral kirjutage meiliaadressile <b>lastetuba@esindus.ee<\/b>.<\/p>\t\t\t\t\t\t\t\t<\/div>\n\t\t\t\t<\/div>\n\t\t\t\t\t<\/div>\n\t\t<\/div>\n\t\t\t\t<div class=\"elementor-column elementor-col-50 elementor-top-column elementor-element elementor-element-9e68bc2\" data-id=\"9e68bc2\" data-element_type=\"column\" data-e-type=\"column\">\n\t\t\t<div class=\"elementor-widget-wrap elementor-element-populated\">\n\t\t\t\t\t\t<div class=\"elementor-element elementor-element-b59763d elementor-widget__width-inherit animated-fast elementor-invisible elementor-widget elementor-widget-spacer\" data-id=\"b59763d\" data-element_type=\"widget\" data-e-type=\"widget\" data-settings=\"{&quot;_animation&quot;:&quot;fadeIn&quot;}\" data-widget_type=\"spacer.default\">\n\t\t\t\t<div class=\"elementor-widget-container\">\n\t\t\t\t\t\t\t<div class=\"elementor-spacer\">\n\t\t\t<div class=\"elementor-spacer-inner\"><\/div>\n\t\t<\/div>\n\t\t\t\t\t\t<\/div>\n\t\t\t\t<\/div>\n\t\t\t\t<div class=\"elementor-element elementor-element-cd01281 elementor-widget elementor-widget-image\" data-id=\"cd01281\" data-element_type=\"widget\" data-e-type=\"widget\" data-widget_type=\"image.default\">\n\t\t\t\t<div class=\"elementor-widget-container\">\n\t\t\t\t\t\t\t\t\t\t\t\t\t\t\t<img fetchpriority=\"high\" decoding=\"async\" width=\"768\" height=\"512\" src=\"https:\/\/esindus.ee\/wp-content\/uploads\/2023\/05\/marisa-howenstine-Cq9slNxV8YU-unsplash-768x512.jpg\" class=\"attachment-medium_large size-medium_large wp-image-3196\" alt=\"\" srcset=\"https:\/\/esindus.ee\/wp-content\/uploads\/2023\/05\/marisa-howenstine-Cq9slNxV8YU-unsplash-768x512.jpg 768w, https:\/\/esindus.ee\/wp-content\/uploads\/2023\/05\/marisa-howenstine-Cq9slNxV8YU-unsplash-300x200.jpg 300w, https:\/\/esindus.ee\/wp-content\/uploads\/2023\/05\/marisa-howenstine-Cq9slNxV8YU-unsplash-1024x683.jpg 1024w, https:\/\/esindus.ee\/wp-content\/uploads\/2023\/05\/marisa-howenstine-Cq9slNxV8YU-unsplash-1536x1024.jpg 1536w, https:\/\/esindus.ee\/wp-content\/uploads\/2023\/05\/marisa-howenstine-Cq9slNxV8YU-unsplash-2048x1365.jpg 2048w, https:\/\/esindus.ee\/wp-content\/uploads\/2023\/05\/marisa-howenstine-Cq9slNxV8YU-unsplash-18x12.jpg 18w\" sizes=\"(max-width: 768px) 100vw, 768px\" \/>\t\t\t\t\t\t\t\t\t\t\t\t\t\t\t<\/div>\n\t\t\t\t<\/div>\n\t\t\t\t\t<\/div>\n\t\t<\/div>\n\t\t\t\t\t<\/div>\n\t\t<\/section>\n\t\t\t\t<section class=\"elementor-section elementor-top-section elementor-element elementor-element-1520037 elementor-section-boxed elementor-section-height-default elementor-section-height-default wpr-particle-no wpr-jarallax-no wpr-parallax-no wpr-sticky-section-no wpr-equal-height-no\" data-id=\"1520037\" data-element_type=\"section\" data-e-type=\"section\">\n\t\t\t\t\t\t<div class=\"elementor-container elementor-column-gap-default\">\n\t\t\t\t\t<div class=\"elementor-column elementor-col-100 elementor-top-column elementor-element elementor-element-3c2b89b\" data-id=\"3c2b89b\" data-element_type=\"column\" data-e-type=\"column\">\n\t\t\t<div class=\"elementor-widget-wrap elementor-element-populated\">\n\t\t\t\t\t\t<div class=\"elementor-element elementor-element-96e2637 elementor-widget__width-inherit animated-fast elementor-invisible elementor-widget elementor-widget-spacer\" data-id=\"96e2637\" data-element_type=\"widget\" data-e-type=\"widget\" data-settings=\"{&quot;_animation&quot;:&quot;fadeIn&quot;}\" data-widget_type=\"spacer.default\">\n\t\t\t\t<div class=\"elementor-widget-container\">\n\t\t\t\t\t\t\t<div class=\"elementor-spacer\">\n\t\t\t<div class=\"elementor-spacer-inner\"><\/div>\n\t\t<\/div>\n\t\t\t\t\t\t<\/div>\n\t\t\t\t<\/div>\n\t\t\t\t\t<\/div>\n\t\t<\/div>\n\t\t\t\t\t<\/div>\n\t\t<\/section>\n\t\t\t\t<section class=\"elementor-section elementor-top-section elementor-element elementor-element-b53e898 elementor-section-boxed elementor-section-height-default elementor-section-height-default wpr-particle-no wpr-jarallax-no wpr-parallax-no wpr-sticky-section-no wpr-equal-height-no\" data-id=\"b53e898\" data-element_type=\"section\" data-e-type=\"section\">\n\t\t\t\t\t\t<div class=\"elementor-container elementor-column-gap-default\">\n\t\t\t\t\t<div class=\"elementor-column elementor-col-16 elementor-top-column elementor-element elementor-element-60286bf7\" data-id=\"60286bf7\" data-element_type=\"column\" data-e-type=\"column\">\n\t\t\t<div class=\"elementor-widget-wrap elementor-element-populated\">\n\t\t\t\t\t\t<div class=\"elementor-element elementor-element-2b8d142c elementor-widget__width-initial elementor-view-framed elementor-widget-tablet__width-inherit elementor-shape-circle elementor-widget elementor-widget-icon\" data-id=\"2b8d142c\" data-element_type=\"widget\" data-e-type=\"widget\" data-widget_type=\"icon.default\">\n\t\t\t\t<div class=\"elementor-widget-container\">\n\t\t\t\t\t\t\t<div class=\"elementor-icon-wrapper\">\n\t\t\t<div class=\"elementor-icon elementor-animation-bounce-in\">\n\t\t\t<i aria-hidden=\"true\" class=\"fas fa-location-arrow\"><\/i>\t\t\t<\/div>\n\t\t<\/div>\n\t\t\t\t\t\t<\/div>\n\t\t\t\t<\/div>\n\t\t\t\t\t<\/div>\n\t\t<\/div>\n\t\t\t\t<div class=\"elementor-column elementor-col-16 elementor-top-column elementor-element elementor-element-5e966976\" data-id=\"5e966976\" data-element_type=\"column\" data-e-type=\"column\">\n\t\t\t<div class=\"elementor-widget-wrap elementor-element-populated\">\n\t\t\t\t\t\t<div class=\"elementor-element elementor-element-7cf3548b elementor-widget elementor-widget-heading\" data-id=\"7cf3548b\" data-element_type=\"widget\" data-e-type=\"widget\" data-widget_type=\"heading.default\">\n\t\t\t\t<div class=\"elementor-widget-container\">\n\t\t\t\t\t<h3 class=\"elementor-heading-title elementor-size-default\">Asukoht<\/h3>\t\t\t\t<\/div>\n\t\t\t\t<\/div>\n\t\t\t\t<div class=\"elementor-element elementor-element-7dcb5c40 elementor-widget elementor-widget-text-editor\" data-id=\"7dcb5c40\" data-element_type=\"widget\" data-e-type=\"widget\" data-widget_type=\"text-editor.default\">\n\t\t\t\t<div class=\"elementor-widget-container\">\n\t\t\t\t\t\t\t\t\t<p style=\"text-align: left;\">Tallinna \u00dclikool, Silva maja, I korrus, ruum S-114<\/p>\t\t\t\t\t\t\t\t<\/div>\n\t\t\t\t<\/div>\n\t\t\t\t\t<\/div>\n\t\t<\/div>\n\t\t\t\t<div class=\"elementor-column elementor-col-16 elementor-top-column elementor-element elementor-element-44aff4ec\" data-id=\"44aff4ec\" data-element_type=\"column\" data-e-type=\"column\">\n\t\t\t<div class=\"elementor-widget-wrap elementor-element-populated\">\n\t\t\t\t\t\t<div class=\"elementor-element elementor-element-3a6d378a elementor-view-framed elementor-shape-circle elementor-widget elementor-widget-icon\" data-id=\"3a6d378a\" data-element_type=\"widget\" data-e-type=\"widget\" data-widget_type=\"icon.default\">\n\t\t\t\t<div class=\"elementor-widget-container\">\n\t\t\t\t\t\t\t<div class=\"elementor-icon-wrapper\">\n\t\t\t<div class=\"elementor-icon elementor-animation-bounce-in\">\n\t\t\t<i aria-hidden=\"true\" class=\"fas fa-mail-bulk\"><\/i>\t\t\t<\/div>\n\t\t<\/div>\n\t\t\t\t\t\t<\/div>\n\t\t\t\t<\/div>\n\t\t\t\t\t<\/div>\n\t\t<\/div>\n\t\t\t\t<div class=\"elementor-column elementor-col-16 elementor-top-column elementor-element elementor-element-2d49345c\" data-id=\"2d49345c\" data-element_type=\"column\" data-e-type=\"column\">\n\t\t\t<div class=\"elementor-widget-wrap elementor-element-populated\">\n\t\t\t\t\t\t<div class=\"elementor-element elementor-element-7521a037 elementor-widget elementor-widget-heading\" data-id=\"7521a037\" data-element_type=\"widget\" data-e-type=\"widget\" data-widget_type=\"heading.default\">\n\t\t\t\t<div class=\"elementor-widget-container\">\n\t\t\t\t\t<h3 class=\"elementor-heading-title elementor-size-default\">E-mail<\/h3>\t\t\t\t<\/div>\n\t\t\t\t<\/div>\n\t\t\t\t<div class=\"elementor-element elementor-element-1af242e7 elementor-widget elementor-widget-text-editor\" data-id=\"1af242e7\" data-element_type=\"widget\" data-e-type=\"widget\" data-widget_type=\"text-editor.default\">\n\t\t\t\t<div class=\"elementor-widget-container\">\n\t\t\t\t\t\t\t\t\t<p style=\"text-align: left;\"><a href=\"mailto:lastetuba@esindus.ee\">lastetuba@esindus.ee<\/a><\/p>\t\t\t\t\t\t\t\t<\/div>\n\t\t\t\t<\/div>\n\t\t\t\t\t<\/div>\n\t\t<\/div>\n\t\t\t\t<div class=\"elementor-column elementor-col-16 elementor-top-column elementor-element elementor-element-d15d367\" data-id=\"d15d367\" data-element_type=\"column\" data-e-type=\"column\">\n\t\t\t<div class=\"elementor-widget-wrap elementor-element-populated\">\n\t\t\t\t\t\t<div class=\"elementor-element elementor-element-3e0b770b elementor-view-framed elementor-widget__width-initial elementor-widget-mobile__width-inherit elementor-shape-circle elementor-widget elementor-widget-icon\" data-id=\"3e0b770b\" data-element_type=\"widget\" data-e-type=\"widget\" data-widget_type=\"icon.default\">\n\t\t\t\t<div class=\"elementor-widget-container\">\n\t\t\t\t\t\t\t<div class=\"elementor-icon-wrapper\">\n\t\t\t<div class=\"elementor-icon elementor-animation-bounce-in\">\n\t\t\t<i aria-hidden=\"true\" class=\"fas fa-phone-alt\"><\/i>\t\t\t<\/div>\n\t\t<\/div>\n\t\t\t\t\t\t<\/div>\n\t\t\t\t<\/div>\n\t\t\t\t\t<\/div>\n\t\t<\/div>\n\t\t\t\t<div class=\"elementor-column elementor-col-16 elementor-top-column elementor-element elementor-element-58e0db0b\" data-id=\"58e0db0b\" data-element_type=\"column\" data-e-type=\"column\">\n\t\t\t<div class=\"elementor-widget-wrap elementor-element-populated\">\n\t\t\t\t\t\t<div class=\"elementor-element elementor-element-107270f1 elementor-widget elementor-widget-heading\" data-id=\"107270f1\" data-element_type=\"widget\" data-e-type=\"widget\" data-widget_type=\"heading.default\">\n\t\t\t\t<div class=\"elementor-widget-container\">\n\t\t\t\t\t<h4 class=\"elementor-heading-title elementor-size-default\">Telefon<\/h4>\t\t\t\t<\/div>\n\t\t\t\t<\/div>\n\t\t\t\t<div class=\"elementor-element elementor-element-77824ede elementor-widget elementor-widget-text-editor\" data-id=\"77824ede\" data-element_type=\"widget\" data-e-type=\"widget\" data-widget_type=\"text-editor.default\">\n\t\t\t\t<div class=\"elementor-widget-container\">\n\t\t\t\t\t\t\t\t\t<p style=\"text-align: left;\">6 409 128<span style=\"font-family: var( --e-global-typography-text-font-family ), Sans-serif; font-size: var( --e-global-typography-text-font-size ); font-weight: var( --e-global-typography-text-font-weight ); background-color: var(--wp--preset--color--base);\">\u00a0(k\u00e4ttesaadav vaid siis kui lastetoas on hoidja)<\/span><\/p>\t\t\t\t\t\t\t\t<\/div>\n\t\t\t\t<\/div>\n\t\t\t\t\t<\/div>\n\t\t<\/div>\n\t\t\t\t\t<\/div>\n\t\t<\/section>\n\t\t\t\t<\/div>\n\t\t","protected":false},"excerpt":{"rendered":"<p>M\u00e4ngutuba Tallinna \u00dclikooli m\u00e4ngutuba on avatud septembrist mai l\u00f5puni (v.a. vahen\u00e4dalatel). M\u00e4ngutuba on koht, kus Tallinna \u00dclikooli tudengid ja t\u00f6\u00f6tajad saavad oma lapsega m\u00f5nusalt aega veeta, m\u00e4ngida ja \u00fchiselt puhata argip\u00e4eva toimetustest. Palume arvestada, et m\u00e4ngutoas ei pakuta lastehoiuteenust. Laps v\u00f5ib m\u00e4ngutoas viibida ainult vanema v\u00f5i hooldaja j\u00e4relevalve all. M\u00e4ngutuba (eelnevalt Lastetuba) algatus s\u00fcndis Tallinna \u00dclikooli \u00fcli\u00f5pilaskonna ja MT\u00dc ProjectsAreUs koost\u00f6\u00f6s, kui aktiivsed tudengitest lapsevanemad otsustasid luua \u00fclikooli peres\u00f5bralikuma keskkonna. Suur osa m\u00e4nguasjadest ja vahenditest on m\u00e4ngutuppa aja jooksul kogunenud annetuste toel, peegeldades \u00fclikoolipere \u00fchist hoolivust ja koost\u00f6\u00f6d.\u00a0 M\u00e4ngutoa kasutamine on \u00fclikoolipere vanematele tasuta. Ligip\u00e4\u00e4su v\u00f5i kasutussoovi korral kirjutage meiliaadressile lastetuba@esindus.ee. Asukoht Tallinna \u00dclikool, Silva maja, I korrus, ruum S-114 E-mail lastetuba@esindus.ee Telefon 6 409 128\u00a0(k\u00e4ttesaadav vaid siis kui lastetoas on hoidja)<\/p>\n","protected":false},"author":1,"featured_media":0,"parent":0,"menu_order":0,"comment_status":"closed","ping_status":"closed","template":"","meta":{"_eb_attr":"","footnotes":""},"class_list":["post-363","page","type-page","status-publish","hentry"],"_links":{"self":[{"href":"https:\/\/esindus.ee\/et\/wp-json\/wp\/v2\/pages\/363","targetHints":{"allow":["GET"]}}],"collection":[{"href":"https:\/\/esindus.ee\/et\/wp-json\/wp\/v2\/pages"}],"about":[{"href":"https:\/\/esindus.ee\/et\/wp-json\/wp\/v2\/types\/page"}],"author":[{"embeddable":true,"href":"https:\/\/esindus.ee\/et\/wp-json\/wp\/v2\/users\/1"}],"replies":[{"embeddable":true,"href":"https:\/\/esindus.ee\/et\/wp-json\/wp\/v2\/comments?post=363"}],"version-history":[{"count":67,"href":"https:\/\/esindus.ee\/et\/wp-json\/wp\/v2\/pages\/363\/revisions"}],"predecessor-version":[{"id":10080,"href":"https:\/\/esindus.ee\/et\/wp-json\/wp\/v2\/pages\/363\/revisions\/10080"}],"wp:attachment":[{"href":"https:\/\/esindus.ee\/et\/wp-json\/wp\/v2\/media?parent=363"}],"curies":[{"name":"wp","href":"https:\/\/api.w.org\/{rel}","templated":true}]}}