{"id":361,"date":"2023-04-03T13:46:32","date_gmt":"2023-04-03T11:46:32","guid":{"rendered":"https:\/\/esindus.ee\/?page_id=361"},"modified":"2023-12-28T09:06:41","modified_gmt":"2023-12-28T07:06:41","slug":"tudengiprojektide-rahastus","status":"publish","type":"page","link":"https:\/\/esindus.ee\/et\/tudengiprojektide-rahastus\/","title":{"rendered":"Tudengiprojektide rahastus"},"content":{"rendered":"\t\t<div data-elementor-type=\"wp-page\" data-elementor-id=\"361\" class=\"elementor elementor-361\">\n\t\t\t\t\t\t<section class=\"elementor-section elementor-top-section elementor-element elementor-element-9931d06 elementor-section-boxed elementor-section-height-default elementor-section-height-default wpr-particle-no wpr-jarallax-no wpr-parallax-no wpr-sticky-section-no wpr-equal-height-no\" data-id=\"9931d06\" data-element_type=\"section\" data-e-type=\"section\">\n\t\t\t\t\t\t<div class=\"elementor-container elementor-column-gap-default\">\n\t\t\t\t\t<div class=\"elementor-column elementor-col-100 elementor-top-column elementor-element elementor-element-e1247ec\" data-id=\"e1247ec\" data-element_type=\"column\" data-e-type=\"column\">\n\t\t\t<div class=\"elementor-widget-wrap elementor-element-populated\">\n\t\t\t\t\t\t<div class=\"elementor-element elementor-element-fb2dca5 elementor-widget elementor-widget-heading\" data-id=\"fb2dca5\" data-element_type=\"widget\" data-e-type=\"widget\" data-widget_type=\"heading.default\">\n\t\t\t\t<div class=\"elementor-widget-container\">\n\t\t\t\t\t<h2 class=\"elementor-heading-title elementor-size-default\">Teadustegevuse rahastus<\/h2>\t\t\t\t<\/div>\n\t\t\t\t<\/div>\n\t\t\t\t\t<\/div>\n\t\t<\/div>\n\t\t\t\t\t<\/div>\n\t\t<\/section>\n\t\t\t\t<section class=\"elementor-section elementor-top-section elementor-element elementor-element-a050bce elementor-section-boxed elementor-section-height-default elementor-section-height-default wpr-particle-no wpr-jarallax-no wpr-parallax-no wpr-sticky-section-no wpr-equal-height-no\" data-id=\"a050bce\" data-element_type=\"section\" data-e-type=\"section\">\n\t\t\t\t\t\t<div class=\"elementor-container elementor-column-gap-default\">\n\t\t\t\t\t<div class=\"elementor-column elementor-col-50 elementor-top-column elementor-element elementor-element-29ac27a\" data-id=\"29ac27a\" data-element_type=\"column\" data-e-type=\"column\">\n\t\t\t<div class=\"elementor-widget-wrap elementor-element-populated\">\n\t\t\t\t\t\t<div class=\"elementor-element elementor-element-bfaa5a6 elementor-widget elementor-widget-text-editor\" data-id=\"bfaa5a6\" data-element_type=\"widget\" data-e-type=\"widget\" data-widget_type=\"text-editor.default\">\n\t\t\t\t<div class=\"elementor-widget-container\">\n\t\t\t\t\t\t\t\t\t<p>Teadustegevuse toetuse eesm\u00e4rk on innustada ja toetada Tallinna \u00dclikooli \u00fcli\u00f5pilasi teadust\u00f6\u00f6s erinevatel viisidel. Olenemata sellest, kas soovid oma teadust\u00f6\u00f6d ellu viia, populariseerida teadust v\u00f5i osaleda k\u00f5rgetasemelises teadust\u00f6\u00f6s, on meie programmid m\u00f5eldud sinu teekonna toetamiseks ja teadusmaailma avardamiseks. Saada avaldus ja avasta teadusmaailma v\u00f5imalusi!<\/p><p><b>Teadust\u00f6\u00f6 l\u00e4biviimine &#8211;<\/b> Toetab \u00fcli\u00f5pilaste teadust\u00f6\u00f6ga seotud kulusid, sealhulgas andmete kogumist, vajalike t\u00f6\u00f6vahendite soetamist ja teadust\u00f6\u00f6 avaldamisega seotud kulusid. Kriteeriumid h\u00f5lmavad teadust\u00f6\u00f6 olulist panust valdkonna arengusse, interdistsiplinaarsust ja eelistust projekti jaoks, mis on koostatud erinevate \u00f5ppetasemete koost\u00f6\u00f6s. Rahastusperiood on kuni 6 kuud, toetuse \u00fclempiir on <strong>400<\/strong> <strong>eurot<\/strong>.<\/p><p><b>Teaduse populariseerimine &#8211;<\/b> Keskkond, mis keskendub teaduse populariseerimisele, toetades \u00fcrituste korraldamist, materjalide koostamist ja eriala\u00fchenduste tegevust. Toetuse saamiseks tuleb selgelt n\u00e4idata projekti seost \u00fclikooliga, laia sihtr\u00fchma ning eelistatult kaasata erinevate \u00f5ppetasemete tudengite koost\u00f6\u00f6d. Rahastusperiood on kuni 12 kuud, toetuse \u00fclempiir on <strong>800<\/strong> <strong>eurot<\/strong>.<\/p><p><b>Teadust\u00f6\u00f6 esitlemine &#8211;<\/b> Toetab tudengite teadust\u00f6\u00f6de esitlemist erinevatel s\u00fcndmustel, h\u00f5lmates osalemiskulusid, mobiilsust ning muud esitamisega seotud kulusid. Kriteeriumid n\u00f5uavad selget p\u00f5hjendust t\u00f6\u00f6 esitlemise olulisuse kohta, tudengi seost \u00fclikooliga ning kasu, mis tekib edasistes \u00f5pingutes. Rahastusperiood on kuni 6 kuud, toetuse \u00fclempiir on <strong>300<\/strong> <strong>eurot<\/strong>.<\/p><p><b>Osav\u00f5tt k\u00f5rgetasemelises teadust\u00f6\u00f6s &#8211; <\/b>\u00a0Toetab tudengite osalemist k\u00f5rgetasemelises teadust\u00f6\u00f6s, et parandada nende teadust\u00f6\u00f6 kvaliteeti ja kogemust. Toetus h\u00f5lmab osalemisega seotud kulusid, koolitust, mobiilsust ning tegevusega otseselt seotud kulusid. Kriteeriumid n\u00f5uavad selget p\u00f5hjendust toetuse vajaduse ja saadava kogemuse kohta ning projekti seost \u00fclikooliga ja valdkonna arenguga. Rahastusperiood on kuni 9 kuud, toetuse \u00fclempiir on <strong>700 eurot<\/strong>.<\/p>\t\t\t\t\t\t\t\t<\/div>\n\t\t\t\t<\/div>\n\t\t\t\t\t<\/div>\n\t\t<\/div>\n\t\t\t\t<div class=\"elementor-column elementor-col-50 elementor-top-column elementor-element elementor-element-f6c9896\" data-id=\"f6c9896\" data-element_type=\"column\" data-e-type=\"column\">\n\t\t\t<div class=\"elementor-widget-wrap elementor-element-populated\">\n\t\t\t\t\t\t<div class=\"elementor-element elementor-element-61d28bf elementor-widget__width-inherit animated-fast elementor-invisible elementor-widget elementor-widget-spacer\" data-id=\"61d28bf\" data-element_type=\"widget\" data-e-type=\"widget\" data-settings=\"{&quot;_animation&quot;:&quot;fadeIn&quot;}\" data-widget_type=\"spacer.default\">\n\t\t\t\t<div class=\"elementor-widget-container\">\n\t\t\t\t\t\t\t<div class=\"elementor-spacer\">\n\t\t\t<div class=\"elementor-spacer-inner\"><\/div>\n\t\t<\/div>\n\t\t\t\t\t\t<\/div>\n\t\t\t\t<\/div>\n\t\t\t\t<div class=\"elementor-element elementor-element-45f5619 elementor-widget elementor-widget-image\" data-id=\"45f5619\" data-element_type=\"widget\" data-e-type=\"widget\" data-widget_type=\"image.default\">\n\t\t\t\t<div class=\"elementor-widget-container\">\n\t\t\t\t\t\t\t\t\t\t\t\t\t\t\t<img fetchpriority=\"high\" decoding=\"async\" width=\"1024\" height=\"683\" src=\"https:\/\/esindus.ee\/wp-content\/uploads\/2023\/05\/scott-graham-5fNmWej4tAA-unsplash-1024x683.jpg\" class=\"attachment-large size-large wp-image-3380\" alt=\"\" srcset=\"https:\/\/esindus.ee\/wp-content\/uploads\/2023\/05\/scott-graham-5fNmWej4tAA-unsplash-1024x683.jpg 1024w, https:\/\/esindus.ee\/wp-content\/uploads\/2023\/05\/scott-graham-5fNmWej4tAA-unsplash-300x200.jpg 300w, https:\/\/esindus.ee\/wp-content\/uploads\/2023\/05\/scott-graham-5fNmWej4tAA-unsplash-768x513.jpg 768w, https:\/\/esindus.ee\/wp-content\/uploads\/2023\/05\/scott-graham-5fNmWej4tAA-unsplash-1536x1025.jpg 1536w, https:\/\/esindus.ee\/wp-content\/uploads\/2023\/05\/scott-graham-5fNmWej4tAA-unsplash-2048x1367.jpg 2048w, https:\/\/esindus.ee\/wp-content\/uploads\/2023\/05\/scott-graham-5fNmWej4tAA-unsplash-18x12.jpg 18w\" sizes=\"(max-width: 1024px) 100vw, 1024px\" \/>\t\t\t\t\t\t\t\t\t\t\t\t\t\t\t<\/div>\n\t\t\t\t<\/div>\n\t\t\t\t\t<\/div>\n\t\t<\/div>\n\t\t\t\t\t<\/div>\n\t\t<\/section>\n\t\t\t\t<section class=\"elementor-section elementor-top-section elementor-element elementor-element-0b29f41 elementor-section-boxed elementor-section-height-default elementor-section-height-default wpr-particle-no wpr-jarallax-no wpr-parallax-no wpr-sticky-section-no wpr-equal-height-no\" data-id=\"0b29f41\" data-element_type=\"section\" data-e-type=\"section\">\n\t\t\t\t\t\t<div class=\"elementor-container elementor-column-gap-default\">\n\t\t\t\t\t<div class=\"elementor-column elementor-col-100 elementor-top-column elementor-element elementor-element-c42cdf8\" data-id=\"c42cdf8\" data-element_type=\"column\" data-e-type=\"column\">\n\t\t\t<div class=\"elementor-widget-wrap elementor-element-populated\">\n\t\t\t\t\t\t<div class=\"elementor-element elementor-element-6c57257 elementor-widget__width-inherit animated-fast elementor-invisible elementor-widget elementor-widget-spacer\" data-id=\"6c57257\" data-element_type=\"widget\" data-e-type=\"widget\" data-settings=\"{&quot;_animation&quot;:&quot;fadeIn&quot;}\" data-widget_type=\"spacer.default\">\n\t\t\t\t<div class=\"elementor-widget-container\">\n\t\t\t\t\t\t\t<div class=\"elementor-spacer\">\n\t\t\t<div class=\"elementor-spacer-inner\"><\/div>\n\t\t<\/div>\n\t\t\t\t\t\t<\/div>\n\t\t\t\t<\/div>\n\t\t\t\t\t<\/div>\n\t\t<\/div>\n\t\t\t\t\t<\/div>\n\t\t<\/section>\n\t\t\t\t<section class=\"elementor-section elementor-top-section elementor-element elementor-element-bd45027 elementor-section-boxed elementor-section-height-default elementor-section-height-default wpr-particle-no wpr-jarallax-no wpr-parallax-no wpr-sticky-section-no wpr-equal-height-no\" data-id=\"bd45027\" data-element_type=\"section\" data-e-type=\"section\">\n\t\t\t\t\t\t<div class=\"elementor-container elementor-column-gap-default\">\n\t\t\t\t\t<div class=\"elementor-column elementor-col-50 elementor-top-column elementor-element elementor-element-1556a09\" data-id=\"1556a09\" data-element_type=\"column\" data-e-type=\"column\">\n\t\t\t<div class=\"elementor-widget-wrap elementor-element-populated\">\n\t\t\t\t\t\t<div class=\"elementor-element elementor-element-6b33fd2 elementor-widget elementor-widget-heading\" data-id=\"6b33fd2\" data-element_type=\"widget\" data-e-type=\"widget\" data-widget_type=\"heading.default\">\n\t\t\t\t<div class=\"elementor-widget-container\">\n\t\t\t\t\t<h2 class=\"elementor-heading-title elementor-size-default\">Taotlemine ja m\u00e4\u00e4ramine<\/h2>\t\t\t\t<\/div>\n\t\t\t\t<\/div>\n\t\t\t\t<div class=\"elementor-element elementor-element-3f535ef elementor-widget elementor-widget-text-editor\" data-id=\"3f535ef\" data-element_type=\"widget\" data-e-type=\"widget\" data-widget_type=\"text-editor.default\">\n\t\t\t\t<div class=\"elementor-widget-container\">\n\t\t\t\t\t\t\t\t\t<p>Tudengiprojekti toetuse taotlemiseks tuleb \u00dcli\u00f5pilaskonnale esitada projekti kavand vastava taotlusvormi formaadis. Taotluseid v\u00f5etakse vastu e-posti aadressil <span style=\"color: #b80007;\"><span style=\"text-decoration: underline;\"><a style=\"color: #b80007; text-decoration: underline;\" href=\"mailto:projekt@esindus.ee\">projekt@esindus.ee<\/a><\/span><\/span>.<\/p><p>Positiivse rahastusotsuse korral teavitatakse taotlejat e-posti teel, millest alates on lubatud projektiga seotud kulutusi teha.<\/p><p>Aruanne tuleb esitada koos kuludokumentidega projekti l\u00f5ppkuup\u00e4evast alates 30 p\u00e4eva jooksul. Toetus makstakse v\u00e4lja p\u00e4rast aruande kinnitamist (ehk tagasiulatuvalt).<\/p><p>Eelistatakse projekte, mis on madala eelarvega ja on p\u00f5hjendatud ning selge tegevusplaaniga.<\/p><p>K\u00fcsimuste korral v\u00f5ib p\u00f6\u00f6rduda <span style=\"text-decoration: underline; color: #b80007;\"><a style=\"color: #b80007; text-decoration: underline;\" href=\"mailto:projekt@esindus.ee\">projekt@esindus.ee<\/a><\/span>.<\/p>\t\t\t\t\t\t\t\t<\/div>\n\t\t\t\t<\/div>\n\t\t\t\t\t<\/div>\n\t\t<\/div>\n\t\t\t\t<div class=\"elementor-column elementor-col-50 elementor-top-column elementor-element elementor-element-ecd2561\" data-id=\"ecd2561\" data-element_type=\"column\" data-e-type=\"column\">\n\t\t\t<div class=\"elementor-widget-wrap elementor-element-populated\">\n\t\t\t\t\t\t<div class=\"elementor-element elementor-element-fc9eb36 elementor-widget elementor-widget-heading\" data-id=\"fc9eb36\" data-element_type=\"widget\" data-e-type=\"widget\" data-widget_type=\"heading.default\">\n\t\t\t\t<div class=\"elementor-widget-container\">\n\t\t\t\t\t<h2 class=\"elementor-heading-title elementor-size-default\">Vormid<\/h2>\t\t\t\t<\/div>\n\t\t\t\t<\/div>\n\t\t\t\t<div class=\"elementor-element elementor-element-632bb0e elementor-widget elementor-widget-text-editor\" data-id=\"632bb0e\" data-element_type=\"widget\" data-e-type=\"widget\" data-widget_type=\"text-editor.default\">\n\t\t\t\t<div class=\"elementor-widget-container\">\n\t\t\t\t\t\t\t\t\t<p><strong><span style=\"text-decoration: underline;\"><a href=\"https:\/\/drive.google.com\/file\/d\/1CN9OjiZjnHt0SJRBN37I5uORbWNu9b3B\/view?usp=sharing\">Taotlemise_ja_menetlemise kord<\/a><\/span><\/strong><\/p><p><strong><span style=\"text-decoration: underline;\"><a href=\"https:\/\/drive.google.com\/file\/d\/1vC--Mnku6FYIfdEvIH_15zWomry1iD9D\/view?usp=sharing\">Taotluse vorm<\/a><\/span><\/strong><\/p><p><strong><span style=\"text-decoration: underline;\"><a href=\"https:\/\/drive.google.com\/file\/d\/1GB2NslcEuepffJdJQmFWvLWxSKcT4r1J\/view?usp=sharing\">Aruandluse vorm<\/a><\/span><\/strong><\/p><p>\u00a0<\/p>\t\t\t\t\t\t\t\t<\/div>\n\t\t\t\t<\/div>\n\t\t\t\t\t<\/div>\n\t\t<\/div>\n\t\t\t\t\t<\/div>\n\t\t<\/section>\n\t\t\t\t<\/div>\n\t\t","protected":false},"excerpt":{"rendered":"<p>Teadustegevuse rahastus Teadustegevuse toetuse eesm\u00e4rk on innustada ja toetada Tallinna \u00dclikooli \u00fcli\u00f5pilasi teadust\u00f6\u00f6s erinevatel viisidel. Olenemata sellest, kas soovid oma teadust\u00f6\u00f6d ellu viia, populariseerida teadust v\u00f5i osaleda k\u00f5rgetasemelises teadust\u00f6\u00f6s, on meie programmid m\u00f5eldud sinu teekonna toetamiseks ja teadusmaailma avardamiseks. Saada avaldus ja avasta teadusmaailma v\u00f5imalusi! Teadust\u00f6\u00f6 l\u00e4biviimine &#8211; Toetab \u00fcli\u00f5pilaste teadust\u00f6\u00f6ga seotud kulusid, sealhulgas andmete kogumist, vajalike t\u00f6\u00f6vahendite soetamist ja teadust\u00f6\u00f6 avaldamisega seotud kulusid. Kriteeriumid h\u00f5lmavad teadust\u00f6\u00f6 olulist panust valdkonna arengusse, interdistsiplinaarsust ja eelistust projekti jaoks, mis on koostatud erinevate \u00f5ppetasemete koost\u00f6\u00f6s. Rahastusperiood on kuni 6 kuud, toetuse \u00fclempiir on 400 eurot. Teaduse populariseerimine &#8211; Keskkond, mis keskendub teaduse populariseerimisele, toetades \u00fcrituste korraldamist, materjalide koostamist ja eriala\u00fchenduste tegevust. Toetuse saamiseks tuleb selgelt n\u00e4idata projekti seost \u00fclikooliga, laia sihtr\u00fchma ning eelistatult kaasata erinevate \u00f5ppetasemete tudengite koost\u00f6\u00f6d. Rahastusperiood on kuni 12 kuud, toetuse \u00fclempiir on 800 eurot. Teadust\u00f6\u00f6 esitlemine &#8211; Toetab tudengite teadust\u00f6\u00f6de esitlemist erinevatel s\u00fcndmustel, h\u00f5lmates osalemiskulusid, mobiilsust ning muud esitamisega seotud kulusid. Kriteeriumid n\u00f5uavad selget p\u00f5hjendust t\u00f6\u00f6 esitlemise olulisuse kohta, tudengi seost \u00fclikooliga ning kasu, mis tekib edasistes \u00f5pingutes. Rahastusperiood on kuni 6 kuud, toetuse \u00fclempiir on 300 eurot. Osav\u00f5tt k\u00f5rgetasemelises teadust\u00f6\u00f6s &#8211; \u00a0Toetab tudengite osalemist k\u00f5rgetasemelises teadust\u00f6\u00f6s, et parandada nende teadust\u00f6\u00f6 kvaliteeti ja kogemust. Toetus h\u00f5lmab osalemisega seotud kulusid, koolitust, mobiilsust ning tegevusega otseselt seotud kulusid. Kriteeriumid n\u00f5uavad selget p\u00f5hjendust toetuse vajaduse ja saadava kogemuse kohta ning projekti seost \u00fclikooliga ja valdkonna arenguga. Rahastusperiood on kuni 9 kuud, toetuse \u00fclempiir on 700 eurot. Taotlemine ja m\u00e4\u00e4ramine Tudengiprojekti toetuse taotlemiseks tuleb \u00dcli\u00f5pilaskonnale esitada projekti kavand vastava taotlusvormi formaadis. Taotluseid v\u00f5etakse vastu e-posti aadressil projekt@esindus.ee. Positiivse rahastusotsuse korral teavitatakse taotlejat e-posti teel, millest alates on lubatud projektiga seotud kulutusi teha. Aruanne tuleb esitada koos kuludokumentidega projekti l\u00f5ppkuup\u00e4evast alates 30 p\u00e4eva jooksul. Toetus makstakse v\u00e4lja p\u00e4rast aruande kinnitamist (ehk tagasiulatuvalt). Eelistatakse projekte, mis on madala eelarvega ja on p\u00f5hjendatud ning selge tegevusplaaniga. K\u00fcsimuste korral v\u00f5ib p\u00f6\u00f6rduda projekt@esindus.ee. Vormid Taotlemise_ja_menetlemise kord Taotluse vorm Aruandluse vorm \u00a0<\/p>\n","protected":false},"author":1,"featured_media":0,"parent":0,"menu_order":0,"comment_status":"closed","ping_status":"closed","template":"blank","meta":{"_eb_attr":"","footnotes":""},"class_list":["post-361","page","type-page","status-publish","hentry"],"_links":{"self":[{"href":"https:\/\/esindus.ee\/et\/wp-json\/wp\/v2\/pages\/361","targetHints":{"allow":["GET"]}}],"collection":[{"href":"https:\/\/esindus.ee\/et\/wp-json\/wp\/v2\/pages"}],"about":[{"href":"https:\/\/esindus.ee\/et\/wp-json\/wp\/v2\/types\/page"}],"author":[{"embeddable":true,"href":"https:\/\/esindus.ee\/et\/wp-json\/wp\/v2\/users\/1"}],"replies":[{"embeddable":true,"href":"https:\/\/esindus.ee\/et\/wp-json\/wp\/v2\/comments?post=361"}],"version-history":[{"count":56,"href":"https:\/\/esindus.ee\/et\/wp-json\/wp\/v2\/pages\/361\/revisions"}],"predecessor-version":[{"id":5931,"href":"https:\/\/esindus.ee\/et\/wp-json\/wp\/v2\/pages\/361\/revisions\/5931"}],"wp:attachment":[{"href":"https:\/\/esindus.ee\/et\/wp-json\/wp\/v2\/media?parent=361"}],"curies":[{"name":"wp","href":"https:\/\/api.w.org\/{rel}","templated":true}]}}