{"id":318,"date":"2023-04-03T12:32:37","date_gmt":"2023-04-03T10:32:37","guid":{"rendered":"https:\/\/esindus.ee\/?page_id=318"},"modified":"2024-11-25T20:11:57","modified_gmt":"2024-11-25T17:11:57","slug":"kursusevanemad","status":"publish","type":"page","link":"https:\/\/esindus.ee\/et\/kursusevanemad\/","title":{"rendered":"Kursusevanemad"},"content":{"rendered":"\t\t<div data-elementor-type=\"wp-page\" data-elementor-id=\"318\" class=\"elementor elementor-318\">\n\t\t\t\t\t\t<section class=\"elementor-section elementor-top-section elementor-element elementor-element-17ddbd5f elementor-section-content-middle elementor-section-boxed elementor-section-height-default elementor-section-height-default wpr-particle-no wpr-jarallax-no wpr-parallax-no wpr-sticky-section-no wpr-equal-height-no\" data-id=\"17ddbd5f\" data-element_type=\"section\" data-e-type=\"section\">\n\t\t\t\t\t\t<div class=\"elementor-container elementor-column-gap-no\">\n\t\t\t\t\t<div class=\"elementor-column elementor-col-50 elementor-top-column elementor-element elementor-element-7cefe461\" data-id=\"7cefe461\" data-element_type=\"column\" data-e-type=\"column\">\n\t\t\t<div class=\"elementor-widget-wrap elementor-element-populated\">\n\t\t\t\t\t\t<div class=\"elementor-element elementor-element-79795869 elementor-widget elementor-widget-heading\" data-id=\"79795869\" data-element_type=\"widget\" data-e-type=\"widget\" data-widget_type=\"heading.default\">\n\t\t\t\t<div class=\"elementor-widget-container\">\n\t\t\t\t\t<h2 class=\"elementor-heading-title elementor-size-default\">Kursusevanemad<\/h2>\t\t\t\t<\/div>\n\t\t\t\t<\/div>\n\t\t\t\t<div class=\"elementor-element elementor-element-10b0a09 elementor-widget elementor-widget-text-editor\" data-id=\"10b0a09\" data-element_type=\"widget\" data-e-type=\"widget\" data-widget_type=\"text-editor.default\">\n\t\t\t\t<div class=\"elementor-widget-container\">\n\t\t\t\t\t\t\t\t\t<p><span style=\"font-weight: 400;\">Kursusevanem on <strong>kursuse k\u00f5ige t\u00e4htsam inimene<\/strong>, kelle kaudu j\u00f5uavad tudengite mured, ideed ning ettepanekud \u00fcli\u00f5pilasn\u00f5ukogusse ja \u00fclikooli ning tudengiorganisatsioonide info kursuseni.<\/span><\/p><p><span style=\"font-weight: 400;\">Tallinna \u00dclikooli \u00fcli\u00f5pilaskonna volikogu on vastu v\u00f5tnud ka kursusevanemate statuudi.<\/span><\/p><p><span style=\"font-weight: 400;\"><strong>Statuudis<\/strong> on toodud kursusevanema valimistega seotud informatsioon, erimeelsustega seotu, kursusevanema omaduste kirjeldus, kursusevanemate h\u00fcvede ja \u00f5iguste informatsioon ning kursusevanema kohustustega seotud info.<\/span><\/p><p><span style=\"font-weight: 400;\">Kursusevanemate statuut on leitav <\/span><span style=\"text-decoration: underline; color: #b80007;\"><a style=\"color: #b80007;\" href=\"https:\/\/drive.google.com\/file\/d\/0B3rdrSFNWjnGaDB6YUFwcVBNLW8\/view\" target=\"_blank\" rel=\"noopener\"><b>SIIT<\/b><\/a><\/span>.<\/p>\t\t\t\t\t\t\t\t<\/div>\n\t\t\t\t<\/div>\n\t\t\t\t\t<\/div>\n\t\t<\/div>\n\t\t\t\t<div class=\"elementor-column elementor-col-50 elementor-top-column elementor-element elementor-element-12c61868\" data-id=\"12c61868\" data-element_type=\"column\" data-e-type=\"column\">\n\t\t\t<div class=\"elementor-widget-wrap elementor-element-populated\">\n\t\t\t\t\t\t<div class=\"elementor-element elementor-element-31c5cca7 elementor-widget elementor-widget-image\" data-id=\"31c5cca7\" data-element_type=\"widget\" data-e-type=\"widget\" data-widget_type=\"image.default\">\n\t\t\t\t<div class=\"elementor-widget-container\">\n\t\t\t\t\t\t\t\t\t\t\t\t\t\t\t<img fetchpriority=\"high\" decoding=\"async\" width=\"768\" height=\"576\" src=\"https:\/\/esindus.ee\/wp-content\/uploads\/2023\/05\/nick-morrison-FHnnjk1Yj7Y-unsplash-768x576.jpg\" class=\"attachment-medium_large size-medium_large wp-image-3806\" alt=\"\" srcset=\"https:\/\/esindus.ee\/wp-content\/uploads\/2023\/05\/nick-morrison-FHnnjk1Yj7Y-unsplash-768x576.jpg 768w, https:\/\/esindus.ee\/wp-content\/uploads\/2023\/05\/nick-morrison-FHnnjk1Yj7Y-unsplash-300x225.jpg 300w, https:\/\/esindus.ee\/wp-content\/uploads\/2023\/05\/nick-morrison-FHnnjk1Yj7Y-unsplash-1024x768.jpg 1024w, https:\/\/esindus.ee\/wp-content\/uploads\/2023\/05\/nick-morrison-FHnnjk1Yj7Y-unsplash-1536x1152.jpg 1536w, https:\/\/esindus.ee\/wp-content\/uploads\/2023\/05\/nick-morrison-FHnnjk1Yj7Y-unsplash-2048x1536.jpg 2048w, https:\/\/esindus.ee\/wp-content\/uploads\/2023\/05\/nick-morrison-FHnnjk1Yj7Y-unsplash-16x12.jpg 16w\" sizes=\"(max-width: 768px) 100vw, 768px\" \/>\t\t\t\t\t\t\t\t\t\t\t\t\t\t\t<\/div>\n\t\t\t\t<\/div>\n\t\t\t\t\t<\/div>\n\t\t<\/div>\n\t\t\t\t\t<\/div>\n\t\t<\/section>\n\t\t\t\t<section class=\"elementor-section elementor-top-section elementor-element elementor-element-260bc0b0 elementor-section-boxed elementor-section-height-default elementor-section-height-default wpr-particle-no wpr-jarallax-no wpr-parallax-no wpr-sticky-section-no wpr-equal-height-no\" data-id=\"260bc0b0\" data-element_type=\"section\" data-e-type=\"section\" data-settings=\"{&quot;background_background&quot;:&quot;gradient&quot;}\">\n\t\t\t\t\t\t<div class=\"elementor-container elementor-column-gap-default\">\n\t\t\t\t\t<div class=\"elementor-column elementor-col-100 elementor-top-column elementor-element elementor-element-1727f714\" data-id=\"1727f714\" data-element_type=\"column\" data-e-type=\"column\">\n\t\t\t<div class=\"elementor-widget-wrap elementor-element-populated\">\n\t\t\t\t\t\t<div class=\"elementor-element elementor-element-5d194a83 elementor-widget__width-inherit animated-fast elementor-invisible elementor-widget elementor-widget-spacer\" data-id=\"5d194a83\" data-element_type=\"widget\" data-e-type=\"widget\" data-settings=\"{&quot;_animation&quot;:&quot;fadeIn&quot;}\" data-widget_type=\"spacer.default\">\n\t\t\t\t<div class=\"elementor-widget-container\">\n\t\t\t\t\t\t\t<div class=\"elementor-spacer\">\n\t\t\t<div class=\"elementor-spacer-inner\"><\/div>\n\t\t<\/div>\n\t\t\t\t\t\t<\/div>\n\t\t\t\t<\/div>\n\t\t\t\t\t<\/div>\n\t\t<\/div>\n\t\t\t\t\t<\/div>\n\t\t<\/section>\n\t\t\t\t<section class=\"elementor-section elementor-top-section elementor-element elementor-element-47cb8260 elementor-section-boxed elementor-section-height-default elementor-section-height-default wpr-particle-no wpr-jarallax-no wpr-parallax-no wpr-sticky-section-no wpr-equal-height-no\" data-id=\"47cb8260\" data-element_type=\"section\" data-e-type=\"section\">\n\t\t\t\t\t\t<div class=\"elementor-container elementor-column-gap-default\">\n\t\t\t\t\t<div class=\"elementor-column elementor-col-50 elementor-top-column elementor-element elementor-element-fd67826\" data-id=\"fd67826\" data-element_type=\"column\" data-e-type=\"column\">\n\t\t\t<div class=\"elementor-widget-wrap elementor-element-populated\">\n\t\t\t\t\t\t<div class=\"elementor-element elementor-element-23df9d7 elementor-widget elementor-widget-heading\" data-id=\"23df9d7\" data-element_type=\"widget\" data-e-type=\"widget\" data-widget_type=\"heading.default\">\n\t\t\t\t<div class=\"elementor-widget-container\">\n\t\t\t\t\t<h3 class=\"elementor-heading-title elementor-size-default\">Kursusevanema \u00fclesanded<\/h3>\t\t\t\t<\/div>\n\t\t\t\t<\/div>\n\t\t\t\t<div class=\"elementor-element elementor-element-6273d5ca elementor-widget__width-initial elementor-widget elementor-widget-text-editor\" data-id=\"6273d5ca\" data-element_type=\"widget\" data-e-type=\"widget\" data-widget_type=\"text-editor.default\">\n\t\t\t\t<div class=\"elementor-widget-container\">\n\t\t\t\t\t\t\t\t\t<ol><li style=\"text-align: left;\"><span style=\"font-weight: 400;\">\u00a0kursusekaaslastele info edastamine;<\/span><\/li><li style=\"text-align: left;\"><span style=\"font-weight: 400;\">kursusekaaslaste abistamine \u2013 kursusevanem teab, kuhu tema kursusekaaslane murega p\u00f6\u00f6rduma peab;<\/span><\/li><li style=\"text-align: left;\"><span style=\"font-weight: 400;\">kursuse ettepanekute, murede ja ideede toomine \u00fcli\u00f5pilasn\u00f5ukogusse ja vahendamine akadeemilisse \u00fcksusesse.<\/span><\/li><\/ol>\t\t\t\t\t\t\t\t<\/div>\n\t\t\t\t<\/div>\n\t\t\t\t\t<\/div>\n\t\t<\/div>\n\t\t\t\t<div class=\"elementor-column elementor-col-50 elementor-top-column elementor-element elementor-element-753ff5c7\" data-id=\"753ff5c7\" data-element_type=\"column\" data-e-type=\"column\">\n\t\t\t<div class=\"elementor-widget-wrap elementor-element-populated\">\n\t\t\t\t\t\t<div class=\"elementor-element elementor-element-41f1f4a6 elementor-widget elementor-widget-heading\" data-id=\"41f1f4a6\" data-element_type=\"widget\" data-e-type=\"widget\" data-widget_type=\"heading.default\">\n\t\t\t\t<div class=\"elementor-widget-container\">\n\t\t\t\t\t<h3 class=\"elementor-heading-title elementor-size-default\">Kursusevanema eelised<\/h3>\t\t\t\t<\/div>\n\t\t\t\t<\/div>\n\t\t\t\t<div class=\"elementor-element elementor-element-8e2e154 elementor-widget__width-initial elementor-widget elementor-widget-text-editor\" data-id=\"8e2e154\" data-element_type=\"widget\" data-e-type=\"widget\" data-widget_type=\"text-editor.default\">\n\t\t\t\t<div class=\"elementor-widget-container\">\n\t\t\t\t\t\t\t\t\t<ol><li style=\"text-align: left;\"><span style=\"font-weight: 400;\">\u00a0omab alati teistest rohkem kasulikku informatsiooni;<\/span><\/li><li style=\"text-align: left;\"><span style=\"font-weight: 400;\">tal on hea v\u00f5imalus osa saada \u00fcli\u00f5pilaskonna korraldatavatest koolitustest;<\/span><\/li><li style=\"text-align: left;\"><span style=\"font-weight: 400;\">tutvused ja nendega seotud eelised nii \u00f5ppet\u00f6\u00f6s kui ka tudengielus;<\/span><\/li><li style=\"text-align: left;\"><span style=\"font-weight: 400;\">teatud \u00fcli\u00f5pilaskonna \u00fcritustele on v\u00f5imalik kursusevanemal sisse saada soodushinnaga (sellest teavitatakse kursusevanemaid eraldi).<\/span><\/li><\/ol>\t\t\t\t\t\t\t\t<\/div>\n\t\t\t\t<\/div>\n\t\t\t\t\t<\/div>\n\t\t<\/div>\n\t\t\t\t\t<\/div>\n\t\t<\/section>\n\t\t\t\t<\/div>\n\t\t","protected":false},"excerpt":{"rendered":"<p>Kursusevanemad Kursusevanem on kursuse k\u00f5ige t\u00e4htsam inimene, kelle kaudu j\u00f5uavad tudengite mured, ideed ning ettepanekud \u00fcli\u00f5pilasn\u00f5ukogusse ja \u00fclikooli ning tudengiorganisatsioonide info kursuseni. Tallinna \u00dclikooli \u00fcli\u00f5pilaskonna volikogu on vastu v\u00f5tnud ka kursusevanemate statuudi. Statuudis on toodud kursusevanema valimistega seotud informatsioon, erimeelsustega seotu, kursusevanema omaduste kirjeldus, kursusevanemate h\u00fcvede ja \u00f5iguste informatsioon ning kursusevanema kohustustega seotud info. Kursusevanemate statuut on leitav SIIT. Kursusevanema \u00fclesanded \u00a0kursusekaaslastele info edastamine; kursusekaaslaste abistamine \u2013 kursusevanem teab, kuhu tema kursusekaaslane murega p\u00f6\u00f6rduma peab; kursuse ettepanekute, murede ja ideede toomine \u00fcli\u00f5pilasn\u00f5ukogusse ja vahendamine akadeemilisse \u00fcksusesse. Kursusevanema eelised \u00a0omab alati teistest rohkem kasulikku informatsiooni; tal on hea v\u00f5imalus osa saada \u00fcli\u00f5pilaskonna korraldatavatest koolitustest; tutvused ja nendega seotud eelised nii \u00f5ppet\u00f6\u00f6s kui ka tudengielus; teatud \u00fcli\u00f5pilaskonna \u00fcritustele on v\u00f5imalik kursusevanemal sisse saada soodushinnaga (sellest teavitatakse kursusevanemaid eraldi).<\/p>\n","protected":false},"author":1,"featured_media":0,"parent":0,"menu_order":0,"comment_status":"closed","ping_status":"closed","template":"elementor_header_footer","meta":{"_eb_attr":"","footnotes":""},"class_list":["post-318","page","type-page","status-publish","hentry"],"_links":{"self":[{"href":"https:\/\/esindus.ee\/et\/wp-json\/wp\/v2\/pages\/318","targetHints":{"allow":["GET"]}}],"collection":[{"href":"https:\/\/esindus.ee\/et\/wp-json\/wp\/v2\/pages"}],"about":[{"href":"https:\/\/esindus.ee\/et\/wp-json\/wp\/v2\/types\/page"}],"author":[{"embeddable":true,"href":"https:\/\/esindus.ee\/et\/wp-json\/wp\/v2\/users\/1"}],"replies":[{"embeddable":true,"href":"https:\/\/esindus.ee\/et\/wp-json\/wp\/v2\/comments?post=318"}],"version-history":[{"count":62,"href":"https:\/\/esindus.ee\/et\/wp-json\/wp\/v2\/pages\/318\/revisions"}],"predecessor-version":[{"id":9064,"href":"https:\/\/esindus.ee\/et\/wp-json\/wp\/v2\/pages\/318\/revisions\/9064"}],"wp:attachment":[{"href":"https:\/\/esindus.ee\/et\/wp-json\/wp\/v2\/media?parent=318"}],"curies":[{"name":"wp","href":"https:\/\/api.w.org\/{rel}","templated":true}]}}