{"id":306,"date":"2023-04-03T12:31:51","date_gmt":"2023-04-03T10:31:51","guid":{"rendered":"https:\/\/esindus.ee\/?page_id=306"},"modified":"2026-03-29T21:31:12","modified_gmt":"2026-03-29T18:31:12","slug":"digitehnoloogiate-un","status":"publish","type":"page","link":"https:\/\/esindus.ee\/et\/digitehnoloogiate-un\/","title":{"rendered":"Digitehnoloogiate instituudi \u00dcN"},"content":{"rendered":"\t\t<div data-elementor-type=\"wp-page\" data-elementor-id=\"306\" class=\"elementor elementor-306\">\n\t\t\t\t\t\t<section class=\"elementor-section elementor-top-section elementor-element elementor-element-3e36940 elementor-section-boxed elementor-section-height-default elementor-section-height-default wpr-particle-no wpr-jarallax-no wpr-parallax-no wpr-sticky-section-no wpr-equal-height-no\" data-id=\"3e36940\" data-element_type=\"section\" data-e-type=\"section\">\n\t\t\t\t\t\t<div class=\"elementor-container elementor-column-gap-default\">\n\t\t\t\t\t<div class=\"elementor-column elementor-col-100 elementor-top-column elementor-element elementor-element-8f0a581\" data-id=\"8f0a581\" data-element_type=\"column\" data-e-type=\"column\">\n\t\t\t<div class=\"elementor-widget-wrap elementor-element-populated\">\n\t\t\t\t\t\t<div class=\"elementor-element elementor-element-37d9af30 elementor-widget elementor-widget-heading\" data-id=\"37d9af30\" data-element_type=\"widget\" data-e-type=\"widget\" data-widget_type=\"heading.default\">\n\t\t\t\t<div class=\"elementor-widget-container\">\n\t\t\t\t\t<h2 class=\"elementor-heading-title elementor-size-default\">Digitehnoloogiate instituudi \u00fcli\u00f5pilasn\u00f5ukogu - DigiTech \u00dcN<\/h2>\t\t\t\t<\/div>\n\t\t\t\t<\/div>\n\t\t\t\t\t<\/div>\n\t\t<\/div>\n\t\t\t\t\t<\/div>\n\t\t<\/section>\n\t\t\t\t<section class=\"elementor-section elementor-top-section elementor-element elementor-element-6dfb100 elementor-section-boxed elementor-section-height-default elementor-section-height-default wpr-particle-no wpr-jarallax-no wpr-parallax-no wpr-sticky-section-no wpr-equal-height-no\" data-id=\"6dfb100\" data-element_type=\"section\" data-e-type=\"section\">\n\t\t\t\t\t\t<div class=\"elementor-container elementor-column-gap-default\">\n\t\t\t\t\t<div class=\"elementor-column elementor-col-66 elementor-top-column elementor-element elementor-element-feb5d27\" data-id=\"feb5d27\" data-element_type=\"column\" data-e-type=\"column\">\n\t\t\t<div class=\"elementor-widget-wrap elementor-element-populated\">\n\t\t\t\t\t\t<div class=\"elementor-element elementor-element-70804f4 elementor-widget__width-inherit elementor-widget elementor-widget-text-editor\" data-id=\"70804f4\" data-element_type=\"widget\" data-e-type=\"widget\" data-widget_type=\"text-editor.default\">\n\t\t\t\t<div class=\"elementor-widget-container\">\n\t\t\t\t\t\t\t\t\t<p><span style=\"font-weight: 400;\">Digitehnoloogiate instituudi \u00fcli\u00f5pilasn\u00f5ukogu DigiTech esindab informaatika, infoteaduste ja matemaatika erialade tudengeid. <\/span><\/p><p><span style=\"font-weight: 400;\"><strong>DigiTechi eesm\u00e4rk<\/strong> on esindada oma instituudi \u00fcli\u00f5pilaste huve, neid aidata ja nende igap\u00e4evast kooli- ja \u00fcli\u00f5pilaselu korraldada ning arendada.<\/span><\/p>\t\t\t\t\t\t\t\t<\/div>\n\t\t\t\t<\/div>\n\t\t\t\t\t<\/div>\n\t\t<\/div>\n\t\t\t\t<div class=\"elementor-column elementor-col-33 elementor-top-column elementor-element elementor-element-4ce8d6a\" data-id=\"4ce8d6a\" data-element_type=\"column\" data-e-type=\"column\">\n\t\t\t<div class=\"elementor-widget-wrap elementor-element-populated\">\n\t\t\t\t\t\t<div class=\"elementor-element elementor-element-3cf7fdf elementor-widget elementor-widget-image\" data-id=\"3cf7fdf\" data-element_type=\"widget\" data-e-type=\"widget\" data-widget_type=\"image.default\">\n\t\t\t\t<div class=\"elementor-widget-container\">\n\t\t\t\t\t\t\t\t\t\t\t\t\t\t\t<img decoding=\"async\" width=\"150\" height=\"150\" src=\"https:\/\/esindus.ee\/wp-content\/uploads\/2023\/04\/DigiTechPNG-150x150.png\" class=\"attachment-thumbnail size-thumbnail wp-image-869\" alt=\"Digitehnoloogiate instituut\" srcset=\"https:\/\/esindus.ee\/wp-content\/uploads\/2023\/04\/DigiTechPNG-150x150.png 150w, https:\/\/esindus.ee\/wp-content\/uploads\/2023\/04\/DigiTechPNG-13x12.png 13w\" sizes=\"(max-width: 150px) 100vw, 150px\" \/>\t\t\t\t\t\t\t\t\t\t\t\t\t\t\t<\/div>\n\t\t\t\t<\/div>\n\t\t\t\t\t<\/div>\n\t\t<\/div>\n\t\t\t\t\t<\/div>\n\t\t<\/section>\n\t\t\t\t<section class=\"elementor-section elementor-top-section elementor-element elementor-element-563006b elementor-section-boxed elementor-section-height-default elementor-section-height-default wpr-particle-no wpr-jarallax-no wpr-parallax-no wpr-sticky-section-no wpr-equal-height-no\" data-id=\"563006b\" data-element_type=\"section\" data-e-type=\"section\">\n\t\t\t\t\t\t<div class=\"elementor-container elementor-column-gap-default\">\n\t\t\t\t\t<div class=\"elementor-column elementor-col-50 elementor-top-column elementor-element elementor-element-ac332d2\" data-id=\"ac332d2\" data-element_type=\"column\" data-e-type=\"column\">\n\t\t\t<div class=\"elementor-widget-wrap elementor-element-populated\">\n\t\t\t\t\t\t<div class=\"elementor-element elementor-element-df55160 elementor-widget elementor-widget-text-editor\" data-id=\"df55160\" data-element_type=\"widget\" data-e-type=\"widget\" data-widget_type=\"text-editor.default\">\n\t\t\t\t<div class=\"elementor-widget-container\">\n\t\t\t\t\t\t\t\t\t<p><span style=\"font-weight: 400;\">Oleme k\u00f5ige v\u00e4iksem \u00fclikooli instituut, kuid liikmeskond on meil suur ja kokkuhoidev ning <strong>ootame sind liituma<\/strong>!<\/span><\/p>\t\t\t\t\t\t\t\t<\/div>\n\t\t\t\t<\/div>\n\t\t\t\t<div class=\"elementor-element elementor-element-f4df64d elementor-view-default elementor-widget elementor-widget-icon\" data-id=\"f4df64d\" data-element_type=\"widget\" data-e-type=\"widget\" data-widget_type=\"icon.default\">\n\t\t\t\t<div class=\"elementor-widget-container\">\n\t\t\t\t\t\t\t<div class=\"elementor-icon-wrapper\">\n\t\t\t<div class=\"elementor-icon\">\n\t\t\t<i aria-hidden=\"true\" class=\"fas fa-users\"><\/i>\t\t\t<\/div>\n\t\t<\/div>\n\t\t\t\t\t\t<\/div>\n\t\t\t\t<\/div>\n\t\t\t\t<div class=\"elementor-element elementor-element-d53cc03 elementor-widget elementor-widget-heading\" data-id=\"d53cc03\" data-element_type=\"widget\" data-e-type=\"widget\" data-widget_type=\"heading.default\">\n\t\t\t\t<div class=\"elementor-widget-container\">\n\t\t\t\t\t<h2 class=\"elementor-heading-title elementor-size-default\">V\u00f5ta \u00fchendust!<\/h2>\t\t\t\t<\/div>\n\t\t\t\t<\/div>\n\t\t\t\t<div class=\"elementor-element elementor-element-1b8ff1d elementor-widget elementor-widget-text-editor\" data-id=\"1b8ff1d\" data-element_type=\"widget\" data-e-type=\"widget\" data-widget_type=\"text-editor.default\">\n\t\t\t\t<div class=\"elementor-widget-container\">\n\t\t\t\t\t\t\t\t\t<p><span style=\"font-weight: 400;\">Kui sul on r\u00f5\u00f5me, muresid v\u00f5i m\u00f5tteid, mida jagada ja arutada, siis:<\/span><\/p><ul><li><span style=\"font-weight: 400;\"> v\u00f5ta meiega \u00fchendust <strong>meiliaadressil<\/strong> <a href=\"mailto:digitech@esindus.ee\"><span style=\"text-decoration: underline; color: #b80007;\"><span>digitech@esindus.ee<\/span><\/span>,<\/a><\/span><\/li><li><span style=\"font-weight: 400;\">vii end kurssi meie tegevustega\u00a0<strong>Facebookis<\/strong> <span style=\"text-decoration: underline; color: #993300;\"><a style=\"color: #993300; text-decoration: underline;\" href=\"https:\/\/www.facebook.com\/tludigiyn\"><span style=\"color: #b80007; text-decoration: underline;\"><strong>DigiTech &#8211; TL\u00dc DTI \u00dcN<\/strong><\/span><\/a><\/span> ja <strong>Instagramis <span style=\"text-decoration: underline; color: #b80007;\"><a style=\"color: #b80007; text-decoration: underline;\" href=\"https:\/\/www.instagram.com\/digitechyn\/\">digitechyn<\/a><\/span><\/strong><\/span><span style=\"font-weight: 400;\">\u00a0v\u00f5i <\/span><\/li><li><span style=\"font-weight: 400;\">p\u00f5ika eelneval kokkuleppel l\u00e4bi meie <strong>kontorist A-439<\/strong>!<\/span><\/li><\/ul>\t\t\t\t\t\t\t\t<\/div>\n\t\t\t\t<\/div>\n\t\t\t\t<div class=\"elementor-element elementor-element-98c67b3 elementor-widget elementor-widget-text-editor\" data-id=\"98c67b3\" data-element_type=\"widget\" data-e-type=\"widget\" data-widget_type=\"text-editor.default\">\n\t\t\t\t<div class=\"elementor-widget-container\">\n\t\t\t\t\t\t\t\t\t<p dir=\"ltr\">Marcus Haljasoks &#8211; DigiTech juhatuse esimees<\/p>\n<p dir=\"ltr\">Egle Vestrik &#8211; DigiTech juhatuse liige hariduse ja arenduse valdkonnas<\/p>\n<p dir=\"ltr\">Daniel Andreas Raid &#8211; DigiTech juhatuse liige kultuuri valdkonnas<\/p>\n<p dir=\"ltr\">Lisanne J\u00e4rv &#8211; DigiTech juhatuse liige kommunikatsiooni valdkonnas<\/p>\t\t\t\t\t\t\t\t<\/div>\n\t\t\t\t<\/div>\n\t\t\t\t\t<\/div>\n\t\t<\/div>\n\t\t\t\t<div class=\"elementor-column elementor-col-50 elementor-top-column elementor-element elementor-element-200f5f6\" data-id=\"200f5f6\" data-element_type=\"column\" data-e-type=\"column\">\n\t\t\t<div class=\"elementor-widget-wrap elementor-element-populated\">\n\t\t\t\t\t\t<div class=\"elementor-element elementor-element-52f7481 elementor-widget elementor-widget-image\" data-id=\"52f7481\" data-element_type=\"widget\" data-e-type=\"widget\" data-widget_type=\"image.default\">\n\t\t\t\t<div class=\"elementor-widget-container\">\n\t\t\t\t\t\t\t\t\t\t\t\t\t\t\t<img fetchpriority=\"high\" decoding=\"async\" width=\"1024\" height=\"768\" src=\"https:\/\/esindus.ee\/wp-content\/uploads\/2025\/09\/DigiTech_pilt-1024x768.jpg\" class=\"attachment-large size-large wp-image-10046\" alt=\"\" srcset=\"https:\/\/esindus.ee\/wp-content\/uploads\/2025\/09\/DigiTech_pilt-1024x768.jpg 1024w, https:\/\/esindus.ee\/wp-content\/uploads\/2025\/09\/DigiTech_pilt-300x225.jpg 300w, https:\/\/esindus.ee\/wp-content\/uploads\/2025\/09\/DigiTech_pilt-768x576.jpg 768w, https:\/\/esindus.ee\/wp-content\/uploads\/2025\/09\/DigiTech_pilt-1536x1152.jpg 1536w, https:\/\/esindus.ee\/wp-content\/uploads\/2025\/09\/DigiTech_pilt-2048x1536.jpg 2048w, https:\/\/esindus.ee\/wp-content\/uploads\/2025\/09\/DigiTech_pilt-16x12.jpg 16w\" sizes=\"(max-width: 1024px) 100vw, 1024px\" \/>\t\t\t\t\t\t\t\t\t\t\t\t\t\t\t<\/div>\n\t\t\t\t<\/div>\n\t\t\t\t\t<\/div>\n\t\t<\/div>\n\t\t\t\t\t<\/div>\n\t\t<\/section>\n\t\t\t\t<\/div>\n\t\t","protected":false},"excerpt":{"rendered":"<p>Digitehnoloogiate instituudi \u00fcli\u00f5pilasn\u00f5ukogu &#8211; DigiTech \u00dcN Digitehnoloogiate instituudi \u00fcli\u00f5pilasn\u00f5ukogu DigiTech esindab informaatika, infoteaduste ja matemaatika erialade tudengeid. DigiTechi eesm\u00e4rk on esindada oma instituudi \u00fcli\u00f5pilaste huve, neid aidata ja nende igap\u00e4evast kooli- ja \u00fcli\u00f5pilaselu korraldada ning arendada. Oleme k\u00f5ige v\u00e4iksem \u00fclikooli instituut, kuid liikmeskond on meil suur ja kokkuhoidev ning ootame sind liituma! V\u00f5ta \u00fchendust! Kui sul on r\u00f5\u00f5me, muresid v\u00f5i m\u00f5tteid, mida jagada ja arutada, siis: v\u00f5ta meiega \u00fchendust meiliaadressil digitech@esindus.ee, vii end kurssi meie tegevustega\u00a0Facebookis DigiTech &#8211; TL\u00dc DTI \u00dcN ja Instagramis digitechyn\u00a0v\u00f5i p\u00f5ika eelneval kokkuleppel l\u00e4bi meie kontorist A-439! Marcus Haljasoks &#8211; DigiTech juhatuse esimees Egle Vestrik &#8211; DigiTech juhatuse liige hariduse ja arenduse valdkonnas Daniel Andreas Raid &#8211; DigiTech juhatuse liige kultuuri valdkonnas Lisanne J\u00e4rv &#8211; DigiTech juhatuse liige kommunikatsiooni valdkonnas<\/p>\n","protected":false},"author":1,"featured_media":0,"parent":0,"menu_order":0,"comment_status":"closed","ping_status":"closed","template":"elementor_header_footer","meta":{"_eb_attr":"","footnotes":""},"class_list":["post-306","page","type-page","status-publish","hentry"],"_links":{"self":[{"href":"https:\/\/esindus.ee\/et\/wp-json\/wp\/v2\/pages\/306","targetHints":{"allow":["GET"]}}],"collection":[{"href":"https:\/\/esindus.ee\/et\/wp-json\/wp\/v2\/pages"}],"about":[{"href":"https:\/\/esindus.ee\/et\/wp-json\/wp\/v2\/types\/page"}],"author":[{"embeddable":true,"href":"https:\/\/esindus.ee\/et\/wp-json\/wp\/v2\/users\/1"}],"replies":[{"embeddable":true,"href":"https:\/\/esindus.ee\/et\/wp-json\/wp\/v2\/comments?post=306"}],"version-history":[{"count":125,"href":"https:\/\/esindus.ee\/et\/wp-json\/wp\/v2\/pages\/306\/revisions"}],"predecessor-version":[{"id":10394,"href":"https:\/\/esindus.ee\/et\/wp-json\/wp\/v2\/pages\/306\/revisions\/10394"}],"wp:attachment":[{"href":"https:\/\/esindus.ee\/et\/wp-json\/wp\/v2\/media?parent=306"}],"curies":[{"name":"wp","href":"https:\/\/api.w.org\/{rel}","templated":true}]}}