{"id":301,"date":"2023-04-03T12:32:38","date_gmt":"2023-04-03T10:32:38","guid":{"rendered":"https:\/\/esindus.ee\/?page_id=301"},"modified":"2026-03-29T21:33:49","modified_gmt":"2026-03-29T18:33:49","slug":"loodusteaduste-un","status":"publish","type":"page","link":"https:\/\/esindus.ee\/et\/loodusteaduste-un\/","title":{"rendered":"Loodusteaduste instituudi \u00dcN"},"content":{"rendered":"\t\t<div data-elementor-type=\"wp-page\" data-elementor-id=\"301\" class=\"elementor elementor-301\">\n\t\t\t\t\t\t<section class=\"elementor-section elementor-top-section elementor-element elementor-element-3652963 elementor-section-boxed elementor-section-height-default elementor-section-height-default wpr-particle-no wpr-jarallax-no wpr-parallax-no wpr-sticky-section-no wpr-equal-height-no\" data-id=\"3652963\" data-element_type=\"section\" data-e-type=\"section\">\n\t\t\t\t\t\t<div class=\"elementor-container elementor-column-gap-default\">\n\t\t\t\t\t<div class=\"elementor-column elementor-col-100 elementor-top-column elementor-element elementor-element-ba2b6bd\" data-id=\"ba2b6bd\" data-element_type=\"column\" data-e-type=\"column\">\n\t\t\t<div class=\"elementor-widget-wrap elementor-element-populated\">\n\t\t\t\t\t\t<div class=\"elementor-element elementor-element-b0baf2a elementor-widget elementor-widget-heading\" data-id=\"b0baf2a\" data-element_type=\"widget\" data-e-type=\"widget\" data-widget_type=\"heading.default\">\n\t\t\t\t<div class=\"elementor-widget-container\">\n\t\t\t\t\t<h2 class=\"elementor-heading-title elementor-size-default\">Loodus- ja Terviseteaduste instituudi \u00fcli\u00f5pilasn\u00f5ukogu - LTI \u00dcN<\/h2>\t\t\t\t<\/div>\n\t\t\t\t<\/div>\n\t\t\t\t<div class=\"elementor-element elementor-element-dd0664e elementor-widget elementor-widget-text-editor\" data-id=\"dd0664e\" data-element_type=\"widget\" data-e-type=\"widget\" data-widget_type=\"text-editor.default\">\n\t\t\t\t<div class=\"elementor-widget-container\">\n\t\t\t\t\t\t\t\t\t<p><span style=\"font-weight: 400;\">LTI \u00fcli\u00f5pilasn\u00f5ukogu ehk <\/span><b>LTI \u00dcN <\/b><span style=\"font-weight: 400;\">toob kokku Loodus- ja terviseteaduste instituudi \u00fcli\u00f5pilased 22 erinevalt looduse v\u00f5i tervisega seotud \u00f5ppekavalt.<\/span><\/p><p><span style=\"font-weight: 400;\">LTI \u00dcN muudab \u00fcli\u00f5pilaste elu kirevamaks. Tegeleme k\u00f5igega alates \u00f5ppekavade parandamisest kuni suurte \u00fcrituste korraldamiseni \u2013 oleme mitmek\u00fclgsed. Kui me parajasti \u00fcritusi ei korralda v\u00f5i maailma ei p\u00e4\u00e4sta, hoiame siiski \u00fcli\u00f5pilaste heaolul silma peal ning naudime \u00dcN-i ruumis A-202 pakutavaid h\u00fcvesid.<\/span><\/p><p><span style=\"font-weight: 400;\">Oleme ka sidepunktiks sinu ja instituudi vahel. Aitame, kui sul on mure \u00f5ppe, \u00f5ppej\u00f5udude v\u00f5i muu s\u00e4\u00e4rasega, ning suuname, kui sa ei tea t\u00e4pselt, kuhu p\u00f6\u00f6rduda. Nagu infolaud, aga lahedam.<\/span><\/p>\t\t\t\t\t\t\t\t<\/div>\n\t\t\t\t<\/div>\n\t\t\t\t\t<\/div>\n\t\t<\/div>\n\t\t\t\t\t<\/div>\n\t\t<\/section>\n\t\t\t\t<section class=\"elementor-section elementor-top-section elementor-element elementor-element-293e398 elementor-section-boxed elementor-section-height-default elementor-section-height-default wpr-particle-no wpr-jarallax-no wpr-parallax-no wpr-sticky-section-no wpr-equal-height-no\" data-id=\"293e398\" data-element_type=\"section\" data-e-type=\"section\">\n\t\t\t\t\t\t<div class=\"elementor-container elementor-column-gap-default\">\n\t\t\t\t\t<div class=\"elementor-column elementor-col-50 elementor-top-column elementor-element elementor-element-979520a\" data-id=\"979520a\" data-element_type=\"column\" data-e-type=\"column\">\n\t\t\t<div class=\"elementor-widget-wrap elementor-element-populated\">\n\t\t\t\t\t\t<div class=\"elementor-element elementor-element-a5f606d elementor-widget elementor-widget-text-editor\" data-id=\"a5f606d\" data-element_type=\"widget\" data-e-type=\"widget\" data-widget_type=\"text-editor.default\">\n\t\t\t\t<div class=\"elementor-widget-container\">\n\t\t\t\t\t\t\t\t\t<p style=\"text-align: start;\">LTI \u00dcN-i liikmed on entusiastlikud, avatud m\u00f5tlemisega ja motiveeritud maailmaparandajad, kelle \u00fclikoolielu ei piirdu ainult loengute kuulamisega. Seega, kui tunned, et soovid \u00fclikoolist saada palju rohkem, kui ainult raamatutest saadavad teadmised, oled oodatud meie koosolekutele. Edasi kulgeb asi juba loomulikult.<\/p><p style=\"text-align: start;\"><span style=\"font-weight: bold;\">Tule \u00fctle tsau!<\/span><\/p>\t\t\t\t\t\t\t\t<\/div>\n\t\t\t\t<\/div>\n\t\t\t\t<div class=\"elementor-element elementor-element-423b6f2 elementor-view-default elementor-widget elementor-widget-icon\" data-id=\"423b6f2\" data-element_type=\"widget\" data-e-type=\"widget\" data-widget_type=\"icon.default\">\n\t\t\t\t<div class=\"elementor-widget-container\">\n\t\t\t\t\t\t\t<div class=\"elementor-icon-wrapper\">\n\t\t\t<div class=\"elementor-icon\">\n\t\t\t<i aria-hidden=\"true\" class=\"fas fa-users\"><\/i>\t\t\t<\/div>\n\t\t<\/div>\n\t\t\t\t\t\t<\/div>\n\t\t\t\t<\/div>\n\t\t\t\t<div class=\"elementor-element elementor-element-7c7c980 elementor-widget elementor-widget-heading\" data-id=\"7c7c980\" data-element_type=\"widget\" data-e-type=\"widget\" data-widget_type=\"heading.default\">\n\t\t\t\t<div class=\"elementor-widget-container\">\n\t\t\t\t\t<h2 class=\"elementor-heading-title elementor-size-default\">V\u00f5ta \u00fchendust!<\/h2>\t\t\t\t<\/div>\n\t\t\t\t<\/div>\n\t\t\t\t<div class=\"elementor-element elementor-element-2315181 elementor-widget elementor-widget-text-editor\" data-id=\"2315181\" data-element_type=\"widget\" data-e-type=\"widget\" data-widget_type=\"text-editor.default\">\n\t\t\t\t<div class=\"elementor-widget-container\">\n\t\t\t\t\t\t\t\t\t<p><span style=\"font-weight: 400;\">Kui sul on r\u00f5\u00f5me, muresid v\u00f5i m\u00f5tteid, mida jagada ja arutada, siis:<\/span><\/p><ul><li><span style=\"font-weight: 400;\"> v\u00f5ta meiega \u00fchendust <strong>meiliaadressil<\/strong> <span style=\"color: #b80007;\"><a style=\"color: #b80007;\" href=\"mailto:ltiesindus@esindus.ee\"><span style=\"text-decoration: underline;\"><span>ltiesindus@esindus.ee<\/span><\/span><\/a><\/span>,<\/span><\/li><li><span style=\"font-weight: 400;\">vii end kurssi meie tegevustega\u00a0<strong>Facebookis <span style=\"text-decoration: underline; color: #b80007;\"><a style=\"color: #b80007; text-decoration: underline;\" href=\"https:\/\/www.facebook.com\/Loodustervis\">LTI \u00dcN<\/a><\/span><\/strong>\u00a0ja <strong>Instagramis <span style=\"text-decoration: underline; color: #b80007;\"><a style=\"color: #b80007; text-decoration: underline;\" href=\"https:\/\/www.instagram.com\/ltiesindus\/\">ltiesindus<\/a><\/span><\/strong><\/span><span style=\"font-weight: 400;\">\u00a0v\u00f5i <\/span><\/li><li><span style=\"font-weight: 400;\">p\u00f5ika eelneval kokkuleppel l\u00e4bi meie <strong>kontorist A-202<\/strong>!<\/span><\/li><\/ul>\t\t\t\t\t\t\t\t<\/div>\n\t\t\t\t<\/div>\n\t\t\t\t<div class=\"elementor-element elementor-element-5b6296b elementor-widget elementor-widget-text-editor\" data-id=\"5b6296b\" data-element_type=\"widget\" data-e-type=\"widget\" data-widget_type=\"text-editor.default\">\n\t\t\t\t<div class=\"elementor-widget-container\">\n\t\t\t\t\t\t\t\t\t<p>August Okk \u2013 esimees&nbsp;<\/p>\n<p>Liina Vatsa \u2013 juhatuse liige hariduse valdkonnas<\/p>\n<p>Andre Vapper &#8211; juhatuse liige kultuuri valdkonnas<\/p>\t\t\t\t\t\t\t\t<\/div>\n\t\t\t\t<\/div>\n\t\t\t\t\t<\/div>\n\t\t<\/div>\n\t\t\t\t<div class=\"elementor-column elementor-col-50 elementor-top-column elementor-element elementor-element-9c202b0\" data-id=\"9c202b0\" data-element_type=\"column\" data-e-type=\"column\">\n\t\t\t<div class=\"elementor-widget-wrap elementor-element-populated\">\n\t\t\t\t\t\t<div class=\"elementor-element elementor-element-c64cffc elementor-widget elementor-widget-image\" data-id=\"c64cffc\" data-element_type=\"widget\" data-e-type=\"widget\" data-widget_type=\"image.default\">\n\t\t\t\t<div class=\"elementor-widget-container\">\n\t\t\t\t\t\t\t\t\t\t\t\t\t\t\t<img fetchpriority=\"high\" decoding=\"async\" width=\"2048\" height=\"1152\" src=\"https:\/\/esindus.ee\/wp-content\/uploads\/2025\/11\/2cebc4a3-401f-4955-a073-6dfb86b86eb6.jpg\" class=\"attachment-full size-full wp-image-10101\" alt=\"\" srcset=\"https:\/\/esindus.ee\/wp-content\/uploads\/2025\/11\/2cebc4a3-401f-4955-a073-6dfb86b86eb6.jpg 2048w, https:\/\/esindus.ee\/wp-content\/uploads\/2025\/11\/2cebc4a3-401f-4955-a073-6dfb86b86eb6-300x169.jpg 300w, https:\/\/esindus.ee\/wp-content\/uploads\/2025\/11\/2cebc4a3-401f-4955-a073-6dfb86b86eb6-1024x576.jpg 1024w, https:\/\/esindus.ee\/wp-content\/uploads\/2025\/11\/2cebc4a3-401f-4955-a073-6dfb86b86eb6-768x432.jpg 768w, https:\/\/esindus.ee\/wp-content\/uploads\/2025\/11\/2cebc4a3-401f-4955-a073-6dfb86b86eb6-1536x864.jpg 1536w, https:\/\/esindus.ee\/wp-content\/uploads\/2025\/11\/2cebc4a3-401f-4955-a073-6dfb86b86eb6-18x10.jpg 18w\" sizes=\"(max-width: 2048px) 100vw, 2048px\" \/>\t\t\t\t\t\t\t\t\t\t\t\t\t\t\t<\/div>\n\t\t\t\t<\/div>\n\t\t\t\t\t<\/div>\n\t\t<\/div>\n\t\t\t\t\t<\/div>\n\t\t<\/section>\n\t\t\t\t<\/div>\n\t\t","protected":false},"excerpt":{"rendered":"<p>Loodus- ja Terviseteaduste instituudi \u00fcli\u00f5pilasn\u00f5ukogu &#8211; LTI \u00dcN LTI \u00fcli\u00f5pilasn\u00f5ukogu ehk LTI \u00dcN toob kokku Loodus- ja terviseteaduste instituudi \u00fcli\u00f5pilased 22 erinevalt looduse v\u00f5i tervisega seotud \u00f5ppekavalt. LTI \u00dcN muudab \u00fcli\u00f5pilaste elu kirevamaks. Tegeleme k\u00f5igega alates \u00f5ppekavade parandamisest kuni suurte \u00fcrituste korraldamiseni \u2013 oleme mitmek\u00fclgsed. Kui me parajasti \u00fcritusi ei korralda v\u00f5i maailma ei p\u00e4\u00e4sta, hoiame siiski \u00fcli\u00f5pilaste heaolul silma peal ning naudime \u00dcN-i ruumis A-202 pakutavaid h\u00fcvesid. Oleme ka sidepunktiks sinu ja instituudi vahel. Aitame, kui sul on mure \u00f5ppe, \u00f5ppej\u00f5udude v\u00f5i muu s\u00e4\u00e4rasega, ning suuname, kui sa ei tea t\u00e4pselt, kuhu p\u00f6\u00f6rduda. Nagu infolaud, aga lahedam. LTI \u00dcN-i liikmed on entusiastlikud, avatud m\u00f5tlemisega ja motiveeritud maailmaparandajad, kelle \u00fclikoolielu ei piirdu ainult loengute kuulamisega. Seega, kui tunned, et soovid \u00fclikoolist saada palju rohkem, kui ainult raamatutest saadavad teadmised, oled oodatud meie koosolekutele. Edasi kulgeb asi juba loomulikult. Tule \u00fctle tsau! V\u00f5ta \u00fchendust! Kui sul on r\u00f5\u00f5me, muresid v\u00f5i m\u00f5tteid, mida jagada ja arutada, siis: v\u00f5ta meiega \u00fchendust meiliaadressil ltiesindus@esindus.ee, vii end kurssi meie tegevustega\u00a0Facebookis LTI \u00dcN\u00a0ja Instagramis ltiesindus\u00a0v\u00f5i p\u00f5ika eelneval kokkuleppel l\u00e4bi meie kontorist A-202! August Okk \u2013 esimees&nbsp; Liina Vatsa \u2013 juhatuse liige hariduse valdkonnas Andre Vapper &#8211; juhatuse liige kultuuri valdkonnas<\/p>\n","protected":false},"author":1,"featured_media":0,"parent":0,"menu_order":0,"comment_status":"closed","ping_status":"closed","template":"elementor_header_footer","meta":{"_eb_attr":"","footnotes":""},"class_list":["post-301","page","type-page","status-publish","hentry"],"_links":{"self":[{"href":"https:\/\/esindus.ee\/et\/wp-json\/wp\/v2\/pages\/301","targetHints":{"allow":["GET"]}}],"collection":[{"href":"https:\/\/esindus.ee\/et\/wp-json\/wp\/v2\/pages"}],"about":[{"href":"https:\/\/esindus.ee\/et\/wp-json\/wp\/v2\/types\/page"}],"author":[{"embeddable":true,"href":"https:\/\/esindus.ee\/et\/wp-json\/wp\/v2\/users\/1"}],"replies":[{"embeddable":true,"href":"https:\/\/esindus.ee\/et\/wp-json\/wp\/v2\/comments?post=301"}],"version-history":[{"count":120,"href":"https:\/\/esindus.ee\/et\/wp-json\/wp\/v2\/pages\/301\/revisions"}],"predecessor-version":[{"id":10397,"href":"https:\/\/esindus.ee\/et\/wp-json\/wp\/v2\/pages\/301\/revisions\/10397"}],"wp:attachment":[{"href":"https:\/\/esindus.ee\/et\/wp-json\/wp\/v2\/media?parent=301"}],"curies":[{"name":"wp","href":"https:\/\/api.w.org\/{rel}","templated":true}]}}