{"id":297,"date":"2023-04-03T12:32:38","date_gmt":"2023-04-03T10:32:38","guid":{"rendered":"https:\/\/esindus.ee\/?page_id=297"},"modified":"2026-02-07T23:59:46","modified_gmt":"2026-02-07T20:59:46","slug":"uhiskonnateaduste-un","status":"publish","type":"page","link":"https:\/\/esindus.ee\/et\/uhiskonnateaduste-un\/","title":{"rendered":"\u00dchiskonnateaduste instituudi \u00dcN"},"content":{"rendered":"\t\t<div data-elementor-type=\"wp-page\" data-elementor-id=\"297\" class=\"elementor elementor-297\">\n\t\t\t\t\t\t<section class=\"elementor-section elementor-top-section elementor-element elementor-element-3a7f3c7 elementor-section-boxed elementor-section-height-default elementor-section-height-default wpr-particle-no wpr-jarallax-no wpr-parallax-no wpr-sticky-section-no wpr-equal-height-no\" data-id=\"3a7f3c7\" data-element_type=\"section\" data-e-type=\"section\">\n\t\t\t\t\t\t<div class=\"elementor-container elementor-column-gap-default\">\n\t\t\t\t\t<div class=\"elementor-column elementor-col-100 elementor-top-column elementor-element elementor-element-b96627a\" data-id=\"b96627a\" data-element_type=\"column\" data-e-type=\"column\">\n\t\t\t<div class=\"elementor-widget-wrap elementor-element-populated\">\n\t\t\t\t\t\t<div class=\"elementor-element elementor-element-297f8743 elementor-widget elementor-widget-heading\" data-id=\"297f8743\" data-element_type=\"widget\" data-e-type=\"widget\" data-widget_type=\"heading.default\">\n\t\t\t\t<div class=\"elementor-widget-container\">\n\t\t\t\t\t<h2 class=\"elementor-heading-title elementor-size-default\">\u00dchiskonnateaduste instituudi \u00fcli\u00f5pilasn\u00f5ukogu - Civitas<\/h2>\t\t\t\t<\/div>\n\t\t\t\t<\/div>\n\t\t\t\t<div class=\"elementor-element elementor-element-d11f5f3 elementor-widget elementor-widget-text-editor\" data-id=\"d11f5f3\" data-element_type=\"widget\" data-e-type=\"widget\" data-widget_type=\"text-editor.default\">\n\t\t\t\t<div class=\"elementor-widget-container\">\n\t\t\t\t\t\t\t\t\t<p><span style=\"font-weight: 400;\">\u00dchiskonnateaduste instituudi (edaspidi \u00dcTI) \u00fcli\u00f5pilasn\u00f5ukogu Civitas on \u00dcTI tudengeid esindav ja \u00dcTI tudengielu koordineeriv organ. Civitasse tulevad kokku tudengid erinevatelt \u00f5ppesuundadelt, nagu riigiteadused, sotsioloogia, \u00f5igusteadused, sotsiaalkaitse ning rahvusvaheliste suhete ja tuleviku-uuringud.<\/span><\/p><p><span style=\"font-weight: 400;\"><strong>Civitase eesm\u00e4rk<\/strong> on esindada oma instituudi \u00fcli\u00f5pilaste huve, neid aidata ja nende igap\u00e4evast kooli- ja \u00fcli\u00f5pilaselu korraldada ning arendada. Civitas seisab instituudi \u00fcli\u00f5pilaste \u00f5iguste eest, aga korraldab ka hariduslikke ja sotsiaalseid tegevusi. Civitase korraldada on traditsioonilised \u00fcritused: tutvumis\u00f5htu, linnam\u00e4ng, rebaste ristimine, j\u00f5ulupidu, parlamendisimulatsioon ja \u00dcTI kevadp\u00e4evad. Lisaks nendele toimub aasta l\u00e4bi palju muud p\u00f5nevat.<\/span><\/p>\t\t\t\t\t\t\t\t<\/div>\n\t\t\t\t<\/div>\n\t\t\t\t\t<\/div>\n\t\t<\/div>\n\t\t\t\t\t<\/div>\n\t\t<\/section>\n\t\t\t\t<section class=\"elementor-section elementor-top-section elementor-element elementor-element-c3929da elementor-section-boxed elementor-section-height-default elementor-section-height-default wpr-particle-no wpr-jarallax-no wpr-parallax-no wpr-sticky-section-no wpr-equal-height-no\" data-id=\"c3929da\" data-element_type=\"section\" data-e-type=\"section\">\n\t\t\t\t\t\t<div class=\"elementor-container elementor-column-gap-default\">\n\t\t\t\t\t<div class=\"elementor-column elementor-col-50 elementor-top-column elementor-element elementor-element-c2a89af\" data-id=\"c2a89af\" data-element_type=\"column\" data-e-type=\"column\">\n\t\t\t<div class=\"elementor-widget-wrap elementor-element-populated\">\n\t\t\t\t\t\t<div class=\"elementor-element elementor-element-35f51c7 elementor-widget elementor-widget-text-editor\" data-id=\"35f51c7\" data-element_type=\"widget\" data-e-type=\"widget\" data-widget_type=\"text-editor.default\">\n\t\t\t\t<div class=\"elementor-widget-container\">\n\t\t\t\t\t\t\t\t\t<p><span style=\"font-weight: 400;\">Paljud \u00fcritused on korraldatud koost\u00f6\u00f6s Tallinna \u00dclikooli teiste \u00fcli\u00f5pilasn\u00f5ukogudega, seega <strong>KUI LIITUD JUBA T\u00c4NA<\/strong>, saad osa veel suuremast \u00fclikooli kogukonnast!<\/span><\/p><p><span style=\"font-weight: 400;\">Civitase tuumiku moodustavad tegevliikmed, toetajaliikmed ning juhatus. Kord kuus toimuvad \u00fcldkoosolekud, kus arutatakse l\u00e4inud ja tulevate s\u00fcndmuste ning tegevuste \u00fcle ja mida on oodatud kuulama k\u00f5ik tudengid!<\/span><\/p>\t\t\t\t\t\t\t\t<\/div>\n\t\t\t\t<\/div>\n\t\t\t\t<div class=\"elementor-element elementor-element-0603a4c elementor-view-default elementor-widget elementor-widget-icon\" data-id=\"0603a4c\" data-element_type=\"widget\" data-e-type=\"widget\" data-widget_type=\"icon.default\">\n\t\t\t\t<div class=\"elementor-widget-container\">\n\t\t\t\t\t\t\t<div class=\"elementor-icon-wrapper\">\n\t\t\t<div class=\"elementor-icon\">\n\t\t\t<i aria-hidden=\"true\" class=\"fas fa-users\"><\/i>\t\t\t<\/div>\n\t\t<\/div>\n\t\t\t\t\t\t<\/div>\n\t\t\t\t<\/div>\n\t\t\t\t<div class=\"elementor-element elementor-element-7db3b90 elementor-widget elementor-widget-heading\" data-id=\"7db3b90\" data-element_type=\"widget\" data-e-type=\"widget\" data-widget_type=\"heading.default\">\n\t\t\t\t<div class=\"elementor-widget-container\">\n\t\t\t\t\t<h2 class=\"elementor-heading-title elementor-size-default\">V\u00f5ta \u00fchendust!<\/h2>\t\t\t\t<\/div>\n\t\t\t\t<\/div>\n\t\t\t\t<div class=\"elementor-element elementor-element-28e3f3c elementor-widget elementor-widget-text-editor\" data-id=\"28e3f3c\" data-element_type=\"widget\" data-e-type=\"widget\" data-widget_type=\"text-editor.default\">\n\t\t\t\t<div class=\"elementor-widget-container\">\n\t\t\t\t\t\t\t\t\t<p><span style=\"font-weight: 400;\">Kui sul on r\u00f5\u00f5me, muresid v\u00f5i m\u00f5tteid, mida jagada ja arutada, siis:<\/span><\/p><ul><li><span style=\"font-weight: 400;\"> v\u00f5ta meiega \u00fchendust <strong>meiliaadressil <span style=\"color: #b80007;\"><u>civitas@esindus.ee<\/u><\/span><\/strong><\/span><\/li><li><span style=\"font-weight: 400;\">vii end kurssi meie tegevustega <strong>Facebookis <\/strong><\/span><span style=\"text-decoration: underline;\"><span style=\"color: #993300;\"><a style=\"color: #993300;\" href=\"https:\/\/www.facebook.com\/yti.yn\"><span style=\"font-weight: 400;\"><strong><span style=\"color: #b80007; text-decoration: underline;\">TL\u00dc \u00dcN Civitas<\/span><\/strong><\/span><\/a><\/span><\/span><span style=\"font-weight: 400;\">, <strong>Instagramis <\/strong><\/span><strong><span style=\"color: #b80007;\"><a style=\"color: #b80007;\" href=\"https:\/\/www.instagram.com\/tlu_civitas\/\"><span style=\"text-decoration: underline;\">tlucivitas<\/span><\/a><\/span><\/strong><span style=\"font-weight: 400;\"> v\u00f5i <\/span><\/li><li><span style=\"font-weight: 400;\">p\u00f5ika eelneval kokkuleppel l\u00e4bi meie <strong>kontorist A-338<\/strong>!<\/span><\/li><\/ul>\t\t\t\t\t\t\t\t<\/div>\n\t\t\t\t<\/div>\n\t\t\t\t<div class=\"elementor-element elementor-element-3efd53d elementor-widget elementor-widget-text-editor\" data-id=\"3efd53d\" data-element_type=\"widget\" data-e-type=\"widget\" data-widget_type=\"text-editor.default\">\n\t\t\t\t<div class=\"elementor-widget-container\">\n\t\t\t\t\t\t\t\t\t<p dir=\"ltr\">Ragne-Liis M\u00f5ttus &#8211; Civitas juhatuse esimees<\/p><p dir=\"ltr\">Kiret Kivisild &#8211; Civitas juhatuse liige kultuuri valdkonnas<\/p><p dir=\"ltr\">Sten Roots &#8211; Civitas juhatuse liige hariduse valdkonnas<\/p><p dir=\"ltr\">Kaarel Gustav M\u00e4nnaste &#8211; Civitas juhatuse liige kommunikatsiooni- ja turundusvaldkonnas.<\/p>\t\t\t\t\t\t\t\t<\/div>\n\t\t\t\t<\/div>\n\t\t\t\t\t<\/div>\n\t\t<\/div>\n\t\t\t\t<div class=\"elementor-column elementor-col-50 elementor-top-column elementor-element elementor-element-fba7df3\" data-id=\"fba7df3\" data-element_type=\"column\" data-e-type=\"column\">\n\t\t\t<div class=\"elementor-widget-wrap elementor-element-populated\">\n\t\t\t\t\t\t<div class=\"elementor-element elementor-element-5748e73 elementor-widget elementor-widget-image\" data-id=\"5748e73\" data-element_type=\"widget\" data-e-type=\"widget\" data-widget_type=\"image.default\">\n\t\t\t\t<div class=\"elementor-widget-container\">\n\t\t\t\t\t\t\t\t\t\t\t\t\t\t\t<img fetchpriority=\"high\" decoding=\"async\" width=\"683\" height=\"1024\" src=\"https:\/\/esindus.ee\/wp-content\/uploads\/2025\/08\/20250220_102517_538_IMG_0041-683x1024.jpg\" class=\"attachment-large size-large wp-image-10018\" alt=\"\" srcset=\"https:\/\/esindus.ee\/wp-content\/uploads\/2025\/08\/20250220_102517_538_IMG_0041-683x1024.jpg 683w, https:\/\/esindus.ee\/wp-content\/uploads\/2025\/08\/20250220_102517_538_IMG_0041-200x300.jpg 200w, https:\/\/esindus.ee\/wp-content\/uploads\/2025\/08\/20250220_102517_538_IMG_0041-768x1152.jpg 768w, https:\/\/esindus.ee\/wp-content\/uploads\/2025\/08\/20250220_102517_538_IMG_0041-1024x1536.jpg 1024w, https:\/\/esindus.ee\/wp-content\/uploads\/2025\/08\/20250220_102517_538_IMG_0041-1365x2048.jpg 1365w, https:\/\/esindus.ee\/wp-content\/uploads\/2025\/08\/20250220_102517_538_IMG_0041-8x12.jpg 8w, https:\/\/esindus.ee\/wp-content\/uploads\/2025\/08\/20250220_102517_538_IMG_0041-scaled.jpg 1707w\" sizes=\"(max-width: 683px) 100vw, 683px\" \/>\t\t\t\t\t\t\t\t\t\t\t\t\t\t\t<\/div>\n\t\t\t\t<\/div>\n\t\t\t\t\t<\/div>\n\t\t<\/div>\n\t\t\t\t\t<\/div>\n\t\t<\/section>\n\t\t\t\t<\/div>\n\t\t","protected":false},"excerpt":{"rendered":"<p>\u00dchiskonnateaduste instituudi \u00fcli\u00f5pilasn\u00f5ukogu &#8211; Civitas \u00dchiskonnateaduste instituudi (edaspidi \u00dcTI) \u00fcli\u00f5pilasn\u00f5ukogu Civitas on \u00dcTI tudengeid esindav ja \u00dcTI tudengielu koordineeriv organ. Civitasse tulevad kokku tudengid erinevatelt \u00f5ppesuundadelt, nagu riigiteadused, sotsioloogia, \u00f5igusteadused, sotsiaalkaitse ning rahvusvaheliste suhete ja tuleviku-uuringud. Civitase eesm\u00e4rk on esindada oma instituudi \u00fcli\u00f5pilaste huve, neid aidata ja nende igap\u00e4evast kooli- ja \u00fcli\u00f5pilaselu korraldada ning arendada. Civitas seisab instituudi \u00fcli\u00f5pilaste \u00f5iguste eest, aga korraldab ka hariduslikke ja sotsiaalseid tegevusi. Civitase korraldada on traditsioonilised \u00fcritused: tutvumis\u00f5htu, linnam\u00e4ng, rebaste ristimine, j\u00f5ulupidu, parlamendisimulatsioon ja \u00dcTI kevadp\u00e4evad. Lisaks nendele toimub aasta l\u00e4bi palju muud p\u00f5nevat. Paljud \u00fcritused on korraldatud koost\u00f6\u00f6s Tallinna \u00dclikooli teiste \u00fcli\u00f5pilasn\u00f5ukogudega, seega KUI LIITUD JUBA T\u00c4NA, saad osa veel suuremast \u00fclikooli kogukonnast! Civitase tuumiku moodustavad tegevliikmed, toetajaliikmed ning juhatus. Kord kuus toimuvad \u00fcldkoosolekud, kus arutatakse l\u00e4inud ja tulevate s\u00fcndmuste ning tegevuste \u00fcle ja mida on oodatud kuulama k\u00f5ik tudengid! V\u00f5ta \u00fchendust! Kui sul on r\u00f5\u00f5me, muresid v\u00f5i m\u00f5tteid, mida jagada ja arutada, siis: v\u00f5ta meiega \u00fchendust meiliaadressil civitas@esindus.ee vii end kurssi meie tegevustega Facebookis TL\u00dc \u00dcN Civitas, Instagramis tlucivitas v\u00f5i p\u00f5ika eelneval kokkuleppel l\u00e4bi meie kontorist A-338! Ragne-Liis M\u00f5ttus &#8211; Civitas juhatuse esimees Kiret Kivisild &#8211; Civitas juhatuse liige kultuuri valdkonnas Sten Roots &#8211; Civitas juhatuse liige hariduse valdkonnas Kaarel Gustav M\u00e4nnaste &#8211; Civitas juhatuse liige kommunikatsiooni- ja turundusvaldkonnas.<\/p>\n","protected":false},"author":1,"featured_media":0,"parent":0,"menu_order":0,"comment_status":"closed","ping_status":"closed","template":"elementor_header_footer","meta":{"_eb_attr":"","footnotes":""},"class_list":["post-297","page","type-page","status-publish","hentry"],"_links":{"self":[{"href":"https:\/\/esindus.ee\/et\/wp-json\/wp\/v2\/pages\/297","targetHints":{"allow":["GET"]}}],"collection":[{"href":"https:\/\/esindus.ee\/et\/wp-json\/wp\/v2\/pages"}],"about":[{"href":"https:\/\/esindus.ee\/et\/wp-json\/wp\/v2\/types\/page"}],"author":[{"embeddable":true,"href":"https:\/\/esindus.ee\/et\/wp-json\/wp\/v2\/users\/1"}],"replies":[{"embeddable":true,"href":"https:\/\/esindus.ee\/et\/wp-json\/wp\/v2\/comments?post=297"}],"version-history":[{"count":122,"href":"https:\/\/esindus.ee\/et\/wp-json\/wp\/v2\/pages\/297\/revisions"}],"predecessor-version":[{"id":10228,"href":"https:\/\/esindus.ee\/et\/wp-json\/wp\/v2\/pages\/297\/revisions\/10228"}],"wp:attachment":[{"href":"https:\/\/esindus.ee\/et\/wp-json\/wp\/v2\/media?parent=297"}],"curies":[{"name":"wp","href":"https:\/\/api.w.org\/{rel}","templated":true}]}}