{"id":291,"date":"2023-04-03T12:31:51","date_gmt":"2023-04-03T10:31:51","guid":{"rendered":"https:\/\/esindus.ee\/?page_id=291"},"modified":"2026-02-07T20:37:49","modified_gmt":"2026-02-07T17:37:49","slug":"volikogu","status":"publish","type":"page","link":"https:\/\/esindus.ee\/et\/volikogu\/","title":{"rendered":"Volikogu"},"content":{"rendered":"\t\t<div data-elementor-type=\"wp-page\" data-elementor-id=\"291\" class=\"elementor elementor-291\">\n\t\t\t\t\t\t<section class=\"elementor-section elementor-top-section elementor-element elementor-element-580ff83b elementor-section-content-middle elementor-section-boxed elementor-section-height-default elementor-section-height-default wpr-particle-no wpr-jarallax-no wpr-parallax-no wpr-sticky-section-no wpr-equal-height-no\" data-id=\"580ff83b\" data-element_type=\"section\" data-e-type=\"section\">\n\t\t\t\t\t\t<div class=\"elementor-container elementor-column-gap-default\">\n\t\t\t\t\t<div class=\"elementor-column elementor-col-50 elementor-top-column elementor-element elementor-element-34078a54\" data-id=\"34078a54\" data-element_type=\"column\" data-e-type=\"column\">\n\t\t\t<div class=\"elementor-widget-wrap elementor-element-populated\">\n\t\t\t\t\t\t<div class=\"elementor-element elementor-element-4a5c4a0a elementor-widget elementor-widget-heading\" data-id=\"4a5c4a0a\" data-element_type=\"widget\" data-e-type=\"widget\" data-widget_type=\"heading.default\">\n\t\t\t\t<div class=\"elementor-widget-container\">\n\t\t\t\t\t<h2 class=\"elementor-heading-title elementor-size-default\">Volikogu<\/h2>\t\t\t\t<\/div>\n\t\t\t\t<\/div>\n\t\t\t\t<div class=\"elementor-element elementor-element-c864398 elementor-widget elementor-widget-text-editor\" data-id=\"c864398\" data-element_type=\"widget\" data-e-type=\"widget\" data-widget_type=\"text-editor.default\">\n\t\t\t\t<div class=\"elementor-widget-container\">\n\t\t\t\t\t\t\t\t\t<p><span style=\"font-weight: 400;\">Volikogu on kuni 17-liikmeline Tallinna \u00dclikooli \u00fcli\u00f5pilaskonda esindav ja selle seisukohti kinnitav k\u00f5rgeim otsustusorgan. Volikogu t\u00f6\u00f6d juhib volikogu spiiker.<\/span><\/p><p><span style=\"font-weight: 400;\">Volikogu t\u00f6\u00f6tab komisjonides, mis k\u00e4sitlevad mitme valdkonna (sh haridus-, teadus-, sotsiaal- ja arendusvaldkondade) erinevate \u00fcksuste seisukohti, poliitikaid ja eeln\u00f5usid. Samuti tegeleb volikogu k\u00fcsimustega, mis puudutavad juhtimise ja organisatsiooni arengut. Komisjonides valmistatakse ette eeln\u00f5usid. Volikogu istung toimub kord kuus.<\/span><\/p><p><span style=\"font-weight: 400;\">\u00dcli\u00f5pilaskonna <strong>volikogu valimised<\/strong> toimuvad iga aasta m\u00e4rtsikuus. Volikokku saavad kandideerida k\u00f5ik Tallinna \u00dclikooli tudengid ning volikogu esindajaid saavad valida k\u00f5ik Tallinna \u00dclikooli \u00fcli\u00f5pilased! <\/span><\/p><p><span style=\"font-weight: 400;\">Kandideerimiseks ja valimiseks hoia kindlasti silm peal \u00fcli\u00f5pilaskonna sotsiaalmeediakanalitel!<\/span><\/p>\t\t\t\t\t\t\t\t<\/div>\n\t\t\t\t<\/div>\n\t\t\t\t\t<\/div>\n\t\t<\/div>\n\t\t\t\t<div class=\"elementor-column elementor-col-50 elementor-top-column elementor-element elementor-element-4631e76c\" data-id=\"4631e76c\" data-element_type=\"column\" data-e-type=\"column\">\n\t\t\t<div class=\"elementor-widget-wrap elementor-element-populated\">\n\t\t\t\t\t\t<div class=\"elementor-element elementor-element-700a28e0 elementor-widget elementor-widget-image\" data-id=\"700a28e0\" data-element_type=\"widget\" data-e-type=\"widget\" data-widget_type=\"image.default\">\n\t\t\t\t<div class=\"elementor-widget-container\">\n\t\t\t\t\t\t\t\t\t\t\t\t\t\t\t<img fetchpriority=\"high\" decoding=\"async\" width=\"768\" height=\"512\" src=\"https:\/\/esindus.ee\/wp-content\/uploads\/2025\/06\/P1045311-768x512.jpg\" class=\"attachment-medium_large size-medium_large wp-image-9908\" alt=\"\" srcset=\"https:\/\/esindus.ee\/wp-content\/uploads\/2025\/06\/P1045311-768x512.jpg 768w, https:\/\/esindus.ee\/wp-content\/uploads\/2025\/06\/P1045311-300x200.jpg 300w, https:\/\/esindus.ee\/wp-content\/uploads\/2025\/06\/P1045311-1024x683.jpg 1024w, https:\/\/esindus.ee\/wp-content\/uploads\/2025\/06\/P1045311-1536x1024.jpg 1536w, https:\/\/esindus.ee\/wp-content\/uploads\/2025\/06\/P1045311-2048x1365.jpg 2048w, https:\/\/esindus.ee\/wp-content\/uploads\/2025\/06\/P1045311-18x12.jpg 18w\" sizes=\"(max-width: 768px) 100vw, 768px\" \/>\t\t\t\t\t\t\t\t\t\t\t\t\t\t\t<\/div>\n\t\t\t\t<\/div>\n\t\t\t\t\t<\/div>\n\t\t<\/div>\n\t\t\t\t\t<\/div>\n\t\t<\/section>\n\t\t\t\t<section class=\"elementor-section elementor-top-section elementor-element elementor-element-3c5e650 elementor-section-boxed elementor-section-height-default elementor-section-height-default wpr-particle-no wpr-jarallax-no wpr-parallax-no wpr-sticky-section-no wpr-equal-height-no\" data-id=\"3c5e650\" data-element_type=\"section\" data-e-type=\"section\">\n\t\t\t\t\t\t<div class=\"elementor-container elementor-column-gap-default\">\n\t\t\t\t\t<div class=\"elementor-column elementor-col-100 elementor-top-column elementor-element elementor-element-c3bb7fa\" data-id=\"c3bb7fa\" data-element_type=\"column\" data-e-type=\"column\">\n\t\t\t<div class=\"elementor-widget-wrap elementor-element-populated\">\n\t\t\t\t\t\t<div class=\"elementor-element elementor-element-e814264 elementor-widget__width-initial elementor-widget elementor-widget-heading\" data-id=\"e814264\" data-element_type=\"widget\" data-e-type=\"widget\" data-widget_type=\"heading.default\">\n\t\t\t\t<div class=\"elementor-widget-container\">\n\t\t\t\t\t<h2 class=\"elementor-heading-title elementor-size-default\">Volikogu kontaktid<\/h2>\t\t\t\t<\/div>\n\t\t\t\t<\/div>\n\t\t\t\t<div class=\"elementor-element elementor-element-f2eb242 elementor-widget__width-initial elementor-widget elementor-widget-text-editor\" data-id=\"f2eb242\" data-element_type=\"widget\" data-e-type=\"widget\" data-widget_type=\"text-editor.default\">\n\t\t\t\t<div class=\"elementor-widget-container\">\n\t\t\t\t\t\t\t\t\t<blockquote><div><strong>BALTI FILMI, MEEDIA JA KUNSTIDE INSTITUUT<\/strong><\/div><div>Risto Unt \u2013 ristount@tlu.ee<\/div><div>\u00a0<\/div><div><strong>DIGITEHNOLOOGIATE INSTITUUT<\/strong><\/div><div>Ester Ojala \u2013 esteroja@tlu.ee<\/div><div>\u00a0<\/div><div><strong>HARIDUSTEADUSTE INSTITUUT<\/strong><\/div><div>Kevin Palmets \u2013 lauajalg@tlu.ee<\/div><div>Karolin Harjus \u2013 harjus@tlu.ee<\/div><div>Reiko Pikorainen \u2013 reikopik@tlu.ee<\/div><div>\u00a0<\/div><div><strong>LOODUS- JA TERVISETEADUSTE INSTITUUT<\/strong>\u00a0<\/div><div>Vivian P\u00f5ld \u2013\u00a0vivian24@tlu.ee<\/div><div>Kaia Runthal \u2013\u00a0tlukas@tlu.ee<\/div><div>\u00a0<\/div><div><strong>HUMANITAARTEADUSTE INSTITUUT<\/strong><\/div><div>Karl Theodor Grigor \u2013\u00a0ut23@tlu.ee<\/div><div>Elis Randmaa \u2013\u00a0elisra1@tlu.ee<\/div><div>Anette Valk \u2013\u00a0anettev@tlu.ee<\/div><div>Elvira Borissova \u2013 moony@tlu.ee<\/div><div>\u00a0<\/div><div><strong>\u00dcHISKONNATEADUSTE INSTITUUT<\/strong><\/div><div>Linda Lees \u2013 linda11@tlu.ee<\/div><div>Celina \u017divel \u2013 celinaz@tlu.ee<\/div><div>Marcel Malsroos-V\u00e4li \u2013 marcel@tlu.ee<\/div><div>Liina Kaldas \u2013 \u00a0liina.kaldas@tlu.ee<\/div><div>\u00a0<\/div><div><strong>DOKTORANDID<\/strong><\/div><div>Remy Suurna \u2013\u00a0hcromy@tlu.ee<\/div><\/blockquote>\t\t\t\t\t\t\t\t<\/div>\n\t\t\t\t<\/div>\n\t\t\t\t\t<\/div>\n\t\t<\/div>\n\t\t\t\t\t<\/div>\n\t\t<\/section>\n\t\t\t\t<\/div>\n\t\t","protected":false},"excerpt":{"rendered":"<p>Volikogu Volikogu on kuni 17-liikmeline Tallinna \u00dclikooli \u00fcli\u00f5pilaskonda esindav ja selle seisukohti kinnitav k\u00f5rgeim otsustusorgan. Volikogu t\u00f6\u00f6d juhib volikogu spiiker. Volikogu t\u00f6\u00f6tab komisjonides, mis k\u00e4sitlevad mitme valdkonna (sh haridus-, teadus-, sotsiaal- ja arendusvaldkondade) erinevate \u00fcksuste seisukohti, poliitikaid ja eeln\u00f5usid. Samuti tegeleb volikogu k\u00fcsimustega, mis puudutavad juhtimise ja organisatsiooni arengut. Komisjonides valmistatakse ette eeln\u00f5usid. Volikogu istung toimub kord kuus. \u00dcli\u00f5pilaskonna volikogu valimised toimuvad iga aasta m\u00e4rtsikuus. Volikokku saavad kandideerida k\u00f5ik Tallinna \u00dclikooli tudengid ning volikogu esindajaid saavad valida k\u00f5ik Tallinna \u00dclikooli \u00fcli\u00f5pilased! Kandideerimiseks ja valimiseks hoia kindlasti silm peal \u00fcli\u00f5pilaskonna sotsiaalmeediakanalitel! Volikogu kontaktid BALTI FILMI, MEEDIA JA KUNSTIDE INSTITUUTRisto Unt \u2013 ristount@tlu.ee\u00a0DIGITEHNOLOOGIATE INSTITUUTEster Ojala \u2013 esteroja@tlu.ee\u00a0HARIDUSTEADUSTE INSTITUUTKevin Palmets \u2013 lauajalg@tlu.eeKarolin Harjus \u2013 harjus@tlu.eeReiko Pikorainen \u2013 reikopik@tlu.ee\u00a0LOODUS- JA TERVISETEADUSTE INSTITUUT\u00a0Vivian P\u00f5ld \u2013\u00a0vivian24@tlu.eeKaia Runthal \u2013\u00a0tlukas@tlu.ee\u00a0HUMANITAARTEADUSTE INSTITUUTKarl Theodor Grigor \u2013\u00a0ut23@tlu.eeElis Randmaa \u2013\u00a0elisra1@tlu.eeAnette Valk \u2013\u00a0anettev@tlu.eeElvira Borissova \u2013 moony@tlu.ee\u00a0\u00dcHISKONNATEADUSTE INSTITUUTLinda Lees \u2013 linda11@tlu.eeCelina \u017divel \u2013 celinaz@tlu.eeMarcel Malsroos-V\u00e4li \u2013 marcel@tlu.eeLiina Kaldas \u2013 \u00a0liina.kaldas@tlu.ee\u00a0DOKTORANDIDRemy Suurna \u2013\u00a0hcromy@tlu.ee<\/p>\n","protected":false},"author":1,"featured_media":0,"parent":0,"menu_order":0,"comment_status":"closed","ping_status":"closed","template":"elementor_header_footer","meta":{"_eb_attr":"","footnotes":""},"class_list":["post-291","page","type-page","status-publish","hentry"],"_links":{"self":[{"href":"https:\/\/esindus.ee\/et\/wp-json\/wp\/v2\/pages\/291","targetHints":{"allow":["GET"]}}],"collection":[{"href":"https:\/\/esindus.ee\/et\/wp-json\/wp\/v2\/pages"}],"about":[{"href":"https:\/\/esindus.ee\/et\/wp-json\/wp\/v2\/types\/page"}],"author":[{"embeddable":true,"href":"https:\/\/esindus.ee\/et\/wp-json\/wp\/v2\/users\/1"}],"replies":[{"embeddable":true,"href":"https:\/\/esindus.ee\/et\/wp-json\/wp\/v2\/comments?post=291"}],"version-history":[{"count":106,"href":"https:\/\/esindus.ee\/et\/wp-json\/wp\/v2\/pages\/291\/revisions"}],"predecessor-version":[{"id":10214,"href":"https:\/\/esindus.ee\/et\/wp-json\/wp\/v2\/pages\/291\/revisions\/10214"}],"wp:attachment":[{"href":"https:\/\/esindus.ee\/et\/wp-json\/wp\/v2\/media?parent=291"}],"curies":[{"name":"wp","href":"https:\/\/api.w.org\/{rel}","templated":true}]}}