{"id":2428,"date":"2023-04-28T22:54:23","date_gmt":"2023-04-28T20:54:23","guid":{"rendered":"https:\/\/esindus.ee\/?page_id=2428"},"modified":"2024-11-06T21:22:17","modified_gmt":"2024-11-06T18:22:17","slug":"mtu-tlu-uliopilaskond","status":"publish","type":"page","link":"https:\/\/esindus.ee\/et\/mtu-tlu-uliopilaskond\/","title":{"rendered":"MT\u00dc TL\u00dc \u00dcli\u00f5pilaskond"},"content":{"rendered":"\t\t<div data-elementor-type=\"wp-page\" data-elementor-id=\"2428\" class=\"elementor elementor-2428\">\n\t\t\t\t\t\t<section class=\"elementor-section elementor-top-section elementor-element elementor-element-1126f1a elementor-section-boxed elementor-section-height-default elementor-section-height-default wpr-particle-no wpr-jarallax-no wpr-parallax-no wpr-sticky-section-no wpr-equal-height-no\" data-id=\"1126f1a\" data-element_type=\"section\" data-e-type=\"section\">\n\t\t\t\t\t\t<div class=\"elementor-container elementor-column-gap-default\">\n\t\t\t\t\t<div class=\"elementor-column elementor-col-50 elementor-top-column elementor-element elementor-element-4a434ef\" data-id=\"4a434ef\" data-element_type=\"column\" data-e-type=\"column\">\n\t\t\t<div class=\"elementor-widget-wrap elementor-element-populated\">\n\t\t\t\t\t\t<div class=\"elementor-element elementor-element-00b276d elementor-widget elementor-widget-heading\" data-id=\"00b276d\" data-element_type=\"widget\" data-e-type=\"widget\" data-widget_type=\"heading.default\">\n\t\t\t\t<div class=\"elementor-widget-container\">\n\t\t\t\t\t<h2 class=\"elementor-heading-title elementor-size-default\">MT\u00dc Tallinna \u00dclikooli \u00dcli\u00f5pilaskond<\/h2>\t\t\t\t<\/div>\n\t\t\t\t<\/div>\n\t\t\t\t<div class=\"elementor-element elementor-element-da0ab5a elementor-widget elementor-widget-text-editor\" data-id=\"da0ab5a\" data-element_type=\"widget\" data-e-type=\"widget\" data-widget_type=\"text-editor.default\">\n\t\t\t\t<div class=\"elementor-widget-container\">\n\t\t\t\t\t\t\t\t\t<p><span style=\"font-weight: 400;\">MT\u00dc TL\u00dc \u00dcli\u00f5pilaskond alustas oma tegevust 2004. aasta novembris ning selle eesm\u00e4rk on majandustegevuse kaudu toetada TL\u00dc \u00dcli\u00f5pilaskonna arengut.<\/span><\/p><p><span style=\"font-weight: 400;\">Juhatuse moodustavad \u00fcli\u00f5pilaskonna juhatuse liikmed ja liikmeskonna moodustavad \u00fcli\u00f5pilaskonna volikogu liikmed ning \u00fcli\u00f5pilasn\u00f5ukogude juhatuse liikmed.<\/span><\/p><p><span style=\"font-weight: 400;\">Peamisteks tegevusteks on meenete ja reklaami m\u00fc\u00fck ning heli- ja valgustehnika rent.<\/span><\/p><p><span style=\"text-decoration: underline; color: #b80007;\"><strong><a style=\"color: #b80007; text-decoration: underline;\" href=\"https:\/\/esindus.veebkolm.ee\/wp-content\/uploads\/2015\/07\/MTU_TLU_Uliopilaskond_pohikiri_20150218.pdf\">MT\u00dc TL\u00dc \u00dcli\u00f5pilaskond p\u00f5hikiri<\/a><\/strong><\/span><\/p>\t\t\t\t\t\t\t\t<\/div>\n\t\t\t\t<\/div>\n\t\t\t\t\t<\/div>\n\t\t<\/div>\n\t\t\t\t<div class=\"elementor-column elementor-col-50 elementor-top-column elementor-element elementor-element-e6f47d4\" data-id=\"e6f47d4\" data-element_type=\"column\" data-e-type=\"column\">\n\t\t\t<div class=\"elementor-widget-wrap elementor-element-populated\">\n\t\t\t\t\t\t<div class=\"elementor-element elementor-element-392bb5e elementor-widget elementor-widget-image\" data-id=\"392bb5e\" data-element_type=\"widget\" data-e-type=\"widget\" data-widget_type=\"image.default\">\n\t\t\t\t<div class=\"elementor-widget-container\">\n\t\t\t\t\t\t\t\t\t\t\t\t\t\t\t<img fetchpriority=\"high\" decoding=\"async\" width=\"500\" height=\"416\" src=\"https:\/\/esindus.ee\/wp-content\/uploads\/2023\/03\/EKSMAT-punane-PNG-2.png\" class=\"attachment-large size-large wp-image-596\" alt=\"\" srcset=\"https:\/\/esindus.ee\/wp-content\/uploads\/2023\/03\/EKSMAT-punane-PNG-2.png 500w, https:\/\/esindus.ee\/wp-content\/uploads\/2023\/03\/EKSMAT-punane-PNG-2-300x250.png 300w, https:\/\/esindus.ee\/wp-content\/uploads\/2023\/03\/EKSMAT-punane-PNG-2-14x12.png 14w\" sizes=\"(max-width: 500px) 100vw, 500px\" \/>\t\t\t\t\t\t\t\t\t\t\t\t\t\t\t<\/div>\n\t\t\t\t<\/div>\n\t\t\t\t\t<\/div>\n\t\t<\/div>\n\t\t\t\t\t<\/div>\n\t\t<\/section>\n\t\t\t\t<section class=\"elementor-section elementor-top-section elementor-element elementor-element-d1aad20 elementor-section-boxed elementor-section-height-default elementor-section-height-default wpr-particle-no wpr-jarallax-no wpr-parallax-no wpr-sticky-section-no wpr-equal-height-no\" data-id=\"d1aad20\" data-element_type=\"section\" data-e-type=\"section\">\n\t\t\t\t\t\t<div class=\"elementor-container elementor-column-gap-default\">\n\t\t\t\t\t<div class=\"elementor-column elementor-col-100 elementor-top-column elementor-element elementor-element-266e151\" data-id=\"266e151\" data-element_type=\"column\" data-e-type=\"column\">\n\t\t\t<div class=\"elementor-widget-wrap elementor-element-populated\">\n\t\t\t\t\t\t<div class=\"elementor-element elementor-element-b0f04cd elementor-widget-divider--view-line elementor-widget elementor-widget-divider\" data-id=\"b0f04cd\" data-element_type=\"widget\" data-e-type=\"widget\" data-widget_type=\"divider.default\">\n\t\t\t\t<div class=\"elementor-widget-container\">\n\t\t\t\t\t\t\t<div class=\"elementor-divider\">\n\t\t\t<span class=\"elementor-divider-separator\">\n\t\t\t\t\t\t<\/span>\n\t\t<\/div>\n\t\t\t\t\t\t<\/div>\n\t\t\t\t<\/div>\n\t\t\t\t\t<\/div>\n\t\t<\/div>\n\t\t\t\t\t<\/div>\n\t\t<\/section>\n\t\t\t\t<section class=\"elementor-section elementor-top-section elementor-element elementor-element-8cdbda5 elementor-section-boxed elementor-section-height-default elementor-section-height-default wpr-particle-no wpr-jarallax-no wpr-parallax-no wpr-sticky-section-no wpr-equal-height-no\" data-id=\"8cdbda5\" data-element_type=\"section\" data-e-type=\"section\">\n\t\t\t\t\t\t<div class=\"elementor-container elementor-column-gap-default\">\n\t\t\t\t\t<div class=\"elementor-column elementor-col-100 elementor-top-column elementor-element elementor-element-8dc6e95\" data-id=\"8dc6e95\" data-element_type=\"column\" data-e-type=\"column\">\n\t\t\t<div class=\"elementor-widget-wrap elementor-element-populated\">\n\t\t\t\t\t\t<div class=\"elementor-element elementor-element-9e96670 elementor-widget elementor-widget-heading\" data-id=\"9e96670\" data-element_type=\"widget\" data-e-type=\"widget\" data-widget_type=\"heading.default\">\n\t\t\t\t<div class=\"elementor-widget-container\">\n\t\t\t\t\t<h3 class=\"elementor-heading-title elementor-size-default\">MT\u00dc TL\u00dc \u00dcli\u00f5pilaskond<\/h3>\t\t\t\t<\/div>\n\t\t\t\t<\/div>\n\t\t\t\t<div class=\"elementor-element elementor-element-8a4ad5d elementor-widget elementor-widget-text-editor\" data-id=\"8a4ad5d\" data-element_type=\"widget\" data-e-type=\"widget\" data-widget_type=\"text-editor.default\">\n\t\t\t\t<div class=\"elementor-widget-container\">\n\t\t\t\t\t\t\t\t\t<p><span style=\"font-weight: 400;\">Aadress: Narva mnt 29 10120 Tallinn<\/span><span style=\"font-weight: 400;\"><br \/><\/span><span style=\"font-weight: 400;\">Reg. kood 80213514<\/span><span style=\"font-weight: 400;\"><br \/><\/span><span style=\"font-weight: 400;\">Arveldusarve: EE282200221026097397 Swedbank<\/span><span style=\"font-weight: 400;\"><br \/><\/span><span style=\"font-weight: 400;\">Arveldusarve: EE871010220070907013 SEB<\/span><\/p><p><span style=\"font-weight: 400;\">e-post: <span style=\"color: #b80007;\"><a style=\"color: #b80007;\" href=\"mailto:esimees@esindus.ee\"><span style=\"text-decoration: underline;\"><strong>esimees@esindus.ee<\/strong><\/span><\/a><\/span><\/span><\/p>\t\t\t\t\t\t\t\t<\/div>\n\t\t\t\t<\/div>\n\t\t\t\t<div class=\"elementor-element elementor-element-5f580aa elementor-widget elementor-widget-heading\" data-id=\"5f580aa\" data-element_type=\"widget\" data-e-type=\"widget\" data-widget_type=\"heading.default\">\n\t\t\t\t<div class=\"elementor-widget-container\">\n\t\t\t\t\t<h2 class=\"elementor-heading-title elementor-size-default\">Majandusaasta aruanded<\/h2>\t\t\t\t<\/div>\n\t\t\t\t<\/div>\n\t\t\t\t<div class=\"elementor-element elementor-element-6104a03 elementor-widget elementor-widget-text-editor\" data-id=\"6104a03\" data-element_type=\"widget\" data-e-type=\"widget\" data-widget_type=\"text-editor.default\">\n\t\t\t\t<div class=\"elementor-widget-container\">\n\t\t\t\t\t\t\t\t\t<ul><li><span style=\"text-decoration-line: underline; color: #b80007;\"><span style=\"font-weight: bolder;\"><a style=\"color: #b80007;\" href=\"https:\/\/drive.google.com\/file\/d\/1n1eHFo405UjeXSV2zn03-7bJ98jLQJFo\/view?usp=sharing\" target=\"_blank\" rel=\"noopener\">Majandusaasta aruanne 2022<\/a><\/span><\/span><\/li><li><span style=\"text-decoration-line: underline; color: #b80007;\"><span style=\"font-weight: bolder;\"><a style=\"color: #b80007;\" href=\"https:\/\/drive.google.com\/file\/d\/1hQXm2b5ZclN5YbBk1FJVfdQUcASY7I7r\/view?usp=sharing\" target=\"_blank\" rel=\"noopener\">Majandusaasta aruanne 2021<\/a><\/span><\/span><\/li><li aria-level=\"1\"><span style=\"text-decoration-line: underline; color: #b80007;\"><span style=\"font-weight: bolder;\"><a style=\"color: #b80007;\" href=\"https:\/\/drive.google.com\/file\/d\/18dMOlaEWqHanTYz-yJ46T7G5AiGMyiN7\/view?usp=sharing\" target=\"_blank\" rel=\"noopener\">Majandusaasta aruanne 2020<\/a><\/span><\/span><\/li><li style=\"font-weight: 400;\" aria-level=\"1\"><span style=\"text-decoration: underline; color: #b80007;\"><strong><a style=\"color: #b80007; text-decoration: underline;\" href=\"https:\/\/drive.google.com\/file\/d\/1dvC9PDgfkDTuJTA-k5bFdyBSPZT0grHv\/view?usp=sharing\" target=\"_blank\" rel=\"noopener\">Majandusaasta aruanne 2019<\/a><\/strong><\/span><\/li><li style=\"font-weight: 400;\" aria-level=\"1\"><span style=\"text-decoration: underline; color: #b80007;\"><strong><a style=\"color: #b80007; text-decoration: underline;\" href=\"https:\/\/drive.google.com\/file\/d\/1PnI0RIqB4b53rMlZQ21Ijerp6VjUKhKb\/view?usp=sharing\" target=\"_blank\" rel=\"noopener\">Majandusaasta aruanne 2018<\/a><\/strong><\/span><\/li><li style=\"font-weight: 400;\" aria-level=\"1\"><span style=\"text-decoration: underline; color: #b80007;\"><strong><a style=\"color: #b80007; text-decoration: underline;\" href=\"https:\/\/drive.google.com\/file\/d\/1D8E5PkvPGCGS2xxaNP4byPfh43k5Tz-n\/view?usp=sharing\" target=\"_blank\" rel=\"noopener\">Majandusaasta aruanne 2017<\/a><\/strong><\/span><\/li><li style=\"font-weight: 400;\" aria-level=\"1\"><span style=\"text-decoration: underline; color: #b80007;\"><strong><a style=\"color: #b80007; text-decoration: underline;\" href=\"https:\/\/drive.google.com\/open?id=14_MQ9OZOKoaEjHHDYrmCg0AtJE1-JXbH\" target=\"_blank\" rel=\"noopener\">Majandusaasta aruanne 2016<\/a><\/strong><\/span><\/li><li style=\"font-weight: 400;\" aria-level=\"1\"><span style=\"text-decoration: underline; color: #b80007;\"><strong><a style=\"color: #b80007; text-decoration: underline;\" href=\"https:\/\/drive.google.com\/file\/d\/1WB8MSGBef9sHqo1BRxM70ZJ5cY7FR1H7\/view?usp=sharing\" target=\"_blank\" rel=\"noopener\">Majandusaasta aruanne 2015<\/a><\/strong><\/span><\/li><li style=\"font-weight: 400;\" aria-level=\"1\"><span style=\"text-decoration: underline; color: #b80007;\"><strong><a style=\"color: #b80007; text-decoration: underline;\" href=\"https:\/\/drive.google.com\/file\/d\/1I-2fyyoqJIq08Pfb-oN3Y9v0WPGcjgH9\/view?usp=sharing\" target=\"_blank\" rel=\"noopener\">Majandusaasta aruanne 2014<\/a><\/strong><\/span><\/li><li style=\"font-weight: 400;\" aria-level=\"1\"><span style=\"text-decoration: underline; color: #b80007;\"><strong><a style=\"color: #b80007; text-decoration: underline;\" href=\"https:\/\/drive.google.com\/file\/d\/1NNNx1_oFLc0XpbZE8UcQ8apdzZ6i-k9v\/view?usp=sharing\" target=\"_blank\" rel=\"noopener\">Majandusaasta aruanne 2013<\/a><\/strong><\/span><\/li><\/ul>\t\t\t\t\t\t\t\t<\/div>\n\t\t\t\t<\/div>\n\t\t\t\t\t<\/div>\n\t\t<\/div>\n\t\t\t\t\t<\/div>\n\t\t<\/section>\n\t\t\t\t<\/div>\n\t\t","protected":false},"excerpt":{"rendered":"<p>MT\u00dc Tallinna \u00dclikooli \u00dcli\u00f5pilaskond MT\u00dc TL\u00dc \u00dcli\u00f5pilaskond alustas oma tegevust 2004. aasta novembris ning selle eesm\u00e4rk on majandustegevuse kaudu toetada TL\u00dc \u00dcli\u00f5pilaskonna arengut. Juhatuse moodustavad \u00fcli\u00f5pilaskonna juhatuse liikmed ja liikmeskonna moodustavad \u00fcli\u00f5pilaskonna volikogu liikmed ning \u00fcli\u00f5pilasn\u00f5ukogude juhatuse liikmed. Peamisteks tegevusteks on meenete ja reklaami m\u00fc\u00fck ning heli- ja valgustehnika rent. MT\u00dc TL\u00dc \u00dcli\u00f5pilaskond p\u00f5hikiri MT\u00dc TL\u00dc \u00dcli\u00f5pilaskond Aadress: Narva mnt 29 10120 TallinnReg. kood 80213514Arveldusarve: EE282200221026097397 SwedbankArveldusarve: EE871010220070907013 SEB e-post: esimees@esindus.ee Majandusaasta aruanded Majandusaasta aruanne 2022 Majandusaasta aruanne 2021 Majandusaasta aruanne 2020 Majandusaasta aruanne 2019 Majandusaasta aruanne 2018 Majandusaasta aruanne 2017 Majandusaasta aruanne 2016 Majandusaasta aruanne 2015 Majandusaasta aruanne 2014 Majandusaasta aruanne 2013<\/p>\n","protected":false},"author":2,"featured_media":0,"parent":0,"menu_order":0,"comment_status":"closed","ping_status":"closed","template":"","meta":{"_eb_attr":"","footnotes":""},"class_list":["post-2428","page","type-page","status-publish","hentry"],"_links":{"self":[{"href":"https:\/\/esindus.ee\/et\/wp-json\/wp\/v2\/pages\/2428","targetHints":{"allow":["GET"]}}],"collection":[{"href":"https:\/\/esindus.ee\/et\/wp-json\/wp\/v2\/pages"}],"about":[{"href":"https:\/\/esindus.ee\/et\/wp-json\/wp\/v2\/types\/page"}],"author":[{"embeddable":true,"href":"https:\/\/esindus.ee\/et\/wp-json\/wp\/v2\/users\/2"}],"replies":[{"embeddable":true,"href":"https:\/\/esindus.ee\/et\/wp-json\/wp\/v2\/comments?post=2428"}],"version-history":[{"count":55,"href":"https:\/\/esindus.ee\/et\/wp-json\/wp\/v2\/pages\/2428\/revisions"}],"predecessor-version":[{"id":8781,"href":"https:\/\/esindus.ee\/et\/wp-json\/wp\/v2\/pages\/2428\/revisions\/8781"}],"wp:attachment":[{"href":"https:\/\/esindus.ee\/et\/wp-json\/wp\/v2\/media?parent=2428"}],"curies":[{"name":"wp","href":"https:\/\/api.w.org\/{rel}","templated":true}]}}