{"id":2013,"date":"2023-04-23T20:49:33","date_gmt":"2023-04-23T18:49:33","guid":{"rendered":"https:\/\/esindus.ee\/?page_id=2013"},"modified":"2023-05-05T23:36:51","modified_gmt":"2023-05-05T21:36:51","slug":"rahvusvaheliste-suhete-selts","status":"publish","type":"page","link":"https:\/\/esindus.ee\/et\/rahvusvaheliste-suhete-selts\/","title":{"rendered":"Rahvusvaheliste suhete selts"},"content":{"rendered":"\t\t<div data-elementor-type=\"wp-page\" data-elementor-id=\"2013\" class=\"elementor elementor-2013\">\n\t\t\t\t\t\t<section class=\"elementor-section elementor-top-section elementor-element elementor-element-468f6bfc elementor-section-content-middle elementor-section-boxed elementor-section-height-default elementor-section-height-default wpr-particle-no wpr-jarallax-no wpr-parallax-no wpr-sticky-section-no wpr-equal-height-no\" data-id=\"468f6bfc\" data-element_type=\"section\" data-e-type=\"section\">\n\t\t\t\t\t\t<div class=\"elementor-container elementor-column-gap-no\">\n\t\t\t\t\t<div class=\"elementor-column elementor-col-50 elementor-top-column elementor-element elementor-element-7063b316\" data-id=\"7063b316\" data-element_type=\"column\" data-e-type=\"column\">\n\t\t\t<div class=\"elementor-widget-wrap elementor-element-populated\">\n\t\t\t\t\t\t<div class=\"elementor-element elementor-element-11f22b12 elementor-widget elementor-widget-heading\" data-id=\"11f22b12\" data-element_type=\"widget\" data-e-type=\"widget\" data-widget_type=\"heading.default\">\n\t\t\t\t<div class=\"elementor-widget-container\">\n\t\t\t\t\t<h2 class=\"elementor-heading-title elementor-size-default\">Rahvusvaheliste suhete selts<\/h2>\t\t\t\t<\/div>\n\t\t\t\t<\/div>\n\t\t\t\t<div class=\"elementor-element elementor-element-59adcd3b elementor-widget elementor-widget-text-editor\" data-id=\"59adcd3b\" data-element_type=\"widget\" data-e-type=\"widget\" data-widget_type=\"text-editor.default\">\n\t\t\t\t<div class=\"elementor-widget-container\">\n\t\t\t\t\t\t\t\t\t<p><span style=\"font-weight: 400;\">Meie klubi organiseerib \u00fcritusi samal ajal nii akadeemilises ja inspireerivas kui ka l\u00f5busas atmosf\u00e4\u00e4ris. \u00dcritused puudutavad p\u00e4evakajalisi s\u00fcndmusi ja probleeme \u00fchiskonnas ning poliitikas. <\/span><\/p>\t\t\t\t\t\t\t\t<\/div>\n\t\t\t\t<\/div>\n\t\t\t\t\t<\/div>\n\t\t<\/div>\n\t\t\t\t<div class=\"elementor-column elementor-col-50 elementor-top-column elementor-element elementor-element-38c4652b\" data-id=\"38c4652b\" data-element_type=\"column\" data-e-type=\"column\">\n\t\t\t<div class=\"elementor-widget-wrap elementor-element-populated\">\n\t\t\t\t\t\t<div class=\"elementor-element elementor-element-358f545 elementor-widget elementor-widget-image\" data-id=\"358f545\" data-element_type=\"widget\" data-e-type=\"widget\" data-widget_type=\"image.default\">\n\t\t\t\t<div class=\"elementor-widget-container\">\n\t\t\t\t\t\t\t\t\t\t\t\t\t\t\t<img fetchpriority=\"high\" decoding=\"async\" width=\"768\" height=\"512\" src=\"https:\/\/esindus.ee\/wp-content\/uploads\/2023\/05\/lucas-george-wendt-IYm2PCy0f8c-unsplash-768x512.jpg\" class=\"attachment-medium_large size-medium_large wp-image-3419\" alt=\"\" srcset=\"https:\/\/esindus.ee\/wp-content\/uploads\/2023\/05\/lucas-george-wendt-IYm2PCy0f8c-unsplash-768x512.jpg 768w, https:\/\/esindus.ee\/wp-content\/uploads\/2023\/05\/lucas-george-wendt-IYm2PCy0f8c-unsplash-300x200.jpg 300w, https:\/\/esindus.ee\/wp-content\/uploads\/2023\/05\/lucas-george-wendt-IYm2PCy0f8c-unsplash-1024x683.jpg 1024w, https:\/\/esindus.ee\/wp-content\/uploads\/2023\/05\/lucas-george-wendt-IYm2PCy0f8c-unsplash-1536x1024.jpg 1536w, https:\/\/esindus.ee\/wp-content\/uploads\/2023\/05\/lucas-george-wendt-IYm2PCy0f8c-unsplash-2048x1365.jpg 2048w, https:\/\/esindus.ee\/wp-content\/uploads\/2023\/05\/lucas-george-wendt-IYm2PCy0f8c-unsplash-18x12.jpg 18w\" sizes=\"(max-width: 768px) 100vw, 768px\" \/>\t\t\t\t\t\t\t\t\t\t\t\t\t\t\t<\/div>\n\t\t\t\t<\/div>\n\t\t\t\t\t<\/div>\n\t\t<\/div>\n\t\t\t\t\t<\/div>\n\t\t<\/section>\n\t\t\t\t<section class=\"elementor-section elementor-top-section elementor-element elementor-element-3b5b8c1 elementor-section-boxed elementor-section-height-default elementor-section-height-default wpr-particle-no wpr-jarallax-no wpr-parallax-no wpr-sticky-section-no wpr-equal-height-no\" data-id=\"3b5b8c1\" data-element_type=\"section\" data-e-type=\"section\">\n\t\t\t\t\t\t<div class=\"elementor-container elementor-column-gap-default\">\n\t\t\t\t\t<div class=\"elementor-column elementor-col-100 elementor-top-column elementor-element elementor-element-543a597\" data-id=\"543a597\" data-element_type=\"column\" data-e-type=\"column\">\n\t\t\t<div class=\"elementor-widget-wrap elementor-element-populated\">\n\t\t\t\t\t\t<div class=\"elementor-element elementor-element-626e2a1 elementor-widget__width-inherit animated-fast elementor-invisible elementor-widget elementor-widget-spacer\" data-id=\"626e2a1\" data-element_type=\"widget\" data-e-type=\"widget\" data-settings=\"{&quot;_animation&quot;:&quot;fadeIn&quot;}\" data-widget_type=\"spacer.default\">\n\t\t\t\t<div class=\"elementor-widget-container\">\n\t\t\t\t\t\t\t<div class=\"elementor-spacer\">\n\t\t\t<div class=\"elementor-spacer-inner\"><\/div>\n\t\t<\/div>\n\t\t\t\t\t\t<\/div>\n\t\t\t\t<\/div>\n\t\t\t\t\t<\/div>\n\t\t<\/div>\n\t\t\t\t\t<\/div>\n\t\t<\/section>\n\t\t\t\t<section class=\"elementor-section elementor-top-section elementor-element elementor-element-a8b6eb6 elementor-section-boxed elementor-section-height-default elementor-section-height-default wpr-particle-no wpr-jarallax-no wpr-parallax-no wpr-sticky-section-no wpr-equal-height-no\" data-id=\"a8b6eb6\" data-element_type=\"section\" data-e-type=\"section\">\n\t\t\t\t\t\t<div class=\"elementor-container elementor-column-gap-default\">\n\t\t\t\t\t<div class=\"elementor-column elementor-col-33 elementor-top-column elementor-element elementor-element-e6c6181\" data-id=\"e6c6181\" data-element_type=\"column\" data-e-type=\"column\">\n\t\t\t<div class=\"elementor-widget-wrap elementor-element-populated\">\n\t\t\t\t\t\t<div class=\"elementor-element elementor-element-f55a91d elementor-widget elementor-widget-heading\" data-id=\"f55a91d\" data-element_type=\"widget\" data-e-type=\"widget\" data-widget_type=\"heading.default\">\n\t\t\t\t<div class=\"elementor-widget-container\">\n\t\t\t\t\t<h2 class=\"elementor-heading-title elementor-size-default\">Mida me teeme?<\/h2>\t\t\t\t<\/div>\n\t\t\t\t<\/div>\n\t\t\t\t<div class=\"elementor-element elementor-element-ec3fbe9 elementor-widget elementor-widget-text-editor\" data-id=\"ec3fbe9\" data-element_type=\"widget\" data-e-type=\"widget\" data-widget_type=\"text-editor.default\">\n\t\t\t\t<div class=\"elementor-widget-container\">\n\t\t\t\t\t\t\t\t\t<p>1. <strong>Kutsume lektoreid, ajakirjanikke, poliitikuid ja teisi \u00fchiskonnategelasi<\/strong> valgustama osalisi erinevatel aktuaalsetel ja huvitavatel teemadel.<\/p><p><span style=\"font-weight: 400;\">2. Korraldame <\/span><b>v\u00e4ljas\u00f5ite saatkondadesse<\/b><span style=\"font-weight: 400;\">, riiklikesse institutsoonidesse ja vaba\u00fchendustesse, et tutvuda l\u00e4hemalt nende asutuste erinevate funktsioonidega. <\/span><\/p><p>3. Lisaks <strong>korraldame vabamas stiilis \u00f5dusaid \u00fcritusi<\/strong>, nagu filmi- ja pubi\u00f5htud, mille eesm\u00e4rgiks on tutvuda teiste vahvate poliitikahuvilistest \u00fcli\u00f5pilastega ja luua uusi kontakte ning s\u00f5prussidemeid terveks eluks.\u00a0<span style=\"font-weight: 400;\"><br \/><\/span><\/p>\t\t\t\t\t\t\t\t<\/div>\n\t\t\t\t<\/div>\n\t\t\t\t\t<\/div>\n\t\t<\/div>\n\t\t\t\t<div class=\"elementor-column elementor-col-33 elementor-top-column elementor-element elementor-element-52a6a3c\" data-id=\"52a6a3c\" data-element_type=\"column\" data-e-type=\"column\">\n\t\t\t<div class=\"elementor-widget-wrap\">\n\t\t\t\t\t\t\t<\/div>\n\t\t<\/div>\n\t\t\t\t<div class=\"elementor-column elementor-col-33 elementor-top-column elementor-element elementor-element-76f3542\" data-id=\"76f3542\" data-element_type=\"column\" data-e-type=\"column\">\n\t\t\t<div class=\"elementor-widget-wrap elementor-element-populated\">\n\t\t\t\t\t\t<div class=\"elementor-element elementor-element-97fa21c elementor-widget elementor-widget-heading\" data-id=\"97fa21c\" data-element_type=\"widget\" data-e-type=\"widget\" data-widget_type=\"heading.default\">\n\t\t\t\t<div class=\"elementor-widget-container\">\n\t\t\t\t\t<h2 class=\"elementor-heading-title elementor-size-default\">Liitu<\/h2>\t\t\t\t<\/div>\n\t\t\t\t<\/div>\n\t\t\t\t<div class=\"elementor-element elementor-element-bade3a1 elementor-widget__width-initial elementor-widget elementor-widget-text-editor\" data-id=\"bade3a1\" data-element_type=\"widget\" data-e-type=\"widget\" data-widget_type=\"text-editor.default\">\n\t\t\t\t<div class=\"elementor-widget-container\">\n\t\t\t\t\t\t\t\t\t<p><span style=\"font-weight: 400;\"><strong>Meie \u00fcli\u00f5pilasklubi on k\u00f5igile huvilistele avatud!<\/strong> K\u00f5iki tulevasi \u00fcritusi ja muid tegevusi saab j\u00e4lgida meie Facebooki lehel <\/span><span style=\"text-decoration: underline; color: #b80007;\"><strong><a style=\"color: #b80007; text-decoration: underline;\" href=\"https:\/\/www.facebook.com\/IRSTallinn\/\">TLU International Relations Society<\/a><\/strong><\/span><span style=\"font-weight: 400;\"><span style=\"color: #000000;\"><strong>!<\/strong><\/span> Kui sul on ettepanek m\u00f5ne \u00fchiskondliku teema k\u00e4sitlemiseks, k\u00fcsimusi meie seltsi kohta v\u00f5i koost\u00f6\u00f6pakkumisi tulevasteks \u00fcritusteks, siis ootame su kirja meie e-postile <\/span><span style=\"text-decoration: underline; color: #b80007;\"><a style=\"color: #b80007; text-decoration: underline;\" href=\"mailto:tluirs@esindus.ee\">tluirs@esindus.ee<\/a><\/span><span style=\"color: #000000;\">.\u00a0<\/span><\/p><p><span style=\"font-weight: 400;\">NB! Klubi tegevus toimub peamiselt inglise keeles.<\/span><\/p>\t\t\t\t\t\t\t\t<\/div>\n\t\t\t\t<\/div>\n\t\t\t\t\t<\/div>\n\t\t<\/div>\n\t\t\t\t\t<\/div>\n\t\t<\/section>\n\t\t\t\t<\/div>\n\t\t","protected":false},"excerpt":{"rendered":"<p>Rahvusvaheliste suhete selts Meie klubi organiseerib \u00fcritusi samal ajal nii akadeemilises ja inspireerivas kui ka l\u00f5busas atmosf\u00e4\u00e4ris. \u00dcritused puudutavad p\u00e4evakajalisi s\u00fcndmusi ja probleeme \u00fchiskonnas ning poliitikas. Mida me teeme? 1. Kutsume lektoreid, ajakirjanikke, poliitikuid ja teisi \u00fchiskonnategelasi valgustama osalisi erinevatel aktuaalsetel ja huvitavatel teemadel. 2. Korraldame v\u00e4ljas\u00f5ite saatkondadesse, riiklikesse institutsoonidesse ja vaba\u00fchendustesse, et tutvuda l\u00e4hemalt nende asutuste erinevate funktsioonidega. 3. Lisaks korraldame vabamas stiilis \u00f5dusaid \u00fcritusi, nagu filmi- ja pubi\u00f5htud, mille eesm\u00e4rgiks on tutvuda teiste vahvate poliitikahuvilistest \u00fcli\u00f5pilastega ja luua uusi kontakte ning s\u00f5prussidemeid terveks eluks.\u00a0 Liitu Meie \u00fcli\u00f5pilasklubi on k\u00f5igile huvilistele avatud! K\u00f5iki tulevasi \u00fcritusi ja muid tegevusi saab j\u00e4lgida meie Facebooki lehel TLU International Relations Society! Kui sul on ettepanek m\u00f5ne \u00fchiskondliku teema k\u00e4sitlemiseks, k\u00fcsimusi meie seltsi kohta v\u00f5i koost\u00f6\u00f6pakkumisi tulevasteks \u00fcritusteks, siis ootame su kirja meie e-postile tluirs@esindus.ee.\u00a0 NB! Klubi tegevus toimub peamiselt inglise keeles.<\/p>\n","protected":false},"author":1,"featured_media":0,"parent":0,"menu_order":0,"comment_status":"closed","ping_status":"closed","template":"elementor_header_footer","meta":{"_eb_attr":"","footnotes":""},"class_list":["post-2013","page","type-page","status-publish","hentry"],"_links":{"self":[{"href":"https:\/\/esindus.ee\/et\/wp-json\/wp\/v2\/pages\/2013","targetHints":{"allow":["GET"]}}],"collection":[{"href":"https:\/\/esindus.ee\/et\/wp-json\/wp\/v2\/pages"}],"about":[{"href":"https:\/\/esindus.ee\/et\/wp-json\/wp\/v2\/types\/page"}],"author":[{"embeddable":true,"href":"https:\/\/esindus.ee\/et\/wp-json\/wp\/v2\/users\/1"}],"replies":[{"embeddable":true,"href":"https:\/\/esindus.ee\/et\/wp-json\/wp\/v2\/comments?post=2013"}],"version-history":[{"count":40,"href":"https:\/\/esindus.ee\/et\/wp-json\/wp\/v2\/pages\/2013\/revisions"}],"predecessor-version":[{"id":3747,"href":"https:\/\/esindus.ee\/et\/wp-json\/wp\/v2\/pages\/2013\/revisions\/3747"}],"wp:attachment":[{"href":"https:\/\/esindus.ee\/et\/wp-json\/wp\/v2\/media?parent=2013"}],"curies":[{"name":"wp","href":"https:\/\/api.w.org\/{rel}","templated":true}]}}