{"id":2011,"date":"2023-04-23T20:48:22","date_gmt":"2023-04-23T18:48:22","guid":{"rendered":"https:\/\/esindus.ee\/?page_id=2011"},"modified":"2023-05-05T23:35:50","modified_gmt":"2023-05-05T21:35:50","slug":"vaitlusklubi","status":"publish","type":"page","link":"https:\/\/esindus.ee\/et\/vaitlusklubi\/","title":{"rendered":"V\u00e4itlusklubi"},"content":{"rendered":"\t\t<div data-elementor-type=\"wp-page\" data-elementor-id=\"2011\" class=\"elementor elementor-2011\">\n\t\t\t\t\t\t<section class=\"elementor-section elementor-top-section elementor-element elementor-element-6ca34ad7 elementor-section-content-middle elementor-section-boxed elementor-section-height-default elementor-section-height-default wpr-particle-no wpr-jarallax-no wpr-parallax-no wpr-sticky-section-no wpr-equal-height-no\" data-id=\"6ca34ad7\" data-element_type=\"section\" data-e-type=\"section\">\n\t\t\t\t\t\t<div class=\"elementor-container elementor-column-gap-no\">\n\t\t\t\t\t<div class=\"elementor-column elementor-col-50 elementor-top-column elementor-element elementor-element-48e50306\" data-id=\"48e50306\" data-element_type=\"column\" data-e-type=\"column\">\n\t\t\t<div class=\"elementor-widget-wrap elementor-element-populated\">\n\t\t\t\t\t\t<div class=\"elementor-element elementor-element-2944bf0a elementor-widget elementor-widget-heading\" data-id=\"2944bf0a\" data-element_type=\"widget\" data-e-type=\"widget\" data-widget_type=\"heading.default\">\n\t\t\t\t<div class=\"elementor-widget-container\">\n\t\t\t\t\t<h2 class=\"elementor-heading-title elementor-size-default\">V\u00e4itlusklubi<\/h2>\t\t\t\t<\/div>\n\t\t\t\t<\/div>\n\t\t\t\t<div class=\"elementor-element elementor-element-657281d1 elementor-widget elementor-widget-text-editor\" data-id=\"657281d1\" data-element_type=\"widget\" data-e-type=\"widget\" data-widget_type=\"text-editor.default\">\n\t\t\t\t<div class=\"elementor-widget-container\">\n\t\t\t\t\t\t\t\t\t<p><span style=\"font-weight: 400;\">Tallinna \u00dclikooli V\u00e4itlusklubi on uus ja otsib endale eestvedajaid! Kui oled huvitatud sellest, kuidas oma v\u00e4itlemisoskusi arendada ja end v\u00e4ljendada, ning soovid kohtuda teiste sarnaste huvidega tudengitega, siis on see klubi just sulle!<\/span><\/p>\t\t\t\t\t\t\t\t<\/div>\n\t\t\t\t<\/div>\n\t\t\t\t\t<\/div>\n\t\t<\/div>\n\t\t\t\t<div class=\"elementor-column elementor-col-50 elementor-top-column elementor-element elementor-element-788cc94\" data-id=\"788cc94\" data-element_type=\"column\" data-e-type=\"column\">\n\t\t\t<div class=\"elementor-widget-wrap elementor-element-populated\">\n\t\t\t\t\t\t<div class=\"elementor-element elementor-element-532e0075 elementor-widget elementor-widget-image\" data-id=\"532e0075\" data-element_type=\"widget\" data-e-type=\"widget\" data-widget_type=\"image.default\">\n\t\t\t\t<div class=\"elementor-widget-container\">\n\t\t\t\t\t\t\t\t\t\t\t\t\t\t\t<img fetchpriority=\"high\" decoding=\"async\" width=\"768\" height=\"512\" src=\"https:\/\/esindus.ee\/wp-content\/uploads\/2023\/05\/miguel-henriques-RfiBK6Y_upQ-unsplash-768x512.jpg\" class=\"attachment-medium_large size-medium_large wp-image-3415\" alt=\"\" srcset=\"https:\/\/esindus.ee\/wp-content\/uploads\/2023\/05\/miguel-henriques-RfiBK6Y_upQ-unsplash-768x512.jpg 768w, https:\/\/esindus.ee\/wp-content\/uploads\/2023\/05\/miguel-henriques-RfiBK6Y_upQ-unsplash-300x200.jpg 300w, https:\/\/esindus.ee\/wp-content\/uploads\/2023\/05\/miguel-henriques-RfiBK6Y_upQ-unsplash-1024x683.jpg 1024w, https:\/\/esindus.ee\/wp-content\/uploads\/2023\/05\/miguel-henriques-RfiBK6Y_upQ-unsplash-1536x1024.jpg 1536w, https:\/\/esindus.ee\/wp-content\/uploads\/2023\/05\/miguel-henriques-RfiBK6Y_upQ-unsplash-2048x1365.jpg 2048w, https:\/\/esindus.ee\/wp-content\/uploads\/2023\/05\/miguel-henriques-RfiBK6Y_upQ-unsplash-18x12.jpg 18w\" sizes=\"(max-width: 768px) 100vw, 768px\" \/>\t\t\t\t\t\t\t\t\t\t\t\t\t\t\t<\/div>\n\t\t\t\t<\/div>\n\t\t\t\t\t<\/div>\n\t\t<\/div>\n\t\t\t\t\t<\/div>\n\t\t<\/section>\n\t\t\t\t<section class=\"elementor-section elementor-top-section elementor-element elementor-element-71cc888 elementor-section-boxed elementor-section-height-default elementor-section-height-default wpr-particle-no wpr-jarallax-no wpr-parallax-no wpr-sticky-section-no wpr-equal-height-no\" data-id=\"71cc888\" data-element_type=\"section\" data-e-type=\"section\">\n\t\t\t\t\t\t<div class=\"elementor-container elementor-column-gap-default\">\n\t\t\t\t\t<div class=\"elementor-column elementor-col-100 elementor-top-column elementor-element elementor-element-66281ea\" data-id=\"66281ea\" data-element_type=\"column\" data-e-type=\"column\">\n\t\t\t<div class=\"elementor-widget-wrap elementor-element-populated\">\n\t\t\t\t\t\t<div class=\"elementor-element elementor-element-60adebf elementor-widget__width-inherit animated-fast elementor-invisible elementor-widget elementor-widget-spacer\" data-id=\"60adebf\" data-element_type=\"widget\" data-e-type=\"widget\" data-settings=\"{&quot;_animation&quot;:&quot;fadeIn&quot;}\" data-widget_type=\"spacer.default\">\n\t\t\t\t<div class=\"elementor-widget-container\">\n\t\t\t\t\t\t\t<div class=\"elementor-spacer\">\n\t\t\t<div class=\"elementor-spacer-inner\"><\/div>\n\t\t<\/div>\n\t\t\t\t\t\t<\/div>\n\t\t\t\t<\/div>\n\t\t\t\t\t<\/div>\n\t\t<\/div>\n\t\t\t\t\t<\/div>\n\t\t<\/section>\n\t\t\t\t<section class=\"elementor-section elementor-top-section elementor-element elementor-element-64019685 elementor-section-boxed elementor-section-height-default elementor-section-height-default wpr-particle-no wpr-jarallax-no wpr-parallax-no wpr-sticky-section-no wpr-equal-height-no\" data-id=\"64019685\" data-element_type=\"section\" data-e-type=\"section\">\n\t\t\t\t\t\t<div class=\"elementor-container elementor-column-gap-default\">\n\t\t\t\t\t<div class=\"elementor-column elementor-col-33 elementor-top-column elementor-element elementor-element-63bb20af\" data-id=\"63bb20af\" data-element_type=\"column\" data-e-type=\"column\">\n\t\t\t<div class=\"elementor-widget-wrap elementor-element-populated\">\n\t\t\t\t\t\t<div class=\"elementor-element elementor-element-1a0f1459 elementor-widget elementor-widget-heading\" data-id=\"1a0f1459\" data-element_type=\"widget\" data-e-type=\"widget\" data-widget_type=\"heading.default\">\n\t\t\t\t<div class=\"elementor-widget-container\">\n\t\t\t\t\t<h2 class=\"elementor-heading-title elementor-size-default\">Mida me teeme?<\/h2>\t\t\t\t<\/div>\n\t\t\t\t<\/div>\n\t\t\t\t<div class=\"elementor-element elementor-element-7b34a726 elementor-widget elementor-widget-text-editor\" data-id=\"7b34a726\" data-element_type=\"widget\" data-e-type=\"widget\" data-widget_type=\"text-editor.default\">\n\t\t\t\t<div class=\"elementor-widget-container\">\n\t\t\t\t\t\t\t\t\t<p><span style=\"font-weight: 400;\">Meie v\u00e4itlusklubi tegeleb erinevate teemadega, mis v\u00f5imaldavad liikmetel <strong>arendada oma argumenteerimise ja loogilise m\u00f5tlemise oskusi.<\/strong> V\u00e4itlusklubi kohtumistel on k\u00f5igil liikmetel v\u00f5imalus osaleda v\u00e4itlusvoorudes ning kogeda v\u00f5istluspinget ja uute ideede vahetust. <strong>Kui sa pole huvitatud v\u00f5istlemast, siis tule kaasa elama!<\/strong><\/span><\/p><p><span style=\"font-weight: 400;\">Klubi \u00fcheks eesm\u00e4rgiks on <strong>leida ka v\u00e4itlusalaseid spetsialiste<\/strong>, kes aitavad liikmeid nende oskuste arendamisel. K\u00fclalisesinejateks on kutsutud nii \u00f5ppej\u00f5ud kui ka praktikud, kes jagavad v\u00e4itlemise kohta oma kogemusi ja teadmisi. Sellised kohtumised v\u00f5imaldavad ka liikmetel saada erinevaid vaatenurki ja \u00f5ppida teiste m\u00f5tteid aktsepteerima v\u00f5i neile <strong>v\u00e4itluskultuurile omaselt viisakalt oponeerima.<\/strong><\/span><\/p>\t\t\t\t\t\t\t\t<\/div>\n\t\t\t\t<\/div>\n\t\t\t\t\t<\/div>\n\t\t<\/div>\n\t\t\t\t<div class=\"elementor-column elementor-col-33 elementor-top-column elementor-element elementor-element-2f32e694\" data-id=\"2f32e694\" data-element_type=\"column\" data-e-type=\"column\">\n\t\t\t<div class=\"elementor-widget-wrap\">\n\t\t\t\t\t\t\t<\/div>\n\t\t<\/div>\n\t\t\t\t<div class=\"elementor-column elementor-col-33 elementor-top-column elementor-element elementor-element-6a5f3ff2\" data-id=\"6a5f3ff2\" data-element_type=\"column\" data-e-type=\"column\">\n\t\t\t<div class=\"elementor-widget-wrap elementor-element-populated\">\n\t\t\t\t\t\t<div class=\"elementor-element elementor-element-64d39ba9 elementor-widget elementor-widget-heading\" data-id=\"64d39ba9\" data-element_type=\"widget\" data-e-type=\"widget\" data-widget_type=\"heading.default\">\n\t\t\t\t<div class=\"elementor-widget-container\">\n\t\t\t\t\t<h2 class=\"elementor-heading-title elementor-size-default\">Liitu<\/h2>\t\t\t\t<\/div>\n\t\t\t\t<\/div>\n\t\t\t\t<div class=\"elementor-element elementor-element-7e0b78f1 elementor-widget__width-initial elementor-widget elementor-widget-text-editor\" data-id=\"7e0b78f1\" data-element_type=\"widget\" data-e-type=\"widget\" data-widget_type=\"text-editor.default\">\n\t\t\t\t<div class=\"elementor-widget-container\">\n\t\t\t\t\t\t\t\t\t<p><span style=\"font-weight: 400;\">Kui oled huvitatud oma v\u00e4itlemisoskuste arendamisest, kohtumisest uute inimestega ja soovid liituda v\u00e4itlusklubiga, siis kirjuta <\/span><span style=\"text-decoration: underline; color: #b80007;\"><a style=\"color: #b80007; text-decoration: underline;\" href=\"mailto:vabatahtlikud@esindus.ee\">vabatahtlikud@esindus.ee<\/a><\/span><span style=\"font-weight: 400;\"><span style=\"color: #000000;\">.<\/span> Klubi ootab omale uusi liikmeid ning k\u00f5ik \u00fclikooli tudengid on oodatud!<\/span><\/p>\t\t\t\t\t\t\t\t<\/div>\n\t\t\t\t<\/div>\n\t\t\t\t\t<\/div>\n\t\t<\/div>\n\t\t\t\t\t<\/div>\n\t\t<\/section>\n\t\t\t\t<\/div>\n\t\t","protected":false},"excerpt":{"rendered":"<p>V\u00e4itlusklubi Tallinna \u00dclikooli V\u00e4itlusklubi on uus ja otsib endale eestvedajaid! Kui oled huvitatud sellest, kuidas oma v\u00e4itlemisoskusi arendada ja end v\u00e4ljendada, ning soovid kohtuda teiste sarnaste huvidega tudengitega, siis on see klubi just sulle! Mida me teeme? Meie v\u00e4itlusklubi tegeleb erinevate teemadega, mis v\u00f5imaldavad liikmetel arendada oma argumenteerimise ja loogilise m\u00f5tlemise oskusi. V\u00e4itlusklubi kohtumistel on k\u00f5igil liikmetel v\u00f5imalus osaleda v\u00e4itlusvoorudes ning kogeda v\u00f5istluspinget ja uute ideede vahetust. Kui sa pole huvitatud v\u00f5istlemast, siis tule kaasa elama! Klubi \u00fcheks eesm\u00e4rgiks on leida ka v\u00e4itlusalaseid spetsialiste, kes aitavad liikmeid nende oskuste arendamisel. K\u00fclalisesinejateks on kutsutud nii \u00f5ppej\u00f5ud kui ka praktikud, kes jagavad v\u00e4itlemise kohta oma kogemusi ja teadmisi. Sellised kohtumised v\u00f5imaldavad ka liikmetel saada erinevaid vaatenurki ja \u00f5ppida teiste m\u00f5tteid aktsepteerima v\u00f5i neile v\u00e4itluskultuurile omaselt viisakalt oponeerima. Liitu Kui oled huvitatud oma v\u00e4itlemisoskuste arendamisest, kohtumisest uute inimestega ja soovid liituda v\u00e4itlusklubiga, siis kirjuta vabatahtlikud@esindus.ee. Klubi ootab omale uusi liikmeid ning k\u00f5ik \u00fclikooli tudengid on oodatud!<\/p>\n","protected":false},"author":1,"featured_media":0,"parent":0,"menu_order":0,"comment_status":"closed","ping_status":"closed","template":"","meta":{"_eb_attr":"","footnotes":""},"class_list":["post-2011","page","type-page","status-publish","hentry"],"_links":{"self":[{"href":"https:\/\/esindus.ee\/et\/wp-json\/wp\/v2\/pages\/2011","targetHints":{"allow":["GET"]}}],"collection":[{"href":"https:\/\/esindus.ee\/et\/wp-json\/wp\/v2\/pages"}],"about":[{"href":"https:\/\/esindus.ee\/et\/wp-json\/wp\/v2\/types\/page"}],"author":[{"embeddable":true,"href":"https:\/\/esindus.ee\/et\/wp-json\/wp\/v2\/users\/1"}],"replies":[{"embeddable":true,"href":"https:\/\/esindus.ee\/et\/wp-json\/wp\/v2\/comments?post=2011"}],"version-history":[{"count":16,"href":"https:\/\/esindus.ee\/et\/wp-json\/wp\/v2\/pages\/2011\/revisions"}],"predecessor-version":[{"id":3744,"href":"https:\/\/esindus.ee\/et\/wp-json\/wp\/v2\/pages\/2011\/revisions\/3744"}],"wp:attachment":[{"href":"https:\/\/esindus.ee\/et\/wp-json\/wp\/v2\/media?parent=2011"}],"curies":[{"name":"wp","href":"https:\/\/api.w.org\/{rel}","templated":true}]}}