{"id":8403,"date":"2024-09-24T16:19:25","date_gmt":"2024-09-24T13:19:25","guid":{"rendered":"https:\/\/esindus.ee\/?page_id=8403"},"modified":"2025-07-14T16:56:00","modified_gmt":"2025-07-14T13:56:00","slug":"jaapani-klubi","status":"publish","type":"page","link":"https:\/\/esindus.ee\/en\/jaapani-klubi\/","title":{"rendered":"Japanese club"},"content":{"rendered":"<div data-elementor-type=\"wp-page\" data-elementor-id=\"8403\" class=\"elementor elementor-8403\">\n\t\t\t\t\t\t<section class=\"elementor-section elementor-top-section elementor-element elementor-element-58c1eff elementor-section-content-middle elementor-section-boxed elementor-section-height-default elementor-section-height-default wpr-particle-no wpr-jarallax-no wpr-parallax-no wpr-sticky-section-no wpr-equal-height-no\" data-id=\"58c1eff\" data-element_type=\"section\" data-e-type=\"section\">\n\t\t\t\t\t\t<div class=\"elementor-container elementor-column-gap-no\">\n\t\t\t\t\t<div class=\"elementor-column elementor-col-50 elementor-top-column elementor-element elementor-element-f604340\" data-id=\"f604340\" data-element_type=\"column\" data-e-type=\"column\">\n\t\t\t<div class=\"elementor-widget-wrap elementor-element-populated\">\n\t\t\t\t\t\t<div class=\"elementor-element elementor-element-259d6f1 elementor-widget elementor-widget-heading\" data-id=\"259d6f1\" data-element_type=\"widget\" data-e-type=\"widget\" data-widget_type=\"heading.default\">\n\t\t\t\t<div class=\"elementor-widget-container\">\n\t\t\t\t\t<h2 class=\"elementor-heading-title elementor-size-default\">Japanese club<\/h2>\t\t\t\t<\/div>\n\t\t\t\t<\/div>\n\t\t\t\t<div class=\"elementor-element elementor-element-fc694e5 elementor-widget elementor-widget-text-editor\" data-id=\"fc694e5\" data-element_type=\"widget\" data-e-type=\"widget\" data-widget_type=\"text-editor.default\">\n\t\t\t\t<div class=\"elementor-widget-container\">\n\t\t\t\t\t\t\t\t\t<p><span style=\"font-weight: 400;\">Tallinn University Japanese Club (\u30bf\u30ea\u30f3\u5927\u5b66\u306e\u65e5\u672c\u6587\u5316\u30af\u30e9\u30d6 \/ Tallinna \u00dclikooli Jaapani Klubi) is a community for those interested in Japanese culture, offering a diverse overview that includes both traditional arts and modern pop culture.\u00a0<\/span><\/p><p><span style=\"font-weight: 400;\">The club\u2019s activities range from language cafes and workshops to lectures and movie evenings, providing a varied program to suit all interests.\u00a0<\/span><\/p><p><span style=\"font-weight: 400;\">The club is open to everyone who wants to delve deeper into Japanese culture and connect with like-minded people. Join us to participate in events and meet new friends!<\/span><\/p>\t\t\t\t\t\t\t\t<\/div>\n\t\t\t\t<\/div>\n\t\t\t\t\t<\/div>\n\t\t<\/div>\n\t\t\t\t<div class=\"elementor-column elementor-col-50 elementor-top-column elementor-element elementor-element-edaa986\" data-id=\"edaa986\" data-element_type=\"column\" data-e-type=\"column\">\n\t\t\t<div class=\"elementor-widget-wrap elementor-element-populated\">\n\t\t\t\t\t\t<div class=\"elementor-element elementor-element-e9df1ff elementor-widget elementor-widget-image\" data-id=\"e9df1ff\" data-element_type=\"widget\" data-e-type=\"widget\" data-widget_type=\"image.default\">\n\t\t\t\t<div class=\"elementor-widget-container\">\n\t\t\t\t\t\t\t\t\t\t\t\t\t\t\t<img fetchpriority=\"high\" decoding=\"async\" width=\"768\" height=\"403\" src=\"https:\/\/esindus.ee\/wp-content\/uploads\/2024\/09\/jaapaniklubi-768x403.avif\" class=\"attachment-medium_large size-medium_large wp-image-8404\" alt=\"\" srcset=\"https:\/\/esindus.ee\/wp-content\/uploads\/2024\/09\/jaapaniklubi-768x403.avif 768w, https:\/\/esindus.ee\/wp-content\/uploads\/2024\/09\/jaapaniklubi-300x158.avif 300w, https:\/\/esindus.ee\/wp-content\/uploads\/2024\/09\/jaapaniklubi-1024x538.avif 1024w, https:\/\/esindus.ee\/wp-content\/uploads\/2024\/09\/jaapaniklubi.avif 1200w\" sizes=\"(max-width: 768px) 100vw, 768px\" \/>\t\t\t\t\t\t\t\t\t\t\t\t\t\t\t<\/div>\n\t\t\t\t<\/div>\n\t\t\t\t\t<\/div>\n\t\t<\/div>\n\t\t\t\t\t<\/div>\n\t\t<\/section>\n\t\t\t\t<section class=\"elementor-section elementor-top-section elementor-element elementor-element-4a1cf09 elementor-section-boxed elementor-section-height-default elementor-section-height-default wpr-particle-no wpr-jarallax-no wpr-parallax-no wpr-sticky-section-no wpr-equal-height-no\" data-id=\"4a1cf09\" data-element_type=\"section\" data-e-type=\"section\">\n\t\t\t\t\t\t<div class=\"elementor-container elementor-column-gap-default\">\n\t\t\t\t\t<div class=\"elementor-column elementor-col-100 elementor-top-column elementor-element elementor-element-a8a396d\" data-id=\"a8a396d\" data-element_type=\"column\" data-e-type=\"column\">\n\t\t\t<div class=\"elementor-widget-wrap elementor-element-populated\">\n\t\t\t\t\t\t<div class=\"elementor-element elementor-element-f29dc6f elementor-widget__width-inherit animated-fast elementor-invisible elementor-widget elementor-widget-spacer\" data-id=\"f29dc6f\" data-element_type=\"widget\" data-e-type=\"widget\" data-settings=\"{&quot;_animation&quot;:&quot;fadeIn&quot;}\" data-widget_type=\"spacer.default\">\n\t\t\t\t<div class=\"elementor-widget-container\">\n\t\t\t\t\t\t\t<div class=\"elementor-spacer\">\n\t\t\t<div class=\"elementor-spacer-inner\"><\/div>\n\t\t<\/div>\n\t\t\t\t\t\t<\/div>\n\t\t\t\t<\/div>\n\t\t\t\t\t<\/div>\n\t\t<\/div>\n\t\t\t\t\t<\/div>\n\t\t<\/section>\n\t\t\t\t<section class=\"elementor-section elementor-top-section elementor-element elementor-element-8cf0de5 elementor-section-boxed elementor-section-height-default elementor-section-height-default wpr-particle-no wpr-jarallax-no wpr-parallax-no wpr-sticky-section-no wpr-equal-height-no\" data-id=\"8cf0de5\" data-element_type=\"section\" data-e-type=\"section\">\n\t\t\t\t\t\t<div class=\"elementor-container elementor-column-gap-default\">\n\t\t\t\t\t<div class=\"elementor-column elementor-col-16 elementor-top-column elementor-element elementor-element-15e23ba\" data-id=\"15e23ba\" data-element_type=\"column\" data-e-type=\"column\">\n\t\t\t<div class=\"elementor-widget-wrap elementor-element-populated\">\n\t\t\t\t\t\t<div class=\"elementor-element elementor-element-6c6625e elementor-widget elementor-widget-spacer\" data-id=\"6c6625e\" data-element_type=\"widget\" data-e-type=\"widget\" data-widget_type=\"spacer.default\">\n\t\t\t\t<div class=\"elementor-widget-container\">\n\t\t\t\t\t\t\t<div class=\"elementor-spacer\">\n\t\t\t<div class=\"elementor-spacer-inner\"><\/div>\n\t\t<\/div>\n\t\t\t\t\t\t<\/div>\n\t\t\t\t<\/div>\n\t\t\t\t<div class=\"elementor-element elementor-element-85f49df elementor-widget elementor-widget-spacer\" data-id=\"85f49df\" data-element_type=\"widget\" data-e-type=\"widget\" data-widget_type=\"spacer.default\">\n\t\t\t\t<div class=\"elementor-widget-container\">\n\t\t\t\t\t\t\t<div class=\"elementor-spacer\">\n\t\t\t<div class=\"elementor-spacer-inner\"><\/div>\n\t\t<\/div>\n\t\t\t\t\t\t<\/div>\n\t\t\t\t<\/div>\n\t\t\t\t<div class=\"elementor-element elementor-element-f76dd23 elementor-widget__width-initial elementor-view-framed elementor-shape-circle elementor-widget elementor-widget-icon\" data-id=\"f76dd23\" data-element_type=\"widget\" data-e-type=\"widget\" data-widget_type=\"icon.default\">\n\t\t\t\t<div class=\"elementor-widget-container\">\n\t\t\t\t\t\t\t<div class=\"elementor-icon-wrapper\">\n\t\t\t<div class=\"elementor-icon elementor-animation-bounce-in\">\n\t\t\t<i aria-hidden=\"true\" class=\"fas fa-mail-bulk\"><\/i>\t\t\t<\/div>\n\t\t<\/div>\n\t\t\t\t\t\t<\/div>\n\t\t\t\t<\/div>\n\t\t\t\t\t<\/div>\n\t\t<\/div>\n\t\t\t\t<div class=\"elementor-column elementor-col-16 elementor-top-column elementor-element elementor-element-5622804\" data-id=\"5622804\" data-element_type=\"column\" data-e-type=\"column\">\n\t\t\t<div class=\"elementor-widget-wrap elementor-element-populated\">\n\t\t\t\t\t\t<div class=\"elementor-element elementor-element-0be8cb5 elementor-widget elementor-widget-heading\" data-id=\"0be8cb5\" data-element_type=\"widget\" data-e-type=\"widget\" data-widget_type=\"heading.default\">\n\t\t\t\t<div class=\"elementor-widget-container\">\n\t\t\t\t\t<h3 class=\"elementor-heading-title elementor-size-default\">Join us<\/h3>\t\t\t\t<\/div>\n\t\t\t\t<\/div>\n\t\t\t\t<div class=\"elementor-element elementor-element-dc137d0 elementor-widget__width-initial elementor-widget elementor-widget-text-editor\" data-id=\"dc137d0\" data-element_type=\"widget\" data-e-type=\"widget\" data-widget_type=\"text-editor.default\">\n\t\t\t\t<div class=\"elementor-widget-container\">\n\t\t\t\t\t\t\t\t\t<p><span style=\"font-weight: 400;\">Join us to participate in events and find new like-minded people! It is free!\u00a0<\/span><\/p><p><span style=\"font-weight: 400;\">To join, fill the form <\/span><span style=\"text-decoration: underline; color: #9c0c0c;\"><strong><a style=\"color: #9c0c0c; text-decoration: underline;\" href=\"https:\/\/docs.google.com\/forms\/d\/e\/1FAIpQLSdO1rp-ys5LN29eMavQMQFD-vOEgHH6Cy5VI51OC4QOp3k73w\/viewform\" target=\"_blank\" rel=\"noopener\">HERE!<\/a><\/strong><\/span><\/p>\t\t\t\t\t\t\t\t<\/div>\n\t\t\t\t<\/div>\n\t\t\t\t\t<\/div>\n\t\t<\/div>\n\t\t\t\t<div class=\"elementor-column elementor-col-16 elementor-top-column elementor-element elementor-element-fefbc45\" data-id=\"fefbc45\" data-element_type=\"column\" data-e-type=\"column\">\n\t\t\t<div class=\"elementor-widget-wrap elementor-element-populated\">\n\t\t\t\t\t\t<div class=\"elementor-element elementor-element-bad1973 elementor-widget elementor-widget-spacer\" data-id=\"bad1973\" data-element_type=\"widget\" data-e-type=\"widget\" data-widget_type=\"spacer.default\">\n\t\t\t\t<div class=\"elementor-widget-container\">\n\t\t\t\t\t\t\t<div class=\"elementor-spacer\">\n\t\t\t<div class=\"elementor-spacer-inner\"><\/div>\n\t\t<\/div>\n\t\t\t\t\t\t<\/div>\n\t\t\t\t<\/div>\n\t\t\t\t<div class=\"elementor-element elementor-element-d61c332 elementor-widget elementor-widget-spacer\" data-id=\"d61c332\" data-element_type=\"widget\" data-e-type=\"widget\" data-widget_type=\"spacer.default\">\n\t\t\t\t<div class=\"elementor-widget-container\">\n\t\t\t\t\t\t\t<div class=\"elementor-spacer\">\n\t\t\t<div class=\"elementor-spacer-inner\"><\/div>\n\t\t<\/div>\n\t\t\t\t\t\t<\/div>\n\t\t\t\t<\/div>\n\t\t\t\t<div class=\"elementor-element elementor-element-3ce5f8a elementor-view-framed elementor-shape-circle elementor-widget elementor-widget-icon\" data-id=\"3ce5f8a\" data-element_type=\"widget\" data-e-type=\"widget\" data-widget_type=\"icon.default\">\n\t\t\t\t<div class=\"elementor-widget-container\">\n\t\t\t\t\t\t\t<div class=\"elementor-icon-wrapper\">\n\t\t\t<div class=\"elementor-icon elementor-animation-bounce-in\">\n\t\t\t<i aria-hidden=\"true\" class=\"fas fa-people-carry\"><\/i>\t\t\t<\/div>\n\t\t<\/div>\n\t\t\t\t\t\t<\/div>\n\t\t\t\t<\/div>\n\t\t\t\t\t<\/div>\n\t\t<\/div>\n\t\t\t\t<div class=\"elementor-column elementor-col-16 elementor-top-column elementor-element elementor-element-ad12148\" data-id=\"ad12148\" data-element_type=\"column\" data-e-type=\"column\">\n\t\t\t<div class=\"elementor-widget-wrap elementor-element-populated\">\n\t\t\t\t\t\t<div class=\"elementor-element elementor-element-0b2b993 elementor-widget__width-initial elementor-widget elementor-widget-heading\" data-id=\"0b2b993\" data-element_type=\"widget\" data-e-type=\"widget\" data-widget_type=\"heading.default\">\n\t\t\t\t<div class=\"elementor-widget-container\">\n\t\t\t\t\t<h3 class=\"elementor-heading-title elementor-size-default\">Board<\/h3>\t\t\t\t<\/div>\n\t\t\t\t<\/div>\n\t\t\t\t<div class=\"elementor-element elementor-element-3746532 elementor-widget__width-inherit animated-fast elementor-invisible elementor-widget elementor-widget-spacer\" data-id=\"3746532\" data-element_type=\"widget\" data-e-type=\"widget\" data-settings=\"{&quot;_animation&quot;:&quot;fadeIn&quot;}\" data-widget_type=\"spacer.default\">\n\t\t\t\t<div class=\"elementor-widget-container\">\n\t\t\t\t\t\t\t<div class=\"elementor-spacer\">\n\t\t\t<div class=\"elementor-spacer-inner\"><\/div>\n\t\t<\/div>\n\t\t\t\t\t\t<\/div>\n\t\t\t\t<\/div>\n\t\t\t\t<div class=\"elementor-element elementor-element-b1ee651 elementor-widget__width-initial elementor-widget elementor-widget-text-editor\" data-id=\"b1ee651\" data-element_type=\"widget\" data-e-type=\"widget\" data-widget_type=\"text-editor.default\">\n\t\t\t\t<div class=\"elementor-widget-container\">\n\t\t\t\t\t\t\t\t\t<p><span style=\"font-weight: 400;\">Manager <\/span><b>Cecilia Maria Laid<\/b><\/p>\n<p><span style=\"font-weight: 400;\">Debuty manager <strong>Eliisa Ots<\/strong><\/span><\/p>\n<p><span style=\"font-weight: 400;\">PR manager <strong>Doris Kala<\/strong><\/span><\/p>\t\t\t\t\t\t\t\t<\/div>\n\t\t\t\t<\/div>\n\t\t\t\t\t<\/div>\n\t\t<\/div>\n\t\t\t\t<div class=\"elementor-column elementor-col-16 elementor-top-column elementor-element elementor-element-180b953\" data-id=\"180b953\" data-element_type=\"column\" data-e-type=\"column\">\n\t\t\t<div class=\"elementor-widget-wrap elementor-element-populated\">\n\t\t\t\t\t\t<div class=\"elementor-element elementor-element-64beb39 elementor-widget elementor-widget-spacer\" data-id=\"64beb39\" data-element_type=\"widget\" data-e-type=\"widget\" data-widget_type=\"spacer.default\">\n\t\t\t\t<div class=\"elementor-widget-container\">\n\t\t\t\t\t\t\t<div class=\"elementor-spacer\">\n\t\t\t<div class=\"elementor-spacer-inner\"><\/div>\n\t\t<\/div>\n\t\t\t\t\t\t<\/div>\n\t\t\t\t<\/div>\n\t\t\t\t<div class=\"elementor-element elementor-element-271d00b elementor-widget elementor-widget-spacer\" data-id=\"271d00b\" data-element_type=\"widget\" data-e-type=\"widget\" data-widget_type=\"spacer.default\">\n\t\t\t\t<div class=\"elementor-widget-container\">\n\t\t\t\t\t\t\t<div class=\"elementor-spacer\">\n\t\t\t<div class=\"elementor-spacer-inner\"><\/div>\n\t\t<\/div>\n\t\t\t\t\t\t<\/div>\n\t\t\t\t<\/div>\n\t\t\t\t<div class=\"elementor-element elementor-element-02b4008 elementor-shape-circle elementor-grid-1 e-grid-align-center elementor-widget elementor-widget-social-icons\" data-id=\"02b4008\" data-element_type=\"widget\" data-e-type=\"widget\" data-widget_type=\"social-icons.default\">\n\t\t\t\t<div class=\"elementor-widget-container\">\n\t\t\t\t\t\t\t<div class=\"elementor-social-icons-wrapper elementor-grid\" role=\"list\">\n\t\t\t\t\t\t\t<span class=\"elementor-grid-item\" role=\"listitem\">\n\t\t\t\t\t<a class=\"elementor-icon elementor-social-icon elementor-social-icon-facebook-f elementor-animation-grow elementor-repeater-item-472706a\" href=\"https:\/\/www.facebook.com\/tlufotoklubi\" target=\"_blank\">\n\t\t\t\t\t\t<span class=\"elementor-screen-only\">Facebook-f<\/span>\n\t\t\t\t\t\t<i aria-hidden=\"true\" class=\"fab fa-facebook-f\"><\/i>\t\t\t\t\t<\/a>\n\t\t\t\t<\/span>\n\t\t\t\t\t\t\t<span class=\"elementor-grid-item\" role=\"listitem\">\n\t\t\t\t\t<a class=\"elementor-icon elementor-social-icon elementor-social-icon-instagram elementor-animation-grow elementor-repeater-item-8f7f9ab\" href=\"https:\/\/www.instagram.com\/fotoklubitlu\/\" target=\"_blank\">\n\t\t\t\t\t\t<span class=\"elementor-screen-only\">Instagram<\/span>\n\t\t\t\t\t\t<i aria-hidden=\"true\" class=\"fab fa-instagram\"><\/i>\t\t\t\t\t<\/a>\n\t\t\t\t<\/span>\n\t\t\t\t\t\t\t<span class=\"elementor-grid-item\" role=\"listitem\">\n\t\t\t\t\t<a class=\"elementor-icon elementor-social-icon elementor-social-icon-home elementor-animation-grow elementor-repeater-item-97f6e25\" target=\"_blank\">\n\t\t\t\t\t\t<span class=\"elementor-screen-only\">Home<\/span>\n\t\t\t\t\t\t<i aria-hidden=\"true\" class=\"fas fa-home\"><\/i>\t\t\t\t\t<\/a>\n\t\t\t\t<\/span>\n\t\t\t\t\t\t\t<span class=\"elementor-grid-item\" role=\"listitem\">\n\t\t\t\t\t<a class=\"elementor-icon elementor-social-icon elementor-social-icon-envelope elementor-animation-grow elementor-repeater-item-21c2351\" target=\"_blank\">\n\t\t\t\t\t\t<span class=\"elementor-screen-only\">Envelope<\/span>\n\t\t\t\t\t\t<i aria-hidden=\"true\" class=\"fas fa-envelope\"><\/i>\t\t\t\t\t<\/a>\n\t\t\t\t<\/span>\n\t\t\t\t\t<\/div>\n\t\t\t\t\t\t<\/div>\n\t\t\t\t<\/div>\n\t\t\t\t\t<\/div>\n\t\t<\/div>\n\t\t\t\t<div class=\"elementor-column elementor-col-16 elementor-top-column elementor-element elementor-element-6428608\" data-id=\"6428608\" data-element_type=\"column\" data-e-type=\"column\">\n\t\t\t<div class=\"elementor-widget-wrap elementor-element-populated\">\n\t\t\t\t\t\t<div class=\"elementor-element elementor-element-0eaa6ad elementor-widget elementor-widget-heading\" data-id=\"0eaa6ad\" data-element_type=\"widget\" data-e-type=\"widget\" data-widget_type=\"heading.default\">\n\t\t\t\t<div class=\"elementor-widget-container\">\n\t\t\t\t\t<h4 class=\"elementor-heading-title elementor-size-default\">Follow us<\/h4>\t\t\t\t<\/div>\n\t\t\t\t<\/div>\n\t\t\t\t<div class=\"elementor-element elementor-element-64456e2 elementor-widget__width-initial elementor-widget elementor-widget-text-editor\" data-id=\"64456e2\" data-element_type=\"widget\" data-e-type=\"widget\" data-widget_type=\"text-editor.default\">\n\t\t\t\t<div class=\"elementor-widget-container\">\n\t\t\t\t\t\t\t\t\t<p>on Facebook <span style=\"color: #a60f0f;\"><a style=\"color: #a60f0f;\" href=\"https:\/\/www.facebook.com\/tlujap\" target=\"_blank\" rel=\"noopener\"><span style=\"text-decoration: underline;\"><strong>https:\/\/www.facebook.com\/tlujap<\/strong><\/span><\/a><\/span><\/p>\t\t\t\t\t\t\t\t<\/div>\n\t\t\t\t<\/div>\n\t\t\t\t<div class=\"elementor-element elementor-element-b48af87 elementor-widget__width-initial elementor-widget elementor-widget-text-editor\" data-id=\"b48af87\" data-element_type=\"widget\" data-e-type=\"widget\" data-widget_type=\"text-editor.default\">\n\t\t\t\t<div class=\"elementor-widget-container\">\n\t\t\t\t\t\t\t\t\t<p><span style=\"font-weight: 400;\">Instagram <span style=\"text-decoration: underline;\"><strong><span style=\"color: #a60f00;\"><a style=\"color: #a60f00; text-decoration: underline;\" href=\"https:\/\/www.instagram.com\/tlujap\" target=\"_blank\" rel=\"noopener\">tlujap<\/a><\/span><\/strong><\/span><\/span><\/p>\t\t\t\t\t\t\t\t<\/div>\n\t\t\t\t<\/div>\n\t\t\t\t<div class=\"elementor-element elementor-element-f5d483c elementor-widget__width-initial elementor-widget elementor-widget-text-editor\" data-id=\"f5d483c\" data-element_type=\"widget\" data-e-type=\"widget\" data-widget_type=\"text-editor.default\">\n\t\t\t\t<div class=\"elementor-widget-container\">\n\t\t\t\t\t\t\t\t\t<p><span style=\"font-weight: 400;\">Website:<\/span><span style=\"text-decoration: underline; color: #a60f00;\"><strong><a style=\"color: #a60f00; text-decoration: underline;\" href=\"https:\/\/bit.ly\/tlujapclub\" target=\"_blank\" rel=\"noopener\"> https:\/\/bit.ly\/tlujapclub<\/a><\/strong><\/span><\/p>\t\t\t\t\t\t\t\t<\/div>\n\t\t\t\t<\/div>\n\t\t\t\t<div class=\"elementor-element elementor-element-86047dd elementor-widget__width-initial elementor-widget elementor-widget-text-editor\" data-id=\"86047dd\" data-element_type=\"widget\" data-e-type=\"widget\" data-widget_type=\"text-editor.default\">\n\t\t\t\t<div class=\"elementor-widget-container\">\n\t\t\t\t\t\t\t\t\t<p><span style=\"font-weight: 400;\">Email: <\/span><span style=\"text-decoration: underline;\"><strong><span style=\"color: #a60f0f;\"><a style=\"color: #a60f0f; text-decoration: underline;\" href=\"mailto:tlujapclub@gmail.com\">tlujapclub@gmail.com<\/a><\/span><\/strong><\/span><\/p>\t\t\t\t\t\t\t\t<\/div>\n\t\t\t\t<\/div>\n\t\t\t\t\t<\/div>\n\t\t<\/div>\n\t\t\t\t\t<\/div>\n\t\t<\/section>\n\t\t\t\t<\/div>","protected":false},"excerpt":{"rendered":"<p>Jaapani Klubi Tallinna \u00dclikooli Jaapani klubi (\u30bf\u30ea\u30f3\u5927\u5b66\u306e\u65e5\u672c\u6587\u5316\u30af\u30e9\u30d6) on Jaapani kultuuri huviliste \u00fchendus, mis pakub mitmek\u00fclgset \u00fclevaadet Jaapani kultuurist, h\u00f5lmates nii traditsioonilisi kunste kui ka kaasaegset popkultuuri.\u00a0 Klubi tegevused ulatuvad keelekohvikutest ja t\u00f6\u00f6tubadest kuni loengute ja filmi\u00f5htuteni, pakkudes mitmekesist programmi igale maitsele.\u00a0 Klubi on avatud k\u00f5igile, kes soovivad s\u00fcveneda Jaapani kultuuri ja leida sarnaselt m\u00f5tlevaid inimesi. Liitu Liitu meiega, et osaleda \u00fcritustel ja leida uusi m\u00f5ttekaaslasi!\u00a0 Liitumiseks t\u00e4ida ankeet SIIN! Juhatus Juht Cecilia Maria Laid Asejuht Eliisa Ots Suhtekorraldusjuht Doris Kala Facebook-f Instagram Home Envelope J\u00e4lgi meid Facebookis https:\/\/www.facebook.com\/tlujap Instagramis tlujap Veebileht: https:\/\/bit.ly\/tlujapclub E-mail: tlujapclub@gmail.com<\/p>","protected":false},"author":2,"featured_media":0,"parent":0,"menu_order":0,"comment_status":"closed","ping_status":"closed","template":"","meta":{"_eb_attr":"","footnotes":""},"class_list":["post-8403","page","type-page","status-publish","hentry"],"_links":{"self":[{"href":"https:\/\/esindus.ee\/en\/wp-json\/wp\/v2\/pages\/8403","targetHints":{"allow":["GET"]}}],"collection":[{"href":"https:\/\/esindus.ee\/en\/wp-json\/wp\/v2\/pages"}],"about":[{"href":"https:\/\/esindus.ee\/en\/wp-json\/wp\/v2\/types\/page"}],"author":[{"embeddable":true,"href":"https:\/\/esindus.ee\/en\/wp-json\/wp\/v2\/users\/2"}],"replies":[{"embeddable":true,"href":"https:\/\/esindus.ee\/en\/wp-json\/wp\/v2\/comments?post=8403"}],"version-history":[{"count":40,"href":"https:\/\/esindus.ee\/en\/wp-json\/wp\/v2\/pages\/8403\/revisions"}],"predecessor-version":[{"id":9956,"href":"https:\/\/esindus.ee\/en\/wp-json\/wp\/v2\/pages\/8403\/revisions\/9956"}],"wp:attachment":[{"href":"https:\/\/esindus.ee\/en\/wp-json\/wp\/v2\/media?parent=8403"}],"curies":[{"name":"wp","href":"https:\/\/api.w.org\/{rel}","templated":true}]}}