{"id":5913,"date":"2023-12-27T21:12:10","date_gmt":"2023-12-27T19:12:10","guid":{"rendered":"https:\/\/esindus.ee\/?page_id=5913"},"modified":"2024-01-09T17:03:40","modified_gmt":"2024-01-09T15:03:40","slug":"popups","status":"publish","type":"page","link":"https:\/\/esindus.ee\/en\/popups\/","title":{"rendered":"Struktuur_test"},"content":{"rendered":"<div data-elementor-type=\"wp-page\" data-elementor-id=\"5913\" class=\"elementor elementor-5913\">\n\t\t\t\t\t\t<section class=\"elementor-section elementor-top-section elementor-element elementor-element-a231171 elementor-section-boxed elementor-section-height-default elementor-section-height-default wpr-particle-no wpr-jarallax-no wpr-parallax-no wpr-sticky-section-no wpr-equal-height-no\" data-id=\"a231171\" data-element_type=\"section\" data-e-type=\"section\">\n\t\t\t\t\t\t<div class=\"elementor-container elementor-column-gap-default\">\n\t\t\t\t\t<div class=\"elementor-column elementor-col-100 elementor-top-column elementor-element elementor-element-ddf49cb\" data-id=\"ddf49cb\" data-element_type=\"column\" data-e-type=\"column\">\n\t\t\t<div class=\"elementor-widget-wrap elementor-element-populated\">\n\t\t\t\t\t\t<div class=\"elementor-element elementor-element-6066166 elementor-widget elementor-widget-shortcode\" data-id=\"6066166\" data-element_type=\"widget\" data-e-type=\"widget\" data-widget_type=\"shortcode.default\">\n\t\t\t\t<div class=\"elementor-widget-container\">\n\t\t\t\t\t\t\t<div class=\"elementor-shortcode\">\n<style>\n\t#hotspot-5941 .hotspots-image-container,\n\t#hotspot-5941 .leaflet-container {\n\t\tbackground: #ffffff\t}\n\n\t#hotspot-5941 .hotspots-placeholder {\n\t\tbackground: #ffffff;\n\t\tborder: 0 #ffffff solid;\n\t\tcolor: #000000;\n\t}\n\n\t#hotspot-5941 .hotspot-title {\n\t\tcolor: #b71f36;\n\t}\n\n\t\t\t#hotspot-5941 .hotspot-default {\n\t\t\tstroke-width: 2;\n\t\t\tfill: #ffffff;\n\t\t\tfill-opacity: 0;\n\t\t\tstroke: #ffffff;\n\t\t\tstroke-opacity: 0;\n\t\t}\n\t\t#hotspot-5941 .hotspot-default:hover,\n\t\t#hotspot-5941 .hotspot-default:focus-visible,\n\t\t#hotspot-5941 .hotspot-default.hotspot-active {\n\t\t\tfill: #969696;\n\t\t\tfill-opacity: 0.21;\n\t\t\tstroke: #999999;\n\t\t\tstroke-opacity: 1.01;\n\t\t}\n\t\t#hotspot-5941 .leaflet-tooltip,\n\t#hotspot-5941 .leaflet-rrose-content-wrapper {\n\t\tbackground: #ffffff;\n\t\tborder-color: #ffffff;\n\t\tcolor: #000000;\n\t}\n\n\t#hotspot-5941 a.leaflet-rrose-close-button {\n\t\tcolor: #b71f36;\n\t}\n\n\t#hotspot-5941 .leaflet-rrose-tip {\n\t\tbackground: #ffffff;\n\t}\n\n\t#hotspot-5941 .leaflet-popup-scrolled {\n\t\tborder-bottom-color: #000000;\n\t\tborder-top-color: #000000;\n\t}\n\n\t#hotspot-5941 .leaflet-tooltip-top:before {\n\t\tborder-top-color: #ffffff;\n\t}\n\n\t#hotspot-5941 .leaflet-tooltip-bottom:before {\n\t\tborder-bottom-color: #ffffff;\n\t}\n\t#hotspot-5941 .leaflet-tooltip-left:before {\n\t\tborder-left-color: #ffffff;\n\t}\n\t#hotspot-5941 .leaflet-tooltip-right:before {\n\t\tborder-right-color: #ffffff;\n\t}\n<\/style>\n\n\t\n\t<div class=\"hotspots-container  layout-left event-click\" id=\"hotspot-5941\" data-layout=\"left\" data-trigger=\"click\">\n\t\t<div class=\"hotspots-interaction\">\n\t\t\t\t<div class=\"hotspots-placeholder\" id=\"content-hotspot-5941\">\n\t\t<div class=\"hotspot-initial\">\n\t\t\t\t\t\t\t\t\t<h2 class=\"hotspot-title\">\n\t\t\t\tStructure\t\t\t<\/h2>\n\t\t\t\t\t\t<div class=\"hotspot-content\">\n\t\t\t\t\t\t\t\t\t<p>The structure of Tallinn University\u2019s student body is versatile and active student will surely find a unit he likes, where to participate, contribute or where to apply.<br \/>\nBy clicking on the items on the right picture, you can get to know them more closely.<\/p>\n\t\t\t\t\t\t\t<\/div>\n\t\t<\/div>\n\t<\/div>\n<div class=\"hotspots-image-container\">\n\t<img\n\t\twidth=\"441\"\n\t\theight=\"431\"\n\t\tsrc=\"https:\/\/esindus.ee\/wp-content\/uploads\/2024\/10\/ENG-UK-struktuur-veebilehele.drawio.png\"\n\t\talt=\"Struktuur\"\n\t\tclass=\"hotspots-image skip-lazy\"\n\t\tusemap=\"#hotspots-image-5941\"\n\t\tdata-image-title=\"Struktuur\"\n\t\tdata-image-description=\"Tallinna \u00dclikooli \u00fcli\u00f5pilaskonna struktuur on v\u00e4ga mitmek\u00fclgne. Aktiivne \u00fcli\u00f5pilane leiab kindlasti omale meelep\u00e4rase \u00fcksuse, kust osa v\u00f5tta, kuhu panustada v\u00f5i kuhu kandideerida. Vajutades paremal pildil asuvatele \u00fcksustele, on v\u00f5imalik nendega l\u00e4hemalt tutvuda.\"\n\t\tdata-event-trigger=\"click\"\n\t\tdata-always-visible=\"false\"\n\t\tdata-id=\"5941\"\n\t\tdata-no-lazy=\"1\"\n\t\tdata-lazy-src=\"\"\n\t\tdata-lazy=\"false\"\n\t\tloading=\"eager\"\n\t\tdata-skip-lazy=\"1\"\n\t\t>\n<\/div>\t\t<\/div>\n\t\t<map name=\"hotspots-image-5941\" class=\"hotspots-map\">\n\t\t\t\t\t\t\t\t\t\t\t<area\n\t\t\t\t\tshape=\"polygon\"\n\t\t\t\t\tcoords=\"10,0,3,2,1,7,0,54,2,58,6,61,114,61,119,59,121,54,121,7,118,3,114,0\"\n\t\t\t\t\thref=\"#hotspot-hotspot-5941-0\"\n\t\t\t\t\trel=\"\"\n\t\t\t\t\ttitle=\"The Senate\"\n\t\t\t\t\talt=\"Senat\"\n\t\t\t\t\tdata-action=\"\"\n\t\t\t\t\tdata-color-scheme=\"\"\n\t\t\t\t\ttarget=\"\"\n\t\t\t\t\tclass=\"more-info-area\"\n\t\t\t\t\t>\n\t\t\t\t\t\t\t\t\t\t\t<area\n\t\t\t\t\tshape=\"polygon\"\n\t\t\t\t\tcoords=\"8,150,4,152,0,156,0,205,2,208,6,211,114,211,118,208,121,204,121,157,118,152,114,151\"\n\t\t\t\t\thref=\"#hotspot-hotspot-5941-1\"\n\t\t\t\t\trel=\"\"\n\t\t\t\t\ttitle=\"Institute&#039;s Council\"\n\t\t\t\t\talt=\"Instituudi n\u00f5ukogud\"\n\t\t\t\t\tdata-action=\"\"\n\t\t\t\t\tdata-color-scheme=\"\"\n\t\t\t\t\ttarget=\"\"\n\t\t\t\t\tclass=\"more-info-area\"\n\t\t\t\t\t>\n\t\t\t\t\t\t\t\t\t\t\t<area\n\t\t\t\t\tshape=\"polygon\"\n\t\t\t\t\tcoords=\"244,53,246,58,250,60,357,61,362,58,365,54,365,7,363,3,360,0,251,1,250,1,250,1,250,1,247,3,244,6\"\n\t\t\t\t\thref=\"#hotspot-hotspot-5941-2\"\n\t\t\t\t\trel=\"\"\n\t\t\t\t\ttitle=\"Student Representative Council\"\n\t\t\t\t\talt=\"\u00dcli\u00f5pilaskonna volikogu\"\n\t\t\t\t\tdata-action=\"\"\n\t\t\t\t\tdata-color-scheme=\"\"\n\t\t\t\t\ttarget=\"\"\n\t\t\t\t\tclass=\"more-info-area\"\n\t\t\t\t\t>\n\t\t\t\t\t\t\t\t\t\t\t<area\n\t\t\t\t\tshape=\"polygon\"\n\t\t\t\t\tcoords=\"327,185,323,189,320,191,320,239,322,243,327,247,434,246,438,244,441,240,441,190,438,187,434,186\"\n\t\t\t\t\thref=\"#hotspot-hotspot-5941-3\"\n\t\t\t\t\trel=\"\"\n\t\t\t\t\ttitle=\"Clubs\"\n\t\t\t\t\talt=\"Klubid\"\n\t\t\t\t\tdata-action=\"\"\n\t\t\t\t\tdata-color-scheme=\"\"\n\t\t\t\t\ttarget=\"\"\n\t\t\t\t\tclass=\"more-info-area\"\n\t\t\t\t\t>\n\t\t\t\t\t\t\t\t\t\t\t<area\n\t\t\t\t\tshape=\"polygon\"\n\t\t\t\t\tcoords=\"329,280,324,283,320,287,321,334,323,339,328,341,435,341,439,338,441,335,441,286,438,283,434,280\"\n\t\t\t\t\thref=\"#hotspot-hotspot-5941-4\"\n\t\t\t\t\trel=\"\"\n\t\t\t\t\ttitle=\"Support students\"\n\t\t\t\t\talt=\"Tugitudengid\"\n\t\t\t\t\tdata-action=\"\"\n\t\t\t\t\tdata-color-scheme=\"\"\n\t\t\t\t\ttarget=\"\"\n\t\t\t\t\tclass=\"more-info-area\"\n\t\t\t\t\t>\n\t\t\t\t\t\t\t\t\t\t\t<area\n\t\t\t\t\tshape=\"polygon\"\n\t\t\t\t\tcoords=\"167,185,163,188,160,191,160,239,163,244,167,246,274,246,278,243,281,239,281,191,278,187,274,185\"\n\t\t\t\t\thref=\"#hotspot-hotspot-5941-5\"\n\t\t\t\t\trel=\"\"\n\t\t\t\t\ttitle=\"The Student Council\"\n\t\t\t\t\talt=\"\u00dcli\u00f5pilasn\u00f5ukogud\"\n\t\t\t\t\tdata-action=\"\"\n\t\t\t\t\tdata-color-scheme=\"\"\n\t\t\t\t\ttarget=\"\"\n\t\t\t\t\tclass=\"more-info-area\"\n\t\t\t\t\t>\n\t\t\t\t\t\t\t\t\t\t\t<area\n\t\t\t\t\tshape=\"polygon\"\n\t\t\t\t\tcoords=\"7,230,3,233,0,236,0,284,3,288,7,291,116,291,118,289,121,284,121,237,119,233,114,230\"\n\t\t\t\t\thref=\"#hotspot-hotspot-5941-6\"\n\t\t\t\t\trel=\"\"\n\t\t\t\t\ttitle=\"Study Board, Attestation Committee\"\n\t\t\t\t\talt=\"\u00d5ppekolleegium, atesteerimis-komisjon\"\n\t\t\t\t\tdata-action=\"\"\n\t\t\t\t\tdata-color-scheme=\"\"\n\t\t\t\t\ttarget=\"\"\n\t\t\t\t\tclass=\"more-info-area\"\n\t\t\t\t\t>\n\t\t\t\t\t\t\t\t\t\t\t<area\n\t\t\t\t\tshape=\"polygon\"\n\t\t\t\t\tcoords=\"252,80,248,82,244,86,244,134,246,138,252,141,358,141,363,137,365,133,365,87,362,82,356,79\"\n\t\t\t\t\thref=\"#hotspot-hotspot-5941-7\"\n\t\t\t\t\trel=\"\"\n\t\t\t\t\ttitle=\"Student Union Executive Board + Personnel\"\n\t\t\t\t\talt=\"\u00dcli\u00f5pilaskonna juhatus ja kontor\"\n\t\t\t\t\tdata-action=\"\"\n\t\t\t\t\tdata-color-scheme=\"\"\n\t\t\t\t\ttarget=\"\"\n\t\t\t\t\tclass=\"more-info-area\"\n\t\t\t\t\t>\n\t\t\t\t\t\t\t\t\t\t\t<area\n\t\t\t\t\tshape=\"polygon\"\n\t\t\t\t\tcoords=\"160,332,163,338,169,342,273,341,280,337,281,331,282,291,279,283,274,280,167,280,163,283,160,289\"\n\t\t\t\t\thref=\"#hotspot-hotspot-5941-8\"\n\t\t\t\t\trel=\"\"\n\t\t\t\t\ttitle=\"Head of course\"\n\t\t\t\t\talt=\"Kursusevanemad\"\n\t\t\t\t\tdata-action=\"\"\n\t\t\t\t\tdata-color-scheme=\"\"\n\t\t\t\t\ttarget=\"\"\n\t\t\t\t\tclass=\"more-info-area\"\n\t\t\t\t\t>\n\t\t\t\t\t<\/map>\n\n\t\t\n\t\t\t\t\t\n\t\t\t\t\t\t<div class=\"hotspot-info\" id=\"hotspot-hotspot-5941-0\">\n\t\t\t\t\n\t\t\t\t<h2 class=\"hotspot-title\">The Senate<\/h2>\t\t\t\t\t\t\t\t<div class=\"hotspot-content\">\n\t\t\t\t\t<p><strong><a style=\"color: #b80007;font-family: Arial, sans-serif;background-color: transparent;box-shadow: none\" href=\"https:\/\/www.tlu.ee\/senat?fbclid=IwAR1Pc8c3Gh8zwmXM1LVXAJAFCu4og-t5e4dJ65jlLo3EoCcH-0tJEgRCY9E\">The Senate<\/a><\/strong> is the university's academic decision-making body, which is responsible for making important decisions related to the university's research, development, creative and educational activities. There are nine student representatives in the Senate, three of whom belong there on the basis of their position, and the remaining representatives are elected by the council in August based on the nominations submitted.<\/p>\n\t\t\t\t<\/div>\n\t\t\t<\/div>\n\t\t\t\t\t\n\t\t\t\t\t\t<div class=\"hotspot-info\" id=\"hotspot-hotspot-5941-1\">\n\t\t\t\t\n\t\t\t\t<h2 class=\"hotspot-title\">Institute's Council<\/h2>\t\t\t\t\t\t\t\t<div class=\"hotspot-content\">\n\t\t\t\t\t<p dir=\"ltr\" style=\"line-height: 1.38;margin-top: 0pt;margin-bottom: 0pt\"><span style=\"font-family: Arial, sans-serif;color: #b80007\"><span style=\"font-weight: bolder\">Institute's Council <\/span><\/span><span style=\"color: #000000;font-family: Arial, sans-serif\">adopt the development plan of the academic unit, the curricula of the academic unit and submit them to the senate for approval, may make proposals to the senate to change the unit's statutes, approve the unit's action plan and evaluate the unit's activity report, adopt the budget of the unit's budget project. The councils of the institute also include student representatives, who are elected there by the student councils.<\/span><\/p>\n\t\t\t\t<\/div>\n\t\t\t<\/div>\n\t\t\t\t\t\n\t\t\t\t\t\t<div class=\"hotspot-info\" id=\"hotspot-hotspot-5941-2\">\n\t\t\t\t\n\t\t\t\t<h2 class=\"hotspot-title\">Student Representative Council<\/h2>\t\t\t\t\t\t\t\t<div class=\"hotspot-content\">\n\t\t\t\t\t<p><span style=\"font-family: Arial, sans-serif;color: #b80007\"><span style=\"font-weight: bolder\"><a style=\"color: #b80007;background-color: transparent;box-shadow: none\" href=\"https:\/\/esindus.ee\/en\/volikogu\/\">Student Representative Council<\/a>\u00a0<\/span><\/span><span style=\"color: #000000;font-family: Arial, sans-serif\">is\u00a0<\/span><span style=\"color: #000000;font-family: Arial, sans-serif\">the highest<\/span><span style=\"color: #000000;font-family: Arial, sans-serif\"> decision-making body of the student body. The council works in committees where drafts are prepared to change the documents of various decision-making bodies with the aim of improving student life, the quality of education and the development of the university. The council elects the board of the student body. <\/span><\/p>\n\t\t\t\t<\/div>\n\t\t\t<\/div>\n\t\t\t\t\t\n\t\t\t\t\t\t<div class=\"hotspot-info\" id=\"hotspot-hotspot-5941-3\">\n\t\t\t\t\n\t\t\t\t<h2 class=\"hotspot-title\">Clubs<\/h2>\t\t\t\t\t\t\t\t<div class=\"hotspot-content\">\n\t\t\t\t\t<p><span style=\"color: #000000;font-family: Arial, sans-serif\"><span style=\"color: #b80007\"><span style=\"font-weight: bolder\"><a style=\"color: #b80007;background-color: transparent;box-shadow: none\" href=\"https:\/\/esindus.ee\/en\/klubid\/\">Clubs<\/a>\u00a0<\/span><\/span>are units dedicated to a diverse range of interests for Tallinn University students who have common interests and a passion for certain fields of activity and helps them to come together. Also, it is possible to join for example with the International Club, Photography Club, Theater Club and with several other clubs <\/span><\/p>\n\t\t\t\t<\/div>\n\t\t\t<\/div>\n\t\t\t\t\t\n\t\t\t\t\t\t<div class=\"hotspot-info\" id=\"hotspot-hotspot-5941-4\">\n\t\t\t\t\n\t\t\t\t<h2 class=\"hotspot-title\">Support students<\/h2>\t\t\t\t\t\t\t\t<div class=\"hotspot-content\">\n\t\t\t\t\t<p><span style=\"font-family: Arial, sans-serif;color: #b80007\"><a style=\"color: #b80007;background-color: transparent;box-shadow: none\" href=\"https:\/\/esindus.ee\/en\/noustamine-tugitudengid\/\"><span style=\"font-weight: bolder\">Support students<\/span>\u00a0<\/a><\/span><span style=\"color: #000000;font-family: Arial, sans-serif\">offer students the necessary support and guidance in the first steps of their university life. With the role and guidance of experienced students, support students help new students adapt to the university enviroment, find the right resources and important social connections. Their contribution creates a favorable learning enviroment where students can continiue their studies motivated and successful, thereby supporting the university\u2019s overall mission and educational quality.<\/span><\/p>\n\t\t\t\t<\/div>\n\t\t\t<\/div>\n\t\t\t\t\t\n\t\t\t\t\t\t<div class=\"hotspot-info\" id=\"hotspot-hotspot-5941-5\">\n\t\t\t\t\n\t\t\t\t<h2 class=\"hotspot-title\">The Student Council<\/h2>\t\t\t\t\t\t\t\t<div class=\"hotspot-content\">\n\t\t\t\t\t<p style=\"text-align: left\"><span style=\"color: #000000;font-family: Arial, sans-serif\"><span style=\"font-weight: bolder\"><span style=\"color: #b80007\"><a style=\"color: #b80007;background-color: transparent;box-shadow: none\" href=\"https:\/\/esindus.ee\/en\/uliopilasnoukogu\/\">Student Council<\/a>\u00a0(\u00dcN)<\/span><\/span><\/span><span style=\"color: #000000;font-family: Arial, sans-serif\">, which represents students in institute relations, cooperates with various bodies of the student body and other student councils. \u00dcN involves students in its activities and in student life organization. In addition, \u00dcN members elect student representatives to the\u00a0<\/span><span style=\"font-weight: bolder;color: #000000;font-family: Arial, sans-serif\">attestation committee<\/span><span style=\"color: #000000;font-family: Arial, sans-serif\">,\u00a0<\/span><span style=\"font-weight: bolder;color: #000000;font-family: Arial, sans-serif\">avisory council and<\/span> <span style=\"font-weight: bolder;color: #000000;font-family: Arial, sans-serif\">and study college of their unit<\/span><span style=\"color: #000000;font-family: Arial, sans-serif\">.<\/span><\/p>\n\t\t\t\t<\/div>\n\t\t\t<\/div>\n\t\t\t\t\t\n\t\t\t\t\t\t<div class=\"hotspot-info\" id=\"hotspot-hotspot-5941-6\">\n\t\t\t\t\n\t\t\t\t<h2 class=\"hotspot-title\">Study Board, Attestation Committee<\/h2>\t\t\t\t\t\t\t\t<div class=\"hotspot-content\">\n\t\t\t\t\t<p><span style=\"color: #000000;font-family: Arial, sans-serif\"><span style=\"color: #b80007\"><span style=\"font-weight: bolder\"><a style=\"color: #b80007;background-color: transparent;box-shadow: none\" href=\"https:\/\/www.tlu.ee\/ht\/instituutjuhtimine\/oppekolleegium?fbclid=IwAR1XoNEe5cBtv5l1ZoKBbQkYOJ0_JjgROQa5wH-gCpGHTrsPFGywOBuv8-g\">Study Board<\/a>\u00a0<\/span><\/span>is responsible for the systematic and continuous curriculum development of the academic unit, which is based on the latest developments in the research and creative fields, international practice and the needs of the labor market, feedback from curriculum interest groups, analysis of received proposals and current legislation. The study board includes student representatives who are elected by the student councils.<\/span><\/p>\n\t\t\t\t<\/div>\n\t\t\t<\/div>\n\t\t\t\t\t\n\t\t\t\t\t\t<div class=\"hotspot-info\" id=\"hotspot-hotspot-5941-7\">\n\t\t\t\t\n\t\t\t\t<h2 class=\"hotspot-title\">Student Union Executive Board + Personnel<\/h2>\t\t\t\t\t\t\t\t<div class=\"hotspot-content\">\n\t\t\t\t\t<p>Student Union Executive Board is the three- to five-member executive body of the student body, supported by the Student Union Office.<\/p>\n\t\t\t\t<\/div>\n\t\t\t<\/div>\n\t\t\t\t\t\n\t\t\t\t\t\t<div class=\"hotspot-info\" id=\"hotspot-hotspot-5941-8\">\n\t\t\t\t\n\t\t\t\t<h2 class=\"hotspot-title\">Head of course<\/h2>\t\t\t\t\t\t\t\t<div class=\"hotspot-content\">\n\t\t\t\t\t<p>Head of course is the contact person for one course between the university, the student council and the course. The role of the head of course is extremely important, so that as much information as possible would reach the entire course.<\/p>\n\t\t\t\t<\/div>\n\t\t\t<\/div>\n\t\t\t<\/div>\n\n<\/div>\n\t\t\t\t\t\t<\/div>\n\t\t\t\t<\/div>\n\t\t\t\t\t<\/div>\n\t\t<\/div>\n\t\t\t\t\t<\/div>\n\t\t<\/section>\n\t\t\t\t<\/div>","protected":false},"excerpt":{"rendered":"","protected":false},"author":2,"featured_media":0,"parent":0,"menu_order":0,"comment_status":"closed","ping_status":"closed","template":"","meta":{"_eb_attr":"","footnotes":""},"class_list":["post-5913","page","type-page","status-publish","hentry"],"_links":{"self":[{"href":"https:\/\/esindus.ee\/en\/wp-json\/wp\/v2\/pages\/5913","targetHints":{"allow":["GET"]}}],"collection":[{"href":"https:\/\/esindus.ee\/en\/wp-json\/wp\/v2\/pages"}],"about":[{"href":"https:\/\/esindus.ee\/en\/wp-json\/wp\/v2\/types\/page"}],"author":[{"embeddable":true,"href":"https:\/\/esindus.ee\/en\/wp-json\/wp\/v2\/users\/2"}],"replies":[{"embeddable":true,"href":"https:\/\/esindus.ee\/en\/wp-json\/wp\/v2\/comments?post=5913"}],"version-history":[{"count":15,"href":"https:\/\/esindus.ee\/en\/wp-json\/wp\/v2\/pages\/5913\/revisions"}],"predecessor-version":[{"id":6220,"href":"https:\/\/esindus.ee\/en\/wp-json\/wp\/v2\/pages\/5913\/revisions\/6220"}],"wp:attachment":[{"href":"https:\/\/esindus.ee\/en\/wp-json\/wp\/v2\/media?parent=5913"}],"curies":[{"name":"wp","href":"https:\/\/api.w.org\/{rel}","templated":true}]}}