{"id":5714,"date":"2023-11-19T21:38:06","date_gmt":"2023-11-19T19:38:06","guid":{"rendered":"https:\/\/esindus.ee\/?page_id=5714"},"modified":"2024-09-01T20:05:00","modified_gmt":"2024-09-01T17:05:00","slug":"institute-of-humanities-un","status":"publish","type":"page","link":"https:\/\/esindus.ee\/en\/institute-of-humanities-un\/","title":{"rendered":"Institute of Human Sciences \u00dcN"},"content":{"rendered":"<div data-elementor-type=\"wp-page\" data-elementor-id=\"5714\" class=\"elementor elementor-5714\">\n\t\t\t\t\t\t<section class=\"elementor-section elementor-top-section elementor-element elementor-element-0588d8a elementor-section-boxed elementor-section-height-default elementor-section-height-default wpr-particle-no wpr-jarallax-no wpr-parallax-no wpr-sticky-section-no wpr-equal-height-no\" data-id=\"0588d8a\" data-element_type=\"section\" data-e-type=\"section\">\n\t\t\t\t\t\t<div class=\"elementor-container elementor-column-gap-default\">\n\t\t\t\t\t<div class=\"elementor-column elementor-col-100 elementor-top-column elementor-element elementor-element-b64f929\" data-id=\"b64f929\" data-element_type=\"column\" data-e-type=\"column\">\n\t\t\t<div class=\"elementor-widget-wrap elementor-element-populated\">\n\t\t\t\t\t\t<div class=\"elementor-element elementor-element-3430feac elementor-widget elementor-widget-heading\" data-id=\"3430feac\" data-element_type=\"widget\" data-e-type=\"widget\" data-widget_type=\"heading.default\">\n\t\t\t\t<div class=\"elementor-widget-container\">\n\t\t\t\t\t<h2 class=\"elementor-heading-title elementor-size-default\">Student Council of the Institute of Humanities - T\u00dcHI \u00dcN  <\/h2>\t\t\t\t<\/div>\n\t\t\t\t<\/div>\n\t\t\t\t\t<\/div>\n\t\t<\/div>\n\t\t\t\t\t<\/div>\n\t\t<\/section>\n\t\t\t\t<section class=\"elementor-section elementor-top-section elementor-element elementor-element-2f647f6 elementor-section-boxed elementor-section-height-default elementor-section-height-default wpr-particle-no wpr-jarallax-no wpr-parallax-no wpr-sticky-section-no wpr-equal-height-no\" data-id=\"2f647f6\" data-element_type=\"section\" data-e-type=\"section\">\n\t\t\t\t\t\t<div class=\"elementor-container elementor-column-gap-default\">\n\t\t\t\t\t<div class=\"elementor-column elementor-col-100 elementor-top-column elementor-element elementor-element-36f92d7\" data-id=\"36f92d7\" data-element_type=\"column\" data-e-type=\"column\">\n\t\t\t<div class=\"elementor-widget-wrap elementor-element-populated\">\n\t\t\t\t\t\t<div class=\"elementor-element elementor-element-01b0319 elementor-widget elementor-widget-text-editor\" data-id=\"01b0319\" data-element_type=\"widget\" data-e-type=\"widget\" data-widget_type=\"text-editor.default\">\n\t\t\t\t<div class=\"elementor-widget-container\">\n\t\t\t\t\t\t\t\t\t<p dir=\"ltr\">The Student Council of the Institute of Humanities, or T\u00dcHI \u00dcN, gathers and unites <strong>students of the Institute of Humanities<\/strong>. Whether you are a philosopher with a thirst for knowledge, a fanatic of history or an enthusiast of languages and cultures &#8211; T\u00dcHI \u00dcN is waiting for JUST YOU to contribute to the student life of the institute and be a part of it!<\/p><p dir=\"ltr\">T\u00dcHI \u00dcN is essentially a bridge between students and the institute: the student council represents the students of the Humanities Institute, stands up for their interests and rights and ensures that their voice and opinion is heard not only in the institute, but also in the entire university.<\/p><p dir=\"ltr\">However, the activity of the student council is not limited to this &#8211; T\u00dcHI \u00dcN provides students with the latest and most recent information about studies and the academic side of the university as well as various social events and events. More than that, T\u00dcHI \u00dcN also exists to give advice to students, help them solve all kinds of problems related to their studies, and support them in implementing various ideas &#8211; whether they are to improve the quality of education or to enrich the students&#8217; social life! In addition to all this, T\u00dcHI \u00dcN coordinates and organizes very different, versatile, great, colorful, academic and social events &#8211; all this so that the university time spent at the Institute of Humanities is not a waste!<\/p>\t\t\t\t\t\t\t\t<\/div>\n\t\t\t\t<\/div>\n\t\t\t\t\t<\/div>\n\t\t<\/div>\n\t\t\t\t\t<\/div>\n\t\t<\/section>\n\t\t\t\t<section class=\"elementor-section elementor-top-section elementor-element elementor-element-4d9c749 elementor-section-boxed elementor-section-height-default elementor-section-height-default wpr-particle-no wpr-jarallax-no wpr-parallax-no wpr-sticky-section-no wpr-equal-height-no\" data-id=\"4d9c749\" data-element_type=\"section\" data-e-type=\"section\">\n\t\t\t\t\t\t<div class=\"elementor-container elementor-column-gap-default\">\n\t\t\t\t\t<div class=\"elementor-column elementor-col-50 elementor-top-column elementor-element elementor-element-a461cf9\" data-id=\"a461cf9\" data-element_type=\"column\" data-e-type=\"column\">\n\t\t\t<div class=\"elementor-widget-wrap elementor-element-populated\">\n\t\t\t\t\t\t<div class=\"elementor-element elementor-element-842e673 elementor-widget elementor-widget-text-editor\" data-id=\"842e673\" data-element_type=\"widget\" data-e-type=\"widget\" data-widget_type=\"text-editor.default\">\n\t\t\t\t<div class=\"elementor-widget-container\">\n\t\t\t\t\t\t\t\t\t<p><span style=\"font-weight: 400;\">T\u00dcHI is where thought moves &#8211; come and move it and JOIN <strong>TODAY!<\/strong><\/span><\/p>\t\t\t\t\t\t\t\t<\/div>\n\t\t\t\t<\/div>\n\t\t\t\t<div class=\"elementor-element elementor-element-6894ae3 elementor-view-default elementor-widget elementor-widget-icon\" data-id=\"6894ae3\" data-element_type=\"widget\" data-e-type=\"widget\" data-widget_type=\"icon.default\">\n\t\t\t\t<div class=\"elementor-widget-container\">\n\t\t\t\t\t\t\t<div class=\"elementor-icon-wrapper\">\n\t\t\t<div class=\"elementor-icon\">\n\t\t\t<i aria-hidden=\"true\" class=\"fas fa-users\"><\/i>\t\t\t<\/div>\n\t\t<\/div>\n\t\t\t\t\t\t<\/div>\n\t\t\t\t<\/div>\n\t\t\t\t<div class=\"elementor-element elementor-element-133e27b elementor-widget elementor-widget-heading\" data-id=\"133e27b\" data-element_type=\"widget\" data-e-type=\"widget\" data-widget_type=\"heading.default\">\n\t\t\t\t<div class=\"elementor-widget-container\">\n\t\t\t\t\t<h2 class=\"elementor-heading-title elementor-size-default\">Be in touch!<\/h2>\t\t\t\t<\/div>\n\t\t\t\t<\/div>\n\t\t\t\t<div class=\"elementor-element elementor-element-3432214 elementor-widget elementor-widget-text-editor\" data-id=\"3432214\" data-element_type=\"widget\" data-e-type=\"widget\" data-widget_type=\"text-editor.default\">\n\t\t\t\t<div class=\"elementor-widget-container\">\n\t\t\t\t\t\t\t\t\t<p style=\"text-align: left;\">If you have joys, worries or thoughts to share and discuss, then:<\/p><ul><li style=\"text-align: left;\"><span style=\"font-weight: 400;\">contact us at the <strong>email address<\/strong> <span style=\"color: #b80007;\"><a style=\"color: #b80007;\" href=\"mailto:tyhiyn@esindus.ee\"><span style=\"text-decoration: underline;\">tyhiyn@esindus.ee<\/span><\/a><\/span>,<\/span><\/li><li style=\"text-align: left;\"><span style=\"font-weight: 400;\">familiarize yourself with our activities on <strong>Facebook<\/strong> <a href=\"https:\/\/www.facebook.com\/TYHIYN\"><span style=\"text-decoration: underline;\"><span style=\"color: #993300; text-decoration: underline;\"><strong><span style=\"color: #b80007; text-decoration: underline;\">T\u00dcHI \u00dcli\u00f5pilasn\u00f5ukogu<\/span><\/strong><\/span><\/span><\/a> and <strong>Instagram\u00a0<span style=\"color: #b80007;\"><span style=\"text-decoration: underline;\"><a style=\"color: #b80007; text-decoration: underline;\" href=\"https:\/\/www.instagram.com\/tlu_tyhi\/\">tlu.tyhi<\/a><\/span>\u00a0<\/span><\/strong><\/span><span style=\"font-weight: 400;\">or<\/span><\/li><li>or drop by our <strong>office M-301<\/strong> by prior arrangement!<\/li><\/ul>\t\t\t\t\t\t\t\t<\/div>\n\t\t\t\t<\/div>\n\t\t\t\t<div class=\"elementor-element elementor-element-a603eca elementor-widget elementor-widget-text-editor\" data-id=\"a603eca\" data-element_type=\"widget\" data-e-type=\"widget\" data-widget_type=\"text-editor.default\">\n\t\t\t\t<div class=\"elementor-widget-container\">\n\t\t\t\t\t\t\t\t\t<p dir=\"ltr\">Annaliisa Lipp \u2013 T\u00dcHI SC Chairperson of the Board\u00a0<br \/>Mirjam K\u00e4rk \u2013 T\u00dcHI SC Member of the Board in the Field of Communication Elisabeth Ots \u2013 T\u00dcHI SC Member of the Board in the Field of Culture<br \/>Kerry Enn Jaam \u2013 T\u00dcHI SC Member of the Board in the Field of Education<\/p>\t\t\t\t\t\t\t\t<\/div>\n\t\t\t\t<\/div>\n\t\t\t\t\t<\/div>\n\t\t<\/div>\n\t\t\t\t<div class=\"elementor-column elementor-col-50 elementor-top-column elementor-element elementor-element-3500d22\" data-id=\"3500d22\" data-element_type=\"column\" data-e-type=\"column\">\n\t\t\t<div class=\"elementor-widget-wrap elementor-element-populated\">\n\t\t\t\t\t\t<div class=\"elementor-element elementor-element-1027377 elementor-widget elementor-widget-image\" data-id=\"1027377\" data-element_type=\"widget\" data-e-type=\"widget\" data-widget_type=\"image.default\">\n\t\t\t\t<div class=\"elementor-widget-container\">\n\t\t\t\t\t\t\t\t\t\t\t\t\t\t\t<img fetchpriority=\"high\" decoding=\"async\" width=\"1024\" height=\"891\" src=\"https:\/\/esindus.ee\/wp-content\/uploads\/2024\/09\/IMG_1328-1024x891.jpg\" class=\"attachment-large size-large wp-image-8262\" alt=\"\" srcset=\"https:\/\/esindus.ee\/wp-content\/uploads\/2024\/09\/IMG_1328-1024x891.jpg 1024w, https:\/\/esindus.ee\/wp-content\/uploads\/2024\/09\/IMG_1328-300x261.jpg 300w, https:\/\/esindus.ee\/wp-content\/uploads\/2024\/09\/IMG_1328-768x668.jpg 768w, https:\/\/esindus.ee\/wp-content\/uploads\/2024\/09\/IMG_1328-1536x1337.jpg 1536w, https:\/\/esindus.ee\/wp-content\/uploads\/2024\/09\/IMG_1328-2048x1782.jpg 2048w\" sizes=\"(max-width: 1024px) 100vw, 1024px\" \/>\t\t\t\t\t\t\t\t\t\t\t\t\t\t\t<\/div>\n\t\t\t\t<\/div>\n\t\t\t\t\t<\/div>\n\t\t<\/div>\n\t\t\t\t\t<\/div>\n\t\t<\/section>\n\t\t\t\t<\/div>","protected":false},"excerpt":{"rendered":"<p>Student Council of the Institute of Humanities &#8211; T\u00dcHI \u00dcN The Student Council of the Institute of Humanities, or T\u00dcHI \u00dcN, gathers and unites students of the Institute of Humanities. Whether you are a philosopher with a thirst for knowledge, a fanatic of history or an enthusiast of languages and cultures &#8211; T\u00dcHI \u00dcN is waiting for JUST YOU to contribute to the student life of the institute and be a part of it! T\u00dcHI \u00dcN is essentially a bridge between students and the institute: the student council represents the students of the Humanities Institute, stands up for their interests and rights and ensures that their voice and opinion is heard not only in the institute, but also in the entire university. However, the activity of the student council is not limited to this &#8211; T\u00dcHI \u00dcN provides students with the latest and most recent information about studies and the academic side of the university as well as various social events and events. More than that, T\u00dcHI \u00dcN also exists to give advice to students, help them solve all kinds of problems related to their studies, and support them in implementing various ideas &#8211; whether they are to improve the quality of education or to enrich the students&#8217; social life! In addition to all this, T\u00dcHI \u00dcN coordinates and organizes very different, versatile, great, colorful, academic and social events &#8211; all this so that the university time spent at the Institute of Humanities is not a waste! T\u00dcHI is where thought moves &#8211; come and move it and JOIN TODAY! Be in touch! If you have joys, worries or thoughts to share and discuss, then: contact us at the email address tyhiyn@esindus.ee, familiarize yourself with our activities on Facebook T\u00dcHI \u00dcli\u00f5pilasn\u00f5ukogu and Instagram\u00a0tlu.tyhi\u00a0v\u00f5i or drop by our office M-301 by prior arrangement! Annaliisa Lipp \u2013 T\u00dcHI SC Chairperson of the Board\u00a0Mirjam K\u00e4rk \u2013 T\u00dcHI SC Member of the Board in the Field of Communication Elisabeth Ots \u2013 T\u00dcHI SC Member of the Board in the Field of CultureKerry Enn Jaam \u2013 T\u00dcHI SC Member of the Board in the Field of Education<\/p>","protected":false},"author":2,"featured_media":0,"parent":0,"menu_order":0,"comment_status":"closed","ping_status":"closed","template":"elementor_header_footer","meta":{"_eb_attr":"","footnotes":""},"class_list":["post-5714","page","type-page","status-publish","hentry"],"_links":{"self":[{"href":"https:\/\/esindus.ee\/en\/wp-json\/wp\/v2\/pages\/5714","targetHints":{"allow":["GET"]}}],"collection":[{"href":"https:\/\/esindus.ee\/en\/wp-json\/wp\/v2\/pages"}],"about":[{"href":"https:\/\/esindus.ee\/en\/wp-json\/wp\/v2\/types\/page"}],"author":[{"embeddable":true,"href":"https:\/\/esindus.ee\/en\/wp-json\/wp\/v2\/users\/2"}],"replies":[{"embeddable":true,"href":"https:\/\/esindus.ee\/en\/wp-json\/wp\/v2\/comments?post=5714"}],"version-history":[{"count":15,"href":"https:\/\/esindus.ee\/en\/wp-json\/wp\/v2\/pages\/5714\/revisions"}],"predecessor-version":[{"id":8268,"href":"https:\/\/esindus.ee\/en\/wp-json\/wp\/v2\/pages\/5714\/revisions\/8268"}],"wp:attachment":[{"href":"https:\/\/esindus.ee\/en\/wp-json\/wp\/v2\/media?parent=5714"}],"curies":[{"name":"wp","href":"https:\/\/api.w.org\/{rel}","templated":true}]}}