{"id":5695,"date":"2023-11-19T21:35:52","date_gmt":"2023-11-19T19:35:52","guid":{"rendered":"https:\/\/esindus.ee\/?page_id=5695"},"modified":"2023-12-09T21:04:41","modified_gmt":"2023-12-09T19:04:41","slug":"social-sciences-institute-un","status":"publish","type":"page","link":"https:\/\/esindus.ee\/en\/social-sciences-institute-un\/","title":{"rendered":"Social Sciences institute \u00dcN"},"content":{"rendered":"<div data-elementor-type=\"wp-page\" data-elementor-id=\"5695\" class=\"elementor elementor-5695\">\n\t\t\t\t\t\t<section class=\"elementor-section elementor-top-section elementor-element elementor-element-3a7f3c7 elementor-section-boxed elementor-section-height-default elementor-section-height-default wpr-particle-no wpr-jarallax-no wpr-parallax-no wpr-sticky-section-no wpr-equal-height-no\" data-id=\"3a7f3c7\" data-element_type=\"section\" data-e-type=\"section\">\n\t\t\t\t\t\t<div class=\"elementor-container elementor-column-gap-default\">\n\t\t\t\t\t<div class=\"elementor-column elementor-col-100 elementor-top-column elementor-element elementor-element-b96627a\" data-id=\"b96627a\" data-element_type=\"column\" data-e-type=\"column\">\n\t\t\t<div class=\"elementor-widget-wrap elementor-element-populated\">\n\t\t\t\t\t\t<div class=\"elementor-element elementor-element-297f8743 elementor-widget elementor-widget-heading\" data-id=\"297f8743\" data-element_type=\"widget\" data-e-type=\"widget\" data-widget_type=\"heading.default\">\n\t\t\t\t<div class=\"elementor-widget-container\">\n\t\t\t\t\t<h2 class=\"elementor-heading-title elementor-size-default\">Student Council of the Institute of Social Sciences - Civitas<\/h2>\t\t\t\t<\/div>\n\t\t\t\t<\/div>\n\t\t\t\t<div class=\"elementor-element elementor-element-d11f5f3 elementor-widget elementor-widget-text-editor\" data-id=\"d11f5f3\" data-element_type=\"widget\" data-e-type=\"widget\" data-widget_type=\"text-editor.default\">\n\t\t\t\t<div class=\"elementor-widget-container\">\n\t\t\t\t\t\t\t\t\t<p dir=\"ltr\">Civitas, the student council of the Institute of Social Sciences (hereafter \u00dcTI), is a body representing \u00dcTI students and coordinating student life at \u00dcTI. Students from different fields of study come together at Civitas, such as political science, sociology, law, social protection and international relations and future studies.<\/p><p dir=\"ltr\"><strong>The aim of Civitas<\/strong> is to represent the interests of the students of its institute, to help them and to organize and develop their daily school and student life. Civitas stands for the rights of the institute&#8217;s students, but also organizes educational and social activities. Civitas organizes traditional events: get-to-know-you evening, town game, christening of foxes, Christmas party, parliamentary simulation and \u00dcTI spring days. In addition to these, many other exciting events take place throughout the year.<\/p>\t\t\t\t\t\t\t\t<\/div>\n\t\t\t\t<\/div>\n\t\t\t\t\t<\/div>\n\t\t<\/div>\n\t\t\t\t\t<\/div>\n\t\t<\/section>\n\t\t\t\t<section class=\"elementor-section elementor-top-section elementor-element elementor-element-c3929da elementor-section-boxed elementor-section-height-default elementor-section-height-default wpr-particle-no wpr-jarallax-no wpr-parallax-no wpr-sticky-section-no wpr-equal-height-no\" data-id=\"c3929da\" data-element_type=\"section\" data-e-type=\"section\">\n\t\t\t\t\t\t<div class=\"elementor-container elementor-column-gap-default\">\n\t\t\t\t\t<div class=\"elementor-column elementor-col-50 elementor-top-column elementor-element elementor-element-c2a89af\" data-id=\"c2a89af\" data-element_type=\"column\" data-e-type=\"column\">\n\t\t\t<div class=\"elementor-widget-wrap elementor-element-populated\">\n\t\t\t\t\t\t<div class=\"elementor-element elementor-element-35f51c7 elementor-widget elementor-widget-text-editor\" data-id=\"35f51c7\" data-element_type=\"widget\" data-e-type=\"widget\" data-widget_type=\"text-editor.default\">\n\t\t\t\t<div class=\"elementor-widget-container\">\n\t\t\t\t\t\t\t\t\t<p dir=\"ltr\">Many events are organized in cooperation with other student councils of Tallinn University, so <strong>IF YOU JOIN TODAY<\/strong>, you will become part of an even bigger university community!<\/p><p dir=\"ltr\">The core of Civitas is made up of executive members, supporting members and the board. General meetings are held once a month, where past and future events and activities are discussed, and all students are welcome to attend!<\/p>\t\t\t\t\t\t\t\t<\/div>\n\t\t\t\t<\/div>\n\t\t\t\t<div class=\"elementor-element elementor-element-0603a4c elementor-view-default elementor-widget elementor-widget-icon\" data-id=\"0603a4c\" data-element_type=\"widget\" data-e-type=\"widget\" data-widget_type=\"icon.default\">\n\t\t\t\t<div class=\"elementor-widget-container\">\n\t\t\t\t\t\t\t<div class=\"elementor-icon-wrapper\">\n\t\t\t<div class=\"elementor-icon\">\n\t\t\t<i aria-hidden=\"true\" class=\"fas fa-users\"><\/i>\t\t\t<\/div>\n\t\t<\/div>\n\t\t\t\t\t\t<\/div>\n\t\t\t\t<\/div>\n\t\t\t\t<div class=\"elementor-element elementor-element-7db3b90 elementor-widget elementor-widget-heading\" data-id=\"7db3b90\" data-element_type=\"widget\" data-e-type=\"widget\" data-widget_type=\"heading.default\">\n\t\t\t\t<div class=\"elementor-widget-container\">\n\t\t\t\t\t<h2 class=\"elementor-heading-title elementor-size-default\">Be in touch!<\/h2>\t\t\t\t<\/div>\n\t\t\t\t<\/div>\n\t\t\t\t<div class=\"elementor-element elementor-element-28e3f3c elementor-widget elementor-widget-text-editor\" data-id=\"28e3f3c\" data-element_type=\"widget\" data-e-type=\"widget\" data-widget_type=\"text-editor.default\">\n\t\t\t\t<div class=\"elementor-widget-container\">\n\t\t\t\t\t\t\t\t\t<p>If you have joys, worries or thoughts to share and discuss, then:<\/p><ul><li><span style=\"font-weight: 400;\">contact us at <\/span><span style=\"text-decoration: underline; color: #993300;\"><a style=\"color: #993300;\" href=\"mailto:civitas@esindus.ee\"><span style=\"font-weight: 400;\"><span style=\"color: #b80007; text-decoration: underline;\">civitas@esindus.ee<\/span><\/span><\/a><\/span><span style=\"font-weight: 400;\">, <\/span><\/li><li><span style=\"font-weight: 400;\">familiarize yourself with our activities on <strong>Facebook <\/strong><\/span><span style=\"text-decoration: underline;\"><span style=\"color: #993300;\"><a style=\"color: #993300;\" href=\"https:\/\/www.facebook.com\/yti.yn\"><span style=\"font-weight: 400;\"><strong><span style=\"color: #b80007; text-decoration: underline;\">TL\u00dc \u00dcN Civitas<\/span><\/strong><\/span><\/a><\/span><\/span><span style=\"font-weight: 400;\">, <strong>Instagram <\/strong><\/span><strong><span style=\"color: #b80007;\"><a style=\"color: #b80007;\" href=\"https:\/\/www.instagram.com\/tlu_civitas\/\"><span style=\"text-decoration: underline;\">tlu_civitas<\/span><\/a><\/span><\/strong><span style=\"font-weight: 400;\"> or<\/span><\/li><li>drop by our <strong>office A-338<\/strong> by prior arrangement!<\/li><\/ul>\t\t\t\t\t\t\t\t<\/div>\n\t\t\t\t<\/div>\n\t\t\t\t<div class=\"elementor-element elementor-element-3efd53d elementor-widget elementor-widget-text-editor\" data-id=\"3efd53d\" data-element_type=\"widget\" data-e-type=\"widget\" data-widget_type=\"text-editor.default\">\n\t\t\t\t<div class=\"elementor-widget-container\">\n\t\t\t\t\t\t\t\t\t<p dir=\"ltr\">Ali Jamal Hussein- Chairman of the CIVITAS board<\/p><p dir=\"ltr\">Krystian Lapka- CIVITAS board member in the field of communications<\/p><p dir=\"ltr\">Sofia \u00dcksiratsa- CIVITAS board member in culture<\/p><p dir=\"ltr\">Laetitia Tanja Sedello- CIVITAS board member in education<\/p>\t\t\t\t\t\t\t\t<\/div>\n\t\t\t\t<\/div>\n\t\t\t\t\t<\/div>\n\t\t<\/div>\n\t\t\t\t<div class=\"elementor-column elementor-col-50 elementor-top-column elementor-element elementor-element-fba7df3\" data-id=\"fba7df3\" data-element_type=\"column\" data-e-type=\"column\">\n\t\t\t<div class=\"elementor-widget-wrap elementor-element-populated\">\n\t\t\t\t\t\t<div class=\"elementor-element elementor-element-5748e73 elementor-widget elementor-widget-image\" data-id=\"5748e73\" data-element_type=\"widget\" data-e-type=\"widget\" data-widget_type=\"image.default\">\n\t\t\t\t<div class=\"elementor-widget-container\">\n\t\t\t\t\t\t\t\t\t\t\t\t\t\t\t<img fetchpriority=\"high\" decoding=\"async\" width=\"1024\" height=\"680\" src=\"https:\/\/esindus.ee\/wp-content\/uploads\/2023\/04\/civitas-1024x680-1.jpg\" class=\"attachment-large size-large wp-image-812\" alt=\"\u00dchiskonnateaduste instituudi \u00dcN\" srcset=\"https:\/\/esindus.ee\/wp-content\/uploads\/2023\/04\/civitas-1024x680-1.jpg 1024w, https:\/\/esindus.ee\/wp-content\/uploads\/2023\/04\/civitas-1024x680-1-300x199.jpg 300w, https:\/\/esindus.ee\/wp-content\/uploads\/2023\/04\/civitas-1024x680-1-768x510.jpg 768w, https:\/\/esindus.ee\/wp-content\/uploads\/2023\/04\/civitas-1024x680-1-18x12.jpg 18w\" sizes=\"(max-width: 1024px) 100vw, 1024px\" \/>\t\t\t\t\t\t\t\t\t\t\t\t\t\t\t<\/div>\n\t\t\t\t<\/div>\n\t\t\t\t\t<\/div>\n\t\t<\/div>\n\t\t\t\t\t<\/div>\n\t\t<\/section>\n\t\t\t\t<\/div>","protected":false},"excerpt":{"rendered":"<p>Student Council of the Institute of Social Sciences &#8211; Civitas Civitas, the student council of the Institute of Social Sciences (hereafter \u00dcTI), is a body representing \u00dcTI students and coordinating student life at \u00dcTI. Students from different fields of study come together at Civitas, such as political science, sociology, law, social protection and international relations and future studies. The aim of Civitas is to represent the interests of the students of its institute, to help them and to organize and develop their daily school and student life. Civitas stands for the rights of the institute&#8217;s students, but also organizes educational and social activities. Civitas organizes traditional events: get-to-know-you evening, town game, christening of foxes, Christmas party, parliamentary simulation and \u00dcTI spring days. In addition to these, many other exciting events take place throughout the year. Many events are organized in cooperation with other student councils of Tallinn University, so IF YOU JOIN TODAY, you will become part of an even bigger university community! The core of Civitas is made up of executive members, supporting members and the board. General meetings are held once a month, where past and future events and activities are discussed, and all students are welcome to attend! Be in touch! If you have joys, worries or thoughts to share and discuss, then: contact us at civitas@esindus.ee, familiarize yourself with our activities on Facebook TL\u00dc \u00dcN Civitas, Instagram tlu_civitas or drop by our office A-338 by prior arrangement! Ali Jamal Hussein- Chairman of the CIVITAS board Krystian Lapka- CIVITAS board member in the field of communications Sofia \u00dcksiratsa- CIVITAS board member in culture Laetitia Tanja Sedello- CIVITAS board member in education<\/p>","protected":false},"author":2,"featured_media":0,"parent":0,"menu_order":0,"comment_status":"closed","ping_status":"closed","template":"elementor_header_footer","meta":{"_eb_attr":"","footnotes":""},"class_list":["post-5695","page","type-page","status-publish","hentry"],"_links":{"self":[{"href":"https:\/\/esindus.ee\/en\/wp-json\/wp\/v2\/pages\/5695","targetHints":{"allow":["GET"]}}],"collection":[{"href":"https:\/\/esindus.ee\/en\/wp-json\/wp\/v2\/pages"}],"about":[{"href":"https:\/\/esindus.ee\/en\/wp-json\/wp\/v2\/types\/page"}],"author":[{"embeddable":true,"href":"https:\/\/esindus.ee\/en\/wp-json\/wp\/v2\/users\/2"}],"replies":[{"embeddable":true,"href":"https:\/\/esindus.ee\/en\/wp-json\/wp\/v2\/comments?post=5695"}],"version-history":[{"count":7,"href":"https:\/\/esindus.ee\/en\/wp-json\/wp\/v2\/pages\/5695\/revisions"}],"predecessor-version":[{"id":5880,"href":"https:\/\/esindus.ee\/en\/wp-json\/wp\/v2\/pages\/5695\/revisions\/5880"}],"wp:attachment":[{"href":"https:\/\/esindus.ee\/en\/wp-json\/wp\/v2\/media?parent=5695"}],"curies":[{"name":"wp","href":"https:\/\/api.w.org\/{rel}","templated":true}]}}