{"id":359,"date":"2023-04-03T13:46:32","date_gmt":"2023-04-03T11:46:32","guid":{"rendered":"https:\/\/esindus.ee\/?page_id=359"},"modified":"2025-01-17T15:45:21","modified_gmt":"2025-01-17T12:45:21","slug":"stipendiumid","status":"publish","type":"page","link":"https:\/\/esindus.ee\/en\/stipendiumid\/","title":{"rendered":"Scholarships and subsidies"},"content":{"rendered":"<div data-elementor-type=\"wp-page\" data-elementor-id=\"359\" class=\"elementor elementor-359\">\n\t\t\t\t\t\t<section class=\"elementor-section elementor-top-section elementor-element elementor-element-7f1484a2 elementor-section-content-middle elementor-section-boxed elementor-section-height-default elementor-section-height-default wpr-particle-no wpr-jarallax-no wpr-parallax-no wpr-sticky-section-no wpr-equal-height-no\" data-id=\"7f1484a2\" data-element_type=\"section\" data-e-type=\"section\">\n\t\t\t\t\t\t<div class=\"elementor-container elementor-column-gap-no\">\n\t\t\t\t\t<div class=\"elementor-column elementor-col-50 elementor-top-column elementor-element elementor-element-3d76806b\" data-id=\"3d76806b\" data-element_type=\"column\" data-e-type=\"column\">\n\t\t\t<div class=\"elementor-widget-wrap elementor-element-populated\">\n\t\t\t\t\t\t<div class=\"elementor-element elementor-element-204a2efc elementor-widget elementor-widget-heading\" data-id=\"204a2efc\" data-element_type=\"widget\" data-e-type=\"widget\" data-widget_type=\"heading.default\">\n\t\t\t\t<div class=\"elementor-widget-container\">\n\t\t\t\t\t<h2 class=\"elementor-heading-title elementor-size-default\">Scholarships and subsidies<\/h2>\t\t\t\t<\/div>\n\t\t\t\t<\/div>\n\t\t\t\t<div class=\"elementor-element elementor-element-371b7e58 elementor-widget elementor-widget-text-editor\" data-id=\"371b7e58\" data-element_type=\"widget\" data-e-type=\"widget\" data-widget_type=\"text-editor.default\">\n\t\t\t\t<div class=\"elementor-widget-container\">\n\t\t\t\t\t\t\t\t\t<p><strong>Currently, students can apply for:<\/strong><\/p><ul style=\"text-align: left;\"><li><b>Need-based tuition assistance<\/b><span style=\"font-weight: 400;\">, for students from low-income families. This grant is assigned to cover the additional costs associated with acquiring higher education.\u00a0<\/span><\/li><\/ul><p style=\"text-align: left;\"><span style=\"font-weight: 400;\">More detailed information about the grant is available on the website of the <\/span><strong><span style=\"text-decoration: underline;\"><span style=\"color: #993300;\"><a style=\"color: #993300; text-decoration: underline;\" href=\"https:\/\/www.hm.ee\/en\/education-research-and-youth-affairs\/general-education\/higher-education#study-allowances-and\"><span style=\"color: #b80007; text-decoration: underline;\">Ministry of Education and Science.<\/span><\/a><\/span><\/span><\/strong><span style=\"font-weight: 400;\">.<\/span><\/p><p style=\"text-align: left;\"><span style=\"font-weight: 400;\">The application is made on the education portal<\/span> <span style=\"color: #b80007;\"><strong><a style=\"color: #b80007;\" href=\"https:\/\/haridusportaal.edu.ee\"><span style=\"text-decoration: underline;\">edu.ee<\/span><\/a><\/strong><\/span><span style=\"font-weight: 400;\">.\u00a0<\/span><\/p><ul style=\"text-align: left;\"><li><b>Need-based special allowance<\/b><span style=\"font-weight: 400;\">, which is intended for students who missed out on need-based study support because the previous income of family members exceeded the limit established for receiving the support (\u20ac762.50 per person per month in 2023), but recently the income has decreased significantly.\u00a0<\/span><\/li><\/ul><p style=\"text-align: left;\"><span style=\"font-weight: 400;\">Read more detailed information about need-based special support from <\/span><span style=\"color: #b80007;\"><strong><span style=\"text-decoration: underline;\"><a style=\"color: #b80007; text-decoration: underline;\" href=\"https:\/\/www.tlu.ee\/en\/taxonomy\/term\/90\/need-based-special-allowance\">HERE<\/a><\/span><\/strong><\/span><span style=\"font-weight: 400;\">.<\/span><\/p><p style=\"text-align: left;\">Applications are submitted in the study information system <span style=\"color: #b80007;\"><strong><span style=\"text-decoration: underline;\"><span style=\"text-decoration: underline;\"><a style=\"color: #b80007; text-decoration: underline;\" href=\"https:\/\/ois2.tlu.ee\/tluois\/uus_ois2.tud_leht\">\u00d5IS<\/a><\/span><\/span><\/strong><\/span>.\u00a0<span style=\"font-weight: 400;\"><br \/><\/span><\/p>\t\t\t\t\t\t\t\t<\/div>\n\t\t\t\t<\/div>\n\t\t\t\t\t<\/div>\n\t\t<\/div>\n\t\t\t\t<div class=\"elementor-column elementor-col-50 elementor-top-column elementor-element elementor-element-4514d62\" data-id=\"4514d62\" data-element_type=\"column\" data-e-type=\"column\">\n\t\t\t<div class=\"elementor-widget-wrap elementor-element-populated\">\n\t\t\t\t\t\t<div class=\"elementor-element elementor-element-7d8aa2dd elementor-widget elementor-widget-image\" data-id=\"7d8aa2dd\" data-element_type=\"widget\" data-e-type=\"widget\" data-widget_type=\"image.default\">\n\t\t\t\t<div class=\"elementor-widget-container\">\n\t\t\t\t\t\t\t\t\t\t\t\t\t\t\t<img fetchpriority=\"high\" decoding=\"async\" width=\"768\" height=\"578\" src=\"https:\/\/esindus.ee\/wp-content\/uploads\/2023\/04\/338533508_912561429989848_5221254782513196748_n-e1681939032914-768x578.jpg\" class=\"attachment-medium_large size-medium_large wp-image-675\" alt=\"\" srcset=\"https:\/\/esindus.ee\/wp-content\/uploads\/2023\/04\/338533508_912561429989848_5221254782513196748_n-e1681939032914-768x578.jpg 768w, https:\/\/esindus.ee\/wp-content\/uploads\/2023\/04\/338533508_912561429989848_5221254782513196748_n-e1681939032914-300x226.jpg 300w, https:\/\/esindus.ee\/wp-content\/uploads\/2023\/04\/338533508_912561429989848_5221254782513196748_n-e1681939032914-1024x770.jpg 1024w, https:\/\/esindus.ee\/wp-content\/uploads\/2023\/04\/338533508_912561429989848_5221254782513196748_n-e1681939032914-16x12.jpg 16w, https:\/\/esindus.ee\/wp-content\/uploads\/2023\/04\/338533508_912561429989848_5221254782513196748_n-e1681939032914.jpg 1102w\" sizes=\"(max-width: 768px) 100vw, 768px\" \/>\t\t\t\t\t\t\t\t\t\t\t\t\t\t\t<\/div>\n\t\t\t\t<\/div>\n\t\t\t\t\t<\/div>\n\t\t<\/div>\n\t\t\t\t\t<\/div>\n\t\t<\/section>\n\t\t\t\t<section class=\"elementor-section elementor-top-section elementor-element elementor-element-ddbb1a1 elementor-section-boxed elementor-section-height-default elementor-section-height-default wpr-particle-no wpr-jarallax-no wpr-parallax-no wpr-sticky-section-no wpr-equal-height-no\" data-id=\"ddbb1a1\" data-element_type=\"section\" data-e-type=\"section\">\n\t\t\t\t\t\t<div class=\"elementor-container elementor-column-gap-default\">\n\t\t\t\t\t<div class=\"elementor-column elementor-col-100 elementor-top-column elementor-element elementor-element-047fbd6\" data-id=\"047fbd6\" data-element_type=\"column\" data-e-type=\"column\">\n\t\t\t<div class=\"elementor-widget-wrap elementor-element-populated\">\n\t\t\t\t\t\t<div class=\"elementor-element elementor-element-aadd2fe animated-fast elementor-invisible elementor-widget elementor-widget-spacer\" data-id=\"aadd2fe\" data-element_type=\"widget\" data-e-type=\"widget\" data-settings=\"{&quot;_animation&quot;:&quot;fadeIn&quot;}\" data-widget_type=\"spacer.default\">\n\t\t\t\t<div class=\"elementor-widget-container\">\n\t\t\t\t\t\t\t<div class=\"elementor-spacer\">\n\t\t\t<div class=\"elementor-spacer-inner\"><\/div>\n\t\t<\/div>\n\t\t\t\t\t\t<\/div>\n\t\t\t\t<\/div>\n\t\t\t\t<div class=\"elementor-element elementor-element-6f6b71c4 elementor-widget__width-initial elementor-widget elementor-widget-text-editor\" data-id=\"6f6b71c4\" data-element_type=\"widget\" data-e-type=\"widget\" data-widget_type=\"text-editor.default\">\n\t\t\t\t<div class=\"elementor-widget-container\">\n\t\t\t\t\t\t\t\t\t<p>You can find information about various grants and scholarships that students can apply for at different times during their studies and academic year <span style=\"color: #b80007;\"><strong><a style=\"color: #b80007;\" href=\"https:\/\/www.tlu.ee\/en\/taxonomy\/term\/90\/need-based-special-allowance\" target=\"_blank\" rel=\"noopener\"><span style=\"text-decoration: underline;\">HERE<\/span><\/a><\/strong><\/span>.\u00a0<\/p><p style=\"text-align: left;\">If you have any questions about the scholarships or grants distributed by the university, write <a href=\"mailto:oppeosakond@tlu.ee\"><span style=\"text-decoration: underline; color: #b80007;\">oppeosakond@tlu.ee<\/span><\/a>.<\/p>\t\t\t\t\t\t\t\t<\/div>\n\t\t\t\t<\/div>\n\t\t\t\t\t<\/div>\n\t\t<\/div>\n\t\t\t\t\t<\/div>\n\t\t<\/section>\n\t\t\t\t<\/div>","protected":false},"excerpt":{"rendered":"<p>Stipendiumid ja toetused Hetkel on tudengitel v\u00f5imalik taotleda: Vajadusp\u00f5hist \u00f5ppetoetust, mis on m\u00f5eldud \u00fcli\u00f5pilastele, kes on p\u00e4rit v\u00e4hekindlustatud perekondadest. Nimetatud toetus m\u00e4\u00e4ratakse\u00a0 k\u00f5rghariduse omandamisega kaasnevate lisakulude katmiseks.\u00a0 T\u00e4psem info toetuse kohta on k\u00e4ttesaadav Haridus- ja Teadusministeeriumi veebilehel. Taotlemine toimub haridusportaalis edu.ee.\u00a0 Vajadusp\u00f5hist eritoetust, mis on m\u00f5eldud \u00fcli\u00f5pilastele, kes j\u00e4id vajadusp\u00f5hisest \u00f5ppetoetusest ilma, kuna perekonnaliikmete varasem sissetulek \u00fcletas toetuse saamiseks kehtestatud piiri (2023. aastal 762.50\u20ac kuus inimese kohta), kuid viimasel ajal on sissetulek m\u00e4rkimisv\u00e4\u00e4rselt v\u00e4henenud.\u00a0 Loe t\u00e4psemat infot vajadusp\u00f5hise eritoetuse kohta SIIT. Taotluste esitamine toimub \u00f5ppeinfos\u00fcsteemis \u00d5IS.\u00a0 Infot erinevate toetuste ja stipendiumite kohta, mida \u00fcli\u00f5pilasel on v\u00f5imalik erinevatel ajahetkedel \u00f5pingute ja \u00f5ppeaasta jooksul taotleda leiad SIIT.\u00a0 Kui sul on k\u00fcsimusi \u00fclikooli jagatavate stipendiumite v\u00f5i toetuste kohta, siis kirjuta oppeosakond@tlu.ee.<\/p>","protected":false},"author":1,"featured_media":0,"parent":0,"menu_order":0,"comment_status":"closed","ping_status":"closed","template":"elementor_header_footer","meta":{"_eb_attr":"","footnotes":""},"class_list":["post-359","page","type-page","status-publish","hentry"],"_links":{"self":[{"href":"https:\/\/esindus.ee\/en\/wp-json\/wp\/v2\/pages\/359","targetHints":{"allow":["GET"]}}],"collection":[{"href":"https:\/\/esindus.ee\/en\/wp-json\/wp\/v2\/pages"}],"about":[{"href":"https:\/\/esindus.ee\/en\/wp-json\/wp\/v2\/types\/page"}],"author":[{"embeddable":true,"href":"https:\/\/esindus.ee\/en\/wp-json\/wp\/v2\/users\/1"}],"replies":[{"embeddable":true,"href":"https:\/\/esindus.ee\/en\/wp-json\/wp\/v2\/comments?post=359"}],"version-history":[{"count":143,"href":"https:\/\/esindus.ee\/en\/wp-json\/wp\/v2\/pages\/359\/revisions"}],"predecessor-version":[{"id":9523,"href":"https:\/\/esindus.ee\/en\/wp-json\/wp\/v2\/pages\/359\/revisions\/9523"}],"wp:attachment":[{"href":"https:\/\/esindus.ee\/en\/wp-json\/wp\/v2\/media?parent=359"}],"curies":[{"name":"wp","href":"https:\/\/api.w.org\/{rel}","templated":true}]}}