{"id":322,"date":"2023-04-03T12:32:37","date_gmt":"2023-04-03T10:32:37","guid":{"rendered":"https:\/\/esindus.ee\/?page_id=322"},"modified":"2026-04-12T23:11:52","modified_gmt":"2026-04-12T20:11:52","slug":"dokumendid","status":"publish","type":"page","link":"https:\/\/esindus.ee\/en\/dokumendid\/","title":{"rendered":"Documents (in Estonian)"},"content":{"rendered":"<div data-elementor-type=\"wp-page\" data-elementor-id=\"322\" class=\"elementor elementor-322\">\n\t\t\t\t\t\t<section class=\"elementor-section elementor-top-section elementor-element elementor-element-751da16 elementor-section-boxed elementor-section-height-default elementor-section-height-default wpr-particle-no wpr-jarallax-no wpr-parallax-no wpr-sticky-section-no wpr-equal-height-no\" data-id=\"751da16\" data-element_type=\"section\" data-e-type=\"section\">\n\t\t\t\t\t\t<div class=\"elementor-container elementor-column-gap-default\">\n\t\t\t\t\t<div class=\"elementor-column elementor-col-100 elementor-top-column elementor-element elementor-element-8aabbeb\" data-id=\"8aabbeb\" data-element_type=\"column\" data-e-type=\"column\">\n\t\t\t<div class=\"elementor-widget-wrap elementor-element-populated\">\n\t\t\t\t\t\t<div class=\"elementor-element elementor-element-0b59da3 elementor-widget elementor-widget-heading\" data-id=\"0b59da3\" data-element_type=\"widget\" data-e-type=\"widget\" data-widget_type=\"heading.default\">\n\t\t\t\t<div class=\"elementor-widget-container\">\n\t\t\t\t\t<h2 class=\"elementor-heading-title elementor-size-default\">Documents (in Estonian)<\/h2>\t\t\t\t<\/div>\n\t\t\t\t<\/div>\n\t\t\t\t\t<\/div>\n\t\t<\/div>\n\t\t\t\t\t<\/div>\n\t\t<\/section>\n\t\t\t\t<section class=\"elementor-section elementor-top-section elementor-element elementor-element-f449a02 elementor-section-boxed elementor-section-height-default elementor-section-height-default wpr-particle-no wpr-jarallax-no wpr-parallax-no wpr-sticky-section-no wpr-equal-height-no\" data-id=\"f449a02\" data-element_type=\"section\" data-e-type=\"section\">\n\t\t\t\t\t\t<div class=\"elementor-container elementor-column-gap-default\">\n\t\t\t\t\t<div class=\"elementor-column elementor-col-100 elementor-top-column elementor-element elementor-element-1958f39\" data-id=\"1958f39\" data-element_type=\"column\" data-e-type=\"column\">\n\t\t\t<div class=\"elementor-widget-wrap elementor-element-populated\">\n\t\t\t\t\t\t<div class=\"elementor-element elementor-element-582fbfb elementor-widget elementor-widget-accordion\" data-id=\"582fbfb\" data-element_type=\"widget\" data-e-type=\"widget\" data-widget_type=\"accordion.default\">\n\t\t\t\t<div class=\"elementor-widget-container\">\n\t\t\t\t\t\t\t<div class=\"elementor-accordion\">\n\t\t\t\t\t\t\t<div class=\"elementor-accordion-item\">\n\t\t\t\t\t<div id=\"elementor-tab-title-9241\" class=\"elementor-tab-title\" data-tab=\"1\" role=\"button\" aria-controls=\"elementor-tab-content-9241\" aria-expanded=\"false\">\n\t\t\t\t\t\t\t\t\t\t\t\t\t<span class=\"elementor-accordion-icon elementor-accordion-icon-left\" aria-hidden=\"true\">\n\t\t\t\t\t\t\t\t\t\t\t\t\t\t\t<span class=\"elementor-accordion-icon-closed\"><i class=\"fas fa-plus\"><\/i><\/span>\n\t\t\t\t\t\t\t\t<span class=\"elementor-accordion-icon-opened\"><i class=\"fas fa-minus\"><\/i><\/span>\n\t\t\t\t\t\t\t\t\t\t\t\t\t\t<\/span>\n\t\t\t\t\t\t\t\t\t\t\t\t<a class=\"elementor-accordion-title\" tabindex=\"0\">\u00d5igusaktid\u200b<\/a>\n\t\t\t\t\t<\/div>\n\t\t\t\t\t<div id=\"elementor-tab-content-9241\" class=\"elementor-tab-content elementor-clearfix\" data-tab=\"1\" role=\"region\" aria-labelledby=\"elementor-tab-title-9241\"><p><strong><span style=\"text-decoration: underline;\"><a href=\"https:\/\/drive.google.com\/file\/d\/1VMPbk-HFbMndJw-4wHMDV_7ktz2D-oVw\/view?usp=drive_link\">TL\u00dc \u00fcli\u00f5pilaskonna p\u00f5hikiri<\/a> <\/span><br \/><span style=\"text-decoration: underline;\"><a href=\"https:\/\/drive.google.com\/file\/d\/1HsJkPCLxbOE-doOxw5b7KO37tDwXHJJN\/view?usp=drive_link\">TL\u00dc \u00fcli\u00f5pilaskonna volikogu kodukord<br \/><\/a><a href=\"https:\/\/drive.google.com\/file\/d\/13Z3Md6uWg1mAiYgsBD3H61myQPoqZ7wZ\/view?usp=drive_link\">TL\u00dc \u00fcli\u00f5pilaskonna volikogu valimiseeskiri<br \/><\/a><\/span><\/strong><a href=\"https:\/\/drive.google.com\/file\/d\/1lReouGgvbP8fjGtB8Bpx4ZMerOCySM5S\/view?usp=drive_link\" target=\"_blank\" rel=\"noopener\"><b><u>TL\u00dc \u00fcli\u00f5pilaskonna s\u00fcmboolika alused<\/u><\/b><\/a><strong><span style=\"text-decoration: underline;\"><a href=\"https:\/\/drive.google.com\/file\/d\/1Wx4-Ojxs5CQr5mFlhcDzFpBsfER5UGlv\/view?usp=sharing\"><br \/><\/a><a href=\"https:\/\/drive.google.com\/file\/d\/0B3rdrSFNWjnGUGhIZjhhQ3VfVGs\/view?usp=sharing&amp;resourcekey=0-qtzOeKvyYW-BZK78mTsXeg\">TL\u00dc \u00fcli\u00f5pilaskonna teenetem\u00e4rkide statuut<br \/><\/a><a href=\"https:\/\/drive.google.com\/file\/d\/13zYiyY5ju5RMfRStsaLdUGPfX4IB2v52\/view?usp=drive_link\">MT\u00dc TL\u00dc \u00dcli\u00f5pilaskonna p\u00f5hikiri<\/a><a href=\"https:\/\/drive.google.com\/file\/d\/10X5hrASbC-ex6iIszw4P2N0KQJ5YDa3d\/view?usp=drive_link\"><br \/><\/a><\/span><a href=\"https:\/\/drive.google.com\/file\/d\/1IaBXi5FccWVS3UjTioJegpZ81eUQYIZU\/view?usp=drive_link\"><span style=\"text-decoration: underline;\">TL\u00dc kursusevanema statuut<\/span><\/a><br \/><a href=\"https:\/\/drive.google.com\/file\/d\/1dZ3oOaj8fIwYgQMm8Q8u2cdE_5Y0oqfY\/view?usp=sharing\"><u>TL\u00dc teklitseremoonia statuut<\/u><\/a><\/strong><\/p><\/div>\n\t\t\t\t<\/div>\n\t\t\t\t\t\t\t<div class=\"elementor-accordion-item\">\n\t\t\t\t\t<div id=\"elementor-tab-title-9242\" class=\"elementor-tab-title\" data-tab=\"2\" role=\"button\" aria-controls=\"elementor-tab-content-9242\" aria-expanded=\"false\">\n\t\t\t\t\t\t\t\t\t\t\t\t\t<span class=\"elementor-accordion-icon elementor-accordion-icon-left\" aria-hidden=\"true\">\n\t\t\t\t\t\t\t\t\t\t\t\t\t\t\t<span class=\"elementor-accordion-icon-closed\"><i class=\"fas fa-plus\"><\/i><\/span>\n\t\t\t\t\t\t\t\t<span class=\"elementor-accordion-icon-opened\"><i class=\"fas fa-minus\"><\/i><\/span>\n\t\t\t\t\t\t\t\t\t\t\t\t\t\t<\/span>\n\t\t\t\t\t\t\t\t\t\t\t\t<a class=\"elementor-accordion-title\" tabindex=\"0\">\u00dcli\u00f5pilaskonna volikogu protokollid<\/a>\n\t\t\t\t\t<\/div>\n\t\t\t\t\t<div id=\"elementor-tab-content-9242\" class=\"elementor-tab-content elementor-clearfix\" data-tab=\"2\" role=\"region\" aria-labelledby=\"elementor-tab-title-9242\"><p style=\"text-align: left;\"><span style=\"text-decoration: underline;\"><strong><a href=\"https:\/\/drive.google.com\/drive\/folders\/0B1_qEb01w5JjTFdrQ3FVOW5mdG8?resourcekey=0-0i1d6bZ6QI8OG6wmRitLtQ&amp;usp=sharing\">2015<\/a><br \/><\/strong><\/span><span style=\"text-decoration: underline;\"><strong><a href=\"https:\/\/drive.google.com\/drive\/folders\/0B1_qEb01w5Jjd0J6SDFZdFlkRW8?resourcekey=0-5VYQftWulinLBXpu0WSpnw&amp;usp=sharing\">2016<\/a><br \/><\/strong><\/span><span style=\"text-decoration: underline;\"><strong><a href=\"https:\/\/drive.google.com\/drive\/folders\/0B3rdrSFNWjnGMUFqbFV4NUQxRUE?resourcekey=0-QS8LNS9sTCz0pyC2L-qavA&amp;usp=sharing\">2017<\/a><br \/><\/strong><\/span><span style=\"text-decoration: underline;\"><strong><a href=\"https:\/\/drive.google.com\/drive\/folders\/17CXVankKDE2BnM6A41Fuz66d7x0rhSQN?usp=sharing\">2018<\/a><br \/><\/strong><\/span><span style=\"text-decoration: underline;\"><strong><a href=\"https:\/\/drive.google.com\/drive\/folders\/11CtSuW_uinv8KvNFY0j5zHSahG6OxtJ_?usp=sharing\">2019<\/a><br \/><\/strong><\/span><span style=\"text-decoration: underline;\"><strong><a href=\"https:\/\/drive.google.com\/drive\/folders\/1jcNKtL4q437PRwhtKmxxabColvYYLBoj?usp=sharing\">2020<\/a><br \/><\/strong><\/span><span style=\"text-decoration: underline;\"><strong><a href=\"https:\/\/drive.google.com\/drive\/folders\/12zxVxauTkwV0dBbZxUxndfk9KD1oMQwY?usp=sharing\">2021<\/a><br \/><\/strong><\/span><span style=\"text-decoration: underline;\"><strong><a href=\"https:\/\/drive.google.com\/drive\/folders\/1IvICP5nYfCNcepYjiYOtpoMyPfgiKuJo?usp=sharing\">2022<\/a><br \/><\/strong><\/span><span style=\"text-decoration: underline;\"><strong><a href=\"https:\/\/drive.google.com\/drive\/folders\/1GmTA78whaOr8LA9FVeGYoSEzPSxkocEW?usp=sharing\">2023<\/a><br \/><\/strong><\/span><span style=\"text-decoration: underline;\"><strong><a href=\"https:\/\/drive.google.com\/drive\/folders\/1kFDzxH5jzwv_oiW-3fqxC2KZAQxTWQEn?usp=sharing\">2024<\/a><br \/><\/strong><\/span><span style=\"text-decoration: underline;\"><strong><a href=\"https:\/\/drive.google.com\/drive\/folders\/1yuafZPqT1S0TZRzsR1z7wKeeG4FrzLI7?usp=sharing\">2025<\/a><br \/><\/strong><\/span><span style=\"text-decoration: underline;\"><strong><a href=\"https:\/\/drive.google.com\/drive\/folders\/1yxCq5w4Coe3cDxzaL0Kis8L8R5Mv_LTM?usp=sharing\">2026<\/a><\/strong><\/span><\/p><\/div>\n\t\t\t\t<\/div>\n\t\t\t\t\t\t\t<div class=\"elementor-accordion-item\">\n\t\t\t\t\t<div id=\"elementor-tab-title-9243\" class=\"elementor-tab-title\" data-tab=\"3\" role=\"button\" aria-controls=\"elementor-tab-content-9243\" aria-expanded=\"false\">\n\t\t\t\t\t\t\t\t\t\t\t\t\t<span class=\"elementor-accordion-icon elementor-accordion-icon-left\" aria-hidden=\"true\">\n\t\t\t\t\t\t\t\t\t\t\t\t\t\t\t<span class=\"elementor-accordion-icon-closed\"><i class=\"fas fa-plus\"><\/i><\/span>\n\t\t\t\t\t\t\t\t<span class=\"elementor-accordion-icon-opened\"><i class=\"fas fa-minus\"><\/i><\/span>\n\t\t\t\t\t\t\t\t\t\t\t\t\t\t<\/span>\n\t\t\t\t\t\t\t\t\t\t\t\t<a class=\"elementor-accordion-title\" tabindex=\"0\">\u00dcli\u00f5pilasn\u00f5ukogude p\u00f5him\u00e4\u00e4rused<\/a>\n\t\t\t\t\t<\/div>\n\t\t\t\t\t<div id=\"elementor-tab-content-9243\" class=\"elementor-tab-content elementor-clearfix\" data-tab=\"3\" role=\"region\" aria-labelledby=\"elementor-tab-title-9243\"><p><span style=\"text-decoration: underline;\"><strong><a href=\"https:\/\/drive.google.com\/file\/d\/1Clgvc6vYJpLxn5hs23EdafSt7TaYfLon\/view?usp=drive_link\">TL\u00dc Balti filmi, meedia, kunstide ja kommunikatsiooni instituudi \u00fcli\u00f5pilasn\u00f5ukogu Meedium p\u00f5him\u00e4\u00e4rus<br \/><\/a><a href=\"https:\/\/drive.google.com\/file\/d\/1sAFUz_HsvJGOgmeQiCkT_uT86sTS5ZnZ\/view?usp=drive_link\">TL\u00dc digitehnoloogiate instituudi \u00fcli\u00f5pilasn\u00f5ukogu DigiTech p\u00f5him\u00e4\u00e4rus<br \/><\/a><a href=\"https:\/\/drive.google.com\/file\/d\/1TaKu81OGMWnH09PxXnjPbreOfh7hDYw7\/view?usp=drive_link\">TL\u00dc haridusteaduste instituudi \u00fcli\u00f5pilasn\u00f5ukogu K\u00dcN p\u00f5him\u00e4\u00e4rus<br \/><\/a><a href=\"https:\/\/drive.google.com\/file\/d\/1l3-X8B8CLRoPSTzEKPItYeVv6QGQ8Ooo\/view?usp=drive_link\">TL\u00dc humanitaarteaduste instituudi \u00fcli\u00f5pilasn\u00f5ukogu T\u00dcHI \u00dcN p\u00f5him\u00e4\u00e4rus<br \/><\/a><a href=\"https:\/\/drive.google.com\/file\/d\/1KUix3RFoIYa1qqGxcIoYKafN321m_hYN\/view?usp=drive_link\">TL\u00dc loodus- ja terviseteaduste instituudi \u00fcli\u00f5pilasn\u00f5ukogu LTI \u00dcN p\u00f5him\u00e4\u00e4rus<br \/><\/a><a href=\"https:\/\/drive.google.com\/file\/d\/1pi4qUs9CRdfyAKVNHqgCVQlr6CSihuTN\/view?usp=drive_link\">TL\u00dc \u00fchiskonnateaduste instituudi \u00fcli\u00f5pilasn\u00f5ukogu CIVITAS p\u00f5him\u00e4\u00e4rus<\/a><\/strong><\/span><\/p><\/div>\n\t\t\t\t<\/div>\n\t\t\t\t\t\t\t<div class=\"elementor-accordion-item\">\n\t\t\t\t\t<div id=\"elementor-tab-title-9244\" class=\"elementor-tab-title\" data-tab=\"4\" role=\"button\" aria-controls=\"elementor-tab-content-9244\" aria-expanded=\"false\">\n\t\t\t\t\t\t\t\t\t\t\t\t\t<span class=\"elementor-accordion-icon elementor-accordion-icon-left\" aria-hidden=\"true\">\n\t\t\t\t\t\t\t\t\t\t\t\t\t\t\t<span class=\"elementor-accordion-icon-closed\"><i class=\"fas fa-plus\"><\/i><\/span>\n\t\t\t\t\t\t\t\t<span class=\"elementor-accordion-icon-opened\"><i class=\"fas fa-minus\"><\/i><\/span>\n\t\t\t\t\t\t\t\t\t\t\t\t\t\t<\/span>\n\t\t\t\t\t\t\t\t\t\t\t\t<a class=\"elementor-accordion-title\" tabindex=\"0\">\u00dcli\u00f5pilasn\u00f5ukogude kodukorrad<\/a>\n\t\t\t\t\t<\/div>\n\t\t\t\t\t<div id=\"elementor-tab-content-9244\" class=\"elementor-tab-content elementor-clearfix\" data-tab=\"4\" role=\"region\" aria-labelledby=\"elementor-tab-title-9244\"><p><span style=\"text-decoration: underline;\"><strong><a href=\"https:\/\/drive.google.com\/file\/d\/1QLmYI5Ngi5jndDcb-Xga3ZlX_KsOn1U1\/view?usp=sharing\">TL\u00dc Balti filmi, meedia, kunstide ja kommunikatsiooni instituudi \u00fcli\u00f5pilasn\u00f5ukogu Meedium kodukord<\/a><br \/><\/strong><\/span><span style=\"text-decoration: underline;\"><strong><a href=\"https:\/\/drive.google.com\/file\/d\/1ysh_5pIOeWjMeJolGC9iVAEpUaFso0hu\/view?usp=drive_link\">TL\u00dc digitehnoloogiate instituudi \u00fcli\u00f5pilasn\u00f5ukogu DigiTech kodukord<br \/><\/a><a href=\"https:\/\/drive.google.com\/file\/d\/1-RaRk10WFbrIeagHHGX8YZwqapqF262W\/view?usp=drive_link\">TL\u00dc haridusteaduste instituudi \u00fcli\u00f5pilasn\u00f5ukogu K\u00dcN kodukord<br \/><\/a><a href=\"https:\/\/drive.google.com\/file\/d\/1oJjdUBquJgnW_jtX7JEPGIHqrG9i0EXw\/view?usp=drive_link\">TL\u00dc humanitaarteaduste instituudi \u00fcli\u00f5pilasn\u00f5ukogu T\u00dcHI \u00dcN kodukord<br \/><\/a><a href=\"https:\/\/drive.google.com\/file\/d\/1Bclf06y3LLH5FEk4bvroHV7FbudM-TR8\/view?usp=drive_link\">TL\u00dc loodus- ja terviseteaduste instituudi \u00fcli\u00f5pilasn\u00f5ukogu LTI \u00dcN kodukord<br \/><\/a><a href=\"https:\/\/drive.google.com\/file\/d\/1CxxIsZBARaX7Iyjj41-q50oRrYVFbvjX\/view?usp=drive_link\">TL\u00dc \u00fchiskonnateaduste instituudi \u00fcli\u00f5pilasn\u00f5ukogu CIVITAS kodukord<\/a><\/strong><\/span><\/p><\/div>\n\t\t\t\t<\/div>\n\t\t\t\t\t\t\t<div class=\"elementor-accordion-item\">\n\t\t\t\t\t<div id=\"elementor-tab-title-9245\" class=\"elementor-tab-title\" data-tab=\"5\" role=\"button\" aria-controls=\"elementor-tab-content-9245\" aria-expanded=\"false\">\n\t\t\t\t\t\t\t\t\t\t\t\t\t<span class=\"elementor-accordion-icon elementor-accordion-icon-left\" aria-hidden=\"true\">\n\t\t\t\t\t\t\t\t\t\t\t\t\t\t\t<span class=\"elementor-accordion-icon-closed\"><i class=\"fas fa-plus\"><\/i><\/span>\n\t\t\t\t\t\t\t\t<span class=\"elementor-accordion-icon-opened\"><i class=\"fas fa-minus\"><\/i><\/span>\n\t\t\t\t\t\t\t\t\t\t\t\t\t\t<\/span>\n\t\t\t\t\t\t\t\t\t\t\t\t<a class=\"elementor-accordion-title\" tabindex=\"0\">\u00dcli\u00f5pilaskonna all\u00fcksuste \u00f5igusaktid\u200b<\/a>\n\t\t\t\t\t<\/div>\n\t\t\t\t\t<div id=\"elementor-tab-content-9245\" class=\"elementor-tab-content elementor-clearfix\" data-tab=\"5\" role=\"region\" aria-labelledby=\"elementor-tab-title-9245\"><p><span style=\"text-decoration: underline;\"><strong><a href=\"https:\/\/drive.google.com\/file\/d\/1TrnZdGJ4g7dK2fGsiM9o4JuQ7mixWejo\/view?usp=drive_link\">TL\u00dc \u00fcli\u00f5pilaskonna M\u00e4ngutoa kodukord<br \/><\/a><a href=\"https:\/\/drive.google.com\/file\/d\/10I1hi1KkxZ_jAcNQS8dQbmSWREOg2_4M\/view?usp=sharing\">TL\u00dc \u00fcli\u00f5pilaskonna Fotoklubi kodukord<br \/><\/a><a href=\"https:\/\/drive.google.com\/file\/d\/1Z6Ah3gBhYd0QwuPKtQFwqnO1VOIoA6Xp\/view?usp=drive_link\">TL\u00dc \u00fcli\u00f5pilaskonna International Club\u2019i kodukord<\/a><a href=\"https:\/\/drive.google.com\/file\/d\/1aP8halOOYWe0nIk1NUZn5etb-ZX-OBZY\/view?usp=sharing\"><br \/><\/a><a href=\"https:\/\/drive.google.com\/file\/d\/1R3WO0iwia_8hiiXOzpnlt6LLWJ3mKyFw\/view?usp=drive_link\">TL\u00dc \u00fcli\u00f5pilaskonna Kultuuriklubi kodukord<br \/><\/a><a href=\"https:\/\/drive.google.com\/file\/d\/1gST5_00MLfeC32T7Z6Ltmox-bdMJJfdA\/view?usp=sharing\">TL\u00dc \u00fcli\u00f5pilaskonna V\u00e4itlusklubi kodukord<\/a><br \/><a href=\"https:\/\/drive.google.com\/file\/d\/13MnF4_NZGSQ82fhpJ2vO2-X7gkAN8Mxp\/view?usp=sharing\">TL\u00dc \u00fcli\u00f5pilaskonna Mooting Seltsi kodukord<\/a><br \/><a href=\"https:\/\/drive.google.com\/file\/d\/1V-aaV-Mv_uM1sP0EfHv02zYLLw6xmNfK\/view?usp=drive_link\">TL\u00dc \u00fcli\u00f5pilaskonna Jaapani klubi kodukord<\/a><br \/><a href=\"https:\/\/drive.google.com\/file\/d\/19nNQ-sR1cUgvYr8HP6ZPgIw_-xlafbeq\/view?usp=drive_link\" target=\"_blank\" rel=\"noopener\">TL\u00dc \u00fcli\u00f5pilaskonna kirjandusklubi \u00dcDI kodukord<\/a><\/strong><\/span><\/p><p><a href=\"https:\/\/drive.google.com\/file\/d\/1jU47LM00MIDSo57Je9zcNwOFtE_xqK_6\/view?usp=sharing\"><span style=\"text-decoration: underline;\"><strong>TL\u00dc \u00fcli\u00f5pilaskonna Roheklubi kodukord<\/strong><\/span><\/a><\/p><\/div>\n\t\t\t\t<\/div>\n\t\t\t\t\t\t\t<div class=\"elementor-accordion-item\">\n\t\t\t\t\t<div id=\"elementor-tab-title-9246\" class=\"elementor-tab-title\" data-tab=\"6\" role=\"button\" aria-controls=\"elementor-tab-content-9246\" aria-expanded=\"false\">\n\t\t\t\t\t\t\t\t\t\t\t\t\t<span class=\"elementor-accordion-icon elementor-accordion-icon-left\" aria-hidden=\"true\">\n\t\t\t\t\t\t\t\t\t\t\t\t\t\t\t<span class=\"elementor-accordion-icon-closed\"><i class=\"fas fa-plus\"><\/i><\/span>\n\t\t\t\t\t\t\t\t<span class=\"elementor-accordion-icon-opened\"><i class=\"fas fa-minus\"><\/i><\/span>\n\t\t\t\t\t\t\t\t\t\t\t\t\t\t<\/span>\n\t\t\t\t\t\t\t\t\t\t\t\t<a class=\"elementor-accordion-title\" tabindex=\"0\">\u00dcli\u00f5pilaskonna planeerimisdokumendid\u200b<\/a>\n\t\t\t\t\t<\/div>\n\t\t\t\t\t<div id=\"elementor-tab-content-9246\" class=\"elementor-tab-content elementor-clearfix\" data-tab=\"6\" role=\"region\" aria-labelledby=\"elementor-tab-title-9246\"><p><span style=\"text-decoration: underline;\"><strong><a href=\"https:\/\/esindus.veebkolm.ee\/wp-content\/uploads\/2015\/11\/%C3%9Cli%C3%B5pilaskonna-2015-2016-%C3%B5ppeaasta-tegevuskava_poolaasta-t%C3%A4ituvus_15.01.2016.pdf\">TL\u00dc \u00fcli\u00f5pilaskonna 2015\/2016 tegevuskava<br \/><\/a><a href=\"https:\/\/docs.google.com\/spreadsheets\/d\/1lAAUQVrgZt_CEUQ457DW1wTNmABuyiOZ6te1kCwDMkc\/edit#gid=0\">TL\u00dc \u00fcli\u00f5pilaskonna 2016\/2017 tegevuskava<br \/><\/a><a href=\"https:\/\/docs.google.com\/spreadsheets\/d\/1lAAUQVrgZt_CEUQ457DW1wTNmABuyiOZ6te1kCwDMkc\/edit?usp=sharing\">TL\u00dc \u00fcli\u00f5pilaskonna 2017\/2018 tegevuskava<br \/><\/a><a href=\"https:\/\/docs.google.com\/spreadsheets\/d\/1b1oKq0TUym1TJEIEY6pkLnMpfhpC3zaMZPex3N-Tu1s\/edit?usp=sharing\">TL\u00dc \u00fcli\u00f5pilaskonna 2018\/2019 tegevuskava<br \/><\/a><a href=\"https:\/\/docs.google.com\/spreadsheets\/d\/1rDweOV5RausTzEqKOPPhz0xlVLv99XAU5OrCpLqtjeY\/edit?usp=sharing\">TL\u00dc \u00fcli\u00f5pilaskonna 2019\/2020 tegevuskava<br \/><\/a><a href=\"https:\/\/docs.google.com\/spreadsheets\/d\/1Kt93h2-y4jP1crI92ZziYtJcGDg2DNhq-48mupY_GdM\/edit?usp=sharing\">TL\u00dc \u00fcli\u00f5pilaskonna 2020\/2021 tegevuskava<\/a><br \/><\/strong><\/span><span style=\"text-decoration: underline;\"><strong><a href=\"https:\/\/docs.google.com\/spreadsheets\/d\/1gxWlwaHG3jGYLmAbzwEjb7ngxb6m6ERfmjoTa79j2iA\/edit?usp=sharing\">TL\u00dc \u00fcli\u00f5pilaskonna 2022\/2023 tegevuskava<\/a><\/strong><\/span><\/p><\/div>\n\t\t\t\t<\/div>\n\t\t\t\t\t\t\t<div class=\"elementor-accordion-item\">\n\t\t\t\t\t<div id=\"elementor-tab-title-9247\" class=\"elementor-tab-title\" data-tab=\"7\" role=\"button\" aria-controls=\"elementor-tab-content-9247\" aria-expanded=\"false\">\n\t\t\t\t\t\t\t\t\t\t\t\t\t<span class=\"elementor-accordion-icon elementor-accordion-icon-left\" aria-hidden=\"true\">\n\t\t\t\t\t\t\t\t\t\t\t\t\t\t\t<span class=\"elementor-accordion-icon-closed\"><i class=\"fas fa-plus\"><\/i><\/span>\n\t\t\t\t\t\t\t\t<span class=\"elementor-accordion-icon-opened\"><i class=\"fas fa-minus\"><\/i><\/span>\n\t\t\t\t\t\t\t\t\t\t\t\t\t\t<\/span>\n\t\t\t\t\t\t\t\t\t\t\t\t<a class=\"elementor-accordion-title\" tabindex=\"0\">\u00dcli\u00f5pilaskonna arengukavad\u200b<\/a>\n\t\t\t\t\t<\/div>\n\t\t\t\t\t<div id=\"elementor-tab-content-9247\" class=\"elementor-tab-content elementor-clearfix\" data-tab=\"7\" role=\"region\" aria-labelledby=\"elementor-tab-title-9247\"><p><span style=\"text-decoration: underline;\"><strong><a href=\"https:\/\/drive.google.com\/file\/d\/0By9hznFWsTocS09FMnpHOUprME0\/view?usp=sharing\">TL\u00dc \u00fcli\u00f5pilaskonna 2009-2012 arengukava<br \/><\/a><a href=\"https:\/\/drive.google.com\/open?id=1tTxMNtxhbpAD-1uOyR8pLG4UUPyhinZn\">TL\u00dc \u00fcli\u00f5pilaskonna 2017 \u2013 2020 arengukava<br \/><\/a><a href=\"https:\/\/docs.google.com\/document\/d\/1lGIFkM9qthk5-Bk0pPTrx9ELoBwUHBLuI-jlMgfv7nY\/edit?usp=sharing\">TL\u00dc \u00fcli\u00f5pilaskonna 2021-2025 arengukava<\/a><\/strong><\/span><\/p><p><strong><span style=\"text-decoration: underline;\"><a href=\"https:\/\/drive.google.com\/file\/d\/1tshuLlCmqxt4DCA6KA7Ro8pxsmixMFwX\/view?usp=sharing\">TL\u00dc \u00fcli\u00f5pilaskonna 2025-2030 arengukava<\/a><\/span><\/strong><\/p><\/div>\n\t\t\t\t<\/div>\n\t\t\t\t\t\t\t\t<\/div>\n\t\t\t\t\t\t<\/div>\n\t\t\t\t<\/div>\n\t\t\t\t\t<\/div>\n\t\t<\/div>\n\t\t\t\t\t<\/div>\n\t\t<\/section>\n\t\t\t\t<\/div>","protected":false},"excerpt":{"rendered":"<p>Dokumendid \u00d5igusaktid\u200b TL\u00dc \u00fcli\u00f5pilaskonna p\u00f5hikiri TL\u00dc \u00fcli\u00f5pilaskonna volikogu kodukordTL\u00dc \u00fcli\u00f5pilaskonna volikogu valimiseeskiriTL\u00dc \u00fcli\u00f5pilaskonna s\u00fcmboolika alusedTL\u00dc \u00fcli\u00f5pilaskonna teenetem\u00e4rkide statuutMT\u00dc TL\u00dc \u00dcli\u00f5pilaskonna p\u00f5hikiriTL\u00dc kursusevanema statuutTL\u00dc teklitseremoonia statuut \u00dcli\u00f5pilaskonna volikogu protokollid 201520162017201820192020202120222023202420252026 \u00dcli\u00f5pilasn\u00f5ukogude p\u00f5him\u00e4\u00e4rused TL\u00dc Balti filmi, meedia, kunstide ja kommunikatsiooni instituudi \u00fcli\u00f5pilasn\u00f5ukogu Meedium p\u00f5him\u00e4\u00e4rusTL\u00dc digitehnoloogiate instituudi \u00fcli\u00f5pilasn\u00f5ukogu DigiTech p\u00f5him\u00e4\u00e4rusTL\u00dc haridusteaduste instituudi \u00fcli\u00f5pilasn\u00f5ukogu K\u00dcN p\u00f5him\u00e4\u00e4rusTL\u00dc humanitaarteaduste instituudi \u00fcli\u00f5pilasn\u00f5ukogu T\u00dcHI \u00dcN p\u00f5him\u00e4\u00e4rusTL\u00dc loodus- ja terviseteaduste instituudi \u00fcli\u00f5pilasn\u00f5ukogu LTI \u00dcN p\u00f5him\u00e4\u00e4rusTL\u00dc \u00fchiskonnateaduste instituudi \u00fcli\u00f5pilasn\u00f5ukogu CIVITAS p\u00f5him\u00e4\u00e4rus \u00dcli\u00f5pilasn\u00f5ukogude kodukorrad TL\u00dc Balti filmi, meedia, kunstide ja kommunikatsiooni instituudi \u00fcli\u00f5pilasn\u00f5ukogu Meedium kodukordTL\u00dc digitehnoloogiate instituudi \u00fcli\u00f5pilasn\u00f5ukogu DigiTech kodukordTL\u00dc haridusteaduste instituudi \u00fcli\u00f5pilasn\u00f5ukogu K\u00dcN kodukordTL\u00dc humanitaarteaduste instituudi \u00fcli\u00f5pilasn\u00f5ukogu T\u00dcHI \u00dcN kodukordTL\u00dc loodus- ja terviseteaduste instituudi \u00fcli\u00f5pilasn\u00f5ukogu LTI \u00dcN kodukordTL\u00dc \u00fchiskonnateaduste instituudi \u00fcli\u00f5pilasn\u00f5ukogu CIVITAS kodukord \u00dcli\u00f5pilaskonna all\u00fcksuste \u00f5igusaktid\u200b TL\u00dc \u00fcli\u00f5pilaskonna M\u00e4ngutoa kodukordTL\u00dc \u00fcli\u00f5pilaskonna Fotoklubi kodukordTL\u00dc \u00fcli\u00f5pilaskonna International Club\u2019i kodukordTL\u00dc \u00fcli\u00f5pilaskonna Kultuuriklubi kodukordTL\u00dc \u00fcli\u00f5pilaskonna V\u00e4itlusklubi kodukordTL\u00dc \u00fcli\u00f5pilaskonna Mooting Seltsi kodukordTL\u00dc \u00fcli\u00f5pilaskonna Jaapani klubi kodukordTL\u00dc \u00fcli\u00f5pilaskonna kirjandusklubi \u00dcDI kodukord TL\u00dc \u00fcli\u00f5pilaskonna Roheklubi kodukord \u00dcli\u00f5pilaskonna planeerimisdokumendid\u200b TL\u00dc \u00fcli\u00f5pilaskonna 2015\/2016 tegevuskavaTL\u00dc \u00fcli\u00f5pilaskonna 2016\/2017 tegevuskavaTL\u00dc \u00fcli\u00f5pilaskonna 2017\/2018 tegevuskavaTL\u00dc \u00fcli\u00f5pilaskonna 2018\/2019 tegevuskavaTL\u00dc \u00fcli\u00f5pilaskonna 2019\/2020 tegevuskavaTL\u00dc \u00fcli\u00f5pilaskonna 2020\/2021 tegevuskavaTL\u00dc \u00fcli\u00f5pilaskonna 2022\/2023 tegevuskava \u00dcli\u00f5pilaskonna arengukavad\u200b TL\u00dc \u00fcli\u00f5pilaskonna 2009-2012 arengukavaTL\u00dc \u00fcli\u00f5pilaskonna 2017 \u2013 2020 arengukavaTL\u00dc \u00fcli\u00f5pilaskonna 2021-2025 arengukava TL\u00dc \u00fcli\u00f5pilaskonna 2025-2030 arengukava<\/p>","protected":false},"author":1,"featured_media":0,"parent":0,"menu_order":0,"comment_status":"closed","ping_status":"closed","template":"elementor_header_footer","meta":{"_eb_attr":"","footnotes":""},"class_list":["post-322","page","type-page","status-publish","hentry"],"_links":{"self":[{"href":"https:\/\/esindus.ee\/en\/wp-json\/wp\/v2\/pages\/322","targetHints":{"allow":["GET"]}}],"collection":[{"href":"https:\/\/esindus.ee\/en\/wp-json\/wp\/v2\/pages"}],"about":[{"href":"https:\/\/esindus.ee\/en\/wp-json\/wp\/v2\/types\/page"}],"author":[{"embeddable":true,"href":"https:\/\/esindus.ee\/en\/wp-json\/wp\/v2\/users\/1"}],"replies":[{"embeddable":true,"href":"https:\/\/esindus.ee\/en\/wp-json\/wp\/v2\/comments?post=322"}],"version-history":[{"count":202,"href":"https:\/\/esindus.ee\/en\/wp-json\/wp\/v2\/pages\/322\/revisions"}],"predecessor-version":[{"id":10428,"href":"https:\/\/esindus.ee\/en\/wp-json\/wp\/v2\/pages\/322\/revisions\/10428"}],"wp:attachment":[{"href":"https:\/\/esindus.ee\/en\/wp-json\/wp\/v2\/media?parent=322"}],"curies":[{"name":"wp","href":"https:\/\/api.w.org\/{rel}","templated":true}]}}