{"id":316,"date":"2023-04-03T12:32:37","date_gmt":"2023-04-03T10:32:37","guid":{"rendered":"https:\/\/esindus.ee\/?page_id=316"},"modified":"2025-07-15T14:26:20","modified_gmt":"2025-07-15T11:26:20","slug":"kultuuriklubi","status":"publish","type":"page","link":"https:\/\/esindus.ee\/en\/kultuuriklubi\/","title":{"rendered":"Culture club"},"content":{"rendered":"<div data-elementor-type=\"wp-page\" data-elementor-id=\"316\" class=\"elementor elementor-316\">\n\t\t\t\t\t\t<section class=\"elementor-section elementor-top-section elementor-element elementor-element-6d9624b1 elementor-section-content-middle elementor-section-boxed elementor-section-height-default elementor-section-height-default wpr-particle-no wpr-jarallax-no wpr-parallax-no wpr-sticky-section-no wpr-equal-height-no\" data-id=\"6d9624b1\" data-element_type=\"section\" data-e-type=\"section\">\n\t\t\t\t\t\t<div class=\"elementor-container elementor-column-gap-no\">\n\t\t\t\t\t<div class=\"elementor-column elementor-col-50 elementor-top-column elementor-element elementor-element-45b66d10\" data-id=\"45b66d10\" data-element_type=\"column\" data-e-type=\"column\">\n\t\t\t<div class=\"elementor-widget-wrap elementor-element-populated\">\n\t\t\t\t\t\t<div class=\"elementor-element elementor-element-e19bf0f elementor-widget elementor-widget-heading\" data-id=\"e19bf0f\" data-element_type=\"widget\" data-e-type=\"widget\" data-widget_type=\"heading.default\">\n\t\t\t\t<div class=\"elementor-widget-container\">\n\t\t\t\t\t<h2 class=\"elementor-heading-title elementor-size-default\">Culture club<\/h2>\t\t\t\t<\/div>\n\t\t\t\t<\/div>\n\t\t\t\t<div class=\"elementor-element elementor-element-7bb8337 elementor-widget elementor-widget-text-editor\" data-id=\"7bb8337\" data-element_type=\"widget\" data-e-type=\"widget\" data-widget_type=\"text-editor.default\">\n\t\t\t\t<div class=\"elementor-widget-container\">\n\t\t\t\t\t\t\t\t\t<p><span style=\"font-weight: 400;\">The Culture Club team organizes and helps organize various events of the student body and its units. The team consists of active and motivated TU students, whose goal is to make school life more exciting and create a greater sense of unity among our students. The Culture Club has organized various events such as Fox party, Beer Pong, Game with Memory, Games Night, semester <\/span><i><span style=\"font-weight: 400;\">kick-off<\/span><\/i><span style=\"font-weight: 400;\"> party, etc. Current students, alumni and faculty are welcome to all events.<\/span><\/p>\t\t\t\t\t\t\t\t<\/div>\n\t\t\t\t<\/div>\n\t\t\t\t\t<\/div>\n\t\t<\/div>\n\t\t\t\t<div class=\"elementor-column elementor-col-50 elementor-top-column elementor-element elementor-element-5d151ee2\" data-id=\"5d151ee2\" data-element_type=\"column\" data-e-type=\"column\">\n\t\t\t<div class=\"elementor-widget-wrap elementor-element-populated\">\n\t\t\t\t\t\t<div class=\"elementor-element elementor-element-3967b72 elementor-widget elementor-widget-image\" data-id=\"3967b72\" data-element_type=\"widget\" data-e-type=\"widget\" data-widget_type=\"image.default\">\n\t\t\t\t<div class=\"elementor-widget-container\">\n\t\t\t\t\t\t\t\t\t\t\t\t\t\t\t<img fetchpriority=\"high\" decoding=\"async\" width=\"768\" height=\"512\" src=\"https:\/\/esindus.ee\/wp-content\/uploads\/2023\/05\/markus-spiske-yt5e_nZ7CZ8-unsplash-768x512.jpg\" class=\"attachment-medium_large size-medium_large wp-image-3189\" alt=\"\" srcset=\"https:\/\/esindus.ee\/wp-content\/uploads\/2023\/05\/markus-spiske-yt5e_nZ7CZ8-unsplash-768x512.jpg 768w, https:\/\/esindus.ee\/wp-content\/uploads\/2023\/05\/markus-spiske-yt5e_nZ7CZ8-unsplash-300x200.jpg 300w, https:\/\/esindus.ee\/wp-content\/uploads\/2023\/05\/markus-spiske-yt5e_nZ7CZ8-unsplash-1024x683.jpg 1024w, https:\/\/esindus.ee\/wp-content\/uploads\/2023\/05\/markus-spiske-yt5e_nZ7CZ8-unsplash-1536x1024.jpg 1536w, https:\/\/esindus.ee\/wp-content\/uploads\/2023\/05\/markus-spiske-yt5e_nZ7CZ8-unsplash-2048x1365.jpg 2048w, https:\/\/esindus.ee\/wp-content\/uploads\/2023\/05\/markus-spiske-yt5e_nZ7CZ8-unsplash-18x12.jpg 18w\" sizes=\"(max-width: 768px) 100vw, 768px\" \/>\t\t\t\t\t\t\t\t\t\t\t\t\t\t\t<\/div>\n\t\t\t\t<\/div>\n\t\t\t\t\t<\/div>\n\t\t<\/div>\n\t\t\t\t\t<\/div>\n\t\t<\/section>\n\t\t\t\t<section class=\"elementor-section elementor-top-section elementor-element elementor-element-2da2b13 elementor-section-boxed elementor-section-height-default elementor-section-height-default wpr-particle-no wpr-jarallax-no wpr-parallax-no wpr-sticky-section-no wpr-equal-height-no\" data-id=\"2da2b13\" data-element_type=\"section\" data-e-type=\"section\">\n\t\t\t\t\t\t<div class=\"elementor-container elementor-column-gap-default\">\n\t\t\t\t\t<div class=\"elementor-column elementor-col-100 elementor-top-column elementor-element elementor-element-7a9110a\" data-id=\"7a9110a\" data-element_type=\"column\" data-e-type=\"column\">\n\t\t\t<div class=\"elementor-widget-wrap elementor-element-populated\">\n\t\t\t\t\t\t<div class=\"elementor-element elementor-element-aa15212 elementor-widget__width-inherit animated-fast elementor-invisible elementor-widget elementor-widget-spacer\" data-id=\"aa15212\" data-element_type=\"widget\" data-e-type=\"widget\" data-settings=\"{&quot;_animation&quot;:&quot;fadeIn&quot;}\" data-widget_type=\"spacer.default\">\n\t\t\t\t<div class=\"elementor-widget-container\">\n\t\t\t\t\t\t\t<div class=\"elementor-spacer\">\n\t\t\t<div class=\"elementor-spacer-inner\"><\/div>\n\t\t<\/div>\n\t\t\t\t\t\t<\/div>\n\t\t\t\t<\/div>\n\t\t\t\t\t<\/div>\n\t\t<\/div>\n\t\t\t\t\t<\/div>\n\t\t<\/section>\n\t\t\t\t<section class=\"elementor-section elementor-top-section elementor-element elementor-element-a5f4001 elementor-section-boxed elementor-section-height-default elementor-section-height-default wpr-particle-no wpr-jarallax-no wpr-parallax-no wpr-sticky-section-no wpr-equal-height-no\" data-id=\"a5f4001\" data-element_type=\"section\" data-e-type=\"section\">\n\t\t\t\t\t\t<div class=\"elementor-container elementor-column-gap-default\">\n\t\t\t\t\t<div class=\"elementor-column elementor-col-16 elementor-top-column elementor-element elementor-element-28c176d\" data-id=\"28c176d\" data-element_type=\"column\" data-e-type=\"column\">\n\t\t\t<div class=\"elementor-widget-wrap elementor-element-populated\">\n\t\t\t\t\t\t<div class=\"elementor-element elementor-element-8a66f20 elementor-widget elementor-widget-spacer\" data-id=\"8a66f20\" data-element_type=\"widget\" data-e-type=\"widget\" data-widget_type=\"spacer.default\">\n\t\t\t\t<div class=\"elementor-widget-container\">\n\t\t\t\t\t\t\t<div class=\"elementor-spacer\">\n\t\t\t<div class=\"elementor-spacer-inner\"><\/div>\n\t\t<\/div>\n\t\t\t\t\t\t<\/div>\n\t\t\t\t<\/div>\n\t\t\t\t<div class=\"elementor-element elementor-element-da6784f elementor-widget elementor-widget-spacer\" data-id=\"da6784f\" data-element_type=\"widget\" data-e-type=\"widget\" data-widget_type=\"spacer.default\">\n\t\t\t\t<div class=\"elementor-widget-container\">\n\t\t\t\t\t\t\t<div class=\"elementor-spacer\">\n\t\t\t<div class=\"elementor-spacer-inner\"><\/div>\n\t\t<\/div>\n\t\t\t\t\t\t<\/div>\n\t\t\t\t<\/div>\n\t\t\t\t<div class=\"elementor-element elementor-element-d8f9cf1 elementor-widget__width-initial elementor-view-framed elementor-shape-circle elementor-widget elementor-widget-icon\" data-id=\"d8f9cf1\" data-element_type=\"widget\" data-e-type=\"widget\" data-widget_type=\"icon.default\">\n\t\t\t\t<div class=\"elementor-widget-container\">\n\t\t\t\t\t\t\t<div class=\"elementor-icon-wrapper\">\n\t\t\t<div class=\"elementor-icon elementor-animation-bounce-in\">\n\t\t\t<i aria-hidden=\"true\" class=\"fas fa-mail-bulk\"><\/i>\t\t\t<\/div>\n\t\t<\/div>\n\t\t\t\t\t\t<\/div>\n\t\t\t\t<\/div>\n\t\t\t\t\t<\/div>\n\t\t<\/div>\n\t\t\t\t<div class=\"elementor-column elementor-col-16 elementor-top-column elementor-element elementor-element-d11655a\" data-id=\"d11655a\" data-element_type=\"column\" data-e-type=\"column\">\n\t\t\t<div class=\"elementor-widget-wrap elementor-element-populated\">\n\t\t\t\t\t\t<div class=\"elementor-element elementor-element-b710077 elementor-widget elementor-widget-heading\" data-id=\"b710077\" data-element_type=\"widget\" data-e-type=\"widget\" data-widget_type=\"heading.default\">\n\t\t\t\t<div class=\"elementor-widget-container\">\n\t\t\t\t\t<h3 class=\"elementor-heading-title elementor-size-default\">Join us<\/h3>\t\t\t\t<\/div>\n\t\t\t\t<\/div>\n\t\t\t\t<div class=\"elementor-element elementor-element-73dd9a2 elementor-widget__width-initial elementor-widget elementor-widget-text-editor\" data-id=\"73dd9a2\" data-element_type=\"widget\" data-e-type=\"widget\" data-widget_type=\"text-editor.default\">\n\t\t\t\t<div class=\"elementor-widget-container\">\n\t\t\t\t\t\t\t\t\t<p><span style=\"font-weight: 400;\">If for example you are studying recreational management or you feel that you have the soul of an organiser and want to contribute to university life trough fun events, the culture club may be just the right place to find use for your student activism. To join culture club write to\u00a0 <\/span><span style=\"color: #b80007;\"><a style=\"color: #b80007;\" href=\"mailto:vabatahtlikud@esindus.ee\"><span style=\"text-decoration: underline;\">kultuuriklubi@esindus.ee<\/span><\/a><\/span>.\u00a0\u00a0<\/p>\t\t\t\t\t\t\t\t<\/div>\n\t\t\t\t<\/div>\n\t\t\t\t\t<\/div>\n\t\t<\/div>\n\t\t\t\t<div class=\"elementor-column elementor-col-16 elementor-top-column elementor-element elementor-element-a822ecd\" data-id=\"a822ecd\" data-element_type=\"column\" data-e-type=\"column\">\n\t\t\t<div class=\"elementor-widget-wrap elementor-element-populated\">\n\t\t\t\t\t\t<div class=\"elementor-element elementor-element-3f00a5b elementor-widget__width-inherit animated-fast elementor-invisible elementor-widget elementor-widget-spacer\" data-id=\"3f00a5b\" data-element_type=\"widget\" data-e-type=\"widget\" data-settings=\"{&quot;_animation&quot;:&quot;fadeIn&quot;}\" data-widget_type=\"spacer.default\">\n\t\t\t\t<div class=\"elementor-widget-container\">\n\t\t\t\t\t\t\t<div class=\"elementor-spacer\">\n\t\t\t<div class=\"elementor-spacer-inner\"><\/div>\n\t\t<\/div>\n\t\t\t\t\t\t<\/div>\n\t\t\t\t<\/div>\n\t\t\t\t<div class=\"elementor-element elementor-element-872bfb0 elementor-widget__width-inherit animated-fast elementor-invisible elementor-widget elementor-widget-spacer\" data-id=\"872bfb0\" data-element_type=\"widget\" data-e-type=\"widget\" data-settings=\"{&quot;_animation&quot;:&quot;fadeIn&quot;}\" data-widget_type=\"spacer.default\">\n\t\t\t\t<div class=\"elementor-widget-container\">\n\t\t\t\t\t\t\t<div class=\"elementor-spacer\">\n\t\t\t<div class=\"elementor-spacer-inner\"><\/div>\n\t\t<\/div>\n\t\t\t\t\t\t<\/div>\n\t\t\t\t<\/div>\n\t\t\t\t<div class=\"elementor-element elementor-element-29a4acf elementor-view-framed elementor-shape-circle elementor-widget elementor-widget-icon\" data-id=\"29a4acf\" data-element_type=\"widget\" data-e-type=\"widget\" data-widget_type=\"icon.default\">\n\t\t\t\t<div class=\"elementor-widget-container\">\n\t\t\t\t\t\t\t<div class=\"elementor-icon-wrapper\">\n\t\t\t<div class=\"elementor-icon elementor-animation-bounce-in\">\n\t\t\t<i aria-hidden=\"true\" class=\"fas fa-people-carry\"><\/i>\t\t\t<\/div>\n\t\t<\/div>\n\t\t\t\t\t\t<\/div>\n\t\t\t\t<\/div>\n\t\t\t\t\t<\/div>\n\t\t<\/div>\n\t\t\t\t<div class=\"elementor-column elementor-col-16 elementor-top-column elementor-element elementor-element-13cc65a\" data-id=\"13cc65a\" data-element_type=\"column\" data-e-type=\"column\">\n\t\t\t<div class=\"elementor-widget-wrap elementor-element-populated\">\n\t\t\t\t\t\t<div class=\"elementor-element elementor-element-b926775 elementor-widget elementor-widget-heading\" data-id=\"b926775\" data-element_type=\"widget\" data-e-type=\"widget\" data-widget_type=\"heading.default\">\n\t\t\t\t<div class=\"elementor-widget-container\">\n\t\t\t\t\t<h2 class=\"elementor-heading-title elementor-size-default\"><b><i>Board<\/i><\/b><\/h2>\t\t\t\t<\/div>\n\t\t\t\t<\/div>\n\t\t\t\t<div class=\"elementor-element elementor-element-4a28801 elementor-widget__width-initial elementor-widget elementor-widget-text-editor\" data-id=\"4a28801\" data-element_type=\"widget\" data-e-type=\"widget\" data-widget_type=\"text-editor.default\">\n\t\t\t\t<div class=\"elementor-widget-container\">\n\t\t\t\t\t\t\t\t\t<p>Haldusjuht <b>Rocco M\u00f5tt<\/b><\/p><p>Projektijuht <b>Marcel Malsroos-V\u00e4li<\/b><\/p><p>Turundus- ja kommunikatsioonijuht <b>P\u00e4ike Triinu Tamm<\/b><\/p><p>Liikmehaldur <b>Ameelia Mirt<\/b><\/p>\t\t\t\t\t\t\t\t<\/div>\n\t\t\t\t<\/div>\n\t\t\t\t\t<\/div>\n\t\t<\/div>\n\t\t\t\t<div class=\"elementor-column elementor-col-16 elementor-top-column elementor-element elementor-element-64d5800\" data-id=\"64d5800\" data-element_type=\"column\" data-e-type=\"column\">\n\t\t\t<div class=\"elementor-widget-wrap elementor-element-populated\">\n\t\t\t\t\t\t<div class=\"elementor-element elementor-element-a5a637a elementor-widget elementor-widget-spacer\" data-id=\"a5a637a\" data-element_type=\"widget\" data-e-type=\"widget\" data-widget_type=\"spacer.default\">\n\t\t\t\t<div class=\"elementor-widget-container\">\n\t\t\t\t\t\t\t<div class=\"elementor-spacer\">\n\t\t\t<div class=\"elementor-spacer-inner\"><\/div>\n\t\t<\/div>\n\t\t\t\t\t\t<\/div>\n\t\t\t\t<\/div>\n\t\t\t\t<div class=\"elementor-element elementor-element-a03638c elementor-widget elementor-widget-spacer\" data-id=\"a03638c\" data-element_type=\"widget\" data-e-type=\"widget\" data-widget_type=\"spacer.default\">\n\t\t\t\t<div class=\"elementor-widget-container\">\n\t\t\t\t\t\t\t<div class=\"elementor-spacer\">\n\t\t\t<div class=\"elementor-spacer-inner\"><\/div>\n\t\t<\/div>\n\t\t\t\t\t\t<\/div>\n\t\t\t\t<\/div>\n\t\t\t\t<div class=\"elementor-element elementor-element-81476d0 elementor-shape-circle elementor-grid-1 elementor-widget__width-initial e-grid-align-center elementor-widget elementor-widget-social-icons\" data-id=\"81476d0\" data-element_type=\"widget\" data-e-type=\"widget\" data-widget_type=\"social-icons.default\">\n\t\t\t\t<div class=\"elementor-widget-container\">\n\t\t\t\t\t\t\t<div class=\"elementor-social-icons-wrapper elementor-grid\" role=\"list\">\n\t\t\t\t\t\t\t<span class=\"elementor-grid-item\" role=\"listitem\">\n\t\t\t\t\t<a class=\"elementor-icon elementor-social-icon elementor-social-icon-facebook-f elementor-animation-grow elementor-repeater-item-472706a\" href=\"https:\/\/www.facebook.com\/kultuuriklubi\/?locale=et_EE\" target=\"_blank\">\n\t\t\t\t\t\t<span class=\"elementor-screen-only\">Facebook-f<\/span>\n\t\t\t\t\t\t<i aria-hidden=\"true\" class=\"fab fa-facebook-f\"><\/i>\t\t\t\t\t<\/a>\n\t\t\t\t<\/span>\n\t\t\t\t\t\t\t<span class=\"elementor-grid-item\" role=\"listitem\">\n\t\t\t\t\t<a class=\"elementor-icon elementor-social-icon elementor-social-icon-instagram elementor-animation-grow elementor-repeater-item-8f7f9ab\" href=\"https:\/\/www.instagram.com\/kultuuriklubitlu\/\" target=\"_blank\">\n\t\t\t\t\t\t<span class=\"elementor-screen-only\">Instagram<\/span>\n\t\t\t\t\t\t<i aria-hidden=\"true\" class=\"fab fa-instagram\"><\/i>\t\t\t\t\t<\/a>\n\t\t\t\t<\/span>\n\t\t\t\t\t<\/div>\n\t\t\t\t\t\t<\/div>\n\t\t\t\t<\/div>\n\t\t\t\t\t<\/div>\n\t\t<\/div>\n\t\t\t\t<div class=\"elementor-column elementor-col-16 elementor-top-column elementor-element elementor-element-9a9ab37\" data-id=\"9a9ab37\" data-element_type=\"column\" data-e-type=\"column\">\n\t\t\t<div class=\"elementor-widget-wrap elementor-element-populated\">\n\t\t\t\t\t\t<div class=\"elementor-element elementor-element-6458fef elementor-widget elementor-widget-heading\" data-id=\"6458fef\" data-element_type=\"widget\" data-e-type=\"widget\" data-widget_type=\"heading.default\">\n\t\t\t\t<div class=\"elementor-widget-container\">\n\t\t\t\t\t<h4 class=\"elementor-heading-title elementor-size-default\">Follow us<\/h4>\t\t\t\t<\/div>\n\t\t\t\t<\/div>\n\t\t\t\t<div class=\"elementor-element elementor-element-c59b0a7 elementor-widget__width-initial elementor-widget elementor-widget-text-editor\" data-id=\"c59b0a7\" data-element_type=\"widget\" data-e-type=\"widget\" data-widget_type=\"text-editor.default\">\n\t\t\t\t<div class=\"elementor-widget-container\">\n\t\t\t\t\t\t\t\t\t<p><span style=\"font-weight: 400;\">on Facebook <\/span><span style=\"text-decoration: underline; color: #b80007;\"><strong><a style=\"color: #b80007; text-decoration: underline;\" href=\"https:\/\/www.facebook.com\/kultuuriklubi\/?locale=et_EE\" target=\"_blank\" rel=\"noopener\">Tallinna \u00dclikooli Kultuuriklubi<\/a><\/strong><\/span><span style=\"color: #b80007;\"><span style=\"color: #000000;\">. <\/span><\/span><\/p>\t\t\t\t\t\t\t\t<\/div>\n\t\t\t\t<\/div>\n\t\t\t\t<div class=\"elementor-element elementor-element-ec18069 elementor-widget__width-initial elementor-widget elementor-widget-text-editor\" data-id=\"ec18069\" data-element_type=\"widget\" data-e-type=\"widget\" data-widget_type=\"text-editor.default\">\n\t\t\t\t<div class=\"elementor-widget-container\">\n\t\t\t\t\t\t\t\t\t<p><span style=\"font-weight: 400;\">Instagram <\/span><span style=\"text-decoration: underline; color: #b80007;\"><strong><a style=\"color: #b80007; text-decoration: underline;\" href=\"https:\/\/www.instagram.com\/kultuuriklubitlu\/\" target=\"_blank\" rel=\"noopener\">kultuuriklubitlu<\/a><\/strong><\/span><\/p>\t\t\t\t\t\t\t\t<\/div>\n\t\t\t\t<\/div>\n\t\t\t\t\t<\/div>\n\t\t<\/div>\n\t\t\t\t\t<\/div>\n\t\t<\/section>\n\t\t\t\t<\/div>","protected":false},"excerpt":{"rendered":"<p>Kultuuriklubi Kultuuriklubi meeskond korraldab ja aitab korraldada erinevaid \u00fcli\u00f5pilaskonna ja selle \u00fcksuste s\u00fcndmuseid. Meeskond koosneb aktiivsetest ja motiveeritud TL\u00dc \u00fcli\u00f5pilastest, kelle eesm\u00e4rgiks on muuta koolielu p\u00f5nevamaks ning luua suuremat \u00fchtsustunnet meie tudengite seas. Kultuuriklubi on korraldanud erinevaid \u00fcritusi nagu Rebastepidu, Beer Pong, M\u00e4ng M\u00e4luga, M\u00e4ngude \u00d5htu, semestri kick-off pidu jne. K\u00f5ikidele \u00fcritustele on oodatud nii praegused \u00fcli\u00f5pilased, vilistlased kui ka \u00f5ppej\u00f5ud. Liitu Kui \u00f5pid n\u00e4iteks rekreatsioonikorraldust v\u00f5i tunned, et sul on korraldaja hing ja soovid l\u00e4bi vahvate \u00fcrituste \u00fclikooliellu panustada, v\u00f5ib kultuuriklubi olla just \u00f5ige koht, kus oma tudengiaktiivsusele rakendust leida. Kultuuriklubiga liitumiseks kirjuta\u00a0 kultuuriklubi@esindus.ee.\u00a0\u00a0 Juhatus Haldusjuht Rocco M\u00f5tt Projektijuht Marcel Malsroos-V\u00e4li Turundus- ja kommunikatsioonijuht P\u00e4ike Triinu Tamm Liikmehaldur Ameelia Mirt Facebook-f Instagram J\u00e4lgi meid Facebookis Tallinna \u00dclikooli Kultuuriklubi. Instagramis kultuuriklubitlu<\/p>","protected":false},"author":1,"featured_media":0,"parent":0,"menu_order":0,"comment_status":"closed","ping_status":"closed","template":"","meta":{"_eb_attr":"","footnotes":""},"class_list":["post-316","page","type-page","status-publish","hentry"],"_links":{"self":[{"href":"https:\/\/esindus.ee\/en\/wp-json\/wp\/v2\/pages\/316","targetHints":{"allow":["GET"]}}],"collection":[{"href":"https:\/\/esindus.ee\/en\/wp-json\/wp\/v2\/pages"}],"about":[{"href":"https:\/\/esindus.ee\/en\/wp-json\/wp\/v2\/types\/page"}],"author":[{"embeddable":true,"href":"https:\/\/esindus.ee\/en\/wp-json\/wp\/v2\/users\/1"}],"replies":[{"embeddable":true,"href":"https:\/\/esindus.ee\/en\/wp-json\/wp\/v2\/comments?post=316"}],"version-history":[{"count":38,"href":"https:\/\/esindus.ee\/en\/wp-json\/wp\/v2\/pages\/316\/revisions"}],"predecessor-version":[{"id":9960,"href":"https:\/\/esindus.ee\/en\/wp-json\/wp\/v2\/pages\/316\/revisions\/9960"}],"wp:attachment":[{"href":"https:\/\/esindus.ee\/en\/wp-json\/wp\/v2\/media?parent=316"}],"curies":[{"name":"wp","href":"https:\/\/api.w.org\/{rel}","templated":true}]}}