{"id":308,"date":"2023-04-03T12:32:37","date_gmt":"2023-04-03T10:32:37","guid":{"rendered":"https:\/\/esindus.ee\/?page_id=308"},"modified":"2025-11-18T12:06:58","modified_gmt":"2025-11-18T09:06:58","slug":"klubid","status":"publish","type":"page","link":"https:\/\/esindus.ee\/en\/klubid\/","title":{"rendered":"Clubs"},"content":{"rendered":"<div data-elementor-type=\"wp-page\" data-elementor-id=\"308\" class=\"elementor elementor-308\">\n\t\t\t\t\t\t<section class=\"elementor-section elementor-top-section elementor-element elementor-element-9b03fc5 elementor-section-boxed elementor-section-height-default elementor-section-height-default wpr-particle-no wpr-jarallax-no wpr-parallax-no wpr-sticky-section-no wpr-equal-height-no\" data-id=\"9b03fc5\" data-element_type=\"section\" data-e-type=\"section\">\n\t\t\t\t\t\t<div class=\"elementor-container elementor-column-gap-default\">\n\t\t\t\t\t<div class=\"elementor-column elementor-col-33 elementor-top-column elementor-element elementor-element-b579579\" data-id=\"b579579\" data-element_type=\"column\" data-e-type=\"column\">\n\t\t\t<div class=\"elementor-widget-wrap elementor-element-populated\">\n\t\t\t\t\t\t<div class=\"elementor-element elementor-element-a2e6422 elementor-view-framed elementor-shape-circle elementor-widget elementor-widget-icon\" data-id=\"a2e6422\" data-element_type=\"widget\" data-e-type=\"widget\" data-widget_type=\"icon.default\">\n\t\t\t\t<div class=\"elementor-widget-container\">\n\t\t\t\t\t\t\t<div class=\"elementor-icon-wrapper\">\n\t\t\t<a class=\"elementor-icon elementor-animation-bounce-in\" href=\"\/en\/spordiklubi\/\">\n\t\t\t<i aria-hidden=\"true\" class=\"fas fa-running\"><\/i>\t\t\t<\/a>\n\t\t<\/div>\n\t\t\t\t\t\t<\/div>\n\t\t\t\t<\/div>\n\t\t\t\t\t<\/div>\n\t\t<\/div>\n\t\t\t\t<div class=\"elementor-column elementor-col-66 elementor-top-column elementor-element elementor-element-15fa4cb\" data-id=\"15fa4cb\" data-element_type=\"column\" data-e-type=\"column\">\n\t\t\t<div class=\"elementor-widget-wrap elementor-element-populated\">\n\t\t\t\t\t\t<div class=\"elementor-element elementor-element-7b4c9be2 elementor-widget__width-initial elementor-widget elementor-widget-heading\" data-id=\"7b4c9be2\" data-element_type=\"widget\" data-e-type=\"widget\" data-widget_type=\"heading.default\">\n\t\t\t\t<div class=\"elementor-widget-container\">\n\t\t\t\t\t<h3 class=\"elementor-heading-title elementor-size-default\">Sports club<\/h3>\t\t\t\t<\/div>\n\t\t\t\t<\/div>\n\t\t\t\t<div class=\"elementor-element elementor-element-5af692fa elementor-widget__width-initial elementor-widget elementor-widget-text-editor\" data-id=\"5af692fa\" data-element_type=\"widget\" data-e-type=\"widget\" data-widget_type=\"text-editor.default\">\n\t\t\t\t<div class=\"elementor-widget-container\">\n\t\t\t\t\t\t\t\t\t<p><span style=\"font-weight: 400;\">TL\u00dc Sports Club can be contacted for all questions related to sports. We manage the school\u2019s sports facilities, organize internal events, organize students\u2019 participation in both Ylisport events and championships.\u00a0<\/span><span style=\"font-weight: 400;\">We also send the best athletes to major events that take place worldwide. Find out more <a href=\"\/en\/spordiklubi\/\"><span style=\"text-decoration: underline; color: #993300;\">HERE<\/span><\/a>!<\/span><\/p>\t\t\t\t\t\t\t\t<\/div>\n\t\t\t\t<\/div>\n\t\t\t\t\t<\/div>\n\t\t<\/div>\n\t\t\t\t\t<\/div>\n\t\t<\/section>\n\t\t\t\t<section class=\"elementor-section elementor-top-section elementor-element elementor-element-34a7bd7 elementor-section-boxed elementor-section-height-default elementor-section-height-default wpr-particle-no wpr-jarallax-no wpr-parallax-no wpr-sticky-section-no wpr-equal-height-no\" data-id=\"34a7bd7\" data-element_type=\"section\" data-e-type=\"section\">\n\t\t\t\t\t\t<div class=\"elementor-container elementor-column-gap-default\">\n\t\t\t\t\t<div class=\"elementor-column elementor-col-33 elementor-top-column elementor-element elementor-element-1f7e356\" data-id=\"1f7e356\" data-element_type=\"column\" data-e-type=\"column\">\n\t\t\t<div class=\"elementor-widget-wrap elementor-element-populated\">\n\t\t\t\t\t\t<div class=\"elementor-element elementor-element-30e83ec elementor-view-framed elementor-shape-circle elementor-widget elementor-widget-icon\" data-id=\"30e83ec\" data-element_type=\"widget\" data-e-type=\"widget\" data-widget_type=\"icon.default\">\n\t\t\t\t<div class=\"elementor-widget-container\">\n\t\t\t\t\t\t\t<div class=\"elementor-icon-wrapper\">\n\t\t\t<a class=\"elementor-icon elementor-animation-bounce-in\" href=\"\/en\/kultuuriklubi\/\">\n\t\t\t<i aria-hidden=\"true\" class=\"fas fa-dice\"><\/i>\t\t\t<\/a>\n\t\t<\/div>\n\t\t\t\t\t\t<\/div>\n\t\t\t\t<\/div>\n\t\t\t\t\t<\/div>\n\t\t<\/div>\n\t\t\t\t<div class=\"elementor-column elementor-col-66 elementor-top-column elementor-element elementor-element-9520414\" data-id=\"9520414\" data-element_type=\"column\" data-e-type=\"column\">\n\t\t\t<div class=\"elementor-widget-wrap elementor-element-populated\">\n\t\t\t\t\t\t<div class=\"elementor-element elementor-element-06d00aa elementor-widget__width-initial elementor-widget elementor-widget-heading\" data-id=\"06d00aa\" data-element_type=\"widget\" data-e-type=\"widget\" data-widget_type=\"heading.default\">\n\t\t\t\t<div class=\"elementor-widget-container\">\n\t\t\t\t\t<h3 class=\"elementor-heading-title elementor-size-default\">Culture club<\/h3>\t\t\t\t<\/div>\n\t\t\t\t<\/div>\n\t\t\t\t<div class=\"elementor-element elementor-element-6657b8d elementor-widget__width-initial elementor-widget elementor-widget-text-editor\" data-id=\"6657b8d\" data-element_type=\"widget\" data-e-type=\"widget\" data-widget_type=\"text-editor.default\">\n\t\t\t\t<div class=\"elementor-widget-container\">\n\t\t\t\t\t\t\t\t\t<p><span style=\"font-weight: 400;\">The Culture Club team organizes and helps organize various events of the student body and its units. The team consists of active and motivated TU students, whose goal is to make school life more exciting and create a greater sense of unity among our students. Find out more <a href=\"\/en\/kultuuriklubi\/\"><span style=\"text-decoration: underline; color: #993300;\">HERE<\/span><\/a>!<\/span><\/p>\t\t\t\t\t\t\t\t<\/div>\n\t\t\t\t<\/div>\n\t\t\t\t\t<\/div>\n\t\t<\/div>\n\t\t\t\t\t<\/div>\n\t\t<\/section>\n\t\t\t\t<section class=\"elementor-section elementor-top-section elementor-element elementor-element-e0d5497 elementor-section-boxed elementor-section-height-default elementor-section-height-default wpr-particle-no wpr-jarallax-no wpr-parallax-no wpr-sticky-section-no wpr-equal-height-no\" data-id=\"e0d5497\" data-element_type=\"section\" data-e-type=\"section\">\n\t\t\t\t\t\t<div class=\"elementor-container elementor-column-gap-default\">\n\t\t\t\t\t<div class=\"elementor-column elementor-col-33 elementor-top-column elementor-element elementor-element-0538a74\" data-id=\"0538a74\" data-element_type=\"column\" data-e-type=\"column\">\n\t\t\t<div class=\"elementor-widget-wrap elementor-element-populated\">\n\t\t\t\t\t\t<div class=\"elementor-element elementor-element-30439ee elementor-widget__width-initial elementor-view-framed elementor-shape-circle elementor-widget elementor-widget-icon\" data-id=\"30439ee\" data-element_type=\"widget\" data-e-type=\"widget\" data-widget_type=\"icon.default\">\n\t\t\t\t<div class=\"elementor-widget-container\">\n\t\t\t\t\t\t\t<div class=\"elementor-icon-wrapper\">\n\t\t\t<div class=\"elementor-icon elementor-animation-bounce-in\">\n\t\t\t<i aria-hidden=\"true\" class=\"fas fa-leaf\"><\/i>\t\t\t<\/div>\n\t\t<\/div>\n\t\t\t\t\t\t<\/div>\n\t\t\t\t<\/div>\n\t\t\t\t\t<\/div>\n\t\t<\/div>\n\t\t\t\t<div class=\"elementor-column elementor-col-66 elementor-top-column elementor-element elementor-element-eebda21\" data-id=\"eebda21\" data-element_type=\"column\" data-e-type=\"column\">\n\t\t\t<div class=\"elementor-widget-wrap elementor-element-populated\">\n\t\t\t\t\t\t<div class=\"elementor-element elementor-element-0dee95b elementor-widget__width-initial elementor-widget elementor-widget-heading\" data-id=\"0dee95b\" data-element_type=\"widget\" data-e-type=\"widget\" data-widget_type=\"heading.default\">\n\t\t\t\t<div class=\"elementor-widget-container\">\n\t\t\t\t\t<h3 class=\"elementor-heading-title elementor-size-default\">Roheklubi<\/h3>\t\t\t\t<\/div>\n\t\t\t\t<\/div>\n\t\t\t\t<div class=\"elementor-element elementor-element-085c107 elementor-widget__width-initial elementor-widget elementor-widget-text-editor\" data-id=\"085c107\" data-element_type=\"widget\" data-e-type=\"widget\" data-widget_type=\"text-editor.default\">\n\t\t\t\t<div class=\"elementor-widget-container\">\n\t\t\t\t\t\t\t\t\t<p><span style=\"font-weight: 400;\">TL\u00dc Roheklubi on loodud selleks, et elu sisse puhuda pisut unustatud sidemele inimese ja looduse vahel. Kutsume Sind klubisse, kui oled keegi, kes pole kunagi paljajalu murul k\u00e4inud v\u00f5i kui oled juba kogenud puukallistaja. K\u00f5ik on oodatud kogema midagi pisut teistsugust. Uuri lisainfot <span style=\"text-decoration: underline; color: #993300;\"><a style=\"color: #993300; text-decoration: underline;\" href=\"https:\/\/esindus.ee\/en\/roheklubi\/\">HERE<\/a><\/span>!<\/span><\/p>\t\t\t\t\t\t\t\t<\/div>\n\t\t\t\t<\/div>\n\t\t\t\t\t<\/div>\n\t\t<\/div>\n\t\t\t\t\t<\/div>\n\t\t<\/section>\n\t\t\t\t<section class=\"elementor-section elementor-top-section elementor-element elementor-element-eeba898 elementor-section-boxed elementor-section-height-default elementor-section-height-default wpr-particle-no wpr-jarallax-no wpr-parallax-no wpr-sticky-section-no wpr-equal-height-no\" data-id=\"eeba898\" data-element_type=\"section\" data-e-type=\"section\">\n\t\t\t\t\t\t<div class=\"elementor-container elementor-column-gap-default\">\n\t\t\t\t\t<div class=\"elementor-column elementor-col-33 elementor-top-column elementor-element elementor-element-8779b18\" data-id=\"8779b18\" data-element_type=\"column\" data-e-type=\"column\">\n\t\t\t<div class=\"elementor-widget-wrap elementor-element-populated\">\n\t\t\t\t\t\t<div class=\"elementor-element elementor-element-78001fc elementor-view-framed elementor-shape-circle elementor-widget elementor-widget-icon\" data-id=\"78001fc\" data-element_type=\"widget\" data-e-type=\"widget\" data-widget_type=\"icon.default\">\n\t\t\t\t<div class=\"elementor-widget-container\">\n\t\t\t\t\t\t\t<div class=\"elementor-icon-wrapper\">\n\t\t\t<a class=\"elementor-icon elementor-animation-bounce-in\" href=\"\/en\/vaitlusklubi\/\">\n\t\t\t<i aria-hidden=\"true\" class=\"fas fa-comments\"><\/i>\t\t\t<\/a>\n\t\t<\/div>\n\t\t\t\t\t\t<\/div>\n\t\t\t\t<\/div>\n\t\t\t\t\t<\/div>\n\t\t<\/div>\n\t\t\t\t<div class=\"elementor-column elementor-col-66 elementor-top-column elementor-element elementor-element-103852a\" data-id=\"103852a\" data-element_type=\"column\" data-e-type=\"column\">\n\t\t\t<div class=\"elementor-widget-wrap elementor-element-populated\">\n\t\t\t\t\t\t<div class=\"elementor-element elementor-element-983ca02 elementor-widget__width-initial elementor-widget elementor-widget-heading\" data-id=\"983ca02\" data-element_type=\"widget\" data-e-type=\"widget\" data-widget_type=\"heading.default\">\n\t\t\t\t<div class=\"elementor-widget-container\">\n\t\t\t\t\t<h3 class=\"elementor-heading-title elementor-size-default\">Debate club<\/h3>\t\t\t\t<\/div>\n\t\t\t\t<\/div>\n\t\t\t\t<div class=\"elementor-element elementor-element-d88702e elementor-widget__width-initial elementor-widget elementor-widget-text-editor\" data-id=\"d88702e\" data-element_type=\"widget\" data-e-type=\"widget\" data-widget_type=\"text-editor.default\">\n\t\t\t\t<div class=\"elementor-widget-container\">\n\t\t\t\t\t\t\t\t\t<p><span style=\"font-weight: 400;\">Our debate club deals with various topics that allow members to develop their argumentation and logical thinking skills. At debate club meetings, all members have the opportunity to participate in debate rounds and experience competitive tension and the exchange of new ideas. Find out more <a href=\"\/en\/vaitlusklubi\/\"><span style=\"text-decoration: underline; color: #993300;\">HERE<\/span><\/a>!<\/span><\/p>\t\t\t\t\t\t\t\t<\/div>\n\t\t\t\t<\/div>\n\t\t\t\t\t<\/div>\n\t\t<\/div>\n\t\t\t\t\t<\/div>\n\t\t<\/section>\n\t\t\t\t<section class=\"elementor-section elementor-top-section elementor-element elementor-element-51ebde6 elementor-section-boxed elementor-section-height-default elementor-section-height-default wpr-particle-no wpr-jarallax-no wpr-parallax-no wpr-sticky-section-no wpr-equal-height-no\" data-id=\"51ebde6\" data-element_type=\"section\" data-e-type=\"section\">\n\t\t\t\t\t\t<div class=\"elementor-container elementor-column-gap-default\">\n\t\t\t\t\t<div class=\"elementor-column elementor-col-33 elementor-top-column elementor-element elementor-element-d810278\" data-id=\"d810278\" data-element_type=\"column\" data-e-type=\"column\">\n\t\t\t<div class=\"elementor-widget-wrap elementor-element-populated\">\n\t\t\t\t\t\t<div class=\"elementor-element elementor-element-e873e10 elementor-view-framed elementor-widget__width-initial elementor-shape-circle elementor-widget elementor-widget-icon\" data-id=\"e873e10\" data-element_type=\"widget\" data-e-type=\"widget\" data-widget_type=\"icon.default\">\n\t\t\t\t<div class=\"elementor-widget-container\">\n\t\t\t\t\t\t\t<div class=\"elementor-icon-wrapper\">\n\t\t\t<a class=\"elementor-icon elementor-animation-bounce-in\" href=\"\/en\/intenational-club\/\">\n\t\t\t<i aria-hidden=\"true\" class=\"fas fa-flag\"><\/i>\t\t\t<\/a>\n\t\t<\/div>\n\t\t\t\t\t\t<\/div>\n\t\t\t\t<\/div>\n\t\t\t\t\t<\/div>\n\t\t<\/div>\n\t\t\t\t<div class=\"elementor-column elementor-col-66 elementor-top-column elementor-element elementor-element-47d6f3f\" data-id=\"47d6f3f\" data-element_type=\"column\" data-e-type=\"column\">\n\t\t\t<div class=\"elementor-widget-wrap elementor-element-populated\">\n\t\t\t\t\t\t<div class=\"elementor-element elementor-element-46e12ac elementor-widget__width-initial elementor-widget elementor-widget-heading\" data-id=\"46e12ac\" data-element_type=\"widget\" data-e-type=\"widget\" data-widget_type=\"heading.default\">\n\t\t\t\t<div class=\"elementor-widget-container\">\n\t\t\t\t\t<h3 class=\"elementor-heading-title elementor-size-default\">International club<\/h3>\t\t\t\t<\/div>\n\t\t\t\t<\/div>\n\t\t\t\t<div class=\"elementor-element elementor-element-c803be3 elementor-widget__width-initial elementor-widget elementor-widget-text-editor\" data-id=\"c803be3\" data-element_type=\"widget\" data-e-type=\"widget\" data-widget_type=\"text-editor.default\">\n\t\t\t\t<div class=\"elementor-widget-container\">\n\t\t\t\t\t\t\t\t\t<p><span style=\"font-weight: 400;\">The goal of the club is to offer international students a fun and enjoyable university life and introduce them to Estonian culture. To do this, we organize many interesting trips and fun events, including a welcome concert, a cultural evening, an international high-speed train, workshops and much more. Find out more <a href=\"https:\/\/esindus.ee\/en\/intenational-club\/\" data-wplink-edit=\"true\"><span style=\"text-decoration: underline; color: #993300;\">HERE<\/span><\/a>!<\/span><\/p>\t\t\t\t\t\t\t\t<\/div>\n\t\t\t\t<\/div>\n\t\t\t\t\t<\/div>\n\t\t<\/div>\n\t\t\t\t\t<\/div>\n\t\t<\/section>\n\t\t\t\t<section class=\"elementor-section elementor-top-section elementor-element elementor-element-7ede1e0 elementor-section-boxed elementor-section-height-default elementor-section-height-default wpr-particle-no wpr-jarallax-no wpr-parallax-no wpr-sticky-section-no wpr-equal-height-no\" data-id=\"7ede1e0\" data-element_type=\"section\" data-e-type=\"section\">\n\t\t\t\t\t\t<div class=\"elementor-container elementor-column-gap-default\">\n\t\t\t\t\t<div class=\"elementor-column elementor-col-33 elementor-top-column elementor-element elementor-element-b14a2f3\" data-id=\"b14a2f3\" data-element_type=\"column\" data-e-type=\"column\">\n\t\t\t<div class=\"elementor-widget-wrap elementor-element-populated\">\n\t\t\t\t\t\t<div class=\"elementor-element elementor-element-73dfab7 elementor-view-framed elementor-widget__width-initial elementor-shape-circle elementor-widget elementor-widget-icon\" data-id=\"73dfab7\" data-element_type=\"widget\" data-e-type=\"widget\" data-widget_type=\"icon.default\">\n\t\t\t\t<div class=\"elementor-widget-container\">\n\t\t\t\t\t\t\t<div class=\"elementor-icon-wrapper\">\n\t\t\t<a class=\"elementor-icon elementor-animation-bounce-in\" href=\"https:\/\/esindus.ee\/en\/jaapani-klubi\/\">\n\t\t\t<i aria-hidden=\"true\" class=\"fas fa-torii-gate\"><\/i>\t\t\t<\/a>\n\t\t<\/div>\n\t\t\t\t\t\t<\/div>\n\t\t\t\t<\/div>\n\t\t\t\t\t<\/div>\n\t\t<\/div>\n\t\t\t\t<div class=\"elementor-column elementor-col-66 elementor-top-column elementor-element elementor-element-329c0de\" data-id=\"329c0de\" data-element_type=\"column\" data-e-type=\"column\">\n\t\t\t<div class=\"elementor-widget-wrap elementor-element-populated\">\n\t\t\t\t\t\t<div class=\"elementor-element elementor-element-91fc9fa elementor-widget__width-initial elementor-widget elementor-widget-heading\" data-id=\"91fc9fa\" data-element_type=\"widget\" data-e-type=\"widget\" data-widget_type=\"heading.default\">\n\t\t\t\t<div class=\"elementor-widget-container\">\n\t\t\t\t\t<h3 class=\"elementor-heading-title elementor-size-default\">Japanese club<\/h3>\t\t\t\t<\/div>\n\t\t\t\t<\/div>\n\t\t\t\t<div class=\"elementor-element elementor-element-adf6941 elementor-widget__width-initial elementor-widget elementor-widget-text-editor\" data-id=\"adf6941\" data-element_type=\"widget\" data-e-type=\"widget\" data-widget_type=\"text-editor.default\">\n\t\t\t\t<div class=\"elementor-widget-container\">\n\t\t\t\t\t\t\t\t\t<p><span style=\"font-weight: 400;\">Tallinn University Japanese Club (\u30bf\u30ea\u30f3\u5927\u5b66\u306e\u65e5\u672c\u6587\u5316\u30af\u30e9\u30d6 \/ Tallinna \u00dclikooli Jaapani Klubi) is a community for those interested in Japanese culture, offering a diverse overview that includes both traditional arts and modern pop culture. Find out more <a href=\"https:\/\/esindus.ee\/en\/jaapani-klubi\/\"><span style=\"text-decoration: underline; color: #993300;\">HERE<\/span><\/a>!<\/span><\/p>\t\t\t\t\t\t\t\t<\/div>\n\t\t\t\t<\/div>\n\t\t\t\t\t<\/div>\n\t\t<\/div>\n\t\t\t\t\t<\/div>\n\t\t<\/section>\n\t\t<div class=\"elementor-element elementor-element-d980633 e-flex e-con-boxed wpr-particle-no wpr-jarallax-no wpr-parallax-no wpr-sticky-section-no wpr-equal-height-no e-con e-parent\" data-id=\"d980633\" data-element_type=\"container\" data-e-type=\"container\">\n\t\t\t\t\t<div class=\"e-con-inner\">\n\t\t<div class=\"elementor-element elementor-element-0a71f45 e-con-full e-flex wpr-particle-no wpr-jarallax-no wpr-parallax-no wpr-sticky-section-no wpr-equal-height-no e-con e-child\" data-id=\"0a71f45\" data-element_type=\"container\" data-e-type=\"container\">\n\t\t\t\t<div class=\"elementor-element elementor-element-b374eb0 elementor-view-framed elementor-widget__width-initial elementor-shape-circle elementor-widget elementor-widget-icon\" data-id=\"b374eb0\" data-element_type=\"widget\" data-e-type=\"widget\" data-widget_type=\"icon.default\">\n\t\t\t\t<div class=\"elementor-widget-container\">\n\t\t\t\t\t\t\t<div class=\"elementor-icon-wrapper\">\n\t\t\t<a class=\"elementor-icon elementor-animation-bounce-in\" href=\"https:\/\/esindus.ee\/en\/kirjandusklubi\/\">\n\t\t\t<i aria-hidden=\"true\" class=\"fas fa-book\"><\/i>\t\t\t<\/a>\n\t\t<\/div>\n\t\t\t\t\t\t<\/div>\n\t\t\t\t<\/div>\n\t\t\t\t<\/div>\n\t\t<div class=\"elementor-element elementor-element-17e1ae2 e-con-full e-flex wpr-particle-no wpr-jarallax-no wpr-parallax-no wpr-sticky-section-no wpr-equal-height-no e-con e-child\" data-id=\"17e1ae2\" data-element_type=\"container\" data-e-type=\"container\">\n\t\t\t\t<div class=\"elementor-element elementor-element-191be32 elementor-widget__width-initial elementor-widget elementor-widget-heading\" data-id=\"191be32\" data-element_type=\"widget\" data-e-type=\"widget\" data-widget_type=\"heading.default\">\n\t\t\t\t<div class=\"elementor-widget-container\">\n\t\t\t\t\t<h3 class=\"elementor-heading-title elementor-size-default\">Literature club<\/h3>\t\t\t\t<\/div>\n\t\t\t\t<\/div>\n\t\t\t\t<div class=\"elementor-element elementor-element-7256abf elementor-widget__width-initial elementor-widget elementor-widget-text-editor\" data-id=\"7256abf\" data-element_type=\"widget\" data-e-type=\"widget\" data-widget_type=\"text-editor.default\">\n\t\t\t\t<div class=\"elementor-widget-container\">\n\t\t\t\t\t\t\t\t\t<p style=\"text-align: left;\"><span style=\"font-weight: 400;\">The Literature Club \u00dcDI unites literature enthusiasts at Tallinn University and deals with everything related to literature: we discuss fiction, theatre performances and films, we develop creative writing skills, we create opportunities to share creative works, we invite both writers and literary scholars to speak, etc. Find out more <span style=\"text-decoration: underline;\"><span style=\"color: #b71f36;\"><a style=\"color: #b71f36; text-decoration: underline;\" href=\"https:\/\/esindus.ee\/en\/kirjandusklubi\/\">HERE!<\/a><\/span><\/span><\/span><\/p>\t\t\t\t\t\t\t\t<\/div>\n\t\t\t\t<\/div>\n\t\t\t\t<\/div>\n\t\t\t\t\t<\/div>\n\t\t\t\t<\/div>\n\t\t\t\t<\/div>","protected":false},"excerpt":{"rendered":"<p>Spordiklubi TL\u00dc Spordiklubi poole v\u00f5ib p\u00f6\u00f6rduda k\u00f5igi spordiga seotud k\u00fcsimuste osas. Haldame kooli spordiruume, korraldame sise\u00fcritusi, organiseerime tudengite osalemist nii Ylisport \u00fcritustel kui ka meistriv\u00f5istlustel.\u00a0Tublimaid sportlasi l\u00e4hetame ka suurematele \u00fcritusele, mis toimuvad \u00fclemaailmselt. Uuri lisainfot SIIT! Kultuuriklubi Kultuuriklubi meeskond korraldab ja aitab korraldada erinevaid \u00fcli\u00f5pilaskonna ja selle \u00fcksuste s\u00fcndmuseid. Meeskond koosneb aktiivsetest ja motiveeritud TL\u00dc \u00fcli\u00f5pilastest, kelle eesm\u00e4rgiks on muuta koolielu p\u00f5nevamaks ning luua suuremat \u00fchtsustunnet meie tudengite seas. Uuri lisainfot SIIT! Roheklubi TL\u00dc Roheklubi on loodud selleks, et elu sisse puhuda pisut unustatud sidemele inimese ja looduse vahel. Kutsume Sind klubisse, kui oled keegi, kes pole kunagi paljajalu murul k\u00e4inud v\u00f5i kui oled juba kogenud puukallistaja. K\u00f5ik on oodatud kogema midagi pisut teistsugust. Uuri lisainfot SIIT! V\u00e4itlusklubi Meie v\u00e4itlusklubi tegeleb erinevate teemadega, mis v\u00f5imaldavad liikmetel arendada oma argumenteerimise ja loogilise m\u00f5tlemise oskusi. V\u00e4itlusklubi kohtumistel on k\u00f5igil liikmetel v\u00f5imalus osaleda v\u00e4itlusvoorudes ning kogeda v\u00f5istluspinget ja uute ideede vahetust. Uuri lisainfot SIIT! Rahvusvaheline Klubi Klubi eesm\u00e4rk on pakkuda rahvusvahelistele \u00fcli\u00f5pilastele l\u00f5busat ja nauditavat \u00fclikoolielu ja tutvustada neile Eesti kultuuri. Selleks korraldame palju huvitavaid reise ja l\u00f5busaid s\u00fcndmusi, sh tervituskontsert, kultuuri\u00f5htu, rahvusvaheline kiirrong, t\u00f6\u00f6toad ja palju muud. Uuri lisainfot SIIT! Jaapani Klubi Tallinna \u00dclikooli Jaapani klubi (\u30bf\u30ea\u30f3\u5927\u5b66\u306e\u65e5\u672c\u6587\u5316\u30af\u30e9\u30d6) on Jaapani kultuuri huviliste \u00fchendus, mis pakub mitmek\u00fclgset \u00fclevaadet Jaapani kultuurist, h\u00f5lmates nii traditsioonilisi kunste kui ka kaasaegset popkultuuri Uuri lisainfot SIIT! Kirjandusklubi \u00dcDI Kirjandusklubi \u00dcDI \u00fchendab Tallinna \u00dclikooli kirjandusentusiaste ja tegeleb k\u00f5igega, mis on seotud kirjandusega: arutleme ilukirjanduslike tekstide, teatrietenduste ja filmide \u00fcle, arendame loovkirjutamise oskusi, loome v\u00f5imalusi oma loomingu jagamiseks, kutsume esinema nii kirjanikke kui ka kirjandusteadlasi jms. Uuri lisainfot SIIT!<\/p>","protected":false},"author":1,"featured_media":0,"parent":0,"menu_order":0,"comment_status":"closed","ping_status":"closed","template":"elementor_header_footer","meta":{"_eb_attr":"","footnotes":""},"class_list":["post-308","page","type-page","status-publish","hentry"],"_links":{"self":[{"href":"https:\/\/esindus.ee\/en\/wp-json\/wp\/v2\/pages\/308","targetHints":{"allow":["GET"]}}],"collection":[{"href":"https:\/\/esindus.ee\/en\/wp-json\/wp\/v2\/pages"}],"about":[{"href":"https:\/\/esindus.ee\/en\/wp-json\/wp\/v2\/types\/page"}],"author":[{"embeddable":true,"href":"https:\/\/esindus.ee\/en\/wp-json\/wp\/v2\/users\/1"}],"replies":[{"embeddable":true,"href":"https:\/\/esindus.ee\/en\/wp-json\/wp\/v2\/comments?post=308"}],"version-history":[{"count":250,"href":"https:\/\/esindus.ee\/en\/wp-json\/wp\/v2\/pages\/308\/revisions"}],"predecessor-version":[{"id":10150,"href":"https:\/\/esindus.ee\/en\/wp-json\/wp\/v2\/pages\/308\/revisions\/10150"}],"wp:attachment":[{"href":"https:\/\/esindus.ee\/en\/wp-json\/wp\/v2\/media?parent=308"}],"curies":[{"name":"wp","href":"https:\/\/api.w.org\/{rel}","templated":true}]}}