{"id":304,"date":"2023-04-03T12:31:51","date_gmt":"2023-04-03T10:31:51","guid":{"rendered":"https:\/\/esindus.ee\/?page_id=304"},"modified":"2026-03-29T21:25:50","modified_gmt":"2026-03-29T18:25:50","slug":"bfm-un","status":"publish","type":"page","link":"https:\/\/esindus.ee\/en\/bfm-un\/","title":{"rendered":"BFM instituudi \u00dcN"},"content":{"rendered":"<div data-elementor-type=\"wp-page\" data-elementor-id=\"304\" class=\"elementor elementor-304\">\n\t\t\t\t\t\t<section class=\"elementor-section elementor-top-section elementor-element elementor-element-0b00292 elementor-section-boxed elementor-section-height-default elementor-section-height-default wpr-particle-no wpr-jarallax-no wpr-parallax-no wpr-sticky-section-no wpr-equal-height-no\" data-id=\"0b00292\" data-element_type=\"section\" data-e-type=\"section\">\n\t\t\t\t\t\t<div class=\"elementor-container elementor-column-gap-default\">\n\t\t\t\t\t<div class=\"elementor-column elementor-col-100 elementor-top-column elementor-element elementor-element-93b551e\" data-id=\"93b551e\" data-element_type=\"column\" data-e-type=\"column\">\n\t\t\t<div class=\"elementor-widget-wrap elementor-element-populated\">\n\t\t\t\t\t\t<div class=\"elementor-element elementor-element-27bda8a8 elementor-widget elementor-widget-heading\" data-id=\"27bda8a8\" data-element_type=\"widget\" data-e-type=\"widget\" data-widget_type=\"heading.default\">\n\t\t\t\t<div class=\"elementor-widget-container\">\n\t\t\t\t\t<h2 class=\"elementor-heading-title elementor-size-default\">BFM Institute Student Council - Meedium<\/h2>\t\t\t\t<\/div>\n\t\t\t\t<\/div>\n\t\t\t\t<div class=\"elementor-element elementor-element-ef5e080 elementor-widget elementor-widget-text-editor\" data-id=\"ef5e080\" data-element_type=\"widget\" data-e-type=\"widget\" data-widget_type=\"text-editor.default\">\n\t\t\t\t<div class=\"elementor-widget-container\">\n\t\t\t\t\t\t\t\t\t<p><span style=\"font-weight: 400;\">The medium deals with helping, advising and furnishing free time for the students of the BFM Institute. The most active and creative students are gathered in the medium, whose energy keeps the student council full of energy and university life fun. All this so that the university is not only a place to study, but also offers an opportunity to do something bigger and make new acquaintances. We organize several events:<\/span><\/p><ul><li style=\"font-weight: 400;\" aria-level=\"1\"><span style=\"font-weight: 400;\"><strong>BFM Talks<\/strong> \u2013 a series of events where you can communicate directly with specialists in your field;<\/span><\/li><li style=\"font-weight: 400;\" aria-level=\"1\"><span style=\"font-weight: 400;\"><strong>Christmas Rumble<\/strong> \u2013 the name says it all;<\/span><\/li><li style=\"font-weight: 400;\" aria-level=\"1\"><span style=\"font-weight: 400;\"><strong>BFM Stage<\/strong> \u2013 where everyone has the opportunity to show fellow students their various talents, be it music, dance, prose or pig levitation;<\/span><\/li><li style=\"font-weight: 400;\" aria-level=\"1\"><span style=\"font-weight: 400;\"><strong>Good Mood Mornings<\/strong> \u2013 our legendary pancake mornings are definitely included in the series of events.<\/span><\/li><\/ul><p><span style=\"font-weight: 400;\">Of course, we also take part in several events that are intended for the entire school and that give us the opportunity to communicate directly and work together with student organizations of other university institutes.<\/span><\/p>\t\t\t\t\t\t\t\t<\/div>\n\t\t\t\t<\/div>\n\t\t\t\t\t<\/div>\n\t\t<\/div>\n\t\t\t\t\t<\/div>\n\t\t<\/section>\n\t\t\t\t<section class=\"elementor-section elementor-top-section elementor-element elementor-element-0a93b2d elementor-section-boxed elementor-section-height-default elementor-section-height-default wpr-particle-no wpr-jarallax-no wpr-parallax-no wpr-sticky-section-no wpr-equal-height-no\" data-id=\"0a93b2d\" data-element_type=\"section\" data-e-type=\"section\">\n\t\t\t\t\t\t<div class=\"elementor-container elementor-column-gap-default\">\n\t\t\t\t\t<div class=\"elementor-column elementor-col-50 elementor-top-column elementor-element elementor-element-778aff3\" data-id=\"778aff3\" data-element_type=\"column\" data-e-type=\"column\">\n\t\t\t<div class=\"elementor-widget-wrap elementor-element-populated\">\n\t\t\t\t\t\t<div class=\"elementor-element elementor-element-94af3d4 elementor-widget elementor-widget-text-editor\" data-id=\"94af3d4\" data-element_type=\"widget\" data-e-type=\"widget\" data-widget_type=\"text-editor.default\">\n\t\t\t\t<div class=\"elementor-widget-container\">\n\t\t\t\t\t\t\t\t\t<p><span style=\"font-weight: 400;\">In addition to everything else, we pay great attention to the well-being of students and high-quality education. We want our students to have a pleasant and inspiring learning experience, and we fight for every student to leave our university and institute with only good memories of their time at university!<\/span><\/p><ul><li style=\"font-weight: 400;\" aria-level=\"1\"><span style=\"font-weight: 400;\">Do you have any good ideas?<\/span><\/li><li style=\"font-weight: 400;\" aria-level=\"1\"><span style=\"font-weight: 400;\">Are you worried and need help?<\/span><\/li><li style=\"font-weight: 400;\" aria-level=\"1\"><span style=\"font-weight: 400;\">Do you want to join our great company?<\/span><\/li><\/ul>\t\t\t\t\t\t\t\t<\/div>\n\t\t\t\t<\/div>\n\t\t\t\t<div class=\"elementor-element elementor-element-7c74660 elementor-view-default elementor-widget elementor-widget-icon\" data-id=\"7c74660\" data-element_type=\"widget\" data-e-type=\"widget\" data-widget_type=\"icon.default\">\n\t\t\t\t<div class=\"elementor-widget-container\">\n\t\t\t\t\t\t\t<div class=\"elementor-icon-wrapper\">\n\t\t\t<div class=\"elementor-icon\">\n\t\t\t<i aria-hidden=\"true\" class=\"fas fa-users\"><\/i>\t\t\t<\/div>\n\t\t<\/div>\n\t\t\t\t\t\t<\/div>\n\t\t\t\t<\/div>\n\t\t\t\t<div class=\"elementor-element elementor-element-66348d9 elementor-widget elementor-widget-heading\" data-id=\"66348d9\" data-element_type=\"widget\" data-e-type=\"widget\" data-widget_type=\"heading.default\">\n\t\t\t\t<div class=\"elementor-widget-container\">\n\t\t\t\t\t<h2 class=\"elementor-heading-title elementor-size-default\">Get in touch!<\/h2>\t\t\t\t<\/div>\n\t\t\t\t<\/div>\n\t\t\t\t<div class=\"elementor-element elementor-element-03f3002 elementor-widget elementor-widget-text-editor\" data-id=\"03f3002\" data-element_type=\"widget\" data-e-type=\"widget\" data-widget_type=\"text-editor.default\">\n\t\t\t\t<div class=\"elementor-widget-container\">\n\t\t\t\t\t\t\t\t\t<p><span style=\"font-weight: 400;\">If you have joys, worries or thoughts to share and discuss, then:<\/span><\/p><ul><li><span style=\"font-weight: 400;\"> contact us <strong>at<\/strong> <span style=\"text-decoration: underline; color: #b80007;\"><a style=\"color: #b80007; text-decoration: underline;\" href=\"mailto:meedium@esindus.ee\">meedium@esindus.ee<\/a><\/span>,<\/span><\/li><li><span style=\"font-weight: 400;\">familiarize yourself with our activities\u00a0<strong>on Facebook<\/strong> <a href=\"https:\/\/www.facebook.com\/meediumUN\"><span style=\"text-decoration: underline; color: #993300;\"><span style=\"color: #b80007; text-decoration: underline;\"><strong>Meedium<\/strong><\/span><\/span><\/a>\u00a0and <strong>Instagram<\/strong>\u00a0<span style=\"color: #b80007;\"><strong><a style=\"color: #b80007;\" href=\"https:\/\/www.instagram.com\/bfmmeedium\/\"><span style=\"text-decoration: underline;\">bfmmeedium<\/span><\/a><\/strong><\/span>\u00a0<\/span><span style=\"font-weight: 400;\">or <\/span><\/li><li><span style=\"font-weight: 400;\">by prior arrangement drop by our office <strong>S-207<\/strong>!<\/span><\/li><\/ul>\t\t\t\t\t\t\t\t<\/div>\n\t\t\t\t<\/div>\n\t\t\t\t<div class=\"elementor-element elementor-element-868d9d4 elementor-widget__width-initial elementor-widget elementor-widget-text-editor\" data-id=\"868d9d4\" data-element_type=\"widget\" data-e-type=\"widget\" data-widget_type=\"text-editor.default\">\n\t\t\t\t<div class=\"elementor-widget-container\">\n\t\t\t\t\t\t\t\t\t<p dir=\"ltr\">Anastasija Martjanova &#8211; Meediumi juhatuse esimees<\/p>\n<p dir=\"ltr\">Emilia Tarnovska &#8211; Meediumi juhatuse liige kommunikatsiooni valdkonnas<\/p>\n<p dir=\"ltr\">Kristin Elis Torpel &#8211; Meediumi juhatuse liige hariduse valdkonnas<\/p>\n<p dir=\"ltr\">Alina Skoljar &#8211; Meediumi juhatuse liige kultuuri valdkonnas<\/p>\t\t\t\t\t\t\t\t<\/div>\n\t\t\t\t<\/div>\n\t\t\t\t\t<\/div>\n\t\t<\/div>\n\t\t\t\t<div class=\"elementor-column elementor-col-50 elementor-top-column elementor-element elementor-element-f38ad49\" data-id=\"f38ad49\" data-element_type=\"column\" data-e-type=\"column\">\n\t\t\t<div class=\"elementor-widget-wrap elementor-element-populated\">\n\t\t\t\t\t\t<div class=\"elementor-element elementor-element-4d67f65 elementor-widget elementor-widget-image\" data-id=\"4d67f65\" data-element_type=\"widget\" data-e-type=\"widget\" data-widget_type=\"image.default\">\n\t\t\t\t<div class=\"elementor-widget-container\">\n\t\t\t\t\t\t\t\t\t\t\t\t\t\t\t<img fetchpriority=\"high\" decoding=\"async\" width=\"1024\" height=\"683\" src=\"https:\/\/esindus.ee\/wp-content\/uploads\/2025\/09\/IMG_5468-1024x683.jpg\" class=\"attachment-large size-large wp-image-10042\" alt=\"\" srcset=\"https:\/\/esindus.ee\/wp-content\/uploads\/2025\/09\/IMG_5468-1024x683.jpg 1024w, https:\/\/esindus.ee\/wp-content\/uploads\/2025\/09\/IMG_5468-300x200.jpg 300w, https:\/\/esindus.ee\/wp-content\/uploads\/2025\/09\/IMG_5468-768x512.jpg 768w, https:\/\/esindus.ee\/wp-content\/uploads\/2025\/09\/IMG_5468-18x12.jpg 18w, https:\/\/esindus.ee\/wp-content\/uploads\/2025\/09\/IMG_5468.jpg 1200w\" sizes=\"(max-width: 1024px) 100vw, 1024px\" \/>\t\t\t\t\t\t\t\t\t\t\t\t\t\t\t<\/div>\n\t\t\t\t<\/div>\n\t\t\t\t\t<\/div>\n\t\t<\/div>\n\t\t\t\t\t<\/div>\n\t\t<\/section>\n\t\t\t\t<\/div>","protected":false},"excerpt":{"rendered":"<p>BFM instituudi \u00fcli\u00f5pilasn\u00f5ukogu &#8211; Meedium Meedium tegeleb BFM instituudi tudengite abistamise, n\u00f5ustamise ning vaba aja sisustamisega. Meediumi on koondunud k\u00f5ige aktiivsemad ja loovamad tudengid, kelle energia hoiab \u00fcli\u00f5pilasn\u00f5ukogu s\u00e4rtsu t\u00e4is ja \u00fclikoolielu l\u00f5busana. Seda k\u00f5ike selleks, et \u00fclikool poleks vaid koht, kus \u00f5ppida, vaid pakuks v\u00f5imalust ka midagi suuremat \u00e4ra teha ja uusi tutvusi luua. Korraldame mitmeid \u00fcritusi: BFM Talks \u2013 \u00fcrituste sari, kus sul on v\u00f5imalik otse suhelda oma ala spetsialistidega; J\u00f5ulu r\u00e4mmar \u2013 nimi \u00fctleb k\u00f5ik; BFM Stage \u2013 kus k\u00f5igil on v\u00f5imalus n\u00e4idata kaastudengitele oma erinevaid andeid, olgu selleks muusika, tants, proosa v\u00f5i sea leviteerimine; Hea Tuju Hommikud \u2013 \u00fcrituste sarja kuuluvad kindlasti ka meie legendaarsed pannkoogihommikud. V\u00f5tame osa ka muidugi mitmetest \u00fcritustest, mis on m\u00f5eldud tervele koolile ning mis annavad meile v\u00f5imaluse suhelda otse ja t\u00f6\u00f6tada koos teiste \u00fclikooli instituutide \u00fcli\u00f5pilasorganisatsioonidega. Lisaks k\u00f5igele muule on meie suur t\u00e4helepanu tudengite heaolul ning kvaliteetsel haridusel. Soovime, et meie tudengitel oleks meeldiv ning inspireeriv \u00f5pikogemus ja v\u00f5itleme selle eest, et iga tudeng lahkuks meie \u00fclikoolist ja instituudist vaid heade m\u00e4lestustega oma \u00fclikooliajast! Kas sul on m\u00f5ni hea idee? On sul mure ja vajad abi? Soovid meie v\u00e4geva seltskonnaga liituda? V\u00f5ta \u00fchendust! Kui sul on r\u00f5\u00f5me, muresid v\u00f5i m\u00f5tteid, mida jagada ja arutada, siis: v\u00f5ta meiega \u00fchendust meiliaadressil meedium@esindus.ee, vii end kurssi meie tegevustega\u00a0Facebookis Meedium\u00a0ja Instagramis\u00a0bfmmeedium\u00a0v\u00f5i p\u00f5ika eelneval kokkuleppel l\u00e4bi meie kontorist S-207! Anastasija Martjanova &#8211; Meediumi juhatuse esimees Emilia Tarnovska &#8211; Meediumi juhatuse liige kommunikatsiooni valdkonnas Kristin Elis Torpel &#8211; Meediumi juhatuse liige hariduse valdkonnas Alina Skoljar &#8211; Meediumi juhatuse liige kultuuri valdkonnas<\/p>","protected":false},"author":1,"featured_media":0,"parent":0,"menu_order":0,"comment_status":"closed","ping_status":"closed","template":"elementor_header_footer","meta":{"_eb_attr":"","footnotes":""},"class_list":["post-304","page","type-page","status-publish","hentry"],"_links":{"self":[{"href":"https:\/\/esindus.ee\/en\/wp-json\/wp\/v2\/pages\/304","targetHints":{"allow":["GET"]}}],"collection":[{"href":"https:\/\/esindus.ee\/en\/wp-json\/wp\/v2\/pages"}],"about":[{"href":"https:\/\/esindus.ee\/en\/wp-json\/wp\/v2\/types\/page"}],"author":[{"embeddable":true,"href":"https:\/\/esindus.ee\/en\/wp-json\/wp\/v2\/users\/1"}],"replies":[{"embeddable":true,"href":"https:\/\/esindus.ee\/en\/wp-json\/wp\/v2\/comments?post=304"}],"version-history":[{"count":86,"href":"https:\/\/esindus.ee\/en\/wp-json\/wp\/v2\/pages\/304\/revisions"}],"predecessor-version":[{"id":10391,"href":"https:\/\/esindus.ee\/en\/wp-json\/wp\/v2\/pages\/304\/revisions\/10391"}],"wp:attachment":[{"href":"https:\/\/esindus.ee\/en\/wp-json\/wp\/v2\/media?parent=304"}],"curies":[{"name":"wp","href":"https:\/\/api.w.org\/{rel}","templated":true}]}}