{"id":2998,"date":"2023-05-02T20:53:20","date_gmt":"2023-05-02T18:53:20","guid":{"rendered":"https:\/\/esindus.ee\/?page_id=2998"},"modified":"2025-01-08T16:03:31","modified_gmt":"2025-01-08T13:03:31","slug":"uudised","status":"publish","type":"page","link":"https:\/\/esindus.ee\/en\/elementor-474\/uudised\/","title":{"rendered":"News"},"content":{"rendered":"\t\t<div data-elementor-type=\"wp-page\" data-elementor-id=\"2998\" class=\"elementor elementor-2998\">\n\t\t\t\t\t\t<section class=\"elementor-section elementor-top-section elementor-element elementor-element-1a48264 elementor-section-boxed elementor-section-height-default elementor-section-height-default wpr-particle-no wpr-jarallax-no wpr-parallax-no wpr-sticky-section-no wpr-equal-height-no\" data-id=\"1a48264\" data-element_type=\"section\" data-e-type=\"section\">\n\t\t\t\t\t\t<div class=\"elementor-container elementor-column-gap-default\">\n\t\t\t\t\t<div class=\"elementor-column elementor-col-100 elementor-top-column elementor-element elementor-element-014de0d\" data-id=\"014de0d\" data-element_type=\"column\" data-e-type=\"column\">\n\t\t\t<div class=\"elementor-widget-wrap elementor-element-populated\">\n\t\t\t\t\t\t<div class=\"elementor-element elementor-element-422d3ee elementor-widget elementor-widget-heading\" data-id=\"422d3ee\" data-element_type=\"widget\" data-e-type=\"widget\" data-widget_type=\"heading.default\">\n\t\t\t\t<div class=\"elementor-widget-container\">\n\t\t\t\t\t<h2 class=\"elementor-heading-title elementor-size-default\">Uudised<\/h2>\t\t\t\t<\/div>\n\t\t\t\t<\/div>\n\t\t\t\t\t<\/div>\n\t\t<\/div>\n\t\t\t\t\t<\/div>\n\t\t<\/section>\n\t\t\t\t<section class=\"elementor-section elementor-top-section elementor-element elementor-element-9de67df elementor-section-boxed elementor-section-height-default elementor-section-height-default wpr-particle-no wpr-jarallax-no wpr-parallax-no wpr-sticky-section-no wpr-equal-height-no\" data-id=\"9de67df\" data-element_type=\"section\" data-e-type=\"section\">\n\t\t\t\t\t\t<div class=\"elementor-container elementor-column-gap-default\">\n\t\t\t\t\t<div class=\"elementor-column elementor-col-100 elementor-top-column elementor-element elementor-element-6446b8b\" data-id=\"6446b8b\" data-element_type=\"column\" data-e-type=\"column\">\n\t\t\t<div class=\"elementor-widget-wrap elementor-element-populated\">\n\t\t\t\t\t\t<div class=\"elementor-element elementor-element-88d4c56 wpr-grid-columns-3 wpr-grid-columns--tablet2 wpr-grid-columns--mobile1 wpr-grid-pagination-center wpr-item-styles-inner elementor-widget elementor-widget-wpr-grid\" data-id=\"88d4c56\" data-element_type=\"widget\" data-e-type=\"widget\" data-widget_type=\"wpr-grid.default\">\n\t\t\t\t<div class=\"elementor-widget-container\">\n\t\t\t\t\t<ul class=\"wpr-grid-filters elementor-clearfix wpr-grid-filters-sep-right\"><li class=\" wpr-pointer-none wpr-pointer-line-fx wpr-pointer-fx-none\"><span  data-filter=\"*\" class=\"wpr-grid-filters-item wpr-active-filter \">All Posts<\/span><em class=\"wpr-grid-filters-sep\"><\/em><\/li><li class=\" wpr-pointer-none wpr-pointer-line-fx wpr-pointer-fx-none\"><span   data-ajax-filter=[\"category\",\"kusitlused\"]  data-filter=\".category-kusitlused\">K\u00fcsitlused<\/span><em class=\"wpr-grid-filters-sep\"><\/em><\/li><li class=\" wpr-pointer-none wpr-pointer-line-fx wpr-pointer-fx-none\"><span   data-ajax-filter=[\"category\",\"uudised\"]  data-filter=\".category-uudised\">Uudised<\/span><em class=\"wpr-grid-filters-sep\"><\/em><\/li><\/ul><section class=\"wpr-grid elementor-clearfix\" data-settings=\"{&quot;layout&quot;:&quot;fitRows&quot;,&quot;stick_last_element_to_bottom&quot;:&quot;&quot;,&quot;columns_desktop&quot;:&quot;3&quot;,&quot;gutter_hr&quot;:30,&quot;gutter_hr_mobile&quot;:30,&quot;gutter_hr_mobile_extra&quot;:30,&quot;gutter_hr_tablet&quot;:30,&quot;gutter_hr_tablet_extra&quot;:30,&quot;gutter_hr_laptop&quot;:30,&quot;gutter_hr_widescreen&quot;:30,&quot;gutter_vr&quot;:50,&quot;gutter_vr_mobile&quot;:50,&quot;gutter_vr_mobile_extra&quot;:50,&quot;gutter_vr_tablet&quot;:50,&quot;gutter_vr_tablet_extra&quot;:50,&quot;gutter_vr_laptop&quot;:50,&quot;gutter_vr_widescreen&quot;:50,&quot;animation&quot;:&quot;default&quot;,&quot;animation_duration&quot;:0.3,&quot;animation_delay&quot;:0.1,&quot;deeplinking&quot;:&quot;&quot;,&quot;filters_linkable&quot;:&quot;no&quot;,&quot;filters_default_filter&quot;:&quot;&quot;,&quot;filters_count&quot;:&quot;&quot;,&quot;filters_hide_empty&quot;:&quot;no&quot;,&quot;filters_animation&quot;:&quot;default&quot;,&quot;filters_animation_duration&quot;:0.3,&quot;filters_animation_delay&quot;:0.1,&quot;pagination_type&quot;:&quot;load-more&quot;,&quot;pagination_max_pages&quot;:4,&quot;lightbox&quot;:{&quot;selector&quot;:&quot;.wpr-grid-image-wrap&quot;,&quot;iframeMaxWidth&quot;:&quot;60%&quot;,&quot;hash&quot;:false,&quot;autoplay&quot;:&quot;&quot;,&quot;pause&quot;:5000,&quot;progressBar&quot;:&quot;true&quot;,&quot;counter&quot;:&quot;&quot;,&quot;controls&quot;:&quot;&quot;,&quot;getCaptionFromTitleOrAlt&quot;:&quot;&quot;,&quot;thumbnail&quot;:&quot;&quot;,&quot;showThumbByDefault&quot;:&quot;&quot;,&quot;share&quot;:&quot;&quot;,&quot;zoom&quot;:&quot;&quot;,&quot;fullScreen&quot;:&quot;&quot;,&quot;download&quot;:&quot;&quot;}}\" data-advanced-filters=\"no\"><article class=\"wpr-grid-item elementor-clearfix post-10411 post type-post status-publish format-standard has-post-thumbnail hentry category-uudised tag-uudised\"><div class=\"wpr-grid-item-inner\"><div class=\"wpr-grid-media-wrap wpr-effect-size-medium \" data-overlay-link=\"yes\"><div class=\"wpr-grid-image-wrap\" data-src=\"https:\/\/esindus.ee\/wp-content\/uploads\/2026\/04\/TLU-Rohekuu_cvi.png\" data-img-on-hover=\"\"  data-src-secondary=\"\"><img decoding=\"async\" data-no-lazy=\"1\" src=\"https:\/\/esindus.ee\/wp-content\/uploads\/2026\/04\/TLU-Rohekuu_cvi.png\" alt=\"Rohekuu 2026\" class=\"wpr-anim-timing-ease-default\"><\/div><div class=\"wpr-grid-media-hover wpr-animation-wrap\"><div class=\"wpr-grid-media-hover-bg  wpr-overlay-fade-in wpr-anim-size-large wpr-anim-timing-ease-default wpr-anim-transparency\" data-url=\"https:\/\/esindus.ee\/en\/rohekuu-2026\/\"><\/div><\/div><\/div><div class=\"wpr-grid-item-below-content elementor-clearfix\"><span class=\"wpr-grid-item-title elementor-repeater-item-58cb9f1 wpr-grid-item-display-block wpr-grid-item-align-center wpr-pointer-none wpr-pointer-line-fx wpr-pointer-fx-fade\"><div class=\"inner-block\"><a target=\"_self\"  href=\"https:\/\/esindus.ee\/en\/rohekuu-2026\/\">Rohekuu 2026<\/a><\/div><\/span><div class=\"wpr-grid-item-date elementor-repeater-item-efef487 wpr-grid-item-display-inline wpr-grid-item-align-left\"><div class=\"inner-block\"><span>8. Apr 2026<span class=\"wpr-grid-extra-text-right\"><\/span><\/span><\/div><\/div><div class=\"wpr-grid-item-excerpt elementor-repeater-item-5929e6d wpr-grid-item-display-block wpr-grid-item-align-left\"><div class=\"inner-block\"><p>Rohekuu 2026 Kutsume sind osa v\u00f5tma Rohekuust, mis toimub aprillis Tallinna \u00dclikoolis. Terve aprillikuu jooksul p\u00f6\u00f6rame t\u00e4helepanu keskkonnateadlikkusele, j\u00e4tkusuutlikele valikutele...<\/p><\/div><\/div><div class=\"wpr-grid-item-read-more elementor-repeater-item-4efc379 wpr-grid-item-display-block wpr-grid-item-align-left\"><div class=\"inner-block\"><a target=\"_self\" href=\"https:\/\/esindus.ee\/en\/rohekuu-2026\/\" class=\"wpr-button-effect wpr-button-none\"><span>Loe edasi<\/span><\/a><\/div><\/div><\/div><\/div><\/article><article class=\"wpr-grid-item elementor-clearfix post-10383 post type-post status-publish format-standard has-post-thumbnail hentry category-uudised tag-uudised\"><div class=\"wpr-grid-item-inner\"><div class=\"wpr-grid-media-wrap wpr-effect-size-medium \" data-overlay-link=\"yes\"><div class=\"wpr-grid-image-wrap\" data-src=\"https:\/\/esindus.ee\/wp-content\/uploads\/2026\/03\/Uliopilaskond-otsib-tootajat-Photo-Collage-Instagram-Post-45-1.png\" data-img-on-hover=\"\"  data-src-secondary=\"\"><img decoding=\"async\" data-no-lazy=\"1\" src=\"https:\/\/esindus.ee\/wp-content\/uploads\/2026\/03\/Uliopilaskond-otsib-tootajat-Photo-Collage-Instagram-Post-45-1.png\" alt=\"\u00dcli\u00f5pilaskonna juhatus otsib liige Hariduspoliitika valdkonda!\" class=\"wpr-anim-timing-ease-default\"><\/div><div class=\"wpr-grid-media-hover wpr-animation-wrap\"><div class=\"wpr-grid-media-hover-bg  wpr-overlay-fade-in wpr-anim-size-large wpr-anim-timing-ease-default wpr-anim-transparency\" data-url=\"https:\/\/esindus.ee\/en\/ul\/\"><\/div><\/div><\/div><div class=\"wpr-grid-item-below-content elementor-clearfix\"><span class=\"wpr-grid-item-title elementor-repeater-item-58cb9f1 wpr-grid-item-display-block wpr-grid-item-align-center wpr-pointer-none wpr-pointer-line-fx wpr-pointer-fx-fade\"><div class=\"inner-block\"><a target=\"_self\"  href=\"https:\/\/esindus.ee\/en\/ul\/\">\u00dcli\u00f5pilaskonna juhatus otsib liige Hariduspoliitika valdkonda!<\/a><\/div><\/span><div class=\"wpr-grid-item-date elementor-repeater-item-efef487 wpr-grid-item-display-inline wpr-grid-item-align-left\"><div class=\"inner-block\"><span>27. Mar 2026<span class=\"wpr-grid-extra-text-right\"><\/span><\/span><\/div><\/div><div class=\"wpr-grid-item-excerpt elementor-repeater-item-5929e6d wpr-grid-item-display-block wpr-grid-item-align-left\"><div class=\"inner-block\"><p>\u00dcli\u00f5pilaskonna juhatus otsib liiget hariduspoliitika valdkonda! T\u00e4nasega algas kandideerimine Tallinna \u00dclikooli \u00fcli\u00f5pilaskonna juhatuse aseesimehe positsioonile hariduspoliitika valdkonnas! Tule ja anna...<\/p><\/div><\/div><div class=\"wpr-grid-item-read-more elementor-repeater-item-4efc379 wpr-grid-item-display-block wpr-grid-item-align-left\"><div class=\"inner-block\"><a target=\"_self\" href=\"https:\/\/esindus.ee\/en\/ul\/\" class=\"wpr-button-effect wpr-button-none\"><span>Loe edasi<\/span><\/a><\/div><\/div><\/div><\/div><\/article><article class=\"wpr-grid-item elementor-clearfix post-10322 post type-post status-publish format-standard has-post-thumbnail hentry category-uudised tag-uudised\"><div class=\"wpr-grid-item-inner\"><div class=\"wpr-grid-media-wrap wpr-effect-size-medium \" data-overlay-link=\"yes\"><div class=\"wpr-grid-image-wrap\" data-src=\"https:\/\/esindus.ee\/wp-content\/uploads\/2025\/03\/unnamed-scaled-e1741635558845.jpg\" data-img-on-hover=\"\"  data-src-secondary=\"\"><img decoding=\"async\" data-no-lazy=\"1\" src=\"https:\/\/esindus.ee\/wp-content\/uploads\/2025\/03\/unnamed-scaled-e1741635558845.jpg\" alt=\"Algas volikogu h\u00e4\u00e4letamisperiood!\" class=\"wpr-anim-timing-ease-default\"><\/div><div class=\"wpr-grid-media-hover wpr-animation-wrap\"><div class=\"wpr-grid-media-hover-bg  wpr-overlay-fade-in wpr-anim-size-large wpr-anim-timing-ease-default wpr-anim-transparency\" data-url=\"https:\/\/esindus.ee\/en\/algas-volikogu-haaletamisperiood\/\"><\/div><\/div><\/div><div class=\"wpr-grid-item-below-content elementor-clearfix\"><span class=\"wpr-grid-item-title elementor-repeater-item-58cb9f1 wpr-grid-item-display-block wpr-grid-item-align-center wpr-pointer-none wpr-pointer-line-fx wpr-pointer-fx-fade\"><div class=\"inner-block\"><a target=\"_self\"  href=\"https:\/\/esindus.ee\/en\/algas-volikogu-haaletamisperiood\/\">Algas volikogu h\u00e4\u00e4letamisperiood!<\/a><\/div><\/span><div class=\"wpr-grid-item-date elementor-repeater-item-efef487 wpr-grid-item-display-inline wpr-grid-item-align-left\"><div class=\"inner-block\"><span>8. Mar 2026<span class=\"wpr-grid-extra-text-right\"><\/span><\/span><\/div><\/div><div class=\"wpr-grid-item-excerpt elementor-repeater-item-5929e6d wpr-grid-item-display-block wpr-grid-item-align-left\"><div class=\"inner-block\"><p>H\u00e4\u00e4leta volikogu valimistel! Mis on \u00fcli\u00f5pilaskonna volikogu? Volikogu on kuni 17-liikmeline Tallinna \u00dclikooli \u00fcli\u00f5pilaskonda esindav ja selle seisukohti kinnitav k\u00f5rgeim...<\/p><\/div><\/div><div class=\"wpr-grid-item-read-more elementor-repeater-item-4efc379 wpr-grid-item-display-block wpr-grid-item-align-left\"><div class=\"inner-block\"><a target=\"_self\" href=\"https:\/\/esindus.ee\/en\/algas-volikogu-haaletamisperiood\/\" class=\"wpr-button-effect wpr-button-none\"><span>Loe edasi<\/span><\/a><\/div><\/div><\/div><\/div><\/article><article class=\"wpr-grid-item elementor-clearfix post-10297 post type-post status-publish format-standard has-post-thumbnail hentry category-uncategorized category-uudised tag-uudised\"><div class=\"wpr-grid-item-inner\"><div class=\"wpr-grid-media-wrap wpr-effect-size-medium \" data-overlay-link=\"yes\"><div class=\"wpr-grid-image-wrap\" data-src=\"https:\/\/esindus.ee\/wp-content\/uploads\/2026\/03\/P1180505-scaled.jpg\" data-img-on-hover=\"\"  data-src-secondary=\"\"><img decoding=\"async\" data-no-lazy=\"1\" src=\"https:\/\/esindus.ee\/wp-content\/uploads\/2026\/03\/P1180505-scaled.jpg\" alt=\"Volikogu kandidaadid on selgunud!\" class=\"wpr-anim-timing-ease-default\"><\/div><div class=\"wpr-grid-media-hover wpr-animation-wrap\"><div class=\"wpr-grid-media-hover-bg  wpr-overlay-fade-in wpr-anim-size-large wpr-anim-timing-ease-default wpr-anim-transparency\" data-url=\"https:\/\/esindus.ee\/en\/volikogu-kandidaadid-on-selgunud\/\"><\/div><\/div><\/div><div class=\"wpr-grid-item-below-content elementor-clearfix\"><span class=\"wpr-grid-item-title elementor-repeater-item-58cb9f1 wpr-grid-item-display-block wpr-grid-item-align-center wpr-pointer-none wpr-pointer-line-fx wpr-pointer-fx-fade\"><div class=\"inner-block\"><a target=\"_self\"  href=\"https:\/\/esindus.ee\/en\/volikogu-kandidaadid-on-selgunud\/\">Volikogu kandidaadid on selgunud!<\/a><\/div><\/span><div class=\"wpr-grid-item-date elementor-repeater-item-efef487 wpr-grid-item-display-inline wpr-grid-item-align-left\"><div class=\"inner-block\"><span>4. Mar 2026<span class=\"wpr-grid-extra-text-right\"><\/span><\/span><\/div><\/div><div class=\"wpr-grid-item-excerpt elementor-repeater-item-5929e6d wpr-grid-item-display-block wpr-grid-item-align-left\"><div class=\"inner-block\"><p>Volikogu kandidaadid on selgunud! Selgusid kandidaadid j\u00e4rgmisesse Tallinna \u00dclikooli \u00dcli\u00f5pilaskonna volikogu koosseisu! I Ringkond &#8211; Digitehnoloogiate instituut Karolin Maasik, Matemaatika,...<\/p><\/div><\/div><div class=\"wpr-grid-item-read-more elementor-repeater-item-4efc379 wpr-grid-item-display-block wpr-grid-item-align-left\"><div class=\"inner-block\"><a target=\"_self\" href=\"https:\/\/esindus.ee\/en\/volikogu-kandidaadid-on-selgunud\/\" class=\"wpr-button-effect wpr-button-none\"><span>Loe edasi<\/span><\/a><\/div><\/div><\/div><\/div><\/article><article class=\"wpr-grid-item elementor-clearfix post-10284 post type-post status-publish format-standard has-post-thumbnail hentry category-uudised tag-uudised\"><div class=\"wpr-grid-item-inner\"><div class=\"wpr-grid-media-wrap wpr-effect-size-medium \" data-overlay-link=\"yes\"><div class=\"wpr-grid-image-wrap\" data-src=\"https:\/\/esindus.ee\/wp-content\/uploads\/2026\/03\/Teklitseremoonia-2026-scaled.jpg\" data-img-on-hover=\"\"  data-src-secondary=\"\"><img decoding=\"async\" data-no-lazy=\"1\" src=\"https:\/\/esindus.ee\/wp-content\/uploads\/2026\/03\/Teklitseremoonia-2026-scaled.jpg\" alt=\"Teklitseremoonia\" class=\"wpr-anim-timing-ease-default\"><\/div><div class=\"wpr-grid-media-hover wpr-animation-wrap\"><div class=\"wpr-grid-media-hover-bg  wpr-overlay-fade-in wpr-anim-size-large wpr-anim-timing-ease-default wpr-anim-transparency\" data-url=\"https:\/\/esindus.ee\/en\/teklitseremoonia\/\"><\/div><\/div><\/div><div class=\"wpr-grid-item-below-content elementor-clearfix\"><span class=\"wpr-grid-item-title elementor-repeater-item-58cb9f1 wpr-grid-item-display-block wpr-grid-item-align-center wpr-pointer-none wpr-pointer-line-fx wpr-pointer-fx-fade\"><div class=\"inner-block\"><a target=\"_self\"  href=\"https:\/\/esindus.ee\/en\/teklitseremoonia\/\">Teklitseremoonia<\/a><\/div><\/span><div class=\"wpr-grid-item-date elementor-repeater-item-efef487 wpr-grid-item-display-inline wpr-grid-item-align-left\"><div class=\"inner-block\"><span>2. Mar 2026<span class=\"wpr-grid-extra-text-right\"><\/span><\/span><\/div><\/div><div class=\"wpr-grid-item-excerpt elementor-repeater-item-5929e6d wpr-grid-item-display-block wpr-grid-item-align-left\"><div class=\"inner-block\"><p>Teklitseremoonia 20. veebruaril 2026 toimus Tallinna \u00dclikoolis pidulik teklitseremoonia. Teklitseremoonia on \u00fcli\u00f5pilaskonna algatatud kaunis traditsioon, mille k\u00e4igus tunnustatakse 100 parimate...<\/p><\/div><\/div><div class=\"wpr-grid-item-read-more elementor-repeater-item-4efc379 wpr-grid-item-display-block wpr-grid-item-align-left\"><div class=\"inner-block\"><a target=\"_self\" href=\"https:\/\/esindus.ee\/en\/teklitseremoonia\/\" class=\"wpr-button-effect wpr-button-none\"><span>Loe edasi<\/span><\/a><\/div><\/div><\/div><\/div><\/article><article class=\"wpr-grid-item elementor-clearfix post-10230 post type-post status-publish format-standard has-post-thumbnail hentry category-uudised tag-uudised\"><div class=\"wpr-grid-item-inner\"><div class=\"wpr-grid-media-wrap wpr-effect-size-medium \" data-overlay-link=\"yes\"><div class=\"wpr-grid-image-wrap\" data-src=\"https:\/\/esindus.ee\/wp-content\/uploads\/2026\/02\/VOLIKOGU-scaled.png\" data-img-on-hover=\"\"  data-src-secondary=\"\"><img decoding=\"async\" data-no-lazy=\"1\" src=\"https:\/\/esindus.ee\/wp-content\/uploads\/2026\/02\/VOLIKOGU-scaled.png\" alt=\"TALLINNA \u00dcLIKOOLI \u00dcLI\u00d5PILASKONNA VOLIKOKKU KANDIDEERIMINE ON AVATUD!\" class=\"wpr-anim-timing-ease-default\"><\/div><div class=\"wpr-grid-media-hover wpr-animation-wrap\"><div class=\"wpr-grid-media-hover-bg  wpr-overlay-fade-in wpr-anim-size-large wpr-anim-timing-ease-default wpr-anim-transparency\" data-url=\"https:\/\/esindus.ee\/en\/tallinna-ulikooli-uliopilaskonna-volikokku-kandideerimine-on-avatud\/\"><\/div><\/div><\/div><div class=\"wpr-grid-item-below-content elementor-clearfix\"><span class=\"wpr-grid-item-title elementor-repeater-item-58cb9f1 wpr-grid-item-display-block wpr-grid-item-align-center wpr-pointer-none wpr-pointer-line-fx wpr-pointer-fx-fade\"><div class=\"inner-block\"><a target=\"_self\"  href=\"https:\/\/esindus.ee\/en\/tallinna-ulikooli-uliopilaskonna-volikokku-kandideerimine-on-avatud\/\">TALLINNA \u00dcLIKOOLI \u00dcLI\u00d5PILASKONNA VOLIKOKKU KANDIDEERIMINE ON AVATUD!<\/a><\/div><\/span><div class=\"wpr-grid-item-date elementor-repeater-item-efef487 wpr-grid-item-display-inline wpr-grid-item-align-left\"><div class=\"inner-block\"><span>9. Feb 2026<span class=\"wpr-grid-extra-text-right\"><\/span><\/span><\/div><\/div><div class=\"wpr-grid-item-excerpt elementor-repeater-item-5929e6d wpr-grid-item-display-block wpr-grid-item-align-left\"><div class=\"inner-block\"><p>TALLINNA \u00dcLIKOOLI \u00dcLI\u00d5PILASKONNA VOLIKOKKU KANDIDEERIMINE ON AVATUD! T\u00e4nasega algab\u00a0kandideerimisperiood \u00fcli\u00f5pilaskonna volikokku!\u00a0\u00a0Kandideerida saab t\u00e4ites \u00e4ra j\u00e4rgneva Google Formsi ankeedi:\u00a0https:\/\/forms.gle\/m16WEV1XNEvnNoP29\u00a0Kes saavad kandideerida?...<\/p><\/div><\/div><div class=\"wpr-grid-item-read-more elementor-repeater-item-4efc379 wpr-grid-item-display-block wpr-grid-item-align-left\"><div class=\"inner-block\"><a target=\"_self\" href=\"https:\/\/esindus.ee\/en\/tallinna-ulikooli-uliopilaskonna-volikokku-kandideerimine-on-avatud\/\" class=\"wpr-button-effect wpr-button-none\"><span>Loe edasi<\/span><\/a><\/div><\/div><\/div><\/div><\/article><\/section><div class=\"wpr-grid-pagination elementor-clearfix wpr-grid-pagination-load-more\" data-pages=\"4\"><a href=\"https:\/\/esindus.ee\/en\/wp-json\/wp\/v2\/pages\/2998\/page\/2\/\" class=\"wpr-load-more-btn\" data-e-disable-page-transition >Load More<\/a><div class=\"wpr-pagination-loading\"><div class=\"wpr-double-bounce\"><div class=\"wpr-child wpr-double-bounce1\"><\/div><div class=\"wpr-child wpr-double-bounce2\"><\/div><\/div><\/div><p class=\"wpr-pagination-finish\">End of Content.<\/p><\/div>\t\t\t\t<\/div>\n\t\t\t\t<\/div>\n\t\t\t\t\t<\/div>\n\t\t<\/div>\n\t\t\t\t\t<\/div>\n\t\t<\/section>\n\t\t\t\t<\/div>\n\t\t","protected":false},"excerpt":{"rendered":"<p>Uudised All Posts Uncategorized Uudised Volikogu liikmed on selgunud5. Apr 2024 Uue volikogu kooseis on selgunud! Palju \u00f5nne k\u00f5ikidele uutele volikogu liikmetele! Loe edasi Teklitseremoonia1. Mar 2024 22.veebruaril 2024 leidis Tallinna \u00dclikoolis aset j\u00e4rjekordne teklitseremoonia. Teklitseremoonia on \u00fcli\u00f5pilaskonna poolt alustatud traditsioon, mille k\u00e4igus premeeritakse 100 parima \u00f5pitulemusega&hellip; Loe edasi Esita kandidaat TL\u00dc \u00fcli\u00f5pilaskonna teenetem\u00e4rgile!2. Nov 2023 Head Tallinna \u00dclikooli \u00fcli\u00f5pilased ja vilistlased! Tallinna \u00dclikooli \u00fcli\u00f5pilaskond omistab\u00a0teenetem\u00e4rgid\u00a0isikutele, kes on oma tegevusega panustanud Tallinna \u00dclikooli \u00fcli\u00f5pilaselu edendamisse v\u00f5i&hellip; Loe edasi N\u00f5ustamiskeskusest saab abi iga mure korral25. Oct 2023 N\u00f5ustamiskeskusest saab abi iga mure korral Vaimse tervise kuu ja j\u00e4rgmisel n\u00e4dalal aset leidva n\u00f5ustamiskeskuse n\u00e4dala raames suhtlesime \u00fcli\u00f5pilasteenuste peaspetsialisti&hellip; Loe edasi Kandideeri \u00dcli\u00f5pilaskonna juhiks!19. Oct 2023 Tallinna \u00dclikooli \u00fcli\u00f5pilaskonna volikogu spiiker kuulutab v\u00e4lja erakorralise kandideerimise j\u00e4rgnevatele positsioonidele: \u00dcli\u00f5pilaskonna juht (juhatuse liige \u00fcldorganisatoorses juhtimises) Tutvu t\u00f6\u00f6positsiooni kirjelduse&hellip; Loe edasi Tule t\u00f6\u00f6le \u00fcli\u00f5pilaskonda!6. Sep 2023 \u00dcli\u00f5pilaskond otsib tiimiliiget! Hei, tudeng! Oleme oma tiimi otsimas uut liiget \u2013 kas see v\u00f5iksid olla Sina? \u00dcli\u00f5pilaskonna kontoris ootab&hellip; Loe edasi Load More End of Content.<\/p>","protected":false},"author":2,"featured_media":0,"parent":474,"menu_order":0,"comment_status":"closed","ping_status":"closed","template":"elementor_header_footer","meta":{"_eb_attr":"","footnotes":""},"class_list":["post-2998","page","type-page","status-publish","hentry"],"_links":{"self":[{"href":"https:\/\/esindus.ee\/en\/wp-json\/wp\/v2\/pages\/2998","targetHints":{"allow":["GET"]}}],"collection":[{"href":"https:\/\/esindus.ee\/en\/wp-json\/wp\/v2\/pages"}],"about":[{"href":"https:\/\/esindus.ee\/en\/wp-json\/wp\/v2\/types\/page"}],"author":[{"embeddable":true,"href":"https:\/\/esindus.ee\/en\/wp-json\/wp\/v2\/users\/2"}],"replies":[{"embeddable":true,"href":"https:\/\/esindus.ee\/en\/wp-json\/wp\/v2\/comments?post=2998"}],"version-history":[{"count":47,"href":"https:\/\/esindus.ee\/en\/wp-json\/wp\/v2\/pages\/2998\/revisions"}],"predecessor-version":[{"id":9284,"href":"https:\/\/esindus.ee\/en\/wp-json\/wp\/v2\/pages\/2998\/revisions\/9284"}],"up":[{"embeddable":true,"href":"https:\/\/esindus.ee\/en\/wp-json\/wp\/v2\/pages\/474"}],"wp:attachment":[{"href":"https:\/\/esindus.ee\/en\/wp-json\/wp\/v2\/media?parent=2998"}],"curies":[{"name":"wp","href":"https:\/\/api.w.org\/{rel}","templated":true}]}}