{"id":299,"date":"2023-04-03T12:32:38","date_gmt":"2023-04-03T10:32:38","guid":{"rendered":"https:\/\/esindus.ee\/?page_id=299"},"modified":"2026-03-29T21:35:28","modified_gmt":"2026-03-29T18:35:28","slug":"haridusteaduste-un","status":"publish","type":"page","link":"https:\/\/esindus.ee\/en\/haridusteaduste-un\/","title":{"rendered":"Haridusteaduste instituudi \u00dcN"},"content":{"rendered":"<div data-elementor-type=\"wp-page\" data-elementor-id=\"299\" class=\"elementor elementor-299\">\n\t\t\t\t\t\t<section class=\"elementor-section elementor-top-section elementor-element elementor-element-5ab03a3 elementor-section-boxed elementor-section-height-default elementor-section-height-default wpr-particle-no wpr-jarallax-no wpr-parallax-no wpr-sticky-section-no wpr-equal-height-no\" data-id=\"5ab03a3\" data-element_type=\"section\" data-e-type=\"section\">\n\t\t\t\t\t\t<div class=\"elementor-container elementor-column-gap-default\">\n\t\t\t\t\t<div class=\"elementor-column elementor-col-100 elementor-top-column elementor-element elementor-element-76e2d71\" data-id=\"76e2d71\" data-element_type=\"column\" data-e-type=\"column\">\n\t\t\t<div class=\"elementor-widget-wrap elementor-element-populated\">\n\t\t\t\t\t\t<div class=\"elementor-element elementor-element-20e4a40c elementor-widget elementor-widget-heading\" data-id=\"20e4a40c\" data-element_type=\"widget\" data-e-type=\"widget\" data-widget_type=\"heading.default\">\n\t\t\t\t<div class=\"elementor-widget-container\">\n\t\t\t\t\t<h2 class=\"elementor-heading-title elementor-size-default\">Student Council of the Institute of Educational Sciences - K\u00dcN<\/h2>\t\t\t\t<\/div>\n\t\t\t\t<\/div>\n\t\t\t\t<div class=\"elementor-element elementor-element-271921c elementor-widget elementor-widget-text-editor\" data-id=\"271921c\" data-element_type=\"widget\" data-e-type=\"widget\" data-widget_type=\"text-editor.default\">\n\t\t\t\t<div class=\"elementor-widget-container\">\n\t\t\t\t\t\t\t\t\t<p><span style=\"font-weight: 400;\">The student council of the Institute of Educational Sciences K\u00dcN was born in 2015 with the creation of a new institute. The student councils of the former Institute of Educational Sciences and the Pedagogical Seminary joined each other.<\/span><\/p><p><span style=\"font-weight: 400;\"><strong>The purpose<\/strong> <strong>of K\u00dcN<\/strong> is to represent the interests of the students of our institute, to help them and to organize and develop their daily school and student life. <\/span><span style=\"font-weight: 400;\">K\u00dcN helps students of the Institute of Educational Sciences if they have a problem with a teacher, if they want to rent rooms or if they come up with a good idea that is definitely waiting for implementation! K\u00dcN organizes the coordination of student life both educationally and socially in cooperation with other student organizations both at the institute and across the university.<\/span><\/p>\t\t\t\t\t\t\t\t<\/div>\n\t\t\t\t<\/div>\n\t\t\t\t\t<\/div>\n\t\t<\/div>\n\t\t\t\t\t<\/div>\n\t\t<\/section>\n\t\t\t\t<section class=\"elementor-section elementor-top-section elementor-element elementor-element-5275b26 elementor-section-boxed elementor-section-height-default elementor-section-height-default wpr-particle-no wpr-jarallax-no wpr-parallax-no wpr-sticky-section-no wpr-equal-height-no\" data-id=\"5275b26\" data-element_type=\"section\" data-e-type=\"section\">\n\t\t\t\t\t\t<div class=\"elementor-container elementor-column-gap-default\">\n\t\t\t\t\t<div class=\"elementor-column elementor-col-50 elementor-top-column elementor-element elementor-element-6936025\" data-id=\"6936025\" data-element_type=\"column\" data-e-type=\"column\">\n\t\t\t<div class=\"elementor-widget-wrap elementor-element-populated\">\n\t\t\t\t\t\t<div class=\"elementor-element elementor-element-f60e512 elementor-widget elementor-widget-text-editor\" data-id=\"f60e512\" data-element_type=\"widget\" data-e-type=\"widget\" data-widget_type=\"text-editor.default\">\n\t\t\t\t<div class=\"elementor-widget-container\">\n\t\t\t\t\t\t\t\t\t<p><span style=\"font-weight: 400;\">If you also want to contribute to it, <strong>JOIN TODAY<\/strong> \u2013 the entire K\u00dcN board and membership are waiting for you!<\/span><\/p>\t\t\t\t\t\t\t\t<\/div>\n\t\t\t\t<\/div>\n\t\t\t\t<div class=\"elementor-element elementor-element-551f45c elementor-view-default elementor-widget elementor-widget-icon\" data-id=\"551f45c\" data-element_type=\"widget\" data-e-type=\"widget\" data-widget_type=\"icon.default\">\n\t\t\t\t<div class=\"elementor-widget-container\">\n\t\t\t\t\t\t\t<div class=\"elementor-icon-wrapper\">\n\t\t\t<div class=\"elementor-icon\">\n\t\t\t<i aria-hidden=\"true\" class=\"fas fa-users\"><\/i>\t\t\t<\/div>\n\t\t<\/div>\n\t\t\t\t\t\t<\/div>\n\t\t\t\t<\/div>\n\t\t\t\t<div class=\"elementor-element elementor-element-6397c1d elementor-widget elementor-widget-heading\" data-id=\"6397c1d\" data-element_type=\"widget\" data-e-type=\"widget\" data-widget_type=\"heading.default\">\n\t\t\t\t<div class=\"elementor-widget-container\">\n\t\t\t\t\t<h2 class=\"elementor-heading-title elementor-size-default\">Get in touch!<\/h2>\t\t\t\t<\/div>\n\t\t\t\t<\/div>\n\t\t\t\t<div class=\"elementor-element elementor-element-f90b98c elementor-widget elementor-widget-text-editor\" data-id=\"f90b98c\" data-element_type=\"widget\" data-e-type=\"widget\" data-widget_type=\"text-editor.default\">\n\t\t\t\t<div class=\"elementor-widget-container\">\n\t\t\t\t\t\t\t\t\t<p><span style=\"font-weight: 400;\">If you have joys, worries or thoughts to share and discuss, then:<\/span><\/p><ul><li><span style=\"font-weight: 400;\"> contact us <strong>at<\/strong> <span style=\"text-decoration: underline; color: #b80007;\"><a style=\"color: #b80007; text-decoration: underline;\" href=\"mailto:haridusyn@esindus.ee\">haridusyn@esindus.ee<\/a><\/span>,<\/span><\/li><li><span style=\"font-weight: 400;\">familiarize yourself with our activities\u00a0<strong>on Facebook<\/strong> <span style=\"text-decoration: underline;\"><span style=\"color: #993300;\"><a style=\"color: #993300; text-decoration: underline;\" href=\"https:\/\/www.facebook.com\/haridusteadusedkyn\/\"><strong><span style=\"color: #b80007; text-decoration: underline;\">K\u00dcN<\/span><\/strong><\/a><\/span><\/span>\u00a0and <strong>Instagram<\/strong> <a href=\"https:\/\/www.instagram.com\/haridusteaduste_yn\/\"><span style=\"text-decoration: underline;\"><span style=\"color: #993300; text-decoration: underline;\"><span style=\"color: #b80007; text-decoration: underline;\"><strong>haridusteaduste_yn<\/strong><\/span><\/span><\/span><\/a> <\/span><span style=\"font-weight: 400;\">or <\/span><\/li><li><span style=\"font-weight: 400;\">by prior arrangement drop by our office <strong>T-404<\/strong>!<\/span><\/li><\/ul><p><span style=\"font-weight: 400;\">Once a month, a public general meeting is held, where we discuss with the board and members both the past and future activities and activities in the field of education and social affairs, where all students of the TU Institute of Education are invited!<\/span><\/p>\t\t\t\t\t\t\t\t<\/div>\n\t\t\t\t<\/div>\n\t\t\t\t<div class=\"elementor-element elementor-element-bb4f4ce elementor-widget elementor-widget-text-editor\" data-id=\"bb4f4ce\" data-element_type=\"widget\" data-e-type=\"widget\" data-widget_type=\"text-editor.default\">\n\t\t\t\t<div class=\"elementor-widget-container\">\n\t\t\t\t\t\t\t\t\t<p dir=\"ltr\"><span style=\"color: var( --e-global-color-text ); font-family: var( --e-global-typography-text-font-family ), Sans-serif; font-size: var( --e-global-typography-text-font-size ); font-weight: var( --e-global-typography-text-font-weight ); background-color: var(--wp--preset--color--base);\">Elvis Georg Kaste&nbsp;<\/span>\u2013 K\u00dcN chairman of the board<\/p>\n<p dir=\"ltr\">Elisabet Paalandi &#8211; K\u00dcN juhatuse liige kommunikatsiooni valdkonnas<\/p>\n<p dir=\"ltr\">Mae Lillo &#8211;&nbsp;<span style=\"color: var( --e-global-color-text ); font-family: var( --e-global-typography-text-font-family ), Sans-serif; font-size: var( --e-global-typography-text-font-size ); font-weight: var( --e-global-typography-text-font-weight ); background-color: var(--wp--preset--color--base);\">K\u00dcN board member in the field of education<\/span><\/p>\t\t\t\t\t\t\t\t<\/div>\n\t\t\t\t<\/div>\n\t\t\t\t\t<\/div>\n\t\t<\/div>\n\t\t\t\t<div class=\"elementor-column elementor-col-50 elementor-top-column elementor-element elementor-element-b0b2a1d\" data-id=\"b0b2a1d\" data-element_type=\"column\" data-e-type=\"column\">\n\t\t\t<div class=\"elementor-widget-wrap elementor-element-populated\">\n\t\t\t\t\t\t<div class=\"elementor-element elementor-element-195b02e elementor-widget elementor-widget-image\" data-id=\"195b02e\" data-element_type=\"widget\" data-e-type=\"widget\" data-widget_type=\"image.default\">\n\t\t\t\t<div class=\"elementor-widget-container\">\n\t\t\t\t\t\t\t\t\t\t\t\t\t\t\t<img fetchpriority=\"high\" decoding=\"async\" width=\"1536\" height=\"1024\" src=\"https:\/\/esindus.ee\/wp-content\/uploads\/2025\/08\/20250411_231126677-1-1536x1024.jpg\" class=\"attachment-1536x1536 size-1536x1536 wp-image-10004\" alt=\"\" srcset=\"https:\/\/esindus.ee\/wp-content\/uploads\/2025\/08\/20250411_231126677-1-1536x1024.jpg 1536w, https:\/\/esindus.ee\/wp-content\/uploads\/2025\/08\/20250411_231126677-1-300x200.jpg 300w, https:\/\/esindus.ee\/wp-content\/uploads\/2025\/08\/20250411_231126677-1-1024x683.jpg 1024w, https:\/\/esindus.ee\/wp-content\/uploads\/2025\/08\/20250411_231126677-1-768x512.jpg 768w, https:\/\/esindus.ee\/wp-content\/uploads\/2025\/08\/20250411_231126677-1-2048x1365.jpg 2048w, https:\/\/esindus.ee\/wp-content\/uploads\/2025\/08\/20250411_231126677-1-18x12.jpg 18w\" sizes=\"(max-width: 1536px) 100vw, 1536px\" \/>\t\t\t\t\t\t\t\t\t\t\t\t\t\t\t<\/div>\n\t\t\t\t<\/div>\n\t\t\t\t\t<\/div>\n\t\t<\/div>\n\t\t\t\t\t<\/div>\n\t\t<\/section>\n\t\t\t\t<\/div>","protected":false},"excerpt":{"rendered":"<p>Haridusteaduste instituudi \u00fcli\u00f5pilasn\u00f5ukogu &#8211; K\u00dcN Haridusteaduste instituudi \u00fcli\u00f5pilasn\u00f5ukogu K\u00dcN s\u00fcndis 2015. aastal koos uue instituudi loomisega. Omavahel liitusid endise kasvatusteaduste instituudi ja pedagoogilise seminari \u00fcli\u00f5pilasn\u00f5ukogud. K\u00dcNi eesm\u00e4rk on esindada oma instituudi \u00fcli\u00f5pilaste huve, neid aidata ja nende igap\u00e4evast kooli- ja \u00fcli\u00f5pilaselu korraldada ning arendada. K\u00dcN aitab haridusteaduste instituudi tudengeid, kui neil on probleem \u00f5ppej\u00f5uga, kui soovitakse ruume rentida v\u00f5i tuleb p\u00e4he m\u00f5ni hea idee, mis kindlasti teostust ootab! K\u00dcN korraldab nii instituudis kui ka \u00fcle\u00fclikooliliselt koost\u00f6\u00f6s teiste tudengiorganisatsioonidega tudengielu koordineermist nii hariduslikult kui ka sotsiaalselt. Kui soovid ka sellesse panustada, siis LIITU JUBA T\u00c4NA \u2013 kogu K\u00dcN juhatus ja liikmeskond ootab sind! V\u00f5ta \u00fchendust! Kui sul on r\u00f5\u00f5me, muresid v\u00f5i m\u00f5tteid, mida jagada ja arutada, siis: v\u00f5ta meiega \u00fchendust meiliaadressil haridusyn@esindus.ee, vii end kurssi meie tegevustega\u00a0Facebookis K\u00dcN\u00a0ja Instagramis haridusteaduste_yn v\u00f5i p\u00f5ika eelneval kokkuleppel l\u00e4bi meie kontorist T-404! Kord kuus toimub avalik \u00fcldkoosolek, kus arutame juhatuse ja liikmetega nii toimunud kui ka tulevasi tegevusi ja toimetusi haridus- ja sotsiaalvaldkonnas, kuhu on oodatud k\u00f5ik TL\u00dc haridusteaduste instituudi tudengid! Elvis Georg Kaste&nbsp;&#8211; K\u00dcN juhatuse esimees Elisabet Paalandi &#8211; K\u00dcN juhatuse liige kommunikatsiooni valdkonnas Mae Lillo &#8211;&nbsp;K\u00dcN juhatuse liige hariduse valdkonnas<\/p>","protected":false},"author":1,"featured_media":0,"parent":0,"menu_order":0,"comment_status":"closed","ping_status":"closed","template":"elementor_header_footer","meta":{"_eb_attr":"","footnotes":""},"class_list":["post-299","page","type-page","status-publish","hentry"],"_links":{"self":[{"href":"https:\/\/esindus.ee\/en\/wp-json\/wp\/v2\/pages\/299","targetHints":{"allow":["GET"]}}],"collection":[{"href":"https:\/\/esindus.ee\/en\/wp-json\/wp\/v2\/pages"}],"about":[{"href":"https:\/\/esindus.ee\/en\/wp-json\/wp\/v2\/types\/page"}],"author":[{"embeddable":true,"href":"https:\/\/esindus.ee\/en\/wp-json\/wp\/v2\/users\/1"}],"replies":[{"embeddable":true,"href":"https:\/\/esindus.ee\/en\/wp-json\/wp\/v2\/comments?post=299"}],"version-history":[{"count":101,"href":"https:\/\/esindus.ee\/en\/wp-json\/wp\/v2\/pages\/299\/revisions"}],"predecessor-version":[{"id":10400,"href":"https:\/\/esindus.ee\/en\/wp-json\/wp\/v2\/pages\/299\/revisions\/10400"}],"wp:attachment":[{"href":"https:\/\/esindus.ee\/en\/wp-json\/wp\/v2\/media?parent=299"}],"curies":[{"name":"wp","href":"https:\/\/api.w.org\/{rel}","templated":true}]}}