{"id":295,"date":"2023-04-03T12:32:38","date_gmt":"2023-04-03T10:32:38","guid":{"rendered":"https:\/\/esindus.ee\/?page_id=295"},"modified":"2025-07-14T15:53:35","modified_gmt":"2025-07-14T12:53:35","slug":"humanitaarteaduste-un","status":"publish","type":"page","link":"https:\/\/esindus.ee\/en\/humanitaarteaduste-un\/","title":{"rendered":"Humanitaarteaduste instituudi \u00dcN"},"content":{"rendered":"<div data-elementor-type=\"wp-page\" data-elementor-id=\"295\" class=\"elementor elementor-295\">\n\t\t\t\t\t\t<section class=\"elementor-section elementor-top-section elementor-element elementor-element-0588d8a elementor-section-boxed elementor-section-height-default elementor-section-height-default wpr-particle-no wpr-jarallax-no wpr-parallax-no wpr-sticky-section-no wpr-equal-height-no\" data-id=\"0588d8a\" data-element_type=\"section\" data-e-type=\"section\">\n\t\t\t\t\t\t<div class=\"elementor-container elementor-column-gap-default\">\n\t\t\t\t\t<div class=\"elementor-column elementor-col-100 elementor-top-column elementor-element elementor-element-b64f929\" data-id=\"b64f929\" data-element_type=\"column\" data-e-type=\"column\">\n\t\t\t<div class=\"elementor-widget-wrap elementor-element-populated\">\n\t\t\t\t\t\t<div class=\"elementor-element elementor-element-3430feac elementor-widget elementor-widget-heading\" data-id=\"3430feac\" data-element_type=\"widget\" data-e-type=\"widget\" data-widget_type=\"heading.default\">\n\t\t\t\t<div class=\"elementor-widget-container\">\n\t\t\t\t\t<h2 class=\"elementor-heading-title elementor-size-default\">Student Council of the Institute of Humanities - T\u00dcHI \u00dcN<\/h2>\t\t\t\t<\/div>\n\t\t\t\t<\/div>\n\t\t\t\t\t<\/div>\n\t\t<\/div>\n\t\t\t\t\t<\/div>\n\t\t<\/section>\n\t\t\t\t<section class=\"elementor-section elementor-top-section elementor-element elementor-element-2f647f6 elementor-section-boxed elementor-section-height-default elementor-section-height-default wpr-particle-no wpr-jarallax-no wpr-parallax-no wpr-sticky-section-no wpr-equal-height-no\" data-id=\"2f647f6\" data-element_type=\"section\" data-e-type=\"section\">\n\t\t\t\t\t\t<div class=\"elementor-container elementor-column-gap-default\">\n\t\t\t\t\t<div class=\"elementor-column elementor-col-100 elementor-top-column elementor-element elementor-element-36f92d7\" data-id=\"36f92d7\" data-element_type=\"column\" data-e-type=\"column\">\n\t\t\t<div class=\"elementor-widget-wrap elementor-element-populated\">\n\t\t\t\t\t\t<div class=\"elementor-element elementor-element-01b0319 elementor-widget elementor-widget-text-editor\" data-id=\"01b0319\" data-element_type=\"widget\" data-e-type=\"widget\" data-widget_type=\"text-editor.default\">\n\t\t\t\t<div class=\"elementor-widget-container\">\n\t\t\t\t\t\t\t\t\t<p><span style=\"font-size: 12pt; font-family: Spectral, serif; background-color: transparent; font-variant-numeric: normal; font-variant-east-asian: normal; font-variant-alternates: normal; font-variant-position: normal; vertical-align: baseline; white-space-collapse: preserve;\">The Student Council of the Institute of Humanities, or T\u00dcHI \u00dcN, gathers and unites<\/span><span style=\"font-size: 12pt; font-weight: var( --e-global-typography-text-font-weight ); font-family: Spectral, serif; background-color: transparent; font-variant-numeric: normal; font-variant-east-asian: normal; font-variant-alternates: normal; font-variant-position: normal; vertical-align: baseline; white-space-collapse: preserve;\"><b> students of the Institute of Humanities<\/b><\/span><span style=\"font-size: 12pt; font-family: Spectral, serif; background-color: transparent; font-variant-numeric: normal; font-variant-east-asian: normal; font-variant-alternates: normal; font-variant-position: normal; vertical-align: baseline; white-space-collapse: preserve;\">. Whether you are a philosopher with a thirst for knowledge, a fanatic of history or an enthusiast of languages and cultures \u2013 T\u00dcHI \u00dcN is waiting for JUST YOU to contribute to the student life of the institute and be a part of it!<\/span><\/p><p dir=\"ltr\" style=\"line-height: 1.7999999999999998; background-color: #ffffff; margin-top: 0pt; margin-bottom: 0pt;\"><span style=\"font-family: Spectral, serif;\"><span style=\"white-space-collapse: preserve;\">What are we doing?<\/span><\/span><\/p><p dir=\"ltr\" style=\"line-height: 1.7999999999999998; background-color: #ffffff; margin-top: 0pt; margin-bottom: 0pt; padding: 12pt 0pt 12pt 0pt;\"><span style=\"font-size: 12pt; font-family: Spectral,serif; color: #000000; background-color: transparent; font-weight: 400; font-style: normal; font-variant: normal; text-decoration: none; vertical-align: baseline; white-space: pre-wrap;\">T\u00dcHI \u00dcN is essentially a bridge between students and the institute: the student council represents the students of the Humanities Institute, stands up for their interests and rights and ensures that their voice and opinion is heard not only in the institute, but also in the entire university.<\/span><\/p><p dir=\"ltr\" style=\"line-height: 1.7999999999999998; background-color: #ffffff; margin-top: 0pt; margin-bottom: 0pt; padding: 0pt 0pt 12pt 0pt;\"><span style=\"font-size: 12pt; font-family: Spectral,serif; color: #000000; background-color: transparent; font-weight: 400; font-style: normal; font-variant: normal; text-decoration: none; vertical-align: baseline; white-space: pre-wrap;\">However, the activity of the student council is not limited to this \u2013 T\u00dcHI \u00dcN provides students with the latest and most recent information about studies and the academic side of the university as well as various social events and events. More than that, T\u00dcHI \u00dcN also exists to give advice to students, help them solve all kinds of problems related to their studies, and support them in implementing various ideas \u2013 whether they are to improve the quality of education or to enrich the students\u2019 social life! In addition to all this, T\u00dcHI \u00dcN coordinates and organizes very different, versatile, great, colorful, academic and social events \u2013 all this so that the university time spent at the Institute of Humanities is not a waste!<\/span><\/p>\t\t\t\t\t\t\t\t<\/div>\n\t\t\t\t<\/div>\n\t\t\t\t\t<\/div>\n\t\t<\/div>\n\t\t\t\t\t<\/div>\n\t\t<\/section>\n\t\t\t\t<section class=\"elementor-section elementor-top-section elementor-element elementor-element-4d9c749 elementor-section-boxed elementor-section-height-default elementor-section-height-default wpr-particle-no wpr-jarallax-no wpr-parallax-no wpr-sticky-section-no wpr-equal-height-no\" data-id=\"4d9c749\" data-element_type=\"section\" data-e-type=\"section\">\n\t\t\t\t\t\t<div class=\"elementor-container elementor-column-gap-default\">\n\t\t\t\t\t<div class=\"elementor-column elementor-col-50 elementor-top-column elementor-element elementor-element-a461cf9\" data-id=\"a461cf9\" data-element_type=\"column\" data-e-type=\"column\">\n\t\t\t<div class=\"elementor-widget-wrap elementor-element-populated\">\n\t\t\t\t\t\t<div class=\"elementor-element elementor-element-842e673 elementor-widget elementor-widget-text-editor\" data-id=\"842e673\" data-element_type=\"widget\" data-e-type=\"widget\" data-widget_type=\"text-editor.default\">\n\t\t\t\t<div class=\"elementor-widget-container\">\n\t\t\t\t\t\t\t\t\t<p><span style=\"font-weight: 400;\">T\u00dcHI is where thought moves \u2013 come and move it and <strong>JOIN TODAY<\/strong>!<\/span><\/p>\t\t\t\t\t\t\t\t<\/div>\n\t\t\t\t<\/div>\n\t\t\t\t<div class=\"elementor-element elementor-element-6894ae3 elementor-view-default elementor-widget elementor-widget-icon\" data-id=\"6894ae3\" data-element_type=\"widget\" data-e-type=\"widget\" data-widget_type=\"icon.default\">\n\t\t\t\t<div class=\"elementor-widget-container\">\n\t\t\t\t\t\t\t<div class=\"elementor-icon-wrapper\">\n\t\t\t<div class=\"elementor-icon\">\n\t\t\t<i aria-hidden=\"true\" class=\"fas fa-users\"><\/i>\t\t\t<\/div>\n\t\t<\/div>\n\t\t\t\t\t\t<\/div>\n\t\t\t\t<\/div>\n\t\t\t\t<div class=\"elementor-element elementor-element-133e27b elementor-widget elementor-widget-heading\" data-id=\"133e27b\" data-element_type=\"widget\" data-e-type=\"widget\" data-widget_type=\"heading.default\">\n\t\t\t\t<div class=\"elementor-widget-container\">\n\t\t\t\t\t<h2 class=\"elementor-heading-title elementor-size-default\">Get in touch!<\/h2>\t\t\t\t<\/div>\n\t\t\t\t<\/div>\n\t\t\t\t<div class=\"elementor-element elementor-element-3432214 elementor-widget elementor-widget-text-editor\" data-id=\"3432214\" data-element_type=\"widget\" data-e-type=\"widget\" data-widget_type=\"text-editor.default\">\n\t\t\t\t<div class=\"elementor-widget-container\">\n\t\t\t\t\t\t\t\t\t<p style=\"text-align: left;\"><span style=\"font-weight: 400;\">If you have joys, worries or thoughts to share and discuss, then:<\/span><\/p><ul><li style=\"text-align: left;\"><span style=\"font-weight: 400;\"> contact us <strong>at<\/strong> <span style=\"color: #b80007;\"><a style=\"color: #b80007;\" href=\"mailto:tyhiyn@esindus.ee\"><span style=\"text-decoration: underline;\">tyhiyn@esindus.ee<\/span><\/a><\/span>,<\/span><\/li><li style=\"text-align: left;\"><span style=\"font-weight: 400;\">familiarize yourself with our activities\u00a0<strong>on Facebook<\/strong> <a href=\"https:\/\/www.facebook.com\/TYHIYN\"><span style=\"text-decoration: underline;\"><span style=\"color: #993300; text-decoration: underline;\"><strong><span style=\"color: #b80007; text-decoration: underline;\">T\u00dcHI \u00dcli\u00f5pilasn\u00f5ukogu<\/span><\/strong><\/span><\/span><\/a>\u00a0and <strong>Instagram <a href=\"https:\/\/www.instagram.com\/tyhi_yn?utm_source=ig_web_button_share_sheet&amp;igsh=ZDNlZDc0MzIxNw==\"><span style=\"color: #b80007;\"><span style=\"text-decoration: underline;\">tyhi_yn<\/span>\u00a0<\/span><\/a><\/strong><\/span><span style=\"font-weight: 400;\">or <\/span><\/li><li style=\"text-align: left;\"><span style=\"font-weight: 400;\">by prior arrangement drop by our office <strong>M-301<\/strong>!<\/span><\/li><\/ul>\t\t\t\t\t\t\t\t<\/div>\n\t\t\t\t<\/div>\n\t\t\t\t<div class=\"elementor-element elementor-element-a603eca elementor-widget__width-initial elementor-widget elementor-widget-text-editor\" data-id=\"a603eca\" data-element_type=\"widget\" data-e-type=\"widget\" data-widget_type=\"text-editor.default\">\n\t\t\t\t<div class=\"elementor-widget-container\">\n\t\t\t\t\t\t\t\t\t<p dir=\"ltr\">Kerry Enn Jaam &#8211; T\u00dcHI \u00dcN juhatuse esimees<br>Mia Johanna Tartu &#8211; T\u00dcHI \u00dcN juhatuse liige kommunikatsiooni valdkonnas<br>Cordelia Ammer &#8211; T\u00dcHI \u00dcN juhatuse liige kultuuri valdkonnas<br>Kristjan Volmer &#8211; T\u00dcHI \u00dcN juhatuse liige hariduse valdkonnas<\/p>\n<p dir=\"ltr\">\n<\/p>\t\t\t\t\t\t\t\t<\/div>\n\t\t\t\t<\/div>\n\t\t\t\t\t<\/div>\n\t\t<\/div>\n\t\t\t\t<div class=\"elementor-column elementor-col-50 elementor-top-column elementor-element elementor-element-3500d22\" data-id=\"3500d22\" data-element_type=\"column\" data-e-type=\"column\">\n\t\t\t<div class=\"elementor-widget-wrap elementor-element-populated\">\n\t\t\t\t\t\t<div class=\"elementor-element elementor-element-1027377 elementor-widget elementor-widget-image\" data-id=\"1027377\" data-element_type=\"widget\" data-e-type=\"widget\" data-widget_type=\"image.default\">\n\t\t\t\t<div class=\"elementor-widget-container\">\n\t\t\t\t\t\t\t\t\t\t\t\t\t\t\t<img fetchpriority=\"high\" decoding=\"async\" width=\"1024\" height=\"683\" src=\"https:\/\/esindus.ee\/wp-content\/uploads\/2025\/01\/TUHIUN-1024x683.jpg\" class=\"attachment-large size-large wp-image-9242\" alt=\"\" srcset=\"https:\/\/esindus.ee\/wp-content\/uploads\/2025\/01\/TUHIUN-1024x683.jpg 1024w, https:\/\/esindus.ee\/wp-content\/uploads\/2025\/01\/TUHIUN-300x200.jpg 300w, https:\/\/esindus.ee\/wp-content\/uploads\/2025\/01\/TUHIUN-768x512.jpg 768w, https:\/\/esindus.ee\/wp-content\/uploads\/2025\/01\/TUHIUN-1536x1024.jpg 1536w, https:\/\/esindus.ee\/wp-content\/uploads\/2025\/01\/TUHIUN-2048x1365.jpg 2048w, https:\/\/esindus.ee\/wp-content\/uploads\/2025\/01\/TUHIUN-18x12.jpg 18w\" sizes=\"(max-width: 1024px) 100vw, 1024px\" \/>\t\t\t\t\t\t\t\t\t\t\t\t\t\t\t<\/div>\n\t\t\t\t<\/div>\n\t\t\t\t\t<\/div>\n\t\t<\/div>\n\t\t\t\t\t<\/div>\n\t\t<\/section>\n\t\t\t\t<\/div>","protected":false},"excerpt":{"rendered":"<p>Humanitaarteaduste instituudi \u00fcli\u00f5pilasn\u00f5ukogu &#8211; T\u00dcHI \u00dcN T\u00dcHI koondab ja \u00fchendab humanitaarteaduste instituudi tudengeid, olgu sa teadmiste janus filosoof, ajaloo fanaatik v\u00f5i keelte ja kultuuride entusiast. Millega tegeleme? T\u00dcHI \u00dcN on oma olemuselt nagu sild tudengite ja instituudi vahel: \u00fcli\u00f5pilasn\u00f5ukogu esindab humanitaarteaduste instituudi tudengeid, seisab nende huvide ning \u00f5iguste eest ja tagab selle, et nende h\u00e4\u00e4lt ja arvamust oleks kuulda mitte ainult instituudis, vaid ka terves \u00fclikoolis. Kuid meie tegevus ulatub kaugemale \u2013 me jagame tudengitele k\u00f5ige v\u00e4rskemat informatsiooni nii \u00f5pingutega seotud k\u00fcsimustes kui ka erinevate \u00fcrituste kohta. Lisaks sellele toetame tudengeid ideede elluviimisel, olgu selleks \u00f5ppekvaliteedi parandamine v\u00f5i sotsiaalse elu rikastamine! T\u00dcHI on koht, kus m\u00f5te liigub \u2013 tule seda liigutama ja LIITU JUBA T\u00c4NA! V\u00f5ta \u00fchendust! Kui sul on r\u00f5\u00f5me, muresid v\u00f5i m\u00f5tteid, mida jagada ja arutada, siis: v\u00f5ta meiega \u00fchendust meiliaadressil tyhiyn@esindus.ee, vii end kurssi meie tegevustega\u00a0Facebookis T\u00dcHI \u00dcli\u00f5pilasn\u00f5ukogu\u00a0ja Instagramis tyhi_yn\u00a0v\u00f5i p\u00f5ika eelneval kokkuleppel l\u00e4bi meie kontorist M-301! Kerry Enn Jaam &#8211; T\u00dcHI \u00dcN juhatuse esimeesMia Johanna Tartu &#8211; T\u00dcHI \u00dcN juhatuse liige kommunikatsiooni valdkonnasCordelia Ammer &#8211; T\u00dcHI \u00dcN juhatuse liige kultuuri valdkonnasKristjan Volmer &#8211; T\u00dcHI \u00dcN juhatuse liige hariduse valdkonnas<\/p>","protected":false},"author":1,"featured_media":0,"parent":0,"menu_order":0,"comment_status":"closed","ping_status":"closed","template":"elementor_header_footer","meta":{"_eb_attr":"","footnotes":""},"class_list":["post-295","page","type-page","status-publish","hentry"],"_links":{"self":[{"href":"https:\/\/esindus.ee\/en\/wp-json\/wp\/v2\/pages\/295","targetHints":{"allow":["GET"]}}],"collection":[{"href":"https:\/\/esindus.ee\/en\/wp-json\/wp\/v2\/pages"}],"about":[{"href":"https:\/\/esindus.ee\/en\/wp-json\/wp\/v2\/types\/page"}],"author":[{"embeddable":true,"href":"https:\/\/esindus.ee\/en\/wp-json\/wp\/v2\/users\/1"}],"replies":[{"embeddable":true,"href":"https:\/\/esindus.ee\/en\/wp-json\/wp\/v2\/comments?post=295"}],"version-history":[{"count":170,"href":"https:\/\/esindus.ee\/en\/wp-json\/wp\/v2\/pages\/295\/revisions"}],"predecessor-version":[{"id":9937,"href":"https:\/\/esindus.ee\/en\/wp-json\/wp\/v2\/pages\/295\/revisions\/9937"}],"wp:attachment":[{"href":"https:\/\/esindus.ee\/en\/wp-json\/wp\/v2\/media?parent=295"}],"curies":[{"name":"wp","href":"https:\/\/api.w.org\/{rel}","templated":true}]}}