{"id":2410,"date":"2023-04-28T22:44:04","date_gmt":"2023-04-28T20:44:04","guid":{"rendered":"https:\/\/esindus.ee\/?page_id=2410"},"modified":"2024-11-25T20:13:46","modified_gmt":"2024-11-25T17:13:46","slug":"vilistlased","status":"publish","type":"page","link":"https:\/\/esindus.ee\/en\/vilistlased\/","title":{"rendered":"Alumni"},"content":{"rendered":"<div data-elementor-type=\"wp-page\" data-elementor-id=\"2410\" class=\"elementor elementor-2410\">\n\t\t\t\t\t\t<section class=\"elementor-section elementor-top-section elementor-element elementor-element-c9ee207 elementor-section-boxed elementor-section-height-default elementor-section-height-default wpr-particle-no wpr-jarallax-no wpr-parallax-no wpr-sticky-section-no wpr-equal-height-no\" data-id=\"c9ee207\" data-element_type=\"section\" data-e-type=\"section\">\n\t\t\t\t\t\t<div class=\"elementor-container elementor-column-gap-default\">\n\t\t\t\t\t<div class=\"elementor-column elementor-col-100 elementor-top-column elementor-element elementor-element-0bbb338\" data-id=\"0bbb338\" data-element_type=\"column\" data-e-type=\"column\">\n\t\t\t<div class=\"elementor-widget-wrap elementor-element-populated\">\n\t\t\t\t\t\t<div class=\"elementor-element elementor-element-f87d9f9 elementor-widget elementor-widget-heading\" data-id=\"f87d9f9\" data-element_type=\"widget\" data-e-type=\"widget\" data-widget_type=\"heading.default\">\n\t\t\t\t<div class=\"elementor-widget-container\">\n\t\t\t\t\t<h2 class=\"elementor-heading-title elementor-size-default\">Alumni<\/h2>\t\t\t\t<\/div>\n\t\t\t\t<\/div>\n\t\t\t\t<div class=\"elementor-element elementor-element-945e29b elementor-widget elementor-widget-text-editor\" data-id=\"945e29b\" data-element_type=\"widget\" data-e-type=\"widget\" data-widget_type=\"text-editor.default\">\n\t\t\t\t<div class=\"elementor-widget-container\">\n\t\t\t\t\t\t\t\t\t<p><span style=\"font-weight: 400;\">Over the years, many capable young people have passed through the student union, who have also become well-known social figures today. For example, Meelis Atonen, Keit Pentus-Rosimannus, Jaagup Kreem, Ivar Veskioja, Rain Veet\u00f5usme, Aivar Kuusk and many others have started their careers from the student council.<\/span><\/p><p><span style=\"font-weight: 400;\"><strong>All alumni of the student body are invited to join the Tallinn University Alumni Association<\/strong>, through which it is still possible to contribute to the activities of the student union. On the website <\/span><span style=\"color: #b80007;\"><a style=\"color: #b80007;\" href=\"https:\/\/www.tlu.ee\/en\/alumni\" target=\"_blank\" rel=\"noopener\"><span style=\"font-weight: 400;\"><strong><span style=\"text-decoration: underline;\">https:\/\/www.tlu.ee\/en\/alumni<\/span><\/strong><\/span><\/a><\/span><span style=\"font-weight: 400;\"> you can find information about the activities, composition and membership of the Alumni Association!<\/span><\/p>\t\t\t\t\t\t\t\t<\/div>\n\t\t\t\t<\/div>\n\t\t\t\t\t<\/div>\n\t\t<\/div>\n\t\t\t\t\t<\/div>\n\t\t<\/section>\n\t\t\t\t<section class=\"elementor-section elementor-top-section elementor-element elementor-element-19fab91 elementor-section-full_width elementor-section-height-default elementor-section-height-default wpr-particle-no wpr-jarallax-no wpr-parallax-no wpr-sticky-section-no wpr-equal-height-no\" data-id=\"19fab91\" data-element_type=\"section\" data-e-type=\"section\">\n\t\t\t\t\t\t<div class=\"elementor-container elementor-column-gap-default\">\n\t\t\t\t\t<div class=\"elementor-column elementor-col-33 elementor-top-column elementor-element elementor-element-3ef6725\" data-id=\"3ef6725\" data-element_type=\"column\" data-e-type=\"column\">\n\t\t\t<div class=\"elementor-widget-wrap elementor-element-populated\">\n\t\t\t\t\t\t<div class=\"elementor-element elementor-element-7ee886b elementor-widget elementor-widget-image\" data-id=\"7ee886b\" data-element_type=\"widget\" data-e-type=\"widget\" data-widget_type=\"image.default\">\n\t\t\t\t<div class=\"elementor-widget-container\">\n\t\t\t\t\t\t\t\t\t\t\t\t<figure class=\"wp-caption\">\n\t\t\t\t\t\t\t\t\t\t<img fetchpriority=\"high\" decoding=\"async\" width=\"300\" height=\"272\" src=\"https:\/\/esindus.ee\/wp-content\/uploads\/2023\/04\/Screenshot-2023-04-28-at-23.46.13-300x272.png\" class=\"attachment-medium size-medium wp-image-2421\" alt=\"\" srcset=\"https:\/\/esindus.ee\/wp-content\/uploads\/2023\/04\/Screenshot-2023-04-28-at-23.46.13-300x272.png 300w, https:\/\/esindus.ee\/wp-content\/uploads\/2023\/04\/Screenshot-2023-04-28-at-23.46.13-768x695.png 768w, https:\/\/esindus.ee\/wp-content\/uploads\/2023\/04\/Screenshot-2023-04-28-at-23.46.13-13x12.png 13w, https:\/\/esindus.ee\/wp-content\/uploads\/2023\/04\/Screenshot-2023-04-28-at-23.46.13.png 906w\" sizes=\"(max-width: 300px) 100vw, 300px\" \/>\t\t\t\t\t\t\t\t\t\t\t<figcaption class=\"widget-image-caption wp-caption-text\">Ivar Veskioja<\/figcaption>\n\t\t\t\t\t\t\t\t\t\t<\/figure>\n\t\t\t\t\t\t\t\t\t<\/div>\n\t\t\t\t<\/div>\n\t\t\t\t\t<\/div>\n\t\t<\/div>\n\t\t\t\t<div class=\"elementor-column elementor-col-33 elementor-top-column elementor-element elementor-element-89af4df\" data-id=\"89af4df\" data-element_type=\"column\" data-e-type=\"column\">\n\t\t\t<div class=\"elementor-widget-wrap elementor-element-populated\">\n\t\t\t\t\t\t<div class=\"elementor-element elementor-element-4c16294 elementor-widget elementor-widget-image\" data-id=\"4c16294\" data-element_type=\"widget\" data-e-type=\"widget\" data-widget_type=\"image.default\">\n\t\t\t\t<div class=\"elementor-widget-container\">\n\t\t\t\t\t\t\t\t\t\t\t\t<figure class=\"wp-caption\">\n\t\t\t\t\t\t\t\t\t\t<img decoding=\"async\" width=\"300\" height=\"276\" src=\"https:\/\/esindus.ee\/wp-content\/uploads\/2023\/04\/Screenshot-2023-04-28-at-23.45.27-300x276.png\" class=\"attachment-medium size-medium wp-image-2414\" alt=\"\" srcset=\"https:\/\/esindus.ee\/wp-content\/uploads\/2023\/04\/Screenshot-2023-04-28-at-23.45.27-300x276.png 300w, https:\/\/esindus.ee\/wp-content\/uploads\/2023\/04\/Screenshot-2023-04-28-at-23.45.27-768x707.png 768w, https:\/\/esindus.ee\/wp-content\/uploads\/2023\/04\/Screenshot-2023-04-28-at-23.45.27-13x12.png 13w, https:\/\/esindus.ee\/wp-content\/uploads\/2023\/04\/Screenshot-2023-04-28-at-23.45.27.png 900w\" sizes=\"(max-width: 300px) 100vw, 300px\" \/>\t\t\t\t\t\t\t\t\t\t\t<figcaption class=\"widget-image-caption wp-caption-text\">Jaagup Kreem<\/figcaption>\n\t\t\t\t\t\t\t\t\t\t<\/figure>\n\t\t\t\t\t\t\t\t\t<\/div>\n\t\t\t\t<\/div>\n\t\t\t\t\t<\/div>\n\t\t<\/div>\n\t\t\t\t<div class=\"elementor-column elementor-col-33 elementor-top-column elementor-element elementor-element-72a77e8\" data-id=\"72a77e8\" data-element_type=\"column\" data-e-type=\"column\">\n\t\t\t<div class=\"elementor-widget-wrap elementor-element-populated\">\n\t\t\t\t\t\t<div class=\"elementor-element elementor-element-62c76d1 elementor-widget elementor-widget-image\" data-id=\"62c76d1\" data-element_type=\"widget\" data-e-type=\"widget\" data-widget_type=\"image.default\">\n\t\t\t\t<div class=\"elementor-widget-container\">\n\t\t\t\t\t\t\t\t\t\t\t\t<figure class=\"wp-caption\">\n\t\t\t\t\t\t\t\t\t\t<img decoding=\"async\" width=\"300\" height=\"257\" src=\"https:\/\/esindus.ee\/wp-content\/uploads\/2023\/04\/Screenshot-2023-04-28-at-23.44.41-300x257.png\" class=\"attachment-medium size-medium wp-image-2413\" alt=\"\" srcset=\"https:\/\/esindus.ee\/wp-content\/uploads\/2023\/04\/Screenshot-2023-04-28-at-23.44.41-300x257.png 300w, https:\/\/esindus.ee\/wp-content\/uploads\/2023\/04\/Screenshot-2023-04-28-at-23.44.41-768x659.png 768w, https:\/\/esindus.ee\/wp-content\/uploads\/2023\/04\/Screenshot-2023-04-28-at-23.44.41-14x12.png 14w, https:\/\/esindus.ee\/wp-content\/uploads\/2023\/04\/Screenshot-2023-04-28-at-23.44.41.png 884w\" sizes=\"(max-width: 300px) 100vw, 300px\" \/>\t\t\t\t\t\t\t\t\t\t\t<figcaption class=\"widget-image-caption wp-caption-text\">Keit Pentus-Rosimannus<\/figcaption>\n\t\t\t\t\t\t\t\t\t\t<\/figure>\n\t\t\t\t\t\t\t\t\t<\/div>\n\t\t\t\t<\/div>\n\t\t\t\t\t<\/div>\n\t\t<\/div>\n\t\t\t\t\t<\/div>\n\t\t<\/section>\n\t\t\t\t<\/div>","protected":false},"excerpt":{"rendered":"<p>Vilistlased \u00dcli\u00f5pilaskonnast on aastate jooksul l\u00e4bi k\u00e4inud palju v\u00f5imekaid noori inimesi, kellest t\u00e4naseks on saanud ka tuntud \u00fchiskonnategelased. \u00dcli\u00f5pilasesindusest on oma karj\u00e4\u00e4ri alustanud n\u00e4iteks: Meelis Atonen, Keit Pentus-Rosimannus, Jaagup Kreem, Ivar Veskioja, Rain Veet\u00f5usme, Aivar Kuusk ja paljud teised. K\u00f5ik \u00fcli\u00f5pilaskonna vilistlased on oodatud liituma Tallinna \u00dclikooli Vilistlaskoguga, mille kaudu on v\u00f5imalik panustada endiselt ka \u00fcli\u00f5pilaskonna tegevustesse. Kodulehelt https:\/\/www.tlu.ee\/vilistlased leiad info Vilistlaskogu tegevuste, koosseisu ja liitumise kohta! Ivar Veskioja Jaagup Kreem Keit Pentus-Rosimannus<\/p>","protected":false},"author":2,"featured_media":0,"parent":0,"menu_order":0,"comment_status":"closed","ping_status":"closed","template":"","meta":{"_eb_attr":"","footnotes":""},"class_list":["post-2410","page","type-page","status-publish","hentry"],"_links":{"self":[{"href":"https:\/\/esindus.ee\/en\/wp-json\/wp\/v2\/pages\/2410","targetHints":{"allow":["GET"]}}],"collection":[{"href":"https:\/\/esindus.ee\/en\/wp-json\/wp\/v2\/pages"}],"about":[{"href":"https:\/\/esindus.ee\/en\/wp-json\/wp\/v2\/types\/page"}],"author":[{"embeddable":true,"href":"https:\/\/esindus.ee\/en\/wp-json\/wp\/v2\/users\/2"}],"replies":[{"embeddable":true,"href":"https:\/\/esindus.ee\/en\/wp-json\/wp\/v2\/comments?post=2410"}],"version-history":[{"count":49,"href":"https:\/\/esindus.ee\/en\/wp-json\/wp\/v2\/pages\/2410\/revisions"}],"predecessor-version":[{"id":9067,"href":"https:\/\/esindus.ee\/en\/wp-json\/wp\/v2\/pages\/2410\/revisions\/9067"}],"wp:attachment":[{"href":"https:\/\/esindus.ee\/en\/wp-json\/wp\/v2\/media?parent=2410"}],"curies":[{"name":"wp","href":"https:\/\/api.w.org\/{rel}","templated":true}]}}